{"id":102,"date":"2015-03-09T14:59:02","date_gmt":"2015-03-09T13:59:02","guid":{"rendered":"http:\/\/latitudsur.org\/developpement\/?page_id=102"},"modified":"2015-03-09T14:59:02","modified_gmt":"2015-03-09T13:59:02","slug":"donner-son-temps","status":"publish","type":"page","link":"https:\/\/latitudsur.org\/dev\/es\/donner-son-temps\/","title":{"rendered":"Donner son temps"},"content":{"rendered":"<p><a style=\"float:left;margin-right:15px\" href=\"\/dev\/wp-content\/uploads\/sites\/2\/2015\/06\/benevolat.jpg\"><img decoding=\"async\" src=\"\/dev\/wp-content\/uploads\/sites\/2\/2015\/06\/benevolat-300x222.jpg\" alt=\"benevolat\" \/><\/a><br \/>\nComo muchas ONGs, Latitud Sur dispone de fondos iregulares y no esta en posici\u00f3n de poder remunerar a todas las personas activas de la organizaci\u00f3n.<br \/>\nEs la raz\u00f3n por la cual acudimos a su generosidad, mediante su tiempo y sus competencias via practicas en nuestra estructura.<\/p>\n<p>Estamos tambien abiertos a toda propuesta profesional. En este caso no dude en contestar a las ofertas o a mandarnos una <a href=\"\/dev\/donner-son-temps\/candidature-spontanee\/\"><strong>candidatura espontanea.<\/strong><\/a><br \/>\nSi tiene un proyecto ya definido, podemos estudiar y elaborar juntos una propuesta para la cual buscaremos fondos. Una vez el financiamiento conseguido, podr\u00e1 implementar este proyecto en el marco de Latitud Sur.<\/td>\n<h4>Requisitos minimales para realizar una pr\u00e1ctica en Latitud Sur :<\/h4>\n<p>Buen dominio del espa\u00f1ol indispensable.<br \/>\nCV en espa\u00f1ol y opcionalmente en frances.<br \/>\nSolo aceptamos pr\u00e1cticas de 3 a 6 meses y voluntariados de 6 meses m\u00ednimo debido al tiempo de adaptaci\u00f3n y de comprehensi\u00f3n del ambito cultural. Los gastos de estadia para los 6 meses est\u00e1n a su cargo (contar con 300 \u20ac\/mes + boleto avi\u00f3n). En ciertos casos le podremos ayudar con alojamiento.<\/p>\n<h4>Especialidades en general requeridas :<\/h4>\n<p>Agronom\u00eda<br \/>\nEtnolog\u00eda<br \/>\nEcoturismo<br \/>\nSalud<br \/>\nComunicaci\u00f3n<br \/>\nComputaci\u00f3n<br \/>\nB\u00fasqueda de Fondos<\/p>\n<h4>Proponga sus competencias :<\/h4>\n<p>Madando su <a href=\"\/dev\/donner-son-temps\/candidature-spontanee\/\">candidatura espontanea<\/a><\/p>","protected":false},"excerpt":{"rendered":"<p>Como muchas ONGs, Latitud Sur dispone de fondos iregulares y no esta en posici\u00f3n de poder remunerar a todas las personas activas de la organizaci\u00f3n. Es la raz\u00f3n por la cual acudimos a su generosidad, mediante su tiempo y sus<span class=\"ellipsis\">&hellip;<\/span><\/p>\n<div class=\"read-more\"><a href=\"https:\/\/latitudsur.org\/dev\/es\/donner-son-temps\/\">Leer m\u00e1s \u203a<\/a><\/div>\n<p><!-- end of .read-more --><\/p>\n","protected":false},"author":1,"featured_media":0,"parent":0,"menu_order":0,"comment_status":"closed","ping_status":"open","template":"template-page.php","meta":{"footnotes":""},"class_list":["post-102","page","type-page","status-publish","hentry"],"_links":{"self":[{"href":"https:\/\/latitudsur.org\/dev\/es\/wp-json\/wp\/v2\/pages\/102","targetHints":{"allow":["GET"]}}],"collection":[{"href":"https:\/\/latitudsur.org\/dev\/es\/wp-json\/wp\/v2\/pages"}],"about":[{"href":"https:\/\/latitudsur.org\/dev\/es\/wp-json\/wp\/v2\/types\/page"}],"author":[{"embeddable":true,"href":"https:\/\/latitudsur.org\/dev\/es\/wp-json\/wp\/v2\/users\/1"}],"replies":[{"embeddable":true,"href":"https:\/\/latitudsur.org\/dev\/es\/wp-json\/wp\/v2\/comments?post=102"}],"version-history":[{"count":0,"href":"https:\/\/latitudsur.org\/dev\/es\/wp-json\/wp\/v2\/pages\/102\/revisions"}],"wp:attachment":[{"href":"https:\/\/latitudsur.org\/dev\/es\/wp-json\/wp\/v2\/media?parent=102"}],"curies":[{"name":"wp","href":"https:\/\/api.w.org\/{rel}","templated":true}]}}