{"id":104,"date":"2015-03-09T15:00:25","date_gmt":"2015-03-09T14:00:25","guid":{"rendered":"http:\/\/latitudsur.org\/developpement\/?page_id=104"},"modified":"2026-04-22T08:10:08","modified_gmt":"2026-04-22T08:10:08","slug":"donner-de-largent","status":"publish","type":"page","link":"https:\/\/latitudsur.org\/dev\/es\/donner-de-largent\/","title":{"rendered":"Donner de l&#8217;argent"},"content":{"rendered":"<p><a style=\"float:left;margin-right:15px\" href=\"\/dev\/wp-content\/uploads\/sites\/2\/2015\/06\/donpartenaire.jpg\"><img loading=\"lazy\" decoding=\"async\" class=\"alignnone size-medium wp-image-827\" src=\"\/dev\/wp-content\/uploads\/sites\/2\/2015\/06\/donpartenaire-300x250.jpg\" alt=\"donpartenaire\" width=\"300\" height=\"250\" srcset=\"https:\/\/latitudsur.org\/dev\/wp-content\/uploads\/sites\/2\/2015\/06\/donpartenaire-300x250.jpg 300w, https:\/\/latitudsur.org\/dev\/wp-content\/uploads\/sites\/2\/2015\/06\/donpartenaire.jpg 334w\" sizes=\"auto, (max-width: 300px) 100vw, 300px\" \/><\/a><\/p>\n<p>Como la mayor\u00eda de las ONGs, Latitud Sur dispone de fondos irregulares (con algunos provenientes de los viajes de turismo solidario o de financiamientos puntuales) y no est\u00e1 en la capacidad por ejemplo de retribuir todas las personas activas de la organizaci\u00f3n.<\/p>\n<p>Por esta raz\u00f3n acudimos a su generosidad, por donaciones, o a su tiempo y competencias a trav\u00e9s de pr\u00e1cticas en nuestra estructura.<\/p>\n<p>Si desea apoyar nuestras actividades a traves de una donaci\u00f3n, le agradecemos utilizar uno de los medios siguientes :<\/p>\n<div style=\"width:100%;height:110px\">\n<div style=\"float:left;margin-right:5px;font-size:14px\">\n<a href=\"\/dev\/wp-content\/uploads\/sites\/2\/2015\/06\/virement.jpg\"><img loading=\"lazy\" decoding=\"async\" class=\"alignnone size-full wp-image-828\" src=\"\/dev\/wp-content\/uploads\/sites\/2\/2015\/06\/virement.jpg\" alt=\"virement\" width=\"224\" height=\"106\" \/><\/a>\n<\/div>\n<div>\n<h4 style=\"padding-top:50px;font-size:14px\"> Transferencia a la cuenta de Latitud Sur en Per\u00fa o en Ecuador<\/h4>\n<\/div>\n<\/div>\n<blockquote>\n<p style=\"font-size:12px;font-weight:bold\">\nBanco en Peru : BANCO CONTINENTAL &#8211; Titular: LATITUD SUR.<br \/>\nIBAN : 00110119010002358757<br \/>\nC\u00f3digo SWIFT : BCONPEPL\n<\/p>\n<p style=\"font-size:12px;font-weight:bold\">\nBanco en Ecuador : BANCO DEL PICHINCHA &#8211; Titular: FUNDACION LATITUD SUR.<br \/>\nN\u00famero y naturaleza de Cuenta: Cuenta de ahorros N. 5437111300<br \/>\nC\u00f3digo SWIFT: PICHECEQ\n<\/p>\n<\/blockquote>\n<div style=\"width:100%;height:110px\">\n<div style=\"float:left;margin-right:5px;font-size:14px\">\n<a style=\"float:left;margin-right:5px;font-size:14px\" href=\"\/dev\/wp-content\/uploads\/sites\/2\/2015\/06\/don.jpg\"><img loading=\"lazy\" decoding=\"async\" class=\"alignnone size-full wp-image-831\" src=\"\/dev\/wp-content\/uploads\/sites\/2\/2015\/06\/don.jpg\" alt=\"don\" width=\"224\" height=\"106\" \/><\/a>\n<\/div>\n<div>\n<h4 style=\"padding-top:50px;font-size:14px\">Apoyar el Selva Viva por internet <a href=\"http:\/\/www.helloasso.com\/associations\/arutam-zero-deforestation\/collectes\/Selva_Viva\" target=\"_blank\">aqui en franc\u00e9s&#8230;<\/a><\/h4>\n<\/div>\n<\/div>\n<p><a href=\"\/dev\/wp-content\/uploads\/sites\/3\/2015\/03\/BANDEAU_SV4.jpg\"><img decoding=\"async\" class=\"wp-image-540\" src=\"\/dev\/wp-content\/uploads\/sites\/3\/2015\/03\/BANDEAU_SV4.jpg\" alt=\"tira\" \/><\/a><\/p>","protected":false},"excerpt":{"rendered":"<p>Como la mayor\u00eda de las ONGs, Latitud Sur dispone de fondos irregulares (con algunos provenientes de los viajes de turismo solidario o de financiamientos puntuales) y no est\u00e1 en la capacidad por ejemplo de retribuir todas las personas activas de<span class=\"ellipsis\">&hellip;<\/span><\/p>\n<div class=\"read-more\"><a href=\"https:\/\/latitudsur.org\/dev\/es\/donner-de-largent\/\">Leer m\u00e1s \u203a<\/a><\/div>\n<p><!-- end of .read-more --><\/p>\n","protected":false},"author":1,"featured_media":0,"parent":0,"menu_order":0,"comment_status":"closed","ping_status":"open","template":"template-page.php","meta":{"footnotes":""},"class_list":["post-104","page","type-page","status-publish","hentry"],"_links":{"self":[{"href":"https:\/\/latitudsur.org\/dev\/es\/wp-json\/wp\/v2\/pages\/104","targetHints":{"allow":["GET"]}}],"collection":[{"href":"https:\/\/latitudsur.org\/dev\/es\/wp-json\/wp\/v2\/pages"}],"about":[{"href":"https:\/\/latitudsur.org\/dev\/es\/wp-json\/wp\/v2\/types\/page"}],"author":[{"embeddable":true,"href":"https:\/\/latitudsur.org\/dev\/es\/wp-json\/wp\/v2\/users\/1"}],"replies":[{"embeddable":true,"href":"https:\/\/latitudsur.org\/dev\/es\/wp-json\/wp\/v2\/comments?post=104"}],"version-history":[{"count":1,"href":"https:\/\/latitudsur.org\/dev\/es\/wp-json\/wp\/v2\/pages\/104\/revisions"}],"predecessor-version":[{"id":1841,"href":"https:\/\/latitudsur.org\/dev\/es\/wp-json\/wp\/v2\/pages\/104\/revisions\/1841"}],"wp:attachment":[{"href":"https:\/\/latitudsur.org\/dev\/es\/wp-json\/wp\/v2\/media?parent=104"}],"curies":[{"name":"wp","href":"https:\/\/api.w.org\/{rel}","templated":true}]}}