{"id":107,"date":"2015-03-09T15:01:32","date_gmt":"2015-03-09T14:01:32","guid":{"rendered":"http:\/\/latitudsur.org\/developpement\/?page_id=107"},"modified":"2015-03-09T15:01:32","modified_gmt":"2015-03-09T14:01:32","slug":"partenariat","status":"publish","type":"page","link":"https:\/\/latitudsur.org\/dev\/es\/partenariat\/","title":{"rendered":"Partenariat"},"content":{"rendered":"<p><\/p>\n<h4>Seamos socios<\/h4>\n<p><a style=\"float:left;margin-right:15px\" href=\"https:\/\/latitudsur.org\/dev\/wp-content\/uploads\/sites\/2\/2015\/06\/aider.jpg\"><img decoding=\"async\" src=\"https:\/\/latitudsur.org\/dev\/developpement\/wp-content\/uploads\/sites\/2\/2015\/06\/aider-300x250.jpg\" alt=\"aider\" \/><\/a>Estamos abiertos a toda propuesta profesional de colaboraci\u00f3n o alianza y no vacilaremos en estudiarla sobre la base de intereses compartidos al beneficio de las comunidades.<br \/>\nConcientes de la necesidad de juntarnos en red para una mayor eficacia en esta \u00e9poca de urgencias para el planeta y para un intercambio sobre las mejores pr\u00e1cticas, estamos dispuestos en colaborar con otras organizaciones compartiendo las mismas preocupaciones.<br \/>\nNuestras colaboraciones actuales nos han permitido no solo aumentar nuestro reconocimiento acerca de las financieras institucionales pero tambien demostrar que nuestra preocupaci\u00f3n de compartir es mas que una simple declaraci\u00f3n.<\/p>\n<p><strong>Possibilidades de colaboraci\u00f3n son multiples<\/strong><\/p>\n<ul>\n<li>Promoci\u00f3n de circuitos eco-tur\u00edsticos<\/li>\n<li>Concepci\u00f3n de circuitos o estadias en com\u00fan sobre temas espec\u00edficos<\/li>\n<li>Participaci\u00f3n en los proyecto de desarrollo : <a href=\"\/dev\/developpement\/conges-solidaires\/\">vacaciones solidarias<\/a><\/li>\n<li>Intercambio de enlaces con nuestra p\u00e1gina Internet <\/li>\n<li>Inserci\u00f3n de un banner Latitud Sur en su p\u00e1gina web<\/li>\n<\/ul>\n<p>No dude en <a href=\"\/dev\/developpement\/contact\/\">contactarnos<\/a> para proponernos una colaboraci\u00f3n.<\/p>\n<p>Latitud Sur es parte de<strong> 1% for the Planet<\/strong>.<br \/>\n<a href=\"https:\/\/latitudsur.org\/dev\/wp-content\/uploads\/sites\/2\/2015\/03\/logo-planet-en.jpg\"><img decoding=\"async\" class=\"alignnone size-full wp-image-825\" src=\"https:\/\/latitudsur.org\/dev\/wp-content\/uploads\/sites\/2\/2015\/03\/logo-planet-en.jpg\" alt=\"1percentfortheplanet_partner_badge_200x250_France\" \/><\/a><\/p>","protected":false},"excerpt":{"rendered":"<p>Seamos socios Estamos abiertos a toda propuesta profesional de colaboraci\u00f3n o alianza y no vacilaremos en estudiarla sobre la base de intereses compartidos al beneficio de las comunidades. Concientes de la necesidad de juntarnos en red para una mayor eficacia<span class=\"ellipsis\">&hellip;<\/span><\/p>\n<div class=\"read-more\"><a href=\"https:\/\/latitudsur.org\/dev\/es\/partenariat\/\">Leer m\u00e1s \u203a<\/a><\/div>\n<p><!-- end of .read-more --><\/p>\n","protected":false},"author":1,"featured_media":0,"parent":0,"menu_order":0,"comment_status":"closed","ping_status":"open","template":"template-page.php","meta":{"footnotes":""},"class_list":["post-107","page","type-page","status-publish","hentry"],"_links":{"self":[{"href":"https:\/\/latitudsur.org\/dev\/es\/wp-json\/wp\/v2\/pages\/107","targetHints":{"allow":["GET"]}}],"collection":[{"href":"https:\/\/latitudsur.org\/dev\/es\/wp-json\/wp\/v2\/pages"}],"about":[{"href":"https:\/\/latitudsur.org\/dev\/es\/wp-json\/wp\/v2\/types\/page"}],"author":[{"embeddable":true,"href":"https:\/\/latitudsur.org\/dev\/es\/wp-json\/wp\/v2\/users\/1"}],"replies":[{"embeddable":true,"href":"https:\/\/latitudsur.org\/dev\/es\/wp-json\/wp\/v2\/comments?post=107"}],"version-history":[{"count":0,"href":"https:\/\/latitudsur.org\/dev\/es\/wp-json\/wp\/v2\/pages\/107\/revisions"}],"wp:attachment":[{"href":"https:\/\/latitudsur.org\/dev\/es\/wp-json\/wp\/v2\/media?parent=107"}],"curies":[{"name":"wp","href":"https:\/\/api.w.org\/{rel}","templated":true}]}}