{"id":28,"date":"2015-03-02T11:20:53","date_gmt":"2015-03-02T10:20:53","guid":{"rendered":"http:\/\/latitudsur.org\/developpement\/?page_id=28"},"modified":"2015-03-02T11:20:53","modified_gmt":"2015-03-02T10:20:53","slug":"latitud-sur","status":"publish","type":"page","link":"https:\/\/latitudsur.org\/dev\/es\/latitud-sur\/","title":{"rendered":"LATITUD SUR"},"content":{"rendered":"<p><\/p>\n<h2>Desarrollo sustentable &amp; Comunidades<\/h2>\n<p>LATITUD SUR es una organizaci\u00f3n no gubernamental peruana, ecuatoriana y mexicana de desarrollo por su implantaci\u00f3n legal en cada uno de estos paises.<br \/>\nSeguimos cuatro objetivos declinados en misiones con el f\u00edn de reforzar la autonom\u00eda y la capacidad de autogesti\u00f3n de las comunidades ind\u00edgenas de territorios de la Alta Amazon\u00eda (Per\u00fa-Ecuador) as\u00ed como de M\u00e9xico :<\/p>\n<p><img decoding=\"async\" style=\"float: left;margin-right: 10px;width: 320px;height: 350px\" src=\"\/dev\/wp-content\/uploads\/sites\/2\/2015\/05\/accueuildev.jpg\" \/><\/p>\n<div><a style=\"float: left;margin: 2px;padding: 0\" href=\"\/dev\/developpement\/nos-missions\/environnement\/\" target=\"_self\" rel=\"noopener noreferrer\"><img decoding=\"async\" style=\"margin-top: 5px\" src=\"\/dev\/wp-content\/uploads\/sites\/2\/2015\/06\/1.jpg\" alt=\"\" \/><\/a><\/p>\n<p style=\"font-size: 12px\"><u><a href=\"\/dev\/developpement\/nos-missions\/environnement\/\" target=\"_self\" rel=\"noopener noreferrer\">Ambiente<\/a><\/u>: preservar el medio ambiente y la biodiversidad como patrimonio.<\/p>\n<p><a style=\"float: left;margin: 2px;padding: 0\" href=\"\/dev\/developpement\/nos-missions\/developpement-durable\/\" target=\"_self\" rel=\"noopener noreferrer\"><img decoding=\"async\" style=\"margin-top: 5px\" src=\"\/dev\/wp-content\/uploads\/sites\/2\/2015\/06\/2.jpg\" alt=\"\" \/><\/a><\/p>\n<p style=\"font-size: 12px\"><u><a href=\"\/dev\/developpement\/nos-missions\/developpement-durable\/\" target=\"_self\" rel=\"noopener noreferrer\">Desarrollo sostenible<\/a><\/u>: brindar a las comunidades alternativas valorando sus conocimientos..<\/p>\n<p><a style=\"float: left;margin: 2px;padding: 0\" href=\"\/dev\/developpement\/nos-missions\/sante-education\/\" target=\"_self\" rel=\"noopener noreferrer\"><img decoding=\"async\" style=\"margin-top: 5px\" src=\"\/dev\/wp-content\/uploads\/sites\/2\/2015\/06\/3.jpg\" alt=\"\" \/><\/a><\/p>\n<p style=\"font-size: 12px\"><u><a href=\"\/dev\/developpement\/nos-missions\/sante-education\/\" target=\"_self\" rel=\"noopener noreferrer\">Salud &amp; educaci\u00f3n<\/a><\/u>: integrar la medicina tradicional en la salud y la educaci\u00f3n primarias.<\/p>\n<p><a style=\"float: left;margin: 2px;padding: 0\" href=\"\/dev\/developpement\/nos-missions\/tourisme-culture\/\" target=\"_self\" rel=\"noopener noreferrer\"><img decoding=\"async\" style=\"margin-top: 5px\" src=\"\/dev\/wp-content\/uploads\/sites\/2\/2015\/06\/4.jpg\" alt=\"\" \/><\/a><\/p>\n<p style=\"font-size: 12px\"><u><a href=\"\/dev\/developpement\/nos-missions\/tourisme-culture\/\" target=\"_self\" rel=\"noopener noreferrer\">Turismo &amp; cultura<\/a><\/u>: implementar un turismo solidario y respetuoso de las culturas aut\u00f3ctonas.<\/p>\n<p><img decoding=\"async\" src=\"\/dev\/wp-content\/uploads\/sites\/2\/2015\/06\/costa.jpg\" alt=\"\" \/><\/p>\n<\/div>\n<p>Ideados con un concepto novador (an\u00e1lisis sist\u00e9mico, trabajo en red, dinamizaci\u00f3n de los saberes, capacitaci\u00f3n itinerante), nuestros proyectos buscan poner en relaci\u00f3n los numerosos actores locales, de diferentes tipos (universidades, institutos de investigaci\u00f3n, ONG locales, organizaciones ind\u00edgenas).<br \/>\n<img decoding=\"async\" style=\"float: left;margin-right: 20px\" src=\"\/dev\/wp-content\/uploads\/sites\/2\/2015\/06\/indien.jpg\" \/><\/p>\n<p>El prop\u00f3sito es proveer a las poblaciones mestizas e ind\u00edgenas un mejor manejo de sus \u00e1mbitos<br \/>\n<img decoding=\"async\" src=\"\/dev\/wp-content\/uploads\/sites\/2\/2015\/06\/fillette.jpg\" \/><br \/>\nGracias a su peritaje t\u00e9cnico, LATITUD SUR se posiciona como a la vez un actor de terreno (barco-escuela, turismo solidario) y un coordinador de proyectos en relaci\u00f3n con los actores locales y las instituciones internacionales. Se trata en este caso de racionalizar las ayudas que llegan en la Amazonia para hacerlas mas eficientes.<\/p>\n<p>En el marco de la realizaci\u00f3n de nuestros proyectos, estamos siempre con la necesidad de apoyos, en tiempo o con fondos.<\/p>\n<p>Para m\u00e1s informaciones <a href=\"\/dev\/developpement\/contact\/\" target=\"_self\" rel=\"noopener noreferrer\">contactarnos<\/a> !<\/p>\n<h4>La comprensi\u00f3n de nuestros proyectos, los iconos<\/h4>\n<p>Todos nuestros proyectos son clasificados de acuerdo a los temas identificados por los iconos. Le sugerimos que se encuentran estos proyectos en cuatro \u00e1reas de acci\u00f3n que son las nuestras.<\/p>\n<div style=\"margin: 0 auto 0 auto;width: 560px\">\n<div style=\"margin-right: 20px;text-align: center\"><img decoding=\"async\" style=\"width: 64px;height: 64px\" src=\"\/dev\/wp-content\/uploads\/sites\/2\/2015\/06\/environnement.png\" \/><a href=\"\/dev\/developpement\/nos-missions\/environnement\/\">Ambiente<\/a><\/div>\n<div style=\"margin-right: 20px;text-align: center\"><img decoding=\"async\" style=\"width: 64px;height: 64px\" src=\"\/dev\/wp-content\/uploads\/sites\/2\/2015\/06\/devdurable.png\" \/><a href=\"\/dev\/developpement\/nos-missions\/developpement-durable\/\">Desarrollo sostenible<\/a><\/div>\n<div style=\"margin-right: 20px;text-align: center\"><img decoding=\"async\" style=\"width: 64px;height: 64px\" src=\"\/dev\/wp-content\/uploads\/sites\/2\/2015\/06\/santeeducation.jpg\" \/><a href=\"\/dev\/developpement\/nos-missions\/sante-education\/\">Salud &amp; educaci\u00f3n<\/a><\/div>\n<div style=\"text-align: center\"><img decoding=\"async\" style=\"width: 64px;height: 64px\" src=\"\/dev\/wp-content\/uploads\/sites\/2\/2015\/06\/tourismeculture.png\" \/><a href=\"\/dev\/developpement\/nos-missions\/tourisme-culture\/\">Turismo &amp; Cultura<\/a><\/div>\n<\/div>\n<hr \/>\n<p>Los siguientes iconos muestran el estado de nuestros proyectos:<\/p>\n<p><img decoding=\"async\" style=\"float: left;margin-right: 20px\" src=\"\/dev\/wp-content\/uploads\/sites\/2\/2015\/03\/futuro.jpg\" \/> <strong>Futuro<\/strong>: Proyecto identificado como una necesidad, avanzado en su desarrollo, ya est\u00e1 el tema de la financiaci\u00f3n de la investigaci\u00f3n oa punto de serlo.<\/p>\n<p><img decoding=\"async\" style=\"float: left;margin-right: 20px\" src=\"\/dev\/wp-content\/uploads\/sites\/2\/2015\/03\/enmarcha.jpg\" \/> <strong>En curso<\/strong>: proyecto en curso, se est\u00e1 financiado en su totalidad o en parte. En este \u00faltimo caso, se identifica por el icono de \u00abparcialmente financiado\u00bb.<\/p>\n<p><img decoding=\"async\" style=\"float: left;margin-right: 20px\" src=\"\/dev\/wp-content\/uploads\/sites\/2\/2015\/03\/acabado.jpg\" \/> <strong>Completado<\/strong>: Proyecto terminado y es un conjunto o no se considera.<\/p>\n<hr \/>\n<p>Algunos de nuestros proyectos actuales o futuros que las necesidades de financiaci\u00f3n total o parcial:<\/p>\n<p><img decoding=\"async\" style=\"float: left;margin-right: 50px\" src=\"\/dev\/wp-content\/uploads\/sites\/2\/2015\/03\/afinanciar.jpg\" \/><img decoding=\"async\" src=\"\/dev\/wp-content\/uploads\/sites\/2\/2015\/03\/parcialmente.jpg\" \/><\/p>\n<p>Todos los proyectos actuales y los proyectos est\u00e1n disponibles a trav\u00e9s de \u00abnuestras misi\u00f3nes\u00bb.<\/p>\n<p><\/p>","protected":false},"excerpt":{"rendered":"<p>Desarrollo sustentable &amp; Comunidades LATITUD SUR es una organizaci\u00f3n no gubernamental peruana, ecuatoriana y mexicana de desarrollo por su implantaci\u00f3n legal en cada uno de estos paises. Seguimos cuatro objetivos declinados en misiones con el f\u00edn de reforzar la autonom\u00eda<span class=\"ellipsis\">&hellip;<\/span><\/p>\n<div class=\"read-more\"><a href=\"https:\/\/latitudsur.org\/dev\/es\/latitud-sur\/\">Leer m\u00e1s \u203a<\/a><\/div>\n<p><!-- end of .read-more --><\/p>\n","protected":false},"author":1,"featured_media":0,"parent":0,"menu_order":0,"comment_status":"closed","ping_status":"open","template":"template-page.php","meta":{"footnotes":""},"class_list":["post-28","page","type-page","status-publish","hentry"],"_links":{"self":[{"href":"https:\/\/latitudsur.org\/dev\/es\/wp-json\/wp\/v2\/pages\/28","targetHints":{"allow":["GET"]}}],"collection":[{"href":"https:\/\/latitudsur.org\/dev\/es\/wp-json\/wp\/v2\/pages"}],"about":[{"href":"https:\/\/latitudsur.org\/dev\/es\/wp-json\/wp\/v2\/types\/page"}],"author":[{"embeddable":true,"href":"https:\/\/latitudsur.org\/dev\/es\/wp-json\/wp\/v2\/users\/1"}],"replies":[{"embeddable":true,"href":"https:\/\/latitudsur.org\/dev\/es\/wp-json\/wp\/v2\/comments?post=28"}],"version-history":[{"count":0,"href":"https:\/\/latitudsur.org\/dev\/es\/wp-json\/wp\/v2\/pages\/28\/revisions"}],"wp:attachment":[{"href":"https:\/\/latitudsur.org\/dev\/es\/wp-json\/wp\/v2\/media?parent=28"}],"curies":[{"name":"wp","href":"https:\/\/api.w.org\/{rel}","templated":true}]}}