{"id":31,"date":"2015-03-02T11:21:48","date_gmt":"2015-03-02T10:21:48","guid":{"rendered":"http:\/\/latitudsur.org\/developpement\/?page_id=31"},"modified":"2015-03-02T11:21:48","modified_gmt":"2015-03-02T10:21:48","slug":"la-structure","status":"publish","type":"page","link":"https:\/\/latitudsur.org\/dev\/es\/latitud-sur\/la-structure\/","title":{"rendered":"La structure"},"content":{"rendered":"<p><a style=\"float:left;margin-right:15px\" href=\"\/dev\/wp-content\/uploads\/sites\/2\/2015\/03\/polastructure.jpg\"><img decoding=\"async\" src=\"\/dev\/wp-content\/uploads\/sites\/2\/2015\/03\/polastructure.jpg\" alt=\"benevolat\" \/><\/a><br \/>\n<strong>LATITUD SUR es una ONG de Desarrollo<\/strong> registrada en la APCI, agencia peruana para la cooperaci\u00f3n internacional, en el Ministerio de Cultura en Ecuador y en la Secretar\u00eda de Relaciones Exteriores del Distrito Federal de M\u00e9xico.<\/p>\n<p>Est\u00e1 constituida como fundaci\u00f3n, sin fines de lucro, declarada en la SUNAT en Per\u00fa (registro RUC n\u00b0: 20493635752), en el SRI en Ecuador (RUC n\u00b0: 1792224357001) y en el SAT (RFC n\u00ba:  ALM120315HL8).<\/p>\n<p>Nuestra organizaci\u00f3n est\u00e1 basada en Iquitos y Lima (Per\u00fa), en Quito (Ecuador) as\u00ed como en M\u00e9xico DF.<\/p>\n<p>Dispone de corresponsales en Europa a traves en particular de su socio franc\u00e9s Arutam y de otros correspondantes internacionales.<\/p>\n<p>Su personal est\u00e1 principalmente compuesto de voluntarios extranjeros (a menudo bajo el estatus de Voluntario de la Solidaridad Internacional, otorgado por el Ministerio franc\u00e9s de Relaciones Exteriores) indemnizados, de empleados locales remunerados en el marco de un proyecto financiado y de numerosos ben\u00e9volos y practicantes proviniendo de varios paises.<\/p>\n<p>El consejo de administraci\u00f3n est\u00e1 compuesto del Presidente de Latitud Sur, de los Responsables por pa\u00eds et de nuestro Representante en Europa.<\/p>\n<p>Latitud Sur no tiene ninguna convicci\u00f3n religiosa y pretende preservar su independencia de reflexi\u00f3n.<\/p>\n<p><a href=\"https:\/\/latitudsur.org\/dev\/wp-content\/uploads\/sites\/3\/2015\/03\/bandeau_humanitaire.jpg\"><img decoding=\"async\" class=\"alignnone size-medium wp-image-888\" src=\"https:\/\/latitudsur.org\/dev\/wp-content\/uploads\/sites\/3\/2015\/03\/bandeau_humanitaire.jpg\" alt=\"bandeau\" \/><\/a><\/p>","protected":false},"excerpt":{"rendered":"<p>LATITUD SUR es una ONG de Desarrollo registrada en la APCI, agencia peruana para la cooperaci\u00f3n internacional, en el Ministerio de Cultura en Ecuador y en la Secretar\u00eda de Relaciones Exteriores del Distrito Federal de M\u00e9xico. Est\u00e1 constituida como fundaci\u00f3n,<span class=\"ellipsis\">&hellip;<\/span><\/p>\n<div class=\"read-more\"><a href=\"https:\/\/latitudsur.org\/dev\/es\/latitud-sur\/la-structure\/\">Leer m\u00e1s \u203a<\/a><\/div>\n<p><!-- end of .read-more --><\/p>\n","protected":false},"author":1,"featured_media":0,"parent":28,"menu_order":0,"comment_status":"closed","ping_status":"open","template":"template-page.php","meta":{"footnotes":""},"class_list":["post-31","page","type-page","status-publish","hentry"],"_links":{"self":[{"href":"https:\/\/latitudsur.org\/dev\/es\/wp-json\/wp\/v2\/pages\/31","targetHints":{"allow":["GET"]}}],"collection":[{"href":"https:\/\/latitudsur.org\/dev\/es\/wp-json\/wp\/v2\/pages"}],"about":[{"href":"https:\/\/latitudsur.org\/dev\/es\/wp-json\/wp\/v2\/types\/page"}],"author":[{"embeddable":true,"href":"https:\/\/latitudsur.org\/dev\/es\/wp-json\/wp\/v2\/users\/1"}],"replies":[{"embeddable":true,"href":"https:\/\/latitudsur.org\/dev\/es\/wp-json\/wp\/v2\/comments?post=31"}],"version-history":[{"count":0,"href":"https:\/\/latitudsur.org\/dev\/es\/wp-json\/wp\/v2\/pages\/31\/revisions"}],"up":[{"embeddable":true,"href":"https:\/\/latitudsur.org\/dev\/es\/wp-json\/wp\/v2\/pages\/28"}],"wp:attachment":[{"href":"https:\/\/latitudsur.org\/dev\/es\/wp-json\/wp\/v2\/media?parent=31"}],"curies":[{"name":"wp","href":"https:\/\/api.w.org\/{rel}","templated":true}]}}