{"id":37,"date":"2015-03-02T11:23:42","date_gmt":"2015-03-02T10:23:42","guid":{"rendered":"http:\/\/latitudsur.org\/developpement\/?page_id=37"},"modified":"2015-03-02T11:23:42","modified_gmt":"2015-03-02T10:23:42","slug":"zones-dintervention","status":"publish","type":"page","link":"https:\/\/latitudsur.org\/dev\/es\/latitud-sur\/zones-dintervention\/","title":{"rendered":"Zones d&#8217;intervention"},"content":{"rendered":"<p>Nuestra zona de intervenci\u00f3n potencial es la resultante de historias individuales compartidas, de encuentros y decisiones de la organizaci\u00f3n. Nuestra historia empez\u00f3 en Ecuador y en Per\u00fa, coraz\u00f3n geogr\u00e1fico de nuestras actividades actuales.<\/p>","protected":false},"excerpt":{"rendered":"<p>Nuestra zona de intervenci\u00f3n potencial es la resultante de historias individuales compartidas, de encuentros y decisiones de la organizaci\u00f3n. Nuestra historia empez\u00f3 en Ecuador y en Per\u00fa, coraz\u00f3n geogr\u00e1fico de nuestras actividades actuales.<\/p>\n","protected":false},"author":1,"featured_media":0,"parent":28,"menu_order":0,"comment_status":"closed","ping_status":"open","template":"template-page.php","meta":{"footnotes":""},"class_list":["post-37","page","type-page","status-publish","hentry"],"_links":{"self":[{"href":"https:\/\/latitudsur.org\/dev\/es\/wp-json\/wp\/v2\/pages\/37","targetHints":{"allow":["GET"]}}],"collection":[{"href":"https:\/\/latitudsur.org\/dev\/es\/wp-json\/wp\/v2\/pages"}],"about":[{"href":"https:\/\/latitudsur.org\/dev\/es\/wp-json\/wp\/v2\/types\/page"}],"author":[{"embeddable":true,"href":"https:\/\/latitudsur.org\/dev\/es\/wp-json\/wp\/v2\/users\/1"}],"replies":[{"embeddable":true,"href":"https:\/\/latitudsur.org\/dev\/es\/wp-json\/wp\/v2\/comments?post=37"}],"version-history":[{"count":0,"href":"https:\/\/latitudsur.org\/dev\/es\/wp-json\/wp\/v2\/pages\/37\/revisions"}],"up":[{"embeddable":true,"href":"https:\/\/latitudsur.org\/dev\/es\/wp-json\/wp\/v2\/pages\/28"}],"wp:attachment":[{"href":"https:\/\/latitudsur.org\/dev\/es\/wp-json\/wp\/v2\/media?parent=37"}],"curies":[{"name":"wp","href":"https:\/\/api.w.org\/{rel}","templated":true}]}}