{"id":40,"date":"2015-03-02T11:25:12","date_gmt":"2015-03-02T10:25:12","guid":{"rendered":"http:\/\/latitudsur.org\/developpement\/?page_id=40"},"modified":"2015-03-02T11:25:12","modified_gmt":"2015-03-02T10:25:12","slug":"ressources-a-telecharger","status":"publish","type":"page","link":"https:\/\/latitudsur.org\/dev\/es\/latitud-sur\/ressources-a-telecharger\/","title":{"rendered":"Ressources \u00e0 t\u00e9l\u00e9charger"},"content":{"rendered":"<p>Bienvenido(a) en la p\u00e1gina de nuestros recursos documentarios que ponemos a su disposici\u00f3n en libre descarga. En caso de utilizaci\u00f3n de estos documentos, se le pide de favor tener la correcci\u00f3n de mencionar a nuestra organizaci\u00f3n, por respeto a las personas quienes los han elaborado.<br \/>\nCiertos documentos existen en un solo idioma. Averigue con el modulo derecho de selecci\u00f3n de idiomas.<\/p>\n<p><a href=\"\/dev\/wp-content\/uploads\/sites\/2\/2015\/06\/santeeducation.jpg\"><img loading=\"lazy\" decoding=\"async\" width=\"124\" height=\"112\" class=\"size-full wp-image-750\" src=\"\/dev\/wp-content\/uploads\/sites\/2\/2015\/06\/santeeducation.jpg\" alt=\"santeeducation\" style=\"width:32px;height:32px;margin-right:10px\" \/><\/a><a style=\"width:500px\" href=\"\/dev\/wp-content\/uploads\/sites\/2\/2015\/03\/Informe_Brigada_Medica_Abril_2013_ESP.pdf\"> \tInforme de la Brigada M\u00e9dica de Abril 2013<\/a><a href=\"\/dev\/wp-content\/uploads\/sites\/2\/2015\/06\/pdf.jpg\"><img loading=\"lazy\" decoding=\"async\" width=\"30\" height=\"30\" class=\"size-full wp-image-783\" src=\"\/dev\/wp-content\/uploads\/sites\/2\/2015\/06\/pdf.jpg\" alt=\"pdf\" style=\"width:32px;height:32px\" \/><\/a><\/p>\n<p><a href=\"\/dev\/wp-content\/uploads\/sites\/2\/2015\/06\/document.png\"><img loading=\"lazy\" decoding=\"async\" width=\"256\" height=\"256\" class=\"size-full wp-image-768\" src=\"\/dev\/wp-content\/uploads\/sites\/2\/2015\/06\/document.png\" alt=\"document\" style=\"width:32px;height:32px;margin-right:10px\" srcset=\"https:\/\/latitudsur.org\/dev\/wp-content\/uploads\/sites\/2\/2015\/06\/document.png 256w, https:\/\/latitudsur.org\/dev\/wp-content\/uploads\/sites\/2\/2015\/06\/document-150x150.png 150w\" sizes=\"auto, (max-width: 256px) 100vw, 256px\" \/><\/a><a style=\"width:500px\" href=\"\/dev\/wp-content\/uploads\/sites\/2\/2015\/03\/Informe_Actividades_LS_2013_LD.pdf\">Informe de Actividades 2013<\/a><a href=\"\/dev\/wp-content\/uploads\/sites\/2\/2015\/06\/pdf.jpg\"><img loading=\"lazy\" decoding=\"async\" width=\"30\" height=\"30\" class=\"size-full wp-image-783\" src=\"\/dev\/wp-content\/uploads\/sites\/2\/2015\/06\/pdf.jpg\" alt=\"pdf\" style=\"width:32px;height:32px\" \/><\/a><\/p>\n<p><a href=\"\/dev\/wp-content\/uploads\/sites\/2\/2015\/06\/document.png\"><img loading=\"lazy\" decoding=\"async\" width=\"256\" height=\"256\" class=\"size-full wp-image-768\" src=\"\/dev\/wp-content\/uploads\/sites\/2\/2015\/06\/document.png\" alt=\"document\" style=\"width:32px;height:32px;margin-right:10px\" srcset=\"https:\/\/latitudsur.org\/dev\/wp-content\/uploads\/sites\/2\/2015\/06\/document.png 256w, https:\/\/latitudsur.org\/dev\/wp-content\/uploads\/sites\/2\/2015\/06\/document-150x150.png 150w\" sizes=\"auto, (max-width: 256px) 100vw, 256px\" \/><\/a><a style=\"width:500px\" href=\"\/dev\/wp-content\/uploads\/sites\/2\/2015\/03\/Folleto_Latitud_Sur_General_2011_BR.pdff\">Folleto de presentaci\u00f3n Latitud Sur 2011<\/a><a href=\"\/dev\/wp-content\/uploads\/sites\/2\/2015\/06\/pdf.jpg\"><img loading=\"lazy\" decoding=\"async\" width=\"30\" height=\"30\" class=\"size-full wp-image-783\" src=\"\/dev\/wp-content\/uploads\/sites\/2\/2015\/06\/pdf.jpg\" alt=\"pdf\" style=\"width:32px;height:32px\" \/><\/a><\/p>\n<p><a href=\"\/dev\/wp-content\/uploads\/sites\/2\/2015\/06\/document.png\"><img loading=\"lazy\" decoding=\"async\" width=\"256\" height=\"256\" class=\"size-full wp-image-768\" src=\"\/dev\/wp-content\/uploads\/sites\/2\/2015\/06\/document.png\" alt=\"document\" style=\"width:32px;height:32px;margin-right:10px\" srcset=\"https:\/\/latitudsur.org\/dev\/wp-content\/uploads\/sites\/2\/2015\/06\/document.png 256w, https:\/\/latitudsur.org\/dev\/wp-content\/uploads\/sites\/2\/2015\/06\/document-150x150.png 150w\" sizes=\"auto, (max-width: 256px) 100vw, 256px\" \/><\/a><a style=\"width:500px\" href=\"https:\/\/plus.google.com\/photos\/104080312609958278309\/albums\/5717991277183361281\/5717991357605728738\" target=\"_blank\">Video Proyecto \u00abchacra integral\u00bb y reforestaci\u00f3n<\/a><a href=\"\/dev\/wp-content\/uploads\/sites\/2\/2015\/06\/video.jpg\"><img loading=\"lazy\" decoding=\"async\" width=\"30\" height=\"30\" class=\"size-full wp-image-807\" src=\"\/dev\/wp-content\/uploads\/sites\/2\/2015\/06\/video.jpg\" alt=\"video\" style=\"width:32px;height:32px\" \/><\/a><\/p>\n<p><a href=\"\/dev\/wp-content\/uploads\/sites\/2\/2015\/06\/document.png\"><img loading=\"lazy\" decoding=\"async\" width=\"256\" height=\"256\" class=\"size-full wp-image-768\" src=\"\/dev\/wp-content\/uploads\/sites\/2\/2015\/06\/document.png\" alt=\"document\" style=\"width:32px;height:32px;margin-right:10px\" srcset=\"https:\/\/latitudsur.org\/dev\/wp-content\/uploads\/sites\/2\/2015\/06\/document.png 256w, https:\/\/latitudsur.org\/dev\/wp-content\/uploads\/sites\/2\/2015\/06\/document-150x150.png 150w\" sizes=\"auto, (max-width: 256px) 100vw, 256px\" \/><\/a><a style=\"width:500px\" href=\"\/dev\/wp-content\/uploads\/sites\/2\/2015\/03\/Article_Aguaje_23_12_12.jpg\">Prensa loretana : primera procesadora de aceite de aguaje<\/a><a href=\"\/dev\/wp-content\/uploads\/sites\/2\/2015\/06\/pdf.jpg\"><img loading=\"lazy\" decoding=\"async\" width=\"30\" height=\"30\" class=\"size-full wp-image-783\" src=\"\/dev\/wp-content\/uploads\/sites\/2\/2015\/06\/pdf.jpg\" alt=\"pdf\" style=\"width:32px;height:32px\" \/><\/a><\/p>\n<p><a href=\"\/dev\/wp-content\/uploads\/sites\/2\/2015\/06\/document.png\"><img loading=\"lazy\" decoding=\"async\" width=\"256\" height=\"256\" class=\"size-full wp-image-768\" src=\"\/dev\/wp-content\/uploads\/sites\/2\/2015\/06\/document.png\" alt=\"document\" style=\"width:32px;height:32px;margin-right:10px\" srcset=\"https:\/\/latitudsur.org\/dev\/wp-content\/uploads\/sites\/2\/2015\/06\/document.png 256w, https:\/\/latitudsur.org\/dev\/wp-content\/uploads\/sites\/2\/2015\/06\/document-150x150.png 150w\" sizes=\"auto, (max-width: 256px) 100vw, 256px\" \/><\/a><a style=\"width:500px\" href=\"\/dev\/wp-content\/uploads\/sites\/2\/2015\/03\/2013_01_01_El_Comercio_Aceite_Aguaje.jpg\">El Commercio (Lima) : el aceite de aguaje brota en Pacaya Samiria<\/a><a href=\"\/dev\/wp-content\/uploads\/sites\/2\/2015\/06\/pdf.jpg\"><img loading=\"lazy\" decoding=\"async\" width=\"30\" height=\"30\" class=\"size-full wp-image-783\" src=\"\/dev\/wp-content\/uploads\/sites\/2\/2015\/06\/pdf.jpg\" alt=\"pdf\" style=\"width:32px;height:32px\" \/><\/a><\/p>","protected":false},"excerpt":{"rendered":"<p>Bienvenido(a) en la p\u00e1gina de nuestros recursos documentarios que ponemos a su disposici\u00f3n en libre descarga. En caso de utilizaci\u00f3n de estos documentos, se le pide de favor tener la correcci\u00f3n de mencionar a nuestra organizaci\u00f3n, por respeto a las<span class=\"ellipsis\">&hellip;<\/span><\/p>\n<div class=\"read-more\"><a href=\"https:\/\/latitudsur.org\/dev\/es\/latitud-sur\/ressources-a-telecharger\/\">Leer m\u00e1s \u203a<\/a><\/div>\n<p><!-- end of .read-more --><\/p>\n","protected":false},"author":1,"featured_media":0,"parent":28,"menu_order":0,"comment_status":"closed","ping_status":"open","template":"template-page.php","meta":{"footnotes":""},"class_list":["post-40","page","type-page","status-publish","hentry"],"_links":{"self":[{"href":"https:\/\/latitudsur.org\/dev\/es\/wp-json\/wp\/v2\/pages\/40","targetHints":{"allow":["GET"]}}],"collection":[{"href":"https:\/\/latitudsur.org\/dev\/es\/wp-json\/wp\/v2\/pages"}],"about":[{"href":"https:\/\/latitudsur.org\/dev\/es\/wp-json\/wp\/v2\/types\/page"}],"author":[{"embeddable":true,"href":"https:\/\/latitudsur.org\/dev\/es\/wp-json\/wp\/v2\/users\/1"}],"replies":[{"embeddable":true,"href":"https:\/\/latitudsur.org\/dev\/es\/wp-json\/wp\/v2\/comments?post=40"}],"version-history":[{"count":0,"href":"https:\/\/latitudsur.org\/dev\/es\/wp-json\/wp\/v2\/pages\/40\/revisions"}],"up":[{"embeddable":true,"href":"https:\/\/latitudsur.org\/dev\/es\/wp-json\/wp\/v2\/pages\/28"}],"wp:attachment":[{"href":"https:\/\/latitudsur.org\/dev\/es\/wp-json\/wp\/v2\/media?parent=40"}],"curies":[{"name":"wp","href":"https:\/\/api.w.org\/{rel}","templated":true}]}}