{"id":48,"date":"2015-03-02T14:24:55","date_gmt":"2015-03-02T13:24:55","guid":{"rendered":"http:\/\/latitudsur.org\/developpement\/?page_id=48"},"modified":"2015-03-02T14:24:55","modified_gmt":"2015-03-02T13:24:55","slug":"environnement","status":"publish","type":"page","link":"https:\/\/latitudsur.org\/dev\/es\/nos-missions\/environnement\/","title":{"rendered":"Environnement"},"content":{"rendered":"<p><a style=\"float: left;margin-right: 15px\" href=\"\/dev\/wp-content\/uploads\/sites\/2\/2015\/06\/illustration_envir1.jpg\"><img loading=\"lazy\" decoding=\"async\" class=\"size-medium wp-image-835\" src=\"\/dev\/wp-content\/uploads\/sites\/2\/2015\/06\/illustration_envir1-300x235.jpg\" alt=\"illustration_envir\" width=\"300\" height=\"235\" srcset=\"https:\/\/latitudsur.org\/dev\/wp-content\/uploads\/sites\/2\/2015\/06\/illustration_envir1-300x235.jpg 300w, https:\/\/latitudsur.org\/dev\/wp-content\/uploads\/sites\/2\/2015\/06\/illustration_envir1.jpg 360w\" sizes=\"auto, (max-width: 300px) 100vw, 300px\" \/><\/a><\/p>\n<p>Apoyar a las poblaciones aut\u00f3ctonas, es en primer lugar ayudarles a proteger su ambiente. Estas comunidades no pueden contemplar su vida independientemente de su entorno. Sus creencias est\u00e1n impregnadas de la complejidad de sus territorios. Su vida est\u00e1 al ritmo de los caprichos de la selva. Su sobrevivencia depende de la riqueza de la Amazon\u00eda.<\/p>\n<p>Principal plaga, la deforestaci\u00f3n. No se limita \u00fanicamente al desmonte. Tampoco se resume a la imagen de la mala multinacional que viene acaparse a la fuerza de los territorios de los buenos ind\u00edgenas. Es resultado lastimosamente de un estado de hecho circunstancial.<br \/>\nEn ciertos casos, atraidas por un beneficio inmediato, las poblaciones aut\u00f3ctonas bradent sus espacios a la frenes\u00ed productivista. Latitud Sur brinda los medios a las comunidades para librarse de esta fuente financiera inmediata y punctual para proteger sus entornos y para cosechar de forma sostenible sus frutos.<\/p>\n<p>En otros casos, las comunidades simplemente no tienen derechos en sus territorios. Latitud Sur lucha a sus lados para conseguir el reconocimiento legal de su soberan\u00eda.<\/p>\n<p>En un tercer escenario, en f\u00edn, las comunidades no disponen de los conocimientos necesarios para la buena gesti\u00f3n de los bosques como conjunto.<\/p>\n<p>Latitud Sur se conmpromete a proveerles con este complemento de informaci\u00f3n a trav\u00e9s en particular de la capacitaci\u00f3n de guardianes eco-forestales pues existe tambi\u00e9n otra plaga, la del tr\u00e1fico de la fauna.<\/p>\n<p>A trav\u00e9s de colaboraciones, Latitud Sur obra para la reintroducci\u00f3n de animales provenientes del tr\u00e1fico en su \u00e1mbito natural.<\/p>\n<p><a style=\"float: right;margin-left: 15px\" href=\"\/dev\/wp-content\/uploads\/sites\/2\/2015\/06\/environ-singes1.jpg\"><img loading=\"lazy\" decoding=\"async\" class=\"size-full wp-image-834\" src=\"\/dev\/wp-content\/uploads\/sites\/2\/2015\/06\/environ-singes1.jpg\" alt=\"environ-singes\" width=\"200\" height=\"156\" \/><\/a><\/p>\n<p>Proteger los bosques primarios y su biodiversidad es una prioridad; en este marco, Latitud Sur apoya cuando posible actividades de \u00abdeforestaci\u00f3n evitada\u00bb : tenemos la convicci\u00f3n que proteger los ecosistemas existentes es una mayor prioridad a la de volver a plantar en espacios degradados. Al participar a este combate planetario de preservaci\u00f3n de los conjuntos forestales, nos juntamos a esta din\u00e1mica mundial con impactos comunitarios tangibles.<\/p>\n<p>Una problem\u00e1tica global pasa a menudo por acciones locales.<br \/>\nLatitud Sur est\u00e1 convencida de eso.<\/p>\n<p><a href=\"\/dev\/wp-content\/uploads\/sites\/2\/2015\/06\/environnement.png\"><img loading=\"lazy\" decoding=\"async\" class=\"size-full wp-image-770\" src=\"\/dev\/wp-content\/uploads\/sites\/2\/2015\/06\/environnement.png\" alt=\"environnement\" width=\"64\" height=\"64\" \/><\/a><\/p>\n<h4>Nuestros proyectos ambientales<\/h4>\n<div style=\"width: 100%;padding-top: 20px\"><a style=\"float: right;margin-left: 15px;padding-top: 15px\" href=\"\/dev\/wp-content\/uploads\/sites\/2\/2015\/06\/perou-drapeau1.jpg\"><img loading=\"lazy\" decoding=\"async\" class=\"size-full wp-image-836\" src=\"\/dev\/wp-content\/uploads\/sites\/2\/2015\/06\/perou-drapeau1.jpg\" alt=\"equateurdrapeau\" width=\"50\" height=\"37\" \/><\/a><\/p>\n<h4>Reforestaci\u00f3n en Peru<\/h4>\n<\/div>\n<div style=\"width: 100%\"><a style=\"float: left;margin-right: 5px\"><img loading=\"lazy\" decoding=\"async\" class=\"size-full wp-image-769\" src=\"\/dev\/wp-content\/uploads\/sites\/2\/2015\/03\/enmarcha.jpg\" alt=\"encours\" width=\"114\" height=\"58\" \/><\/a><br \/>\n<a style=\"float: right;margin: -15px 0px 0px 5px\"><img decoding=\"async\" class=\"size-full wp-image-769\" src=\"\/dev\/wp-content\/uploads\/sites\/2\/2015\/03\/parcialmente.jpg\" alt=\"financement partiel\" \/><\/a><\/p>\n<div style=\"width: 390px;margin: -45px 185px 0 120px;font-size: 12px\"><strong>Pa\u00eds: <\/strong>Peru<br \/>\n<strong>Misi\u00f3n: <\/strong>100,000 arboles sembrados<\/div>\n<\/div>\n<p><a href=\"\/dev\/developpement\/nos-missions\/environnement\/reforestation-a-partir-despeces-locales-volet-perou\/\">Conocer mas sobre esta misi\u00f3n en franc\u00e8s&#8230;<\/a><a href=\"https:\/\/www.youtube.com\/watch?v=N4fDEHtDwi0\" target=\"_blank\" rel=\"noopener noreferrer\"><strong> ver el video&#8230;<\/strong><\/a><\/p>\n<hr \/>\n<div style=\"width: 100%;padding-top: 20px\"><a style=\"float: right;margin-left: 15px;padding-top: 15px\" href=\"\/dev\/wp-content\/uploads\/sites\/2\/2015\/06\/equateurdrapeau1.jpg\"><img loading=\"lazy\" decoding=\"async\" class=\"size-full wp-image-836\" src=\"\/dev\/wp-content\/uploads\/sites\/2\/2015\/06\/equateurdrapeau1.jpg\" alt=\"equateurdrapeau\" width=\"50\" height=\"37\" \/><\/a><\/p>\n<h4>Reforestaci\u00f3n en Ecuador<\/h4>\n<\/div>\n<div style=\"width: 100%\"><a style=\"float: left;margin-right: 5px\"><img loading=\"lazy\" decoding=\"async\" class=\"size-full wp-image-769\" src=\"\/dev\/wp-content\/uploads\/sites\/2\/2015\/03\/enmarcha.jpg\" alt=\"encours\" width=\"114\" height=\"58\" \/><\/a><br \/>\n<a style=\"float: right;margin: -15px 0px 0px 5px\"><img decoding=\"async\" class=\"size-full wp-image-769\" src=\"\/dev\/wp-content\/uploads\/sites\/2\/2015\/03\/parcialmente.jpg\" alt=\"financement partiel\" \/><\/a><\/p>\n<div style=\"width: 390px;margin: 0 185px 0 120px;font-size: 12px\"><strong>Pa\u00eds: <\/strong>Ecuador<br \/>\n<strong>Misi\u00f3n: <\/strong>35,000 arboles sembrados<\/div>\n<\/div>\n<p><a href=\"\/dev\/developpement\/nos-missions\/environnement\/reforestation-a-partir-despeces-locales-volet-equateur\/\">Conocer mas sobre esta misi\u00f3n en franc\u00e8s&#8230;<\/a><\/p>\n<hr \/>\n<div style=\"width: 100%;padding-top: 20px\"><a style=\"float: right;margin-left: 15px;padding-top: 15px\" href=\"\/dev\/wp-content\/uploads\/sites\/2\/2015\/06\/equateurdrapeau1.jpg\"><img loading=\"lazy\" decoding=\"async\" class=\"size-full wp-image-836\" src=\"\/dev\/wp-content\/uploads\/sites\/2\/2015\/06\/equateurdrapeau1.jpg\" alt=\"equateurdrapeau\" width=\"50\" height=\"37\" \/><\/a><\/p>\n<h4>Zero Deforestaci\u00f3n<\/h4>\n<\/div>\n<div style=\"width: 100%\"><a style=\"float: left;margin-right: 5px\"><img loading=\"lazy\" decoding=\"async\" class=\"size-full wp-image-769\" src=\"\/dev\/wp-content\/uploads\/sites\/2\/2015\/03\/enmarcha.jpg\" alt=\"encours\" width=\"114\" height=\"58\" \/><\/a><br \/>\n<a style=\"float: right;margin: -15px 0px 0px 5px\" href=\"https:\/\/latitudsur.org\/dev\/wp-content\/uploads\/sites\/2\/2015\/03\/parcialmente.jpg\"><img loading=\"lazy\" decoding=\"async\" class=\"alignnone wp-image-1538 size-full\" src=\"https:\/\/latitudsur.org\/dev\/wp-content\/uploads\/sites\/2\/2015\/03\/parcialmente.jpg\" alt=\"\" width=\"179\" height=\"60\" \/><\/a><\/p>\n<div style=\"width: 390px;margin: -45px 185px 0 120px;font-size: 12px\"><strong>Pa\u00eds: <\/strong>Ecuador &amp; Peru<br \/>\n<strong>Misi\u00f3n: <\/strong>Legalizaci\u00f3n and preservaci\u00f3n de territorios nativos.<\/div>\n<\/div>\n<p><a href=\"http:\/\/www.zero-deforestation.org\/\" target=\"_blank\" rel=\"noopener noreferrer\">Conocer mas sobre esta misi\u00f3n en franc\u00e8s o en ingl\u00e9s&#8230;<\/a><\/p>\n<hr \/>\n<p><\/p>","protected":false},"excerpt":{"rendered":"<p>Apoyar a las poblaciones aut\u00f3ctonas, es en primer lugar ayudarles a proteger su ambiente. Estas comunidades no pueden contemplar su vida independientemente de su entorno. Sus creencias est\u00e1n impregnadas de la complejidad de sus territorios. Su vida est\u00e1 al ritmo<span class=\"ellipsis\">&hellip;<\/span><\/p>\n<div class=\"read-more\"><a href=\"https:\/\/latitudsur.org\/dev\/es\/nos-missions\/environnement\/\">Leer m\u00e1s \u203a<\/a><\/div>\n<p><!-- end of .read-more --><\/p>\n","protected":false},"author":1,"featured_media":0,"parent":56,"menu_order":0,"comment_status":"closed","ping_status":"open","template":"template-page.php","meta":{"footnotes":""},"class_list":["post-48","page","type-page","status-publish","hentry"],"_links":{"self":[{"href":"https:\/\/latitudsur.org\/dev\/es\/wp-json\/wp\/v2\/pages\/48","targetHints":{"allow":["GET"]}}],"collection":[{"href":"https:\/\/latitudsur.org\/dev\/es\/wp-json\/wp\/v2\/pages"}],"about":[{"href":"https:\/\/latitudsur.org\/dev\/es\/wp-json\/wp\/v2\/types\/page"}],"author":[{"embeddable":true,"href":"https:\/\/latitudsur.org\/dev\/es\/wp-json\/wp\/v2\/users\/1"}],"replies":[{"embeddable":true,"href":"https:\/\/latitudsur.org\/dev\/es\/wp-json\/wp\/v2\/comments?post=48"}],"version-history":[{"count":0,"href":"https:\/\/latitudsur.org\/dev\/es\/wp-json\/wp\/v2\/pages\/48\/revisions"}],"up":[{"embeddable":true,"href":"https:\/\/latitudsur.org\/dev\/es\/wp-json\/wp\/v2\/pages\/56"}],"wp:attachment":[{"href":"https:\/\/latitudsur.org\/dev\/es\/wp-json\/wp\/v2\/media?parent=48"}],"curies":[{"name":"wp","href":"https:\/\/api.w.org\/{rel}","templated":true}]}}