{"id":51,"date":"2015-03-02T14:27:39","date_gmt":"2015-03-02T13:27:39","guid":{"rendered":"http:\/\/latitudsur.org\/developpement\/?page_id=51"},"modified":"2015-03-02T14:27:39","modified_gmt":"2015-03-02T13:27:39","slug":"developpement-durable","status":"publish","type":"page","link":"https:\/\/latitudsur.org\/dev\/es\/nos-missions\/developpement-durable\/","title":{"rendered":"D\u00e9veloppement durable"},"content":{"rendered":"<p>Latitud Sur obra para el desarrollo de las comunidades ind\u00edgenas de la Alta Amazon\u00eda en respeto de sus equilibrios locales(sociales, econ\u00f3micos, ambientales,&#8230;), evitando imponer una visi\u00f3n productivista y consumerista de la sociedad actual.<\/p>\n<p>En este sentido nos enfocamos en:<\/p>\n<p><a style=\"float: left;margin-right: 15px;padding-top: 15px\" href=\"\/dev\/wp-content\/uploads\/sites\/2\/2015\/06\/illustration_dev_dur.jpg\"><img loading=\"lazy\" decoding=\"async\" class=\"size-medium wp-image-776\" src=\"\/dev\/wp-content\/uploads\/sites\/2\/2015\/06\/illustration_dev_dur-300x235.jpg\" alt=\"illustration_dev_dur\" width=\"300\" height=\"235\" srcset=\"https:\/\/latitudsur.org\/dev\/wp-content\/uploads\/sites\/2\/2015\/06\/illustration_dev_dur-300x235.jpg 300w, https:\/\/latitudsur.org\/dev\/wp-content\/uploads\/sites\/2\/2015\/06\/illustration_dev_dur.jpg 360w\" sizes=\"auto, (max-width: 300px) 100vw, 300px\" \/><\/a><\/p>\n<ul>\n<li>Promover los que-haceres locales y ancestrales brindando el apoyo necesario a su desarrollo.<\/li>\n<li>Preservar la cohesi\u00f3n de las comunidades remunerando los actores de los proyectos de manera equitativa.<\/li>\n<li>Valorar las riquezas naturales de sus territorios aprovechando a la vez de forma sostenible sus recursos.<\/li>\n<li>Participar a la independencia material y econ\u00f3mica de las poblaciones con el f\u00edn de preservarlas de la attracci\u00f3n de ganancias inmediatas que constituye la explotaci\u00f3n abusiva de sus territorios.<\/li>\n<li>Mejorar las condiciones de vida de las poblaciones marginalizadas.<\/li>\n<\/ul>\n<p><a href=\"\/dev\/wp-content\/uploads\/sites\/2\/2015\/06\/devdurable.png\"><img loading=\"lazy\" decoding=\"async\" class=\"size-full wp-image-766\" src=\"\/dev\/wp-content\/uploads\/sites\/2\/2015\/06\/devdurable.png\" alt=\"devdurable\" width=\"64\" height=\"64\" \/><\/a><\/p>\n<h4>Nuestros proyectos de desarrollo sostenible<\/h4>\n<hr \/>\n<div style=\"width: 100%;padding-top: 20px\"><a style=\"float: right;margin-left: 15px;padding-top: 15px\" href=\"\/dev\/wp-content\/uploads\/sites\/2\/2015\/06\/perou-drapeau1.jpg\"><img loading=\"lazy\" decoding=\"async\" class=\"size-full wp-image-836\" src=\"\/dev\/wp-content\/uploads\/sites\/2\/2015\/06\/perou-drapeau1.jpg\" alt=\"equateurdrapeau\" width=\"50\" height=\"37\" \/><\/a><\/p>\n<h4><a href=\"\/dev\/developpement\/nos-missions\/developpement-durable\/production-durable-et-commercialisation-dhuile-vegetale-daguaje\/\">Producci\u00f3n sostenible y Comercializaci\u00f3n de aceite vegetal de Aguaje<\/a><\/h4>\n<\/div>\n<div style=\"width: 100%\"><a style=\"float: left;margin-right: 5px\" href=\"https:\/\/latitudsur.org\/dev\/wp-content\/uploads\/sites\/2\/2015\/03\/acabado.jpg\"><img loading=\"lazy\" decoding=\"async\" class=\"alignnone wp-image-1531 size-full\" src=\"https:\/\/latitudsur.org\/dev\/wp-content\/uploads\/sites\/2\/2015\/03\/acabado.jpg\" alt=\"\" width=\"114\" height=\"58\" \/><\/a><\/p>\n<div style=\"width: 390px;margin: -45px 185px 0 120px;font-size: 12px\"><strong>Pa\u00eds:<\/strong>Per\u00fa<br \/>\n<strong>Misi\u00f3n: <\/strong> Producci\u00f3n sostenible y equitativa de aceite vegetal de aguaje (Mauritia Flexuosa) como fuente de ingreso alternativa y de valoraci\u00f3n de un producto de la selva.<\/div>\n<\/div>\n<p><a href=\"\/dev\/developpement\/nos-missions\/developpement-durable\/production-durable-et-commercialisation-dhuile-vegetale-daguaje\/\">Para conocer m\u00e1s sobre esta misi\u00f3n&#8230;<\/a><\/p>\n<p><\/p>","protected":false},"excerpt":{"rendered":"<p>Latitud Sur obra para el desarrollo de las comunidades ind\u00edgenas de la Alta Amazon\u00eda en respeto de sus equilibrios locales(sociales, econ\u00f3micos, ambientales,&#8230;), evitando imponer una visi\u00f3n productivista y consumerista de la sociedad actual. En este sentido nos enfocamos en: Promover<span class=\"ellipsis\">&hellip;<\/span><\/p>\n<div class=\"read-more\"><a href=\"https:\/\/latitudsur.org\/dev\/es\/nos-missions\/developpement-durable\/\">Leer m\u00e1s \u203a<\/a><\/div>\n<p><!-- end of .read-more --><\/p>\n","protected":false},"author":1,"featured_media":0,"parent":56,"menu_order":0,"comment_status":"closed","ping_status":"open","template":"template-page.php","meta":{"footnotes":""},"class_list":["post-51","page","type-page","status-publish","hentry"],"_links":{"self":[{"href":"https:\/\/latitudsur.org\/dev\/es\/wp-json\/wp\/v2\/pages\/51","targetHints":{"allow":["GET"]}}],"collection":[{"href":"https:\/\/latitudsur.org\/dev\/es\/wp-json\/wp\/v2\/pages"}],"about":[{"href":"https:\/\/latitudsur.org\/dev\/es\/wp-json\/wp\/v2\/types\/page"}],"author":[{"embeddable":true,"href":"https:\/\/latitudsur.org\/dev\/es\/wp-json\/wp\/v2\/users\/1"}],"replies":[{"embeddable":true,"href":"https:\/\/latitudsur.org\/dev\/es\/wp-json\/wp\/v2\/comments?post=51"}],"version-history":[{"count":0,"href":"https:\/\/latitudsur.org\/dev\/es\/wp-json\/wp\/v2\/pages\/51\/revisions"}],"up":[{"embeddable":true,"href":"https:\/\/latitudsur.org\/dev\/es\/wp-json\/wp\/v2\/pages\/56"}],"wp:attachment":[{"href":"https:\/\/latitudsur.org\/dev\/es\/wp-json\/wp\/v2\/media?parent=51"}],"curies":[{"name":"wp","href":"https:\/\/api.w.org\/{rel}","templated":true}]}}