{"id":74,"date":"2015-03-02T14:56:45","date_gmt":"2015-03-02T13:56:45","guid":{"rendered":"http:\/\/latitudsur.org\/developpement\/?page_id=74"},"modified":"2015-03-02T14:56:45","modified_gmt":"2015-03-02T13:56:45","slug":"sante-education","status":"publish","type":"page","link":"https:\/\/latitudsur.org\/dev\/es\/nos-missions\/sante-education\/","title":{"rendered":"Sant\u00e9 &amp; \u00e9ducation"},"content":{"rendered":"<p>Latitud Sur se compromete tambi\u00e9n en el terreno de la salud.<\/p>\n<p>Lejos de nosotros la idea de improvisarnos \u00ab gran curandero \u00bb de las poblaciones aut\u00f3ctonas, nos ubicamos en complemento a los dispositivos de salud locales. La riqueza de los saberes ind\u00edgenas en el tema de la salud es inmensa. Brindamos nuestros conocimientos y nuestras formas de curaci\u00f3n cuando estas hacen falta. Pero nos enfocamos en valorar los saberes tradicionalescuando estos son poco o mal considerados.<\/p>\n<p><a style=\"float: left;margin-right: 15px;padding-top: 15px\" href=\"\/dev\/wp-content\/uploads\/sites\/2\/2015\/06\/illustration_sante.jpg\"><img loading=\"lazy\" decoding=\"async\" class=\"size-full\" src=\"\/dev\/wp-content\/uploads\/sites\/2\/2015\/06\/illustration_sante.jpg\" alt=\"illustration_dev_dur\" width=\"300\" height=\"235\" \/><\/a><\/p>\n<p>As\u00ed, Latitud Sur lucha para mejorar las condiciones de salud y de higiene de las poblaciones en situaci\u00f3n de vulnerabilidad brindandoles servicios de salud no cubiertos localmente. Gracias al barco de Latitud Sur, el Selva Viva, podemos alcanzar a las poblaciones mas alejadas para :<\/p>\n<ul>\n<li>Realizar un diagn\u00f3stico de su estado de salud.<\/li>\n<li>Ofrecer servicios de salud efectivos, preventivos y curativos (servicios primarios, pero tambien de oftalmolog\u00eda, ginecolog\u00eda, odontolog\u00eda\u2026).<\/li>\n<li>Sensibilizar a las poblaciones sobre temas de higiene y perinatalidad.<\/li>\n<\/ul>\n<p><a style=\"float: right;margin-left: 15px;padding-top: 15px\" href=\"\/dev\/wp-content\/uploads\/sites\/2\/2015\/06\/illus-piti-sante.jpg\"><img loading=\"lazy\" decoding=\"async\" class=\"size-full\" src=\"\/dev\/wp-content\/uploads\/sites\/2\/2015\/06\/illus-piti-sante.jpg\" alt=\"illustration_dev_dur\" width=\"300\" height=\"235\" \/><\/a><br \/>\nEn otro registro, Latitud Sur se enfoca en valorar los saberes locales. La medicina tradicional ind\u00edgena constituye un patrimonio a preservar, por sus virtudes, su riqueza y por las respuestas que puede traer a los futuros retos sanitarios. Latitud Sur apoya a las comunidades para :<\/p>\n<ul>\n<li>Repertoriar, estudiar, validar, legalizar e integrar los saberes terape\u00faticos y los que-haceres de los tradipracticantes en los servicios de salud primaria.<\/li>\n<li>Valorar el empleo de las plantas medicinales tradicionales para remediar a los problemas de salud primaria y volver aut\u00f3nomas a las poblaciones tanto a nivel preventivo como curativo.<\/li>\n<li>Aprovechar economicamente a las plantas con virtudes medicinales al beneficio de las comunidades.<\/li>\n<\/ul>\n<p>Con las mismas precauciones que para la salud, Latitud Sur brinda su apoyo a las comunidades en el terreno de la educaci\u00f3n.<\/p>\n<p>Un imperativo : armonizar los mensajes educativos, entre saberes tradicionales y modernidad emergente. Latitud Sur integra estos dos aspectos en sus programas que vienen complementar los sistemas educativos locales.<\/p>\n<p><a style=\"float: left;margin-right: 15px;padding-top: 15px\" href=\"\/dev\/wp-content\/uploads\/sites\/2\/2015\/06\/santeeducation1.jpg\"><img loading=\"lazy\" decoding=\"async\" class=\"size-full wp-image-766\" src=\"\/dev\/wp-content\/uploads\/sites\/2\/2015\/06\/santeeducation1.jpg\" alt=\"devdurable\" width=\"64\" height=\"64\" \/><\/a><\/p>\n<h4 style=\"padding-top: 40px\">Nuestros proyectos en Salud y Educaci\u00f3n<\/h4>\n<hr \/>\n<div style=\"width: 100%;padding-top: 20px\"><a style=\"float: right;margin-left: 15px;padding-top: 15px\" href=\"\/dev\/wp-content\/uploads\/sites\/2\/2015\/06\/perou-drapeau1.jpg\"><img loading=\"lazy\" decoding=\"async\" class=\"size-full wp-image-836\" src=\"\/dev\/wp-content\/uploads\/sites\/2\/2015\/06\/perou-drapeau1.jpg\" alt=\"equateurdrapeau\" width=\"50\" height=\"37\" \/><\/a><\/p>\n<h4>Brigadas m\u00e9dicas con el barco Selva Viva<\/h4>\n<\/div>\n<div style=\"width: 100%\"><a style=\"float: left;margin-right: 5px\" href=\"https:\/\/latitudsur.org\/dev\/wp-content\/uploads\/sites\/2\/2015\/03\/acabado.jpg\"><img loading=\"lazy\" decoding=\"async\" class=\"alignnone wp-image-1531 size-full\" src=\"https:\/\/latitudsur.org\/dev\/wp-content\/uploads\/sites\/2\/2015\/03\/acabado.jpg\" alt=\"\" width=\"114\" height=\"58\" \/><\/a><\/p>\n<div style=\"width: 390px;margin: -45px 185px 0 120px;font-size: 12px\"><strong>Pa\u00eds : <\/strong>Per\u00fa<br \/>\n<strong>Misi\u00f3n :<br \/>\n<\/strong>Brigadas fluviales m\u00e9dicas de apoyo a las comunidades ribere\u00f1as con servicios y curaciones de medio plazo.<\/div>\n<\/div>\n<p><a href=\"\/dev\/developpement\/wp-content\/uploads\/sites\/2\/2015\/03\/Informe_Brigada_Medica_Abril_2013_ESP.pdf\">Para conocer mas sobre esta misis\u00f3n&#8230;<\/a><\/p>\n<hr \/>\n<div style=\"width: 100%;padding-top: 20px\"><a style=\"float: right;margin-left: 15px;padding-top: 15px\" href=\"\/dev\/wp-content\/uploads\/sites\/2\/2015\/06\/perou-drapeau1.jpg\"><img loading=\"lazy\" decoding=\"async\" class=\"size-full wp-image-836\" src=\"\/dev\/wp-content\/uploads\/sites\/2\/2015\/06\/perou-drapeau1.jpg\" alt=\"equateurdrapeau\" width=\"50\" height=\"37\" \/><\/a><\/p>\n<h4><a href=\"\/dev\/developpement\/nos-missions\/developpement-durable\/annee-2-renforcement-du-principe-agro-forestier-ancestral\/\">\u00abChacras Integrales\u00bb Fase 2 &amp; Reconstituci\u00f3n de sitios naturales deteriorados<\/a><\/h4>\n<\/div>\n<div style=\"width: 100%\"><a style=\"float: left;margin-right: 5px\" href=\"https:\/\/latitudsur.org\/dev\/wp-content\/uploads\/sites\/2\/2015\/03\/acabado.jpg\"><img loading=\"lazy\" decoding=\"async\" class=\"alignnone wp-image-1531 size-full\" src=\"https:\/\/latitudsur.org\/dev\/wp-content\/uploads\/sites\/2\/2015\/03\/acabado.jpg\" alt=\"\" width=\"114\" height=\"58\" \/><\/a><\/p>\n<div style=\"width: 390px;margin: -45px 185px 0 120px;font-size: 12px\"><strong>Pa\u00eds : <\/strong>Per\u00fa<br \/>\n<strong>Misi\u00f3n : <\/strong>Reforzamiento de los jardines bot\u00e1nicos familiares de la fase 1 (extensiones agroforestales) y regeneraci\u00f3n de terrenos degradados (reforestaci\u00f3n).<\/div>\n<\/div>\n<p><a href=\"\/dev\/developpement\/nos-missions\/developpement-durable\/annee-2-renforcement-du-principe-agro-forestier-ancestral\/\">Para conocer mas sobre esta misis\u00f3n&#8230;<\/a><\/p>","protected":false},"excerpt":{"rendered":"<p>Latitud Sur se compromete tambi\u00e9n en el terreno de la salud. Lejos de nosotros la idea de improvisarnos \u00ab gran curandero \u00bb de las poblaciones aut\u00f3ctonas, nos ubicamos en complemento a los dispositivos de salud locales. La riqueza de los<span class=\"ellipsis\">&hellip;<\/span><\/p>\n<div class=\"read-more\"><a href=\"https:\/\/latitudsur.org\/dev\/es\/nos-missions\/sante-education\/\">Leer m\u00e1s \u203a<\/a><\/div>\n<p><!-- end of .read-more --><\/p>\n","protected":false},"author":1,"featured_media":0,"parent":56,"menu_order":0,"comment_status":"closed","ping_status":"open","template":"template-page.php","meta":{"footnotes":""},"class_list":["post-74","page","type-page","status-publish","hentry"],"_links":{"self":[{"href":"https:\/\/latitudsur.org\/dev\/es\/wp-json\/wp\/v2\/pages\/74","targetHints":{"allow":["GET"]}}],"collection":[{"href":"https:\/\/latitudsur.org\/dev\/es\/wp-json\/wp\/v2\/pages"}],"about":[{"href":"https:\/\/latitudsur.org\/dev\/es\/wp-json\/wp\/v2\/types\/page"}],"author":[{"embeddable":true,"href":"https:\/\/latitudsur.org\/dev\/es\/wp-json\/wp\/v2\/users\/1"}],"replies":[{"embeddable":true,"href":"https:\/\/latitudsur.org\/dev\/es\/wp-json\/wp\/v2\/comments?post=74"}],"version-history":[{"count":0,"href":"https:\/\/latitudsur.org\/dev\/es\/wp-json\/wp\/v2\/pages\/74\/revisions"}],"up":[{"embeddable":true,"href":"https:\/\/latitudsur.org\/dev\/es\/wp-json\/wp\/v2\/pages\/56"}],"wp:attachment":[{"href":"https:\/\/latitudsur.org\/dev\/es\/wp-json\/wp\/v2\/media?parent=74"}],"curies":[{"name":"wp","href":"https:\/\/api.w.org\/{rel}","templated":true}]}}