{"id":77,"date":"2015-03-02T14:57:31","date_gmt":"2015-03-02T13:57:31","guid":{"rendered":"http:\/\/latitudsur.org\/developpement\/?page_id=77"},"modified":"2015-03-02T14:57:31","modified_gmt":"2015-03-02T13:57:31","slug":"tourisme-culture","status":"publish","type":"page","link":"https:\/\/latitudsur.org\/dev\/es\/nos-missions\/tourisme-culture\/","title":{"rendered":"Tourisme &amp; culture"},"content":{"rendered":"<p>Latitud Sur es una ONG que, para financiar sus proyectos de desarrollo propone cruceros a bordo de su barco, el Selva Viva, y viajes de ecoturismo.<\/p>\n<p>Para eso, <strong>no somos una agencia de viaje. <\/strong><\/p>\n<p>Trabajamos desde varios a\u00f1os con las comunidades, en los territorios de la Alta Amazon\u00eda y es con ellas y en respeto a sus entornos que acompa\u00f1amos a los viajeros.<\/p>\n<p><a style=\"float: left;margin-right: 15px;padding-top: 15px\" href=\"\/dev\/wp-content\/uploads\/sites\/2\/2015\/06\/illustration_tourisme.jpg\"><img loading=\"lazy\" decoding=\"async\" class=\"alignnone size-medium wp-image-779\" src=\"\/dev\/wp-content\/uploads\/sites\/2\/2015\/06\/illustration_tourisme-300x235.jpg\" alt=\"illustration_tourisme\" width=\"300\" height=\"235\" srcset=\"https:\/\/latitudsur.org\/dev\/wp-content\/uploads\/sites\/2\/2015\/06\/illustration_tourisme-300x235.jpg 300w, https:\/\/latitudsur.org\/dev\/wp-content\/uploads\/sites\/2\/2015\/06\/illustration_tourisme.jpg 360w\" sizes=\"auto, (max-width: 300px) 100vw, 300px\" \/><\/a><br \/>\nRechazamos el turismo de masa para dar preferencia a los viajes \u00e9ticos, equitativos y solidarios.<\/p>\n<ul>\n<li>Solo constituimos peque\u00f1os gruposde viajeros y organizamos un n\u00famero limitado de viajes por destino.<\/li>\n<li>Nuestros viajes generan localmente fondospara las comunidades.<\/li>\n<li>Nos aseguramos que beneficien a la mayor\u00eda de la gente, sin comprometer los equilibrios locales.<\/li>\n<\/ul>\n<p><strong>Los beneficios son reinvertidos en proyectos de desarrollo. De tal forma que se establece un enlace concreto, perceptible por las poblaciones locales, entre turismo y acci\u00f3n humanitaria o solidaria. <\/strong><\/p>\n<p>Nos enfocamos tambi\u00e9n en valorar las culturasde la Alta Amazon\u00eda en nuestros proyectos. En este sentido, hemos luchado para conservar lugares sagrados como los caminos de peregrinaje huicholes (foto arriba).<\/p>\n<h4><a href=\"\/dev\/wp-content\/uploads\/sites\/2\/2015\/06\/tourismeculture.png\"><img loading=\"lazy\" decoding=\"async\" class=\"alignnone size-full wp-image-789\" src=\"\/dev\/wp-content\/uploads\/sites\/2\/2015\/06\/tourismeculture.png\" alt=\"tourismeculture\" width=\"128\" height=\"128\" \/><\/a><a href=\"http:\/\/www.latitudsur.org\/voyage\/\" target=\"_blank\" rel=\"noopener noreferrer\">El barco Selva Viva<\/a><\/h4>\n<p><\/p>","protected":false},"excerpt":{"rendered":"<p>Latitud Sur es una ONG que, para financiar sus proyectos de desarrollo propone cruceros a bordo de su barco, el Selva Viva, y viajes de ecoturismo. Para eso, no somos una agencia de viaje. Trabajamos desde varios a\u00f1os con las<span class=\"ellipsis\">&hellip;<\/span><\/p>\n<div class=\"read-more\"><a href=\"https:\/\/latitudsur.org\/dev\/es\/nos-missions\/tourisme-culture\/\">Leer m\u00e1s \u203a<\/a><\/div>\n<p><!-- end of .read-more --><\/p>\n","protected":false},"author":1,"featured_media":0,"parent":56,"menu_order":0,"comment_status":"closed","ping_status":"closed","template":"template-page.php","meta":{"footnotes":""},"class_list":["post-77","page","type-page","status-publish","hentry"],"_links":{"self":[{"href":"https:\/\/latitudsur.org\/dev\/es\/wp-json\/wp\/v2\/pages\/77","targetHints":{"allow":["GET"]}}],"collection":[{"href":"https:\/\/latitudsur.org\/dev\/es\/wp-json\/wp\/v2\/pages"}],"about":[{"href":"https:\/\/latitudsur.org\/dev\/es\/wp-json\/wp\/v2\/types\/page"}],"author":[{"embeddable":true,"href":"https:\/\/latitudsur.org\/dev\/es\/wp-json\/wp\/v2\/users\/1"}],"replies":[{"embeddable":true,"href":"https:\/\/latitudsur.org\/dev\/es\/wp-json\/wp\/v2\/comments?post=77"}],"version-history":[{"count":0,"href":"https:\/\/latitudsur.org\/dev\/es\/wp-json\/wp\/v2\/pages\/77\/revisions"}],"up":[{"embeddable":true,"href":"https:\/\/latitudsur.org\/dev\/es\/wp-json\/wp\/v2\/pages\/56"}],"wp:attachment":[{"href":"https:\/\/latitudsur.org\/dev\/es\/wp-json\/wp\/v2\/media?parent=77"}],"curies":[{"name":"wp","href":"https:\/\/api.w.org\/{rel}","templated":true}]}}