{"id":86,"date":"2015-03-02T15:41:32","date_gmt":"2015-03-02T14:41:32","guid":{"rendered":"http:\/\/latitudsur.org\/developpement\/?page_id=86"},"modified":"2015-03-02T15:41:32","modified_gmt":"2015-03-02T14:41:32","slug":"caracteristiques-techniques","status":"publish","type":"page","link":"https:\/\/latitudsur.org\/dev\/es\/le-selva-viva\/caracteristiques-techniques\/","title":{"rendered":"Caract\u00e9ristiques techniques"},"content":{"rendered":"<p>El SELVA VIVA es un barco concebido para ser de multi-uso y servir en prioridad los proyectos de desarrollo, de nuestra organizaci\u00f3n o de otras.<\/p>\n<p>Por sus costos de mantenimiento y su potencial a generar fondos, sirve tambi\u00e9n para salidas ecotur\u00edsticas o de turismo solidario.<br \/>\nHa sido financiado, a trav\u00e9s de la primera fase del proyecto \u201cbarco-escuela y biodiversidad\u201d por la Fundaci\u00f3n Audemars-Piguet.<\/p>\n<h4>Detalles t\u00e9cnicos<\/h4>\n<p><img decoding=\"async\" style=\"float:left;margin-right:20px\" src=\"\/dev\/wp-content\/uploads\/sites\/2\/2015\/03\/bateaulong.jpg\"><\/p>\n<ul>\n<li>Immatriculaci\u00f3n IQ-29076-MF<\/li>\n<li>Barco tradicional de madera, tipo brasile\u00f1o<\/li>\n<li>Dimensiones : eslora : 22 m &#8211; manga : 5,70 m<\/li>\n<li>Calado : 1,40 m sin carga, 1,50 m<\/li>\n<li>Cubiertas : 2 cubiertas + terraza + casco<\/li>\n<li>Potencia del motor : 125 ch<\/li>\n<li>Velocidad crucero : 5 nudos<\/li>\n<li>Tripulaci\u00f3n : 5 (2 capit\u00e1n, 1 practico, 1 motorista, 1 cocinero, 1 timonel)<\/li>\n<li>Agua : Sistema de producci\u00f3n de agua potable (osmosis)<\/li>\n<li>Energ\u00eda : 8 paneles solares + motor e\u00f3lico + motor t\u00e9rmico auxiliar<\/li>\n<li>Electricidad : 12, 24 V &amp; 220 V<\/li>\n<li>Seguridad : certificado de seguridad vigente + GPS sondeador<\/li>\n<li>Comunicaci\u00f3n : Radio HF (alcance de 500km) + PhonePatch (permite llamar a un tel\u00e9fono usual en caso de emergencia)<\/li>\n<\/ul>\n<h4>Capacidad<\/h4>\n<ul>\n<li> 4 camarotes dobles (4,30 m x 2,50 m) con mosquiteras en las ventanas<br \/>\nSe puede separar las camas individualmente por cortinas = 8 camas.<br \/>\nSe puede armar camas superpuestas hasta 14 personas.<\/li>\n<li>+ 1 camarote individual al nivel de la cubierta 2 (Oficina))<\/li>\n<li>Ba\u00f1os : 3<\/li>\n<li>Aseo\/Ducha : 2<\/li>\n<li>Comedor : 14 personas + biblioteca\/sal\u00f3n<\/li>\n<li>3ra cubierta : mesa 14 personas + 5 hamacas<\/li>\n<\/ul>\n<h4><\/h4>\n<h4><a href=\"\/dev\/wp-content\/uploads\/sites\/2\/2015\/03\/plan_SV.pdf\"><img loading=\"lazy\" decoding=\"async\" width=\"30\" height=\"30\" class=\"size-full wp-image-783\" src=\"\/dev\/wp-content\/uploads\/sites\/2\/2015\/06\/pdf.jpg\" alt=\"pdf\" style=\"width:32px;height:32px\" \/><\/a>  Planos del barco<\/h4>\n<p><a href=\"https:\/\/latitudsur.org\/dev\/wp-content\/uploads\/sites\/2\/2015\/06\/plan1.jpg\"><img loading=\"lazy\" decoding=\"async\" class=\"alignnone size-full wp-image-884\" src=\"https:\/\/latitudsur.org\/dev\/wp-content\/uploads\/sites\/2\/2015\/06\/plan1.jpg\" alt=\"plan1\" width=\"176\" height=\"118\" \/><\/a> <a href=\"https:\/\/latitudsur.org\/dev\/wp-content\/uploads\/sites\/2\/2015\/06\/plan2.jpg\"><img loading=\"lazy\" decoding=\"async\" class=\"alignnone size-full wp-image-885\" src=\"https:\/\/latitudsur.org\/dev\/wp-content\/uploads\/sites\/2\/2015\/06\/plan2.jpg\" alt=\"plan2\" width=\"176\" height=\"118\" \/><\/a><\/p>\n<p><a href=\"https:\/\/latitudsur.org\/dev\/wp-content\/uploads\/sites\/2\/2015\/03\/plan3.jpg\"><img loading=\"lazy\" decoding=\"async\" class=\"alignnone size-medium wp-image-886\" src=\"https:\/\/latitudsur.org\/dev\/wp-content\/uploads\/sites\/2\/2015\/03\/plan3-300x110.jpg\" alt=\"Plan3\" width=\"300\" height=\"110\" \/><\/a><a href=\"https:\/\/latitudsur.org\/dev\/wp-content\/uploads\/sites\/2\/2015\/06\/Plan4.jpg\"> <img loading=\"lazy\" decoding=\"async\" class=\"alignnone size-medium wp-image-887\" src=\"https:\/\/latitudsur.org\/dev\/wp-content\/uploads\/sites\/2\/2015\/06\/Plan4-300x110.jpg\" alt=\"Plan4\" width=\"300\" height=\"110\" \/><\/a><\/p>\n<p><a href=\"https:\/\/latitudsur.org\/dev\/wp-content\/uploads\/sites\/2\/2015\/06\/Plan5.jpg\"><img loading=\"lazy\" decoding=\"async\" class=\"alignnone size-medium wp-image-888\" src=\"https:\/\/latitudsur.org\/dev\/wp-content\/uploads\/sites\/2\/2015\/06\/Plan5-300x110.jpg\" alt=\"Plan5\" width=\"300\" height=\"110\" \/><\/a> <a href=\"https:\/\/latitudsur.org\/dev\/wp-content\/uploads\/sites\/2\/2015\/06\/Plan6.jpg\"><img loading=\"lazy\" decoding=\"async\" class=\"alignnone size-medium wp-image-889\" src=\"https:\/\/latitudsur.org\/dev\/wp-content\/uploads\/sites\/2\/2015\/06\/Plan6-300x110.jpg\" alt=\"Plan6\" width=\"300\" height=\"110\" \/><\/a><\/p>","protected":false},"excerpt":{"rendered":"<p>El SELVA VIVA es un barco concebido para ser de multi-uso y servir en prioridad los proyectos de desarrollo, de nuestra organizaci\u00f3n o de otras. Por sus costos de mantenimiento y su potencial a generar fondos, sirve tambi\u00e9n para salidas<span class=\"ellipsis\">&hellip;<\/span><\/p>\n<div class=\"read-more\"><a href=\"https:\/\/latitudsur.org\/dev\/es\/le-selva-viva\/caracteristiques-techniques\/\">Leer m\u00e1s \u203a<\/a><\/div>\n<p><!-- end of .read-more --><\/p>\n","protected":false},"author":1,"featured_media":0,"parent":65,"menu_order":0,"comment_status":"closed","ping_status":"open","template":"template-page.php","meta":{"footnotes":""},"class_list":["post-86","page","type-page","status-publish","hentry"],"_links":{"self":[{"href":"https:\/\/latitudsur.org\/dev\/es\/wp-json\/wp\/v2\/pages\/86","targetHints":{"allow":["GET"]}}],"collection":[{"href":"https:\/\/latitudsur.org\/dev\/es\/wp-json\/wp\/v2\/pages"}],"about":[{"href":"https:\/\/latitudsur.org\/dev\/es\/wp-json\/wp\/v2\/types\/page"}],"author":[{"embeddable":true,"href":"https:\/\/latitudsur.org\/dev\/es\/wp-json\/wp\/v2\/users\/1"}],"replies":[{"embeddable":true,"href":"https:\/\/latitudsur.org\/dev\/es\/wp-json\/wp\/v2\/comments?post=86"}],"version-history":[{"count":0,"href":"https:\/\/latitudsur.org\/dev\/es\/wp-json\/wp\/v2\/pages\/86\/revisions"}],"up":[{"embeddable":true,"href":"https:\/\/latitudsur.org\/dev\/es\/wp-json\/wp\/v2\/pages\/65"}],"wp:attachment":[{"href":"https:\/\/latitudsur.org\/dev\/es\/wp-json\/wp\/v2\/media?parent=86"}],"curies":[{"name":"wp","href":"https:\/\/api.w.org\/{rel}","templated":true}]}}