{"id":88,"date":"2015-03-02T15:42:27","date_gmt":"2015-03-02T14:42:27","guid":{"rendered":"http:\/\/latitudsur.org\/developpement\/?page_id=88"},"modified":"2015-03-02T15:42:27","modified_gmt":"2015-03-02T14:42:27","slug":"histoire-et-missions","status":"publish","type":"page","link":"https:\/\/latitudsur.org\/dev\/es\/le-selva-viva\/histoire-et-missions\/","title":{"rendered":"Histoire et missions"},"content":{"rendered":"<p><img loading=\"lazy\" decoding=\"async\" width=\"343\" height=\"268\" style=\"float:right\" class=\"alignnone size-medium wp-image-765\" src=\"https:\/\/latitudsur.org\/dev\/wp-content\/uploads\/sites\/2\/2015\/06\/bateau.jpg\" alt=\"bateau\" srcset=\"https:\/\/latitudsur.org\/dev\/wp-content\/uploads\/sites\/2\/2015\/06\/bateau.jpg 343w, https:\/\/latitudsur.org\/dev\/wp-content\/uploads\/sites\/2\/2015\/06\/bateau-300x234.jpg 300w\" sizes=\"auto, (max-width: 343px) 100vw, 343px\" \/><\/p>\n<h4>Las misiones del Selva Viva<\/h4>\n<p>El Selva Viva es un barco concebido para servir m\u00faltiples prop\u00f3sitos, pu\u00e9s fue destinado inicialmente para apoyar en prioridad los proyectos de desarrollo, de nuestra organizaci\u00f3n o de otras.<\/p>\n<p>Ha sido desde entonces readecuado para los cruceros propuestos por Latitud Sur y permite de esta forma aportar fondos adicionales para estos programas.<\/p>\n<p>Este programa pretende contribuir a la mejora de las condiciones de salud de las poblaciones en situaci\u00f3n de vulnerabilidad, ofreciendo un servicio de medio plazo en salud b\u00e1sica, en odontolog\u00eda y oftalmolog\u00eda. Talleres de sensibilizaci\u00f3n a la higiene son tambi\u00e9n organizados durante las salidas. Estas brigadas benefician a las comunidades establecidas a lo largo de r\u00edos de la regi\u00f3n amaz\u00f3nica de Loreto en el Per\u00fa, es decir varios miles de individuos.<\/p>\n<p>Esta actividad, propuesta por Arutam y Latitud Sur, con el apoyo de la Cruz-Roja y del Ministerio de la Salud, se ha vuelto necesaria por el distanciamiento de estas poblaciones y por las dificultades de acceso a los servicios de salud del gobierno.<\/p>\n<p>Es un hecho que el Selva Viva permite m\u00e1s facilmente alcanzar estas poblaciones (la navigaci\u00f3n por esta regi\u00f3n sigue siendo el medio de transporte m\u00e1s adecuado). Las Brigadas, compuestas de m\u00e9dicos voluntarios, locales y extranjeros, permiten realizar, mas all\u00e1 de las campa\u00f1as de salud, un diagn\u00f3stico general del estado de salud de las comunidades beneficiarias.<br \/>\n<a href=\"mailto:iquitos@latitudsur.org\" target=\"_blank\">Para mas informaci\u00f3n o para participar\u2026<\/a><\/p>\n<p>https:\/\/vimeo.com\/24267428<\/p>\n<h4>El proyecto \u00ab Selva Viva \u00bb para la biodiversidad<\/h4>\n<p>Este programa contribuye tambi\u00e9n a mejorar las condiciones de vida de las comunidades ind\u00edgenas a lo largo de r\u00edos de la regi\u00f3n de Loreto. Permite a estas poblaciones de conservar mejor y auto-gestionar su biodiversidad de manera sostenible, generando ingresos. As\u00ed se trata de cuatro ejes de trabajo :<\/p>\n<ol>\n<li>la gesti\u00f3n de los bosques : intercambios sobre buenas pr\u00e1cticas<\/li>\n<li>las plantas medicinales : intercambios de conocimientos<\/li>\n<li>agroforester\u00eda : cultivos sostenibles &amp; evaluaci\u00f3n de oportunidades con productos de la selva<\/li>\n<li>turismo solidario : integraci\u00f3n de nuevas comunidades en nuestros circuitos<\/li>\n<\/ol>\n<p>Gracias al \u00ab Selva Viva \u00bb, transformado para la ocasi\u00f3n en barco-escuela o barco-investigaci\u00f3n durante o independentemente de las actividades de turismo, el proyecto se enfoca en el aprendizaje y el intercambio de saberes en estos cuatro temas. beneficia a unos 300 000 individuos esparcidos por la parte Norte de la Amazon\u00eda, de Colombia a Brasil pasando por Ecuador y por supuesto Per\u00fa.<\/p>\n<p>Al participar a los cruceros Latitud Sur, usted contribuye directamente al desarrollo de estos proyectos.<\/p>","protected":false},"excerpt":{"rendered":"<p>Las misiones del Selva Viva El Selva Viva es un barco concebido para servir m\u00faltiples prop\u00f3sitos, pu\u00e9s fue destinado inicialmente para apoyar en prioridad los proyectos de desarrollo, de nuestra organizaci\u00f3n o de otras. Ha sido desde entonces readecuado para<span class=\"ellipsis\">&hellip;<\/span><\/p>\n<div class=\"read-more\"><a href=\"https:\/\/latitudsur.org\/dev\/es\/le-selva-viva\/histoire-et-missions\/\">Leer m\u00e1s \u203a<\/a><\/div>\n<p><!-- end of .read-more --><\/p>\n","protected":false},"author":1,"featured_media":0,"parent":65,"menu_order":0,"comment_status":"closed","ping_status":"open","template":"template-page.php","meta":{"footnotes":""},"class_list":["post-88","page","type-page","status-publish","hentry"],"_links":{"self":[{"href":"https:\/\/latitudsur.org\/dev\/es\/wp-json\/wp\/v2\/pages\/88","targetHints":{"allow":["GET"]}}],"collection":[{"href":"https:\/\/latitudsur.org\/dev\/es\/wp-json\/wp\/v2\/pages"}],"about":[{"href":"https:\/\/latitudsur.org\/dev\/es\/wp-json\/wp\/v2\/types\/page"}],"author":[{"embeddable":true,"href":"https:\/\/latitudsur.org\/dev\/es\/wp-json\/wp\/v2\/users\/1"}],"replies":[{"embeddable":true,"href":"https:\/\/latitudsur.org\/dev\/es\/wp-json\/wp\/v2\/comments?post=88"}],"version-history":[{"count":0,"href":"https:\/\/latitudsur.org\/dev\/es\/wp-json\/wp\/v2\/pages\/88\/revisions"}],"up":[{"embeddable":true,"href":"https:\/\/latitudsur.org\/dev\/es\/wp-json\/wp\/v2\/pages\/65"}],"wp:attachment":[{"href":"https:\/\/latitudsur.org\/dev\/es\/wp-json\/wp\/v2\/media?parent=88"}],"curies":[{"name":"wp","href":"https:\/\/api.w.org\/{rel}","templated":true}]}}