{"id":90,"date":"2015-03-02T15:44:24","date_gmt":"2015-03-02T14:44:24","guid":{"rendered":"http:\/\/latitudsur.org\/developpement\/?page_id=90"},"modified":"2015-03-02T15:44:24","modified_gmt":"2015-03-02T14:44:24","slug":"organismes-publics","status":"publish","type":"page","link":"https:\/\/latitudsur.org\/dev\/es\/nos-partenaires\/organismes-publics\/","title":{"rendered":"Organismes publics"},"content":{"rendered":"<p><\/p>\n<table cellspacing=\"2\" cellpadding=\"2\" align=\"center\">\n<tbody>\n<tr>\n<td align=\"center\" valign=\"middle\" bgcolor=\"#e2fcde\" width=\"135\" height=\"110\"><a href=\"http:\/\/www.regionloreto.gob.pe\" target=\"_blank\"><img loading=\"lazy\" decoding=\"async\" src=\"\/dev\/wp-content\/uploads\/sites\/2\/2015\/03\/Logo-Gorel.jpg\" alt=\"Logo-Gorel\" width=\"100\" height=\"108\" \/><\/a><\/td>\n<td valign=\"top\" bgcolor=\"#e2fcde\" height=\"110\"><a href=\"http:\/\/www.regionloreto.gob.pe\" target=\"_blank\">GOREL<\/a><br \/>\n<em>(Gobierno Regional de Loreto)<\/em><\/td>\n<td valign=\"top\" bgcolor=\"#e2fcde\" height=\"110\">\n<div align=\"center\">PERU<\/div>\n<\/td>\n<\/tr>\n<tr>\n<td align=\"center\" valign=\"middle\" bgcolor=\"#e2fcde\" width=\"135\" height=\"110\"><a href=\"http:\/\/www.iiap.org.pe\" target=\"_blank\"><img loading=\"lazy\" decoding=\"async\" src=\"\/dev\/wp-content\/uploads\/sites\/2\/2015\/06\/Logo-iiap.jpg\" alt=\"IIAP - Instituto de Investigaciones de la Amazon\u00eda Peruana\" width=\"57\" height=\"100\" border=\"0\" \/><\/a><\/td>\n<td valign=\"top\" bgcolor=\"#e2fcde\" width=\"453\" height=\"110\"><a href=\"http:\/\/www.iiap.org.pe\" target=\"_blank\">IIAP <\/a><br \/>\n<em>(Instituto de Investigaciones de la Amazon\u00eda Peruana)<\/em><\/td>\n<td valign=\"top\" bgcolor=\"#e2fcde\" width=\"140\" height=\"110\">\n<div align=\"center\">PERU<\/div>\n<\/td>\n<\/tr>\n<tr>\n<td align=\"center\" valign=\"middle\" bgcolor=\"#e2fcde\" width=\"135\" height=\"73\"><a href=\"http:\/\/www.ambafrance-ec.org\" target=\"_blank\"><img decoding=\"async\" src=\"\/dev\/wp-content\/uploads\/sites\/2\/2015\/06\/Logo-Ambassade-France.jpg\" alt=\"AMBASSADE DE FRANCE\" width=\"100\" border=\"0\" \/><\/a><\/td>\n<td valign=\"top\" bgcolor=\"#e2fcde\" height=\"73\"><a href=\"http:\/\/www.ambafrance-ec.org\">Embajada de Francia<\/a><\/td>\n<td valign=\"top\" bgcolor=\"#e2fcde\" height=\"73\">\n<div align=\"center\">ECUADOR<\/div>\n<\/td>\n<\/tr>\n<tr valign=\"top\">\n<td align=\"center\" valign=\"middle\" bgcolor=\"#e2fcde\" width=\"135\" height=\"73\"><a href=\"http:\/\/www.ambafrance-pe.org\" target=\"_blank\"><img decoding=\"async\" src=\"\/dev\/wp-content\/uploads\/sites\/2\/2015\/06\/Logo-Ambassade-France.jpg\" alt=\"AMBASSADE DE FRANCE\" width=\"100\" border=\"0\" \/><\/a><\/td>\n<td bgcolor=\"#e2fcde\" height=\"73\"><a href=\"http:\/\/www.ambafrance-pe.org\" target=\"_blank\">Embajada de Francia<\/a><\/td>\n<td bgcolor=\"#e2fcde\" height=\"73\">\n<div align=\"center\">PERU<\/div>\n<\/td>\n<\/tr>\n<tr valign=\"middle\">\n<td align=\"center\" bgcolor=\"#e2fcde\" height=\"65\"><a href=\"http:\/\/www.msp.gob.ec\/dnspi\/1dnsintro.html\" target=\"_blank\"><img loading=\"lazy\" decoding=\"async\" src=\"\/dev\/wp-content\/uploads\/sites\/2\/2015\/06\/Logo-DNSPI.gif\" alt=\"Logo-DNSPI\" width=\"120\" height=\"66\" \/><\/a><\/td>\n<td bgcolor=\"#e2fcde\" height=\"65\"><a href=\"http:\/\/www.msp.gob.ec\/dnspi\/1dnsintro.html\" target=\"_blank\">DIRECCI\u00d3N NACIONAL DE SALUD<br \/>\nDE LOS PUEBLOS IND\u00cdGENAS <\/a><em><br \/>\n(Ministerio de Salud P\u00fablica)<\/em><\/td>\n<td bgcolor=\"#e2fcde\" height=\"65\">\n<div align=\"center\">ECUADOR<\/div>\n<\/td>\n<\/tr>\n<tr valign=\"middle\">\n<td align=\"center\" bgcolor=\"#e2fcde\" height=\"65\"><a href=\"http:\/\/www.essalud.gob.pe\/\" target=\"_blank\"><img decoding=\"async\" src=\"\/dev\/wp-content\/uploads\/sites\/2\/2015\/03\/Logo-IMET-EsSalud.jpg\" alt=\"DIRECCI\u00d3N NACIONAL DE SALUD DE LOS PUEBLOS IND\u00cdGENAS (Ministerio de Salud P\u00fablica)\" width=\"120\" \/><\/a><\/td>\n<td bgcolor=\"#e2fcde\" height=\"65\"><a href=\"http:\/\/www.essalud.gob.pe\" target=\"_blank\">IMET<\/a><br \/>\n<em>(Instituto de Medicina Tradicional)<br \/>\nEsSalud<\/em><\/td>\n<td bgcolor=\"#e2fcde\" height=\"65\">\n<div align=\"center\">PERU<\/div>\n<\/td>\n<\/tr>\n<tr valign=\"middle\">\n<td align=\"center\" bgcolor=\"#e2fcde\" height=\"65\"><a href=\"http:\/\/www.acdi-cida.gc.ca\/index.htm\" target=\"_blank\"><img decoding=\"async\" src=\"\/dev\/wp-content\/uploads\/sites\/2\/2015\/06\/Logo-FCIL-ACDI.jpg\" alt=\"DIRECCI\u00d3N NACIONAL DE SALUD DE LOS PUEBLOS IND\u00cdGENAS (Ministerio de Salud P\u00fablica)\" width=\"100\" border=\"0\" \/><\/a><\/td>\n<td bgcolor=\"#e2fcde\" height=\"65\"><a href=\"http:\/\/www.acdi-cida.gc.ca\" target=\"_blank\">FCIL<\/a> <em><br \/>\nEmbajada de Canada<\/em><\/td>\n<td bgcolor=\"#e2fcde\" height=\"65\">\n<div align=\"center\">PERU<\/div>\n<\/td>\n<\/tr>\n<tr valign=\"middle\">\n<td align=\"center\" bgcolor=\"#e2fcde\" height=\"65\"><a href=\"http:\/\/www.acdi-cida.gc.ca\/index.htm\" target=\"_blank\"><img decoding=\"async\" src=\"\/dev\/wp-content\/uploads\/sites\/2\/2015\/03\/Logo-CAN.jpeg\" alt=\"COMUNIDAD ANDINA\" width=\"100\" \/><\/a><\/td>\n<td bgcolor=\"#e2fcde\" height=\"65\"><a href=\"http:\/\/www.comunidadandina.org\/\">COMUNIDAD ANDINA<\/a>                    <img loading=\"lazy\" decoding=\"async\" src=\"\/dev\/wp-content\/uploads\/sites\/2\/2015\/06\/Logo-BioCAN-paises.jpg\" alt=\"Logo-BioCAN-paises\" width=\"204\" height=\"64\" \/><br \/>\nPrograma BioCAN<\/td>\n<td bgcolor=\"#e2fcde\" height=\"65\">\n<div align=\"center\">PERU<\/div>\n<\/td>\n<\/tr>\n<tr valign=\"middle\">\n<td align=\"center\" bgcolor=\"#e2fcde\" height=\"65\"><a href=\"http:\/\/www.acdi-cida.gc.ca\/index.htm\" target=\"_blank\"><img loading=\"lazy\" decoding=\"async\" src=\"\/dev\/wp-content\/uploads\/sites\/2\/2015\/03\/Logo-Finlandia.jpg\" alt=\"Logo-Finlandia\" width=\"120\" height=\"70\" \/><\/a><\/td>\n<td bgcolor=\"#e2fcde\" height=\"65\"><a href=\"http:\/\/formin.finland.fi\/public\/default.aspx?nodeid=15554&amp;contentlan=2&amp;culture=en-US\">FORMIN<\/a><br \/>\nEmbajada de Finlandia, socio del programa BioCAN<\/td>\n<td bgcolor=\"#e2fcde\" height=\"65\">\n<div align=\"center\">PERU<\/div>\n<\/td>\n<\/tr>\n<tr valign=\"middle\">\n<td align=\"center\" bgcolor=\"#e2fcde\" height=\"65\"><a href=\"http:\/\/www.unapiquitos.edu.pe\/principal.html\" target=\"_blank\"><img loading=\"lazy\" decoding=\"async\" src=\"\/dev\/wp-content\/uploads\/sites\/2\/2015\/03\/Logo-UNAP.jpg\" alt=\"Logo-UNAP\" width=\"100\" height=\"153\" \/><\/a><\/td>\n<td bgcolor=\"#e2fcde\" height=\"65\"><a href=\"http:\/\/www.unapiquitos.edu.pe\/principal.html\" target=\"_blank\">UNAP<\/a><br \/>\n(Universidad Nacional de la Amazon\u00eda Peruana)<\/td>\n<td bgcolor=\"#e2fcde\" height=\"65\">\n<div align=\"center\">PERU<\/div>\n<\/td>\n<\/tr>\n<tr valign=\"middle\">\n<td align=\"center\" bgcolor=\"#e2fcde\" height=\"65\"><a href=\"http:\/\/www.uce.edu.ec\/\" target=\"_blank\"><img loading=\"lazy\" decoding=\"async\" src=\"\/dev\/wp-content\/uploads\/sites\/2\/2015\/06\/Logo-Univ_Central_Ecuador.jpg\" alt=\"Logo-Univ Central_Ecuador\" width=\"120\" height=\"119\" \/><\/a><\/td>\n<td bgcolor=\"#e2fcde\" height=\"65\"><a href=\"http:\/\/www.uce.edu.ec\/\" target=\"_blank\">UNIVERSIDAD CENTRAL DEL ECUADOR<\/a><\/td>\n<td style=\"text-align: center\" bgcolor=\"#e2fcde\" height=\"65\">ECUADOR<\/td>\n<\/tr>\n<\/tbody>\n<\/table>\n<p>&nbsp;<\/p>","protected":false},"excerpt":{"rendered":"<p>GOREL (Gobierno Regional de Loreto) PERU IIAP (Instituto de Investigaciones de la Amazon\u00eda Peruana) PERU Embajada de Francia ECUADOR Embajada de Francia PERU DIRECCI\u00d3N NACIONAL DE SALUD DE LOS PUEBLOS IND\u00cdGENAS (Ministerio de Salud P\u00fablica) ECUADOR IMET (Instituto de Medicina<span class=\"ellipsis\">&hellip;<\/span><\/p>\n<div class=\"read-more\"><a href=\"https:\/\/latitudsur.org\/dev\/es\/nos-partenaires\/organismes-publics\/\">Leer m\u00e1s \u203a<\/a><\/div>\n<p><!-- end of .read-more --><\/p>\n","protected":false},"author":1,"featured_media":0,"parent":71,"menu_order":0,"comment_status":"closed","ping_status":"open","template":"template-page.php","meta":{"footnotes":""},"class_list":["post-90","page","type-page","status-publish","hentry"],"_links":{"self":[{"href":"https:\/\/latitudsur.org\/dev\/es\/wp-json\/wp\/v2\/pages\/90","targetHints":{"allow":["GET"]}}],"collection":[{"href":"https:\/\/latitudsur.org\/dev\/es\/wp-json\/wp\/v2\/pages"}],"about":[{"href":"https:\/\/latitudsur.org\/dev\/es\/wp-json\/wp\/v2\/types\/page"}],"author":[{"embeddable":true,"href":"https:\/\/latitudsur.org\/dev\/es\/wp-json\/wp\/v2\/users\/1"}],"replies":[{"embeddable":true,"href":"https:\/\/latitudsur.org\/dev\/es\/wp-json\/wp\/v2\/comments?post=90"}],"version-history":[{"count":0,"href":"https:\/\/latitudsur.org\/dev\/es\/wp-json\/wp\/v2\/pages\/90\/revisions"}],"up":[{"embeddable":true,"href":"https:\/\/latitudsur.org\/dev\/es\/wp-json\/wp\/v2\/pages\/71"}],"wp:attachment":[{"href":"https:\/\/latitudsur.org\/dev\/es\/wp-json\/wp\/v2\/media?parent=90"}],"curies":[{"name":"wp","href":"https:\/\/api.w.org\/{rel}","templated":true}]}}