{"id":949,"date":"2015-06-08T15:11:47","date_gmt":"2015-06-08T14:11:47","guid":{"rendered":"http:\/\/latitudsur.org\/developpement\/?page_id=949"},"modified":"2015-06-08T15:11:47","modified_gmt":"2015-06-08T14:11:47","slug":"zero-deforestation-terrain-pour-stockage-de-carbone","status":"publish","type":"page","link":"https:\/\/latitudsur.org\/dev\/es\/nos-missions\/environnement\/zero-deforestation-terrain-pour-stockage-de-carbone\/","title":{"rendered":"ZERO DEFORESTATION &#8211; TERRAIN POUR STOCKAGE DE CARBONE"},"content":{"rendered":"<p><\/p>\n<table border=\"0\" cellpadding=\"3\">\n<tbody>\n<tr>\n<td colspan=\"2\">\n<div>\n<h4 align=\"left\"><img loading=\"lazy\" decoding=\"async\" src=\"\/dev\/wp-content\/uploads\/sites\/2\/2015\/06\/environnement.png\" alt=\"environnement\" width=\"64\" height=\"64\" \/>FICHE PROJET &#8211; ENVIRONNEMENT<\/h4>\n<\/div>\n<\/td>\n<\/tr>\n<tr>\n<td><img loading=\"lazy\" decoding=\"async\" src=\"\/dev\/wp-content\/uploads\/sites\/2\/2015\/06\/termine.jpg\" alt=\"termine\" width=\"114\" height=\"58\" \/><\/td>\n<td bgcolor=\"#ffff99\">Pays d&#039;action : Equateur<br \/>\nDate de d\u00e9but : Janvier 2011<br \/>\nDur\u00e9e : 1 an (prolongeable par extension des surfaces)<\/td>\n<\/tr>\n<tr>\n<td bgcolor=\"#e3f09d\" width=\"24%\">\n<h4>Objectif g\u00e9n\u00e9ral<\/h4>\n<\/td>\n<td bgcolor=\"#e3f09d\">\n<ul>\n<li>Contribuer au ralentissement du changement climatique par le stockage de carbone dans le cadre de la d\u00e9forestation \u00e9vit\u00e9e et des m\u00e9canismes REDD par l\u2019achat et la gestion de parcelles en danger imm\u00e9diat de d\u00e9forestation<\/li>\n<\/ul>\n<\/td>\n<\/tr>\n<tr>\n<td>\n<h4>Objectifs sp\u00e9cifiques<\/h4>\n<h4>\nFondements du projet<\/h4>\n<\/td>\n<td>\n<ul>\n<li>Pr\u00e9server et g\u00e9rer 100 hectares de for\u00eat (phase 1) situ\u00e9e sur le front de d\u00e9forestation en Amazonie Equatorienne<\/li>\n<li>Obtenir le classement sociobosque de ces for\u00eats : \u00ab r\u00e9serve foresti\u00e8re sociale \u00bb selon les normes actuellement en vigueur en Equateur<\/li>\n<li>R\u00e9aliser des projets locaux de d\u00e9veloppement durable de ces parcelles : refuge animalier (Paseo de los Monos), \u00e9cotourisme (Latitud Sur)<\/li>\n<\/ul>\n<p><strong>Fondements du projet : <\/strong><\/p>\n<ul>\n<li>Arutam a particip\u00e9 \u00e0 la restitution par voie juridique des territoires shiwiar et zapara<\/li>\n<li>Le taux de d\u00e9forestation est 17 fois plus faible dans les territoires indiens (ISA 2006)<\/li>\n<li>Les for\u00eats matures tropicales stockent 1 TC\/an\/hectare (Nature 2007 et 2008)<\/li>\n<li>Chaque hectare de for\u00eat primaire sur le lieu du projet stocke 130 TC a\u00e9rien<\/li>\n<li>L\u2019Equateur d\u00e9tient le plus fort taux de d\u00e9forestation au monde (FAO, 2 %)<\/li>\n<\/ul>\n<\/td>\n<\/tr>\n<tr>\n<td bgcolor=\"#e3f09d\">\n<h4>Zone d\u2019action<\/h4>\n<\/td>\n<td bgcolor=\"#e3f09d\">\n<ul>\n<li>Province amazonienne du Pastaza<\/li>\n<\/ul>\n<\/td>\n<\/tr>\n<tr>\n<td>\n<h4>B\u00e9n\u00e9ficiaires<\/h4>\n<\/td>\n<td>\n<ul>\n<li>Option 1 : F\u00e9d\u00e9rations Shiwiar et Zapara (NASHIE &amp; NASAE) \u2013 2.800 Indiens<\/li>\n<li>Option 2 : Fondation locale n\u00e9cessitant un terrain pour ses activit\u00e9s<\/li>\n<\/ul>\n<\/td>\n<\/tr>\n<tr>\n<td bgcolor=\"#e3f09d\">\n<h4>Organisation porteuse du projet<\/h4>\n<\/td>\n<td bgcolor=\"#e3f09d\">\n<ul>\n<li> Arutam<\/li>\n<\/ul>\n<\/td>\n<\/tr>\n<tr>\n<td>\n<h4>Partenariats locaux<\/h4>\n<\/td>\n<td>\n<ul>\n<li>Latitud Sur<\/li>\n<li>Paseo de los Monos<\/li>\n<\/ul>\n<\/td>\n<\/tr>\n<tr>\n<td bgcolor=\"#e3f09d\">\n<h4>Partenariats internationaux<\/h4>\n<\/td>\n<td bgcolor=\"#e3f09d\">\n<ul>\n<li> A d\u00e9finir<\/li>\n<\/ul>\n<\/td>\n<\/tr>\n<tr>\n<td>\n<h4>Soutiens institutionnels<\/h4>\n<\/td>\n<td>\n<ul>\n<li>Minist\u00e8res de l&#039;Agriculture et de l&#039;Environnement<\/li>\n<\/ul>\n<\/td>\n<\/tr>\n<tr>\n<td bgcolor=\"#e3f09d\">\n<h4>R\u00e9sultats obtenus<br \/>\n(ou attendus)<\/h4>\n<\/td>\n<td bgcolor=\"#e3f09d\">\n<ul>\n<li>Stockage imm\u00e9diat de 13.000 TC a\u00e9rien (pour 100 hectares)<\/li>\n<li>Protection par d\u00e9cret de 100 ha de for\u00eat en danger imm\u00e9diat de d\u00e9forestation<\/li>\n<li>Autofinancement de la conservation de ces parcelles d\u00e8s la 2\u00e8me ann\u00e9e<\/li>\n<li>Revenus alternatifs directs issus de projets de d\u00e9veloppement durable, pour les populations locales<\/li>\n<\/ul>\n<\/td>\n<\/tr>\n<tr>\n<td>\n<h4>Sites web de r\u00e9f\u00e9rence<\/h4>\n<\/td>\n<td>\n<ul>\n<li><a href=\"http:\/\/www.zero-deforestation.org\" target=\"_blank\">www.zero-deforestation.org<\/a><\/li>\n<li><a href=\"http:\/\/www.latitudsur.org\/\" target=\"_blank\">www.latitudsur.org<\/a><\/li>\n<\/ul>\n<\/td>\n<\/tr>\n<\/tbody>\n<\/table>\n<p><img loading=\"lazy\" decoding=\"async\" src=\"\/dev\/wp-content\/uploads\/sites\/2\/2015\/09\/image-projet-environnement-co2.jpg\" alt=\"image-projet-environnement-co2\" width=\"700\" height=\"160\" \/><\/p>","protected":false},"excerpt":{"rendered":"<p>FICHE PROJET &#8211; ENVIRONNEMENT Pays d&#039;action : Equateur Date de d\u00e9but : Janvier 2011 Dur\u00e9e : 1 an (prolongeable par extension des surfaces) Objectif g\u00e9n\u00e9ral Contribuer au ralentissement du changement climatique par le stockage de carbone dans le cadre de<span class=\"ellipsis\">&hellip;<\/span><\/p>\n<div class=\"read-more\"><a href=\"https:\/\/latitudsur.org\/dev\/es\/nos-missions\/environnement\/zero-deforestation-terrain-pour-stockage-de-carbone\/\">Leer m\u00e1s \u203a<\/a><\/div>\n<p><!-- end of .read-more --><\/p>\n","protected":false},"author":1,"featured_media":0,"parent":48,"menu_order":0,"comment_status":"closed","ping_status":"open","template":"template-page.php","meta":{"footnotes":""},"class_list":["post-949","page","type-page","status-publish","hentry"],"_links":{"self":[{"href":"https:\/\/latitudsur.org\/dev\/es\/wp-json\/wp\/v2\/pages\/949","targetHints":{"allow":["GET"]}}],"collection":[{"href":"https:\/\/latitudsur.org\/dev\/es\/wp-json\/wp\/v2\/pages"}],"about":[{"href":"https:\/\/latitudsur.org\/dev\/es\/wp-json\/wp\/v2\/types\/page"}],"author":[{"embeddable":true,"href":"https:\/\/latitudsur.org\/dev\/es\/wp-json\/wp\/v2\/users\/1"}],"replies":[{"embeddable":true,"href":"https:\/\/latitudsur.org\/dev\/es\/wp-json\/wp\/v2\/comments?post=949"}],"version-history":[{"count":0,"href":"https:\/\/latitudsur.org\/dev\/es\/wp-json\/wp\/v2\/pages\/949\/revisions"}],"up":[{"embeddable":true,"href":"https:\/\/latitudsur.org\/dev\/es\/wp-json\/wp\/v2\/pages\/48"}],"wp:attachment":[{"href":"https:\/\/latitudsur.org\/dev\/es\/wp-json\/wp\/v2\/media?parent=949"}],"curies":[{"name":"wp","href":"https:\/\/api.w.org\/{rel}","templated":true}]}}