{"id":955,"date":"2015-06-08T15:16:27","date_gmt":"2015-06-08T14:16:27","guid":{"rendered":"http:\/\/latitudsur.org\/developpement\/?page_id=955"},"modified":"2015-06-08T15:16:27","modified_gmt":"2015-06-08T14:16:27","slug":"conservation-de-foret-refuge-animalier-pour-reintroduction-singes","status":"publish","type":"page","link":"https:\/\/latitudsur.org\/dev\/es\/nos-missions\/environnement\/conservation-de-foret-refuge-animalier-pour-reintroduction-singes\/","title":{"rendered":"CONSERVATION DE FOR\u00caT &amp; REFUGE ANIMALIER POUR REINTRODUCTION SINGES"},"content":{"rendered":"<p><\/p>\n<table border=\"0\" cellpadding=\"3\">\n<tbody>\n<tr>\n<td colspan=\"2\">\n<div>\n<h4 align=\"left\"><img loading=\"lazy\" decoding=\"async\" src=\"\/dev\/wp-content\/uploads\/sites\/2\/2015\/06\/environnement.png\" alt=\"environnement\" width=\"64\" height=\"64\" \/>FICHE PROJET &#8211; ENVIRONNEMENT<\/h4>\n<h4 align=\"left\">Achat, conservation et valorisation d\u2019une parcelle de for\u00eat primaire en danger imm\u00e9diat de d\u00e9forestation en Amazonie Equatorienne &amp; Installation d\u2019un refuge animalier<\/h4>\n<\/div>\n<\/td>\n<\/tr>\n<tr>\n<td><img loading=\"lazy\" decoding=\"async\" src=\"\/dev\/wp-content\/uploads\/sites\/2\/2015\/06\/encours.jpg\" alt=\"termine\" width=\"114\" height=\"58\" align=\"absMiddle\" \/><\/td>\n<td bgcolor=\"#ffff99\">Pays d&#039;action : Equateur<br \/>\nDate de d\u00e9but : Juin 2011<br \/>\nDur\u00e9e : 3 ans<\/td>\n<\/tr>\n<tr>\n<td bgcolor=\"#e3f09d\" width=\"25%\">\n<h4>Objectif g\u00e9n\u00e9ral<\/h4>\n<\/td>\n<td bgcolor=\"#e3f09d\">\n<ul>\n<li>Contribuer au ralentissement du changement climatique par le stockage de carbone dans le cadre de la d\u00e9forestation \u00e9vit\u00e9e et des m\u00e9canismes REDD par l\u2019achat et la gestion d\u2019une parcelle en danger imm\u00e9diat de d\u00e9forestation<\/li>\n<\/ul>\n<\/td>\n<\/tr>\n<tr>\n<td>\n<h4>Objectifs sp\u00e9cifiques<\/h4>\n<\/td>\n<td>\n<ul>\n<li>Pr\u00e9server et g\u00e9rer 100 hectares de for\u00eat (phase 1) situ\u00e9e sur la zone d\u2019amortissement de la r\u00e9serve du Sangay<\/li>\n<li>Obtenir le classement sociobosque de cette for\u00eat : \u00ab r\u00e9serve foresti\u00e8re sociale \u00bb selon les normes actuellement en vigueur en Equateur<\/li>\n<li>R\u00e9aliser des projets locaux de d\u00e9veloppement durable de ces parcelles :refuge animalier (Paseo de los Monos), \u00e9cotourisme (Latitud Sur)<\/li>\n<\/ul>\n<\/td>\n<\/tr>\n<tr>\n<td bgcolor=\"#e3f09d\">\n<h4>Zone d\u2019action<\/h4>\n<\/td>\n<td bgcolor=\"#e3f09d\">\n<ul>\n<li> Provinces amazoniennes du Morona-Santiago et de Pastaza, proximit\u00e9 de Puyo<\/li>\n<\/ul>\n<\/td>\n<\/tr>\n<tr>\n<td>\n<h4>B\u00e9n\u00e9ficiaires<\/h4>\n<\/td>\n<td>\n<ul>\n<li>Les animaux g\u00e9r\u00e9s par la Fondation \u00ab Paseo de los Monos \u00bb<\/li>\n<li>Les habitants de la communaut\u00e9 d&#039;Agua Santa<\/li>\n<\/ul>\n<\/td>\n<\/tr>\n<tr>\n<td bgcolor=\"#e3f09d\">\n<h4>Organisation porteuse du projet<\/h4>\n<\/td>\n<td bgcolor=\"#e3f09d\">\n<ul>\n<li> ARUTAM<\/li>\n<\/ul>\n<\/td>\n<\/tr>\n<tr>\n<td>\n<h4>Partenariats locaux<\/h4>\n<\/td>\n<td>\n<ul>\n<li>Latitud Sur<\/li>\n<li>Paseo de los Monos<\/li>\n<\/ul>\n<\/td>\n<\/tr>\n<tr>\n<td bgcolor=\"#e3f09d\">\n<h4>Partenariats internationaux<\/h4>\n<\/td>\n<td bgcolor=\"#e3f09d\">\n<ul>\n<li>Fondation Brigitte Bardot<\/li>\n<li>A confirmer : UICN<\/li>\n<\/ul>\n<\/td>\n<\/tr>\n<tr>\n<td>\n<h4>Soutiens institutionnels<\/h4>\n<\/td>\n<td>\n<ul>\n<li>Minist\u00e8res de l\u2019Agriculture et de l\u2019Environnement)<\/li>\n<li>Pr\u00e9fecture de Pastaza<\/li>\n<\/ul>\n<\/td>\n<\/tr>\n<tr>\n<td bgcolor=\"#e3f09d\">\n<h4>R\u00e9sultats obtenus<br \/>\n(ou attendus)<\/h4>\n<\/td>\n<td bgcolor=\"#e3f09d\">\n<ul>\n<li>Stockage imm\u00e9diat de 13.000 TC a\u00e9rien (pour 100 hectares)<\/li>\n<li>Protection par d\u00e9cret de 100 ha de for\u00eat en danger imm\u00e9diat de d\u00e9forestation<\/li>\n<li>Autofinancement de la conservation de ces parcelles d\u00e8s la 2\u00e8me ann\u00e9e<\/li>\n<li>Revenus alternatifs directs issus de projets de d\u00e9veloppement durable, pour les populations locales<\/li>\n<li>Infrastructure pour la r\u00e9introduction des animaux sauvages<\/li>\n<\/ul>\n<\/td>\n<\/tr>\n<tr>\n<td>\n<h4>Sites web de r\u00e9f\u00e9rence<\/h4>\n<\/td>\n<td>\n<ul>\n<li><a href=\"http:\/\/www.zero-deforestation.org\" target=\"_blank\">www.zero-deforestation.org<\/a><\/li>\n<li><a href=\"http:\/\/www.latitudsur.org\/\" target=\"_blank\">www.latitudsur.org<\/a><\/li>\n<\/ul>\n<\/td>\n<\/tr>\n<\/tbody>\n<\/table>\n<p><img loading=\"lazy\" decoding=\"async\" src=\"\/dev\/wp-content\/uploads\/sites\/2\/2015\/09\/image-projet-environnement-regugesinge.jpg\" alt=\"image-projet-environnement-regugesinge\" width=\"700\" height=\"160\" \/><\/p>","protected":false},"excerpt":{"rendered":"<p>FICHE PROJET &#8211; ENVIRONNEMENT Achat, conservation et valorisation d\u2019une parcelle de for\u00eat primaire en danger imm\u00e9diat de d\u00e9forestation en Amazonie Equatorienne &amp; Installation d\u2019un refuge animalier Pays d&#039;action : Equateur Date de d\u00e9but : Juin 2011 Dur\u00e9e : 3 ans<span class=\"ellipsis\">&hellip;<\/span><\/p>\n<div class=\"read-more\"><a href=\"https:\/\/latitudsur.org\/dev\/es\/nos-missions\/environnement\/conservation-de-foret-refuge-animalier-pour-reintroduction-singes\/\">Leer m\u00e1s \u203a<\/a><\/div>\n<p><!-- end of .read-more --><\/p>\n","protected":false},"author":1,"featured_media":0,"parent":48,"menu_order":0,"comment_status":"closed","ping_status":"open","template":"template-page.php","meta":{"footnotes":""},"class_list":["post-955","page","type-page","status-publish","hentry"],"_links":{"self":[{"href":"https:\/\/latitudsur.org\/dev\/es\/wp-json\/wp\/v2\/pages\/955","targetHints":{"allow":["GET"]}}],"collection":[{"href":"https:\/\/latitudsur.org\/dev\/es\/wp-json\/wp\/v2\/pages"}],"about":[{"href":"https:\/\/latitudsur.org\/dev\/es\/wp-json\/wp\/v2\/types\/page"}],"author":[{"embeddable":true,"href":"https:\/\/latitudsur.org\/dev\/es\/wp-json\/wp\/v2\/users\/1"}],"replies":[{"embeddable":true,"href":"https:\/\/latitudsur.org\/dev\/es\/wp-json\/wp\/v2\/comments?post=955"}],"version-history":[{"count":0,"href":"https:\/\/latitudsur.org\/dev\/es\/wp-json\/wp\/v2\/pages\/955\/revisions"}],"up":[{"embeddable":true,"href":"https:\/\/latitudsur.org\/dev\/es\/wp-json\/wp\/v2\/pages\/48"}],"wp:attachment":[{"href":"https:\/\/latitudsur.org\/dev\/es\/wp-json\/wp\/v2\/media?parent=955"}],"curies":[{"name":"wp","href":"https:\/\/api.w.org\/{rel}","templated":true}]}}