{"id":965,"date":"2015-06-08T15:26:05","date_gmt":"2015-06-08T14:26:05","guid":{"rendered":"http:\/\/latitudsur.org\/developpement\/?page_id=965"},"modified":"2015-06-08T15:26:05","modified_gmt":"2015-06-08T14:26:05","slug":"annee-2-renforcement-du-principe-agro-forestier-ancestral","status":"publish","type":"page","link":"https:\/\/latitudsur.org\/dev\/es\/nos-missions\/developpement-durable\/annee-2-renforcement-du-principe-agro-forestier-ancestral\/","title":{"rendered":"Phase 2 : Renforcement du principe agro-forestier ancestral"},"content":{"rendered":"<p><\/p>\n<table border=\"0\" cellpadding=\"3\">\n<tbody>\n<tr>\n<td colspan=\"2\">\n<div>\n<h4 align=\"left\"><img loading=\"lazy\" decoding=\"async\" src=\"\/dev\/wp-content\/uploads\/sites\/2\/2015\/06\/devdurable.png\" alt=\"environnement\" width=\"64\" height=\"64\" \/>FICHA DE PROYECTO &#8211; DESARROLLO SOSTENIBLE<\/h4>\n<\/div>\n<\/td>\n<\/tr>\n<tr>\n<td><img loading=\"lazy\" decoding=\"async\" src=\"\/dev\/wp-content\/uploads\/sites\/2\/2015\/03\/enmarcha.jpg\" alt=\"en marcha\" width=\"114\" height=\"58\" \/><\/td>\n<td bgcolor=\"#ffff99\">PERU<br \/>\nOctubre 2010<br \/>\n5 a\u00f1os<\/td>\n<\/tr>\n<tr>\n<td bgcolor=\"#e3f09d\" width=\"27%\">\n<h4>Objectivo general<\/h4>\n<\/td>\n<td bgcolor=\"#e3f09d\">Mejorar las condiciones sanitarias de vida de las familias de la comunidad ind\u00edgena de Fray Mart\u00edn\n<\/td>\n<\/tr>\n<tr>\n<td>\n<h4>Objectives specificos<\/h4>\n<\/td>\n<td>\n<ul>\n<li>Diversificar la alimentaci\u00f3n de la comunidad para remediar a las carencias nutricionales<\/li>\n<li>Revalorar el empleo de plantas medicinales tradicionales para remediar a los problemas sanitarios de la comunidad y hacer mas aut\u00f3noma a la poblaci\u00f3n cuanto a la gesti\u00f3n de su salud tanto a nivel preventivo como curativo<\/li>\n<li>Reforzar la autonom\u00eda financiera de estas poblaciones generando una nueva fuente de ingreso por la producci\u00f3n de excedentes, la transformaci\u00f3n y la comercializaci\u00f3n de plantas alimenticias y curativas<\/li>\n<li>Introducir un componente animal en las chacras<\/li>\n<\/ul>\n<\/td>\n<\/tr>\n<tr>\n<td bgcolor=\"#e3f09d\">\n<h4>Zona de acci\u00f3n<\/h4>\n<\/td>\n<td bgcolor=\"#e3f09d\">\n<ul>\n<li>Provincia amaz\u00f3nica de Loreto<\/li>\n<\/ul>\n<\/td>\n<\/tr>\n<tr>\n<td>\n<h4>Beneficiarios<\/h4>\n<\/td>\n<td>\n<ul>\n<li>4 Communidades cerca de Fray Martin de los Porres, 1,000 personas<\/li>\n<\/ul>\n<\/td>\n<\/tr>\n<tr>\n<td bgcolor=\"#e3f09d\">\n<h4>Organizaci\u00f3n gestora del proyecto<\/h4>\n<\/td>\n<td bgcolor=\"#e3f09d\">\n<ul>\n<li>LATITUD SUR<\/li>\n<\/ul>\n<\/td>\n<\/tr>\n<tr>\n<td>\n<h4>Apoyos locales<\/h4>\n<\/td>\n<td>\n<ul>\n<li>KAPITARI Foundation<\/li>\n<\/ul>\n<\/td>\n<\/tr>\n<tr>\n<td bgcolor=\"#e3f09d\">\n<h4>Apoyos internacionales<\/h4>\n<\/td>\n<td bgcolor=\"#e3f09d\">\n<ul>\n<li>CIDA (Canadian International Development Agency)<\/li>\n<li>Good Planet<\/li>\n<li>Lea Nature<\/li>\n<\/ul>\n<\/td>\n<\/tr>\n<tr>\n<td>\n<h4>Apoyos institucionaless<\/h4>\n<\/td>\n<td>\n<ul>\n<li>IIAP (Instituto de Investigaci\u00f3n de la Amazon\u00eda Peruana)<\/li>\n<li>UNAP (Universidad Nacional de la Amazonia Peruana)<\/li>\n<li>Gorel (Regional Government of Loreto)<\/li>\n<\/ul>\n<\/td>\n<\/tr>\n<tr>\n<td bgcolor=\"#e3f09d\">\n<h4>Resultados obtenidos<br \/>\n(o esperados)<\/h4>\n<\/td>\n<td bgcolor=\"#e3f09d\">\n<ul>\n<li>Las familias producen plantas medicinales y alimentarias<\/li>\n<li>Las familias utilizan las plantas medicinales producidas en sus lotes<\/li>\n<li>Las familias diversifican su alimentaci\u00f3n<\/li>\n<li>Las familias comercializan los excedentes de producci\u00f3n<\/li>\n<li>Las familias manejan el componente animal&lt;\/li\n<\/ul>\n<\/td>\n<\/tr>\n<tr>\n<td>\n<h4>Web de referencia<\/h4>\n<\/td>\n<td>\n<ul>\n<li><a href=\"http:\/\/www.latitudsur.org\/\" target=\"_blank\">www.latitudsur.org<\/a><\/li>\n<\/ul>\n<\/td>\n<\/tr>\n<tr>\n<td bgcolor=\"#e3f09d\">\n<h4>Perspectivas<\/h4>\n<\/td>\n<td bgcolor=\"#e3f09d\">\n<ul>\n<li>Existe una variaci\u00f3n del proyecto con un componente de reforestaci\u00f3n para las tierras degradadas en las cercan\u00edas de la comunidad.<\/li>\n<li>Las perspectivas son tambi\u00e9n de implementar el mismo principio en comunidades vecinas.<\/li>\n<\/ul>\n<\/td>\n<\/tr>\n<\/tbody>\n<\/table>\n<p><img loading=\"lazy\" decoding=\"async\" src=\"\/dev\/wp-content\/uploads\/sites\/2\/2015\/09\/image-projet-devdurable-chacra1.jpg\" alt=\"image-projet-devdurable-chacra1\" width=\"620\" height=\"168\" \/><\/p>","protected":false},"excerpt":{"rendered":"<p>FICHA DE PROYECTO &#8211; DESARROLLO SOSTENIBLE PERU Octubre 2010 5 a\u00f1os Objectivo general Mejorar las condiciones sanitarias de vida de las familias de la comunidad ind\u00edgena de Fray Mart\u00edn Objectives specificos Diversificar la alimentaci\u00f3n de la comunidad para remediar a<span class=\"ellipsis\">&hellip;<\/span><\/p>\n<div class=\"read-more\"><a href=\"https:\/\/latitudsur.org\/dev\/es\/nos-missions\/developpement-durable\/annee-2-renforcement-du-principe-agro-forestier-ancestral\/\">Leer m\u00e1s \u203a<\/a><\/div>\n<p><!-- end of .read-more --><\/p>\n","protected":false},"author":1,"featured_media":0,"parent":51,"menu_order":0,"comment_status":"closed","ping_status":"open","template":"template-page.php","meta":{"footnotes":""},"class_list":["post-965","page","type-page","status-publish","hentry"],"_links":{"self":[{"href":"https:\/\/latitudsur.org\/dev\/es\/wp-json\/wp\/v2\/pages\/965","targetHints":{"allow":["GET"]}}],"collection":[{"href":"https:\/\/latitudsur.org\/dev\/es\/wp-json\/wp\/v2\/pages"}],"about":[{"href":"https:\/\/latitudsur.org\/dev\/es\/wp-json\/wp\/v2\/types\/page"}],"author":[{"embeddable":true,"href":"https:\/\/latitudsur.org\/dev\/es\/wp-json\/wp\/v2\/users\/1"}],"replies":[{"embeddable":true,"href":"https:\/\/latitudsur.org\/dev\/es\/wp-json\/wp\/v2\/comments?post=965"}],"version-history":[{"count":0,"href":"https:\/\/latitudsur.org\/dev\/es\/wp-json\/wp\/v2\/pages\/965\/revisions"}],"up":[{"embeddable":true,"href":"https:\/\/latitudsur.org\/dev\/es\/wp-json\/wp\/v2\/pages\/51"}],"wp:attachment":[{"href":"https:\/\/latitudsur.org\/dev\/es\/wp-json\/wp\/v2\/media?parent=965"}],"curies":[{"name":"wp","href":"https:\/\/api.w.org\/{rel}","templated":true}]}}