{"id":973,"date":"2015-06-08T15:30:43","date_gmt":"2015-06-08T14:30:43","guid":{"rendered":"http:\/\/latitudsur.org\/developpement\/?page_id=973"},"modified":"2015-06-08T15:30:43","modified_gmt":"2015-06-08T14:30:43","slug":"production-distribution-et-vente-dhuiles-essentielles-issues-de-plantes-amazoniennes","status":"publish","type":"page","link":"https:\/\/latitudsur.org\/dev\/es\/nos-missions\/developpement-durable\/production-distribution-et-vente-dhuiles-essentielles-issues-de-plantes-amazoniennes\/","title":{"rendered":"Production, Distribution et Vente d\u2019Huiles Essentielles issues de plantes amazoniennes"},"content":{"rendered":"<p><\/p>\n<table border=\"0\" cellpadding=\"3\">\n<tbody>\n<tr>\n<td colspan=\"2\">\n<div>\n<h4 align=\"left\"><img loading=\"lazy\" decoding=\"async\" src=\"\/dev\/wp-content\/uploads\/sites\/2\/2015\/06\/devdurable.png\" alt=\"environnement\" width=\"64\" height=\"64\" \/>FICHE PROJET &#8211; DEVELOPPEMENT DURABLE<\/h4>\n<\/div>\n<\/td>\n<\/tr>\n<tr>\n<td><img loading=\"lazy\" decoding=\"async\" src=\"\/dev\/wp-content\/uploads\/sites\/2\/2015\/06\/encours.jpg\" alt=\"termine\" width=\"114\" height=\"58\" align=\"absMiddle\" \/><\/td>\n<td bgcolor=\"#ffff99\">Pays d&#039;action : EQUATEUR<br \/>\nDate de d\u00e9but : Janvier 2011<br \/>\nDur\u00e9e : 6 ans<\/td>\n<\/tr>\n<tr>\n<td bgcolor=\"#e3f09d\" width=\"27%\">\n<h4>Objectif g\u00e9n\u00e9ral<\/h4>\n<\/td>\n<td bgcolor=\"#e3f09d\">Contribuer \u00e0 la pr\u00e9servation de la biodiversit\u00e9 et des savoirs ancestraux gr\u00e2ce \u00e0 la production et vente d\u2019Huiles Essentielles extraites d\u2019esp\u00e8ces de la for\u00eat amazonienne<\/td>\n<\/tr>\n<tr>\n<td>\n<h4>Objectifs sp\u00e9cifiques<\/h4>\n<h4>Principes et fondements<\/h4>\n<\/td>\n<td>\n<ul>\n<li>Produire des Huiles Essentielles (connues et nouvelles) de grande qualit\u00e9 et issues de pratiques respectueuses de l\u2019environnement (sans chimiques)<\/li>\n<li>Pr\u00e9server les savoirs ancestraux des peuples autochtones en proposant des produits \u00e9labor\u00e9s \u00e0 partir de leurs connaissances des plantes<\/li>\n<li>Former les autochtones \u00e0 ce type de production afin de r\u00e9pliquer le mod\u00e8le et de transf\u00e9rer les connaissances techniques<\/li>\n<li>Distribuer d\u2019autres produits biologiques (cosm\u00e9tique, alimentaire, sant\u00e9,&#8230;)<\/li>\n<li>Apporter une source de financement r\u00e9guli\u00e8re pour les projets de l\u2019ONG et des projets de d\u00e9veloppement dans les communaut\u00e9s productrices<\/li>\n<\/ul>\n<p><strong>Principes et fondements<\/strong><\/p>\n<ul>\n<li>Commerce \u00e9quitable : prix de rachat sup\u00e9rieurs au march\u00e9 et fig\u00e9s pour une ann\u00e9e<\/li>\n<li>R\u00e9tribution pour les connaissances traditionnelles (financement de projets communautaires sur les b\u00e9n\u00e9fices du projet)<\/li>\n<li>Produits agrobiologiques<\/li>\n<li>Entreprises europ\u00e9ennes s\u2019engageant \u00e0 acheter la production<\/li>\n<li>Ma\u00eetrise compl\u00e8te de la production gr\u00e2ce \u00e0 la <a href=\"http:\/\/www.latitudsur.org\/developpement\/fiche-projet-huiles-essentielles-phase1.html\">phase 1<\/a> du projet, concentr\u00e9e sur la production d&#039;huile de gigembre et curcuma<\/li>\n<\/ul>\n<\/td>\n<\/tr>\n<tr>\n<td bgcolor=\"#e3f09d\">\n<h4>Zone d\u2019action<\/h4>\n<\/td>\n<td bgcolor=\"#e3f09d\">\n<ul>\n<li>Provinces de Pastaza &amp; Napo &amp; Morona-Santiago (base \u00e0 Puyo)<\/li>\n<\/ul>\n<\/td>\n<\/tr>\n<tr>\n<td>\n<h4>B\u00e9n\u00e9ficiaires<\/h4>\n<\/td>\n<td>\n<ul>\n<li>Communaut\u00e9s autochtones (jusqu\u2019\u00e0 260 familles)<\/li>\n<\/ul>\n<\/td>\n<\/tr>\n<tr>\n<td bgcolor=\"#e3f09d\">\n<h4>Organisation porteuse du projet<\/h4>\n<\/td>\n<td bgcolor=\"#e3f09d\">\n<ul>\n<li>Latitud Sur<\/li>\n<\/ul>\n<\/td>\n<\/tr>\n<tr>\n<td>\n<h4>Partenariats locaux<\/h4>\n<\/td>\n<td>\n<ul>\n<li>Chankuap<\/li>\n<li>Flora Sana<\/li>\n<\/ul>\n<\/td>\n<\/tr>\n<tr>\n<td bgcolor=\"#e3f09d\">\n<h4>Partenariats internationaux<\/h4>\n<\/td>\n<td bgcolor=\"#e3f09d\">\n<ul>\n<li>Fondation Audemars-Piguet (Suisse)<\/li>\n<li>Albert Vieille (France)<\/li>\n<li>Man &amp; Nature (France)<\/li>\n<\/ul>\n<\/td>\n<\/tr>\n<tr>\n<td>\n<h4>Soutiens institutionnels<\/h4>\n<\/td>\n<td>\n<ul>\n<li>MAGAP (Minist\u00e8re de l\u2019Agriculture)<\/li>\n<li>MAE (Minist\u00e8re de l\u2019Environnement)<\/li>\n<li>CORPEI (Corporation de Promotion des Exportations et Investissements)<\/li>\n<\/ul>\n<\/td>\n<\/tr>\n<tr>\n<td bgcolor=\"#e3f09d\">\n<h4>R\u00e9sultats obtenus<br \/>\n(ou attendus)<\/h4>\n<\/td>\n<td bgcolor=\"#e3f09d\">\n<ul>\n<li>Production d&#039;huile de Curcuma et Gingembre<\/li>\n<li>Production de nouvelles huiles essentielles avec objectif d&#039;explorer le march\u00e9<\/li>\n<li>Exportation de toute la production<\/li>\n<li>Formation de techniciens autochtones pour la distillation dans les communaut\u00e9s<\/li>\n<li>Organisation des producteurs \u00e9quatoriens d\u2019huiles essentielles<\/li>\n<\/ul>\n<\/td>\n<\/tr>\n<tr>\n<td>\n<h4>Site web de r\u00e9f\u00e9rence<\/h4>\n<\/td>\n<td>\n<ul>\n<li><a href=\"http:\/\/www.latitudsur.org\/\" target=\"_blank\">www.latitudsur.org<\/a><\/li>\n<\/ul>\n<\/td>\n<\/tr>\n<\/tbody>\n<\/table>\n<p><img loading=\"lazy\" decoding=\"async\" src=\"\/dev\/wp-content\/uploads\/sites\/2\/2015\/09\/image-projet-devdurable-huilesessencielles.jpg\" alt=\"image-projet-devdurable-huilesessencielles\" width=\"692\" height=\"156\" \/><\/p>","protected":false},"excerpt":{"rendered":"<p>FICHE PROJET &#8211; DEVELOPPEMENT DURABLE Pays d&#039;action : EQUATEUR Date de d\u00e9but : Janvier 2011 Dur\u00e9e : 6 ans Objectif g\u00e9n\u00e9ral Contribuer \u00e0 la pr\u00e9servation de la biodiversit\u00e9 et des savoirs ancestraux gr\u00e2ce \u00e0 la production et vente d\u2019Huiles Essentielles<span class=\"ellipsis\">&hellip;<\/span><\/p>\n<div class=\"read-more\"><a href=\"https:\/\/latitudsur.org\/dev\/es\/nos-missions\/developpement-durable\/production-distribution-et-vente-dhuiles-essentielles-issues-de-plantes-amazoniennes\/\">Leer m\u00e1s \u203a<\/a><\/div>\n<p><!-- end of .read-more --><\/p>\n","protected":false},"author":1,"featured_media":0,"parent":51,"menu_order":0,"comment_status":"closed","ping_status":"open","template":"template-page.php","meta":{"footnotes":""},"class_list":["post-973","page","type-page","status-publish","hentry"],"_links":{"self":[{"href":"https:\/\/latitudsur.org\/dev\/es\/wp-json\/wp\/v2\/pages\/973","targetHints":{"allow":["GET"]}}],"collection":[{"href":"https:\/\/latitudsur.org\/dev\/es\/wp-json\/wp\/v2\/pages"}],"about":[{"href":"https:\/\/latitudsur.org\/dev\/es\/wp-json\/wp\/v2\/types\/page"}],"author":[{"embeddable":true,"href":"https:\/\/latitudsur.org\/dev\/es\/wp-json\/wp\/v2\/users\/1"}],"replies":[{"embeddable":true,"href":"https:\/\/latitudsur.org\/dev\/es\/wp-json\/wp\/v2\/comments?post=973"}],"version-history":[{"count":0,"href":"https:\/\/latitudsur.org\/dev\/es\/wp-json\/wp\/v2\/pages\/973\/revisions"}],"up":[{"embeddable":true,"href":"https:\/\/latitudsur.org\/dev\/es\/wp-json\/wp\/v2\/pages\/51"}],"wp:attachment":[{"href":"https:\/\/latitudsur.org\/dev\/es\/wp-json\/wp\/v2\/media?parent=973"}],"curies":[{"name":"wp","href":"https:\/\/api.w.org\/{rel}","templated":true}]}}