{"id":991,"date":"2015-06-08T15:43:04","date_gmt":"2015-06-08T14:43:04","guid":{"rendered":"http:\/\/latitudsur.org\/developpement\/?page_id=991"},"modified":"2015-06-08T15:43:04","modified_gmt":"2015-06-08T14:43:04","slug":"memoires-magiques-enregistrements-de-chants-traditionnels","status":"publish","type":"page","link":"https:\/\/latitudsur.org\/dev\/es\/nos-missions\/tourisme-culture\/memoires-magiques-enregistrements-de-chants-traditionnels\/","title":{"rendered":"M\u00e9moires magiques (enregistrements de chants traditionnels)"},"content":{"rendered":"<p><\/p>\n<table border=\"0\" cellpadding=\"3\">\n<tbody>\n<tr>\n<td colspan=\"2\">\n<div>\n<h4 align=\"left\"><img loading=\"lazy\" decoding=\"async\" src=\"\/dev\/wp-content\/uploads\/sites\/2\/2015\/06\/tourismeculture.png\" alt=\"tourismeculture\" width=\"64\" height=\"64\" \/>FICHE PROJET &#8211; TOURISME ET CULTURE<\/h4>\n<\/div>\n<\/td>\n<\/tr>\n<tr>\n<td><img loading=\"lazy\" decoding=\"async\" src=\"\/dev\/wp-content\/uploads\/sites\/2\/2015\/06\/encours.jpg\" alt=\"encours\" width=\"114\" height=\"58\" \/><\/td>\n<td bgcolor=\"#ffff99\">Pays d&#039;action : EQUATEUR, PEROU<br \/>\nDate de d\u00e9but : Avril 2012<br \/>\nDur\u00e9e : 12 mois pour chaque enregistrement<\/td>\n<\/tr>\n<tr>\n<td bgcolor=\"#e3f09d\" width=\"27%\">\n<h4>Objectif g\u00e9n\u00e9ral<\/h4>\n<\/td>\n<td bgcolor=\"#e3f09d\">Enregistrer et diffuser les chants traditionnels \u00abmagiques\u00bb<\/td>\n<\/tr>\n<tr>\n<td>\n<h4>Objectifs sp\u00e9cifiques<\/h4>\n<\/td>\n<td>\n<ul>\n<li>Enregistrer dans une qualit\u00e9 optimale et dans leur contexte les chants traditionnels li\u00e9s aux c\u00e9r\u00e9monies de soin et \u00e0 la vie quotidienne des communaut\u00e9s autochtones en commen\u00e7ant par la culture Kichwa d&#039;Amazonie \u00e9quatorienne.<\/li>\n<li>Promouvoir l&#039;authenticit\u00e9 et la tradition face au folklore (valeurs culturelle et financi\u00e8re)<\/li>\n<li>Cr\u00e9ation d&#039;archives sonores (chants\/environnement sonore) et \u00e9dition d&#039;un premier CD \u00abM\u00e9moires Kichwa\u00bb avec son livret trilingue<\/li>\n<li>Partenariat\/\u00e9change avec des artistes visuels internationaux pour illustrer les albums<\/li>\n<li>Promotion aupr\u00e8s d&#039;institutions comme l&#039;Unesco ou le Mus\u00e9e du Quai Branly<\/li>\n<\/ul>\n<\/td>\n<\/tr>\n<tr>\n<td bgcolor=\"#e3f09d\">\n<h4>Zone d\u2019action<\/h4>\n<\/td>\n<td bgcolor=\"#e3f09d\">\n<ul>\n<li>Provinces amazoniennes d&#039;Equateur et du P\u00e9rou (environs de Tena\/Archidona pour le 1er album)<\/li>\n<\/ul>\n<\/td>\n<\/tr>\n<tr>\n<td>\n<h4>B\u00e9n\u00e9ficiaires<\/h4>\n<\/td>\n<td>\n<ul>\n<li>Les communaut\u00e9s o\u00f9 se d\u00e9roulent les enregistrements<\/li>\n<\/ul>\n<\/td>\n<\/tr>\n<tr>\n<td bgcolor=\"#e3f09d\">\n<h4>Organisation porteuse du projet<\/h4>\n<\/td>\n<td bgcolor=\"#e3f09d\">\n<ul>\n<li>ARUTAM<\/li>\n<\/ul>\n<\/td>\n<\/tr>\n<tr>\n<td>\n<h4>Partenariats locaux<\/h4>\n<\/td>\n<td>\n<ul>\n<li>LATITUD SUR<\/li>\n<\/ul>\n<\/td>\n<\/tr>\n<tr>\n<td bgcolor=\"#e3f09d\">\n<h4>Soutiens internationaux<\/h4>\n<\/td>\n<td bgcolor=\"#e3f09d\">\n<ul>\n<li>Irfan le label (en cours) &#8211; CD1D (en cours)<\/li>\n<\/ul>\n<\/td>\n<\/tr>\n<tr>\n<td>\n<h4>Site web de r\u00e9f\u00e9rence<\/h4>\n<\/td>\n<td>\n<ul>\n<li><a href=\"http:\/\/hoka.free.fr\/MEMORIA_KICHWA_ARUTAM.html\">http:\/\/hoka.free.fr\/MEMORIA_KICHWA_ARUTAM.html<\/a><\/li>\n<\/ul>\n<\/td>\n<\/tr>\n<tr>\n<td bgcolor=\"#e3f09d\">\n<h4>R\u00e9sultats obtenus<br \/>\n(ou attendus)<\/h4>\n<\/td>\n<td bgcolor=\"#e3f09d\">\n<ul>\n<li>1 CD \u00e9dit\u00e9 et en cours de diffusion.<\/li>\n<\/ul>\n<\/td>\n<\/tr>\n<tr>\n<td>\n<h4>Perspectives<\/h4>\n<\/td>\n<td>\n<ul>\n<li>Enregistrements \u00e0 venir d&#039;autres cultures<\/li>\n<\/ul>\n<\/td>\n<\/tr>\n<\/tbody>\n<\/table>\n<p><img loading=\"lazy\" decoding=\"async\" src=\"\/dev\/wp-content\/uploads\/sites\/2\/2015\/09\/image-projet-tourismeeduc-emoire_Kichwa-1.jpg\" alt=\"image-projet-tourismeeduc-emoire Kichwa-1\" width=\"400\" height=\"200\" \/><img loading=\"lazy\" decoding=\"async\" src=\"\/dev\/wp-content\/uploads\/sites\/2\/2015\/09\/image-projet-tourismeeduc-emoire_Kichwa-2.png\" alt=\"image-projet-tourismeeduc-emoire Kichwa-2\" width=\"325\" height=\"200\" \/><\/p>","protected":false},"excerpt":{"rendered":"<p>FICHE PROJET &#8211; TOURISME ET CULTURE Pays d&#039;action : EQUATEUR, PEROU Date de d\u00e9but : Avril 2012 Dur\u00e9e : 12 mois pour chaque enregistrement Objectif g\u00e9n\u00e9ral Enregistrer et diffuser les chants traditionnels \u00abmagiques\u00bb Objectifs sp\u00e9cifiques Enregistrer dans une qualit\u00e9 optimale<span class=\"ellipsis\">&hellip;<\/span><\/p>\n<div class=\"read-more\"><a href=\"https:\/\/latitudsur.org\/dev\/es\/nos-missions\/tourisme-culture\/memoires-magiques-enregistrements-de-chants-traditionnels\/\">Leer m\u00e1s \u203a<\/a><\/div>\n<p><!-- end of .read-more --><\/p>\n","protected":false},"author":1,"featured_media":0,"parent":77,"menu_order":0,"comment_status":"closed","ping_status":"open","template":"template-page.php","meta":{"footnotes":""},"class_list":["post-991","page","type-page","status-publish","hentry"],"_links":{"self":[{"href":"https:\/\/latitudsur.org\/dev\/es\/wp-json\/wp\/v2\/pages\/991","targetHints":{"allow":["GET"]}}],"collection":[{"href":"https:\/\/latitudsur.org\/dev\/es\/wp-json\/wp\/v2\/pages"}],"about":[{"href":"https:\/\/latitudsur.org\/dev\/es\/wp-json\/wp\/v2\/types\/page"}],"author":[{"embeddable":true,"href":"https:\/\/latitudsur.org\/dev\/es\/wp-json\/wp\/v2\/users\/1"}],"replies":[{"embeddable":true,"href":"https:\/\/latitudsur.org\/dev\/es\/wp-json\/wp\/v2\/comments?post=991"}],"version-history":[{"count":0,"href":"https:\/\/latitudsur.org\/dev\/es\/wp-json\/wp\/v2\/pages\/991\/revisions"}],"up":[{"embeddable":true,"href":"https:\/\/latitudsur.org\/dev\/es\/wp-json\/wp\/v2\/pages\/77"}],"wp:attachment":[{"href":"https:\/\/latitudsur.org\/dev\/es\/wp-json\/wp\/v2\/media?parent=991"}],"curies":[{"name":"wp","href":"https:\/\/api.w.org\/{rel}","templated":true}]}}