{"id":993,"date":"2015-06-08T15:43:57","date_gmt":"2015-06-08T14:43:57","guid":{"rendered":"http:\/\/latitudsur.org\/developpement\/?page_id=993"},"modified":"2015-06-08T15:43:57","modified_gmt":"2015-06-08T14:43:57","slug":"evaluation-du-projet-eco-tourisme-rumbo-eldorado-dans-la-reserve-nationale-pacaya-samiria","status":"publish","type":"page","link":"https:\/\/latitudsur.org\/dev\/es\/nos-missions\/tourisme-culture\/evaluation-du-projet-eco-tourisme-rumbo-eldorado-dans-la-reserve-nationale-pacaya-samiria\/","title":{"rendered":"Evaluation du projet Eco-Tourisme \u00abRumbo Eldorado\u00bb dans la r\u00e9serve nationale Pacaya Samiria"},"content":{"rendered":"<p><\/p>\n<table border=\"0\" cellpadding=\"3\">\n<tbody>\n<tr>\n<td colspan=\"2\">\n<div>\n<h4 align=\"left\"><img loading=\"lazy\" decoding=\"async\" src=\"\/dev\/wp-content\/uploads\/sites\/2\/2015\/06\/tourismeculture.png\" alt=\"tourismeculture\" width=\"64\" height=\"64\" \/>FICHE PROJET &#8211; TOURISME ET CULTURE<\/h4>\n<\/div>\n<\/td>\n<\/tr>\n<tr>\n<td><img loading=\"lazy\" decoding=\"async\" src=\"\/dev\/wp-content\/uploads\/sites\/2\/2015\/06\/termine.jpg\" alt=\"termine\" width=\"114\" height=\"58\" align=\"absMiddle\" \/><\/td>\n<td bgcolor=\"#ffff99\">Pays d&#039;action : PEROU<br \/>\nDate de d\u00e9but : Mars 2009<br \/>\nDur\u00e9e : 6 mois<\/td>\n<\/tr>\n<tr>\n<td bgcolor=\"#e3f09d\" width=\"27%\">\n<h4>Objectif g\u00e9n\u00e9ral<\/h4>\n<\/td>\n<td bgcolor=\"#e3f09d\">Evaluer l\u2019offre touristique du projet \u00ab Rumbo Eldorado \u00bb et proposer un plan strat\u00e9gique d\u2019action pour son d\u00e9veloppement et sa p\u00e9rennisation<\/td>\n<\/tr>\n<tr>\n<td>\n<h4>Objectifs sp\u00e9cifiques<\/h4>\n<\/td>\n<td>\n<ul>\n<li>Dresser un \u00e9tat de lieux de l\u2019existant<\/li>\n<li>Identifier les forces\/faiblesses du projet<\/li>\n<li>Identifier les potentialit\u00e9s<\/li>\n<li>les dynamiques locales<\/li>\n<li>Pr\u00e9coniser des \u00e9l\u00e9ments strat\u00e9giques d\u2019actions.<\/li>\n<\/ul>\n<\/td>\n<\/tr>\n<tr>\n<td bgcolor=\"#e3f09d\">\n<h4>Zone d\u2019action<\/h4>\n<\/td>\n<td bgcolor=\"#e3f09d\">\n<ul>\n<li>Province amazonienne du Loreto<\/li>\n<\/ul>\n<\/td>\n<\/tr>\n<tr>\n<td>\n<h4>B\u00e9n\u00e9ficiaires<\/h4>\n<\/td>\n<td>\n<ul>\n<li>Les communaut\u00e9s de la r\u00e9serve Pacaya Samiria<\/li>\n<\/ul>\n<\/td>\n<\/tr>\n<tr>\n<td bgcolor=\"#e3f09d\">\n<h4>Organisation porteuse du projet<\/h4>\n<\/td>\n<td bgcolor=\"#e3f09d\">\n<ul>\n<li> ARUTAM<\/li>\n<\/ul>\n<\/td>\n<\/tr>\n<tr>\n<td>\n<h4>Partenariats locaux<\/h4>\n<\/td>\n<td>\n<ul>\n<li>LATITUD SUR, PRO NATURALEZA<\/li>\n<\/ul>\n<\/td>\n<\/tr>\n<tr>\n<td bgcolor=\"#e3f09d\">\n<h4>Site web de r\u00e9f\u00e9rence<\/h4>\n<\/td>\n<td bgcolor=\"#e3f09d\">\n<ul>\n<li> <a href=\"http:\/\/www.latitudsur.org\/\" target=\"_blank\">http:\/\/www.latitudsur.org<\/a><\/li>\n<\/ul>\n<\/td>\n<\/tr>\n<tr>\n<td>\n<h4>Soutiens institutionnels<\/h4>\n<\/td>\n<td>\n<ul>\n<li>GOREL (Gouvernement R\u00e9gional du Loreto)<\/li>\n<\/ul>\n<\/td>\n<\/tr>\n<tr>\n<td bgcolor=\"#e3f09d\">\n<h4>R\u00e9sultats obtenus<br \/>\n(ou attendus)<\/h4>\n<\/td>\n<td bgcolor=\"#e3f09d\">\n<ul>\n<li>Un \u00e9tat des lieux est dress\u00e9,<\/li>\n<li>L\u2019ad\u00e9quation entre l\u2019offre et la demande est \u00e9valu\u00e9e,<\/li>\n<li>Les causes d\u2019un ou plusieurs probl\u00e8mes sont identifi\u00e9es,<\/li>\n<li>Les int\u00e9r\u00eats des acteurs sont identifi\u00e9s,<\/li>\n<li>Une dynamique de projet est impuls\u00e9e gr\u00e2ce \u00e0 l\u2019implication des communaut\u00e9s,<\/li>\n<li>Des nouvelles strat\u00e9gies d\u2019action sont pr\u00e9conis\u00e9es.<\/li>\n<\/ul>\n<\/td>\n<\/tr>\n<tr>\n<td><\/td>\n<td><\/td>\n<\/tr>\n<\/tbody>\n<\/table>\n<p><img loading=\"lazy\" decoding=\"async\" src=\"\/dev\/wp-content\/uploads\/sites\/2\/2015\/09\/image-projet-tourisme-pacaya.jpg\" alt=\"image-projet-tourisme-pacaya\" width=\"680\" height=\"220\" \/><\/p>","protected":false},"excerpt":{"rendered":"<p>FICHE PROJET &#8211; TOURISME ET CULTURE Pays d&#039;action : PEROU Date de d\u00e9but : Mars 2009 Dur\u00e9e : 6 mois Objectif g\u00e9n\u00e9ral Evaluer l\u2019offre touristique du projet \u00ab Rumbo Eldorado \u00bb et proposer un plan strat\u00e9gique d\u2019action pour son d\u00e9veloppement<span class=\"ellipsis\">&hellip;<\/span><\/p>\n<div class=\"read-more\"><a href=\"https:\/\/latitudsur.org\/dev\/es\/nos-missions\/tourisme-culture\/evaluation-du-projet-eco-tourisme-rumbo-eldorado-dans-la-reserve-nationale-pacaya-samiria\/\">Leer m\u00e1s \u203a<\/a><\/div>\n<p><!-- end of .read-more --><\/p>\n","protected":false},"author":1,"featured_media":0,"parent":77,"menu_order":0,"comment_status":"closed","ping_status":"open","template":"template-page.php","meta":{"footnotes":""},"class_list":["post-993","page","type-page","status-publish","hentry"],"_links":{"self":[{"href":"https:\/\/latitudsur.org\/dev\/es\/wp-json\/wp\/v2\/pages\/993","targetHints":{"allow":["GET"]}}],"collection":[{"href":"https:\/\/latitudsur.org\/dev\/es\/wp-json\/wp\/v2\/pages"}],"about":[{"href":"https:\/\/latitudsur.org\/dev\/es\/wp-json\/wp\/v2\/types\/page"}],"author":[{"embeddable":true,"href":"https:\/\/latitudsur.org\/dev\/es\/wp-json\/wp\/v2\/users\/1"}],"replies":[{"embeddable":true,"href":"https:\/\/latitudsur.org\/dev\/es\/wp-json\/wp\/v2\/comments?post=993"}],"version-history":[{"count":0,"href":"https:\/\/latitudsur.org\/dev\/es\/wp-json\/wp\/v2\/pages\/993\/revisions"}],"up":[{"embeddable":true,"href":"https:\/\/latitudsur.org\/dev\/es\/wp-json\/wp\/v2\/pages\/77"}],"wp:attachment":[{"href":"https:\/\/latitudsur.org\/dev\/es\/wp-json\/wp\/v2\/media?parent=993"}],"curies":[{"name":"wp","href":"https:\/\/api.w.org\/{rel}","templated":true}]}}