{"id":1011,"date":"2015-06-08T16:15:52","date_gmt":"2015-06-08T15:15:52","guid":{"rendered":"http:\/\/latitudsur.org\/developpement\/?page_id=1011"},"modified":"2015-06-08T16:15:52","modified_gmt":"2015-06-08T15:15:52","slug":"texte-etat-des-forets","status":"publish","type":"page","link":"https:\/\/latitudsur.org\/dev\/fr\/nos-missions\/textes-de-reflexions\/texte-etat-des-forets\/","title":{"rendered":"Texte &#8211; Etat des for\u00eats"},"content":{"rendered":"<p><\/p>\n<table class=\"contentpaneopen\">\n<tbody>\n<tr>\n<td valign=\"top\">Texte &#8211; Etat des for\u00eats<\/p>\n<p><b>Un recul de la d\u00e9forestation mondiale, des efforts insuffisants dans la gestion de la for\u00eat amazonienne et  des taux de d\u00e9forestation alarmants dans certains pays, \u00e0 l\u2019image de l\u2019Equateur, \u00ab mauvais \u00e9l\u00e8ve \u00bb du continent sud-am\u00e9ricain. Telles sont les conclusions de \u00ab l\u2019Evaluation des ressources foresti\u00e8res mondiales\u00bb (FRA 2010) \u00e9tablie par la FAO au printemps 2010 ; \u00e9tude qui se pose de facto en reflet de l\u2019\u00e9tat de nos for\u00eats.<\/b><\/p>\n<p align=\"center\"><img loading=\"lazy\" decoding=\"async\" src=\"\/dev\/wp-content\/uploads\/sites\/2\/2015\/06\/textes\/foretsdumonde.jpg\" alt=\"foretsdumonde\" width=\"600\" height=\"343\" \/><\/p>\n<p align=\"center\">Les for\u00eats du monde \u2013 <i>Source : FAO-FRA 2010<\/i><\/p>\n<p>\u00ab <i>Pour la premi\u00e8re fois, nous sommes en mesure de montrer que le taux mondial de d\u00e9forestation a r\u00e9gress\u00e9 gr\u00e2ce \u00e0 des efforts d\u00e9ploy\u00e9s de fa\u00e7on concert\u00e9e, aussi bien sur le plan local qu&rsquo;international<\/i> \u00bb, pr\u00e9sentait Eduardo Rojas, sous-directeur g\u00e9n\u00e9ral de la FAO responsable du d\u00e9partement des for\u00eats, le 25 mars 2010 \u00e0 Rome lors de l\u2019expos\u00e9 des conclusions de \u00ab l\u2019Evaluation des ressources foresti\u00e8res mondiales \u00bb.<\/p>\n<p>Cette \u00e9tude portait en effet sur 233 pays et territoires sur une p\u00e9riode de vingt ans et constitue sans doute le travail le plus exhaustif r\u00e9alis\u00e9 jusqu\u2019alors sur ce sujet. A travers l\u2019analyse de 90 variables regroupant des sujets d\u2019\u00e9tude quantitatifs (\u00e9tendue des for\u00eats\u2026) mais aussi qualitatifs (conditions, usages et valeurs des for\u00eats), la FAO et ses nombreux partenaires entendent dresser le bilan r\u00e9f\u00e9rence sur ce sujet, proposant des r\u00e9sultats plus pertinents que ceux de 2005 (<a href=\"http:\/\/www.latitudsur.org\/developpement\/texte-etat-des-forets.html#a\">annexe 1<\/a>). Finalement regroup\u00e9e en sept th\u00e8mes, cette \u00e9valuation sera \u00e9toff\u00e9e \u00e0 l\u2019horizon 2012 par les r\u00e9sultats de la t\u00e9l\u00e9d\u00e9tection. Proc\u00e9d\u00e9 innovant (<a href=\"http:\/\/www.latitudsur.org\/developpement\/texte-etat-des-forets.html#b\">annexe 2<\/a>), ce nouveau syst\u00e8me de surveillance de l\u2019\u00e9tat des for\u00eats permettra, combin\u00e9 aux techniques de collecte plus classiques, des estimations plus fines de la superficie des for\u00eats dans le monde. De meilleures informations pour une meilleure gestion !<\/p>\n<p><b>Des r\u00e9sultats encourageants, un combat \u00e0 poursuivre<\/b><\/p>\n<p>Car si les r\u00e9sultats de FRA 2010 sont plut\u00f4t encourageants, il reste beaucoup \u00e0 faire en termes de gestion des for\u00eats. Selon l\u2019\u00e9tude, 13 millions d\u2019hectares de for\u00eats ont disparu chaque ann\u00e9e de la derni\u00e8re d\u00e9cennie, d\u00e9forestation responsable de pr\u00e8s de 17 % des \u00e9missions de gaz \u00e0 effet de serre d\u2019origine humaine. Le taux de d\u00e9forestation \u00e9tait de 16 millions dans les ann\u00e9es 90. De plus, pr\u00e8s de 75 pour cent des for\u00eats du monde font aujourd\u2019hui l\u2019objet d\u2019un programme forestier national, c\u2019est-\u00e0-dire d\u2019un processus national participatif d\u2019\u00e9laboration et d\u2019application de politiques foresti\u00e8res et d\u2019engagements internationaux, selon l\u2019institution.  \u00ab <i>Les pays ont non seulement am\u00e9lior\u00e9 leurs politiques et l\u00e9gislations foresti\u00e8res, mais ils ont aussi assign\u00e9 l&#039;utilisation de for\u00eats aux communaut\u00e9s locales et aux populations autochtones, ainsi qu&rsquo;\u00e0 la conservation de la biodiversit\u00e9 et autres fonctions environnementales. <\/i>\u00bb, continue le responsable de la FAO pour expliquer cette am\u00e9lioration. C\u2019est d\u2019ailleurs par ce dernier levier que Latitud Sur entend concourir \u00e0 <a href=\"http:\/\/www.zero-deforestation.org\/\" target=\"_blank\">endiguer la d\u00e9forestation dans son champ d\u2019action<\/a>. Car en Am\u00e9rique du Sud, l\u2019heure n\u2019est pas \u00e0 l\u2019autosatisfaction.<\/p>\n<p><b>La for\u00eat amazonienne, premi\u00e8re victime de la d\u00e9forestation mondiale<\/b><\/p>\n<p>Les r\u00e9sultats du sous-continent am\u00e9ricain sont encore \u00e0 l\u2019\u00e9ch\u00e9ance 2010 les moins bons de la plan\u00e8te (<a href=\"http:\/\/www.latitudsur.org\/developpement\/texte-etat-des-forets.html#c\">annexe 3<\/a>) en termes de perte de superficie. Dans la derni\u00e8re d\u00e9cennie, 4 millions d\u2019hectares de for\u00eat amazonienne (seul massif forestier significatif sur le continent) disparaissaient chaque ann\u00e9e (chiffre \u00e0 relativiser face aux caract\u00e9ristiques propre \u00e0 la for\u00eat amazonienne). Tous les pays du continent ne sont pas \u00e0 loger \u00e0 la m\u00eame enseigne. Ainsi, malgr\u00e9 des difficult\u00e9s toujours pr\u00e9gnantes, le Br\u00e9sil (13% de la surface foresti\u00e8re mondiale) semble r\u00e9agir devant l\u2019ampleur de la t\u00e2che qui l\u2019habite : le pays a vu dispara\u00eetre en moyenne 2,6 millions d&#039;hectares de for\u00eats par an durant les dix derni\u00e8res ann\u00e9es, contre 2,9 millions d&#039;hectares par an dans les ann\u00e9es 90. De plus, Il a destin\u00e9 plus du cinqui\u00e8me de sa superficie foresti\u00e8re \u00e0 la protection de la culture et du mode de vie des personnes tributaires de la for\u00eat.<\/p>\n<p>L\u2019Equateur n\u2019est pas en reste puisqu\u2019il d\u00e9tient le triste record de disparition foresti\u00e8re du contient sud-am\u00e9ricain: 1.89 % de superficie en moins chaque ann\u00e9e, toujours selon la FAO. Plusieurs facteurs expliquent ce r\u00e9sultat, la pr\u00e9sence de gisements de p\u00e9trole en terre foresti\u00e8re en est un (avec contre-exemple du renoncement du gouvernement \u00e9quatorien \u00e0 Yasuni). C\u2019est face \u00e0 ce triste constat que se positionne Latitud Sur dans son combat contre la d\u00e9forestation en Equateur.<\/p>\n<p>Si, de son c\u00f4t\u00e9, le P\u00e9rou affiche des r\u00e9sultats moins alarmants (-0.22% chaque ann\u00e9e), la tendance est toujours \u00e0 la perte de superficie. Latitud Sur n\u2019est pas moins sensible \u00e0 la situation p\u00e9ruvienne et participe \u00e0 des activit\u00e9s de reforestation cofinanc\u00e9es par le Fond Nicolas Hulot et Forestever.<\/p>\n<p><img loading=\"lazy\" decoding=\"async\" src=\"\/dev\/wp-content\/uploads\/sites\/2\/2015\/06\/textes\/superficieforestiere.jpg\" alt=\"superficieforestiere\" width=\"705\" height=\"321\" \/><\/p>\n<p><b>2011, l\u2019Ann\u00e9e internationale des for\u00eats<\/b><\/p>\n<p>La FAO a lanc\u00e9 cette ann\u00e9e un grand mouvement visant \u00e0 sensibiliser la communaut\u00e9 internationale sur les probl\u00e9matiques li\u00e9es \u00e0 nos for\u00eats. Latitud Sur, conjointement avec Arutam, s\u2019inscrit encore et toujours dans la vision port\u00e9e par cette initiative \u00e0 travers ces diff\u00e9rentes actions, de la reforestation \u00e0 la pr\u00e9servation de for\u00eats primaires.<\/p>\n<p><b>Les chiffres <\/b><\/p>\n<p><b>-Infographie 1 : <\/b>Une carte de l\u2019Am\u00e9rique du sud avec mis en perspective pour chaque pays l\u2019\u00e9volution de l\u2019\u00e9tendue des for\u00eats via un symbole agressif (tron\u00e7onneuse) plus ou moins gros selon l\u2019\u00e9volution annuelle. Par ce biais, le probl\u00e8me de l\u2019Equateur sautera aux yeux.<\/p>\n<p><b>-Infographie 2 : <\/b>Une France coup\u00e9 en quatre (superficie de la France divis\u00e9 par 4 = 13 millions d\u2019hectares) avec un des quarts mis en perspective (\u00e0 l\u2019int\u00e9rieur le chiffre 13 millions). Une phrase dessous : \u00ab <i>Chaque ann\u00e9e, 13 millions d\u2019hectares de for\u00eats disparaissent. Chaque ann\u00e9e, c\u2019est l\u2019\u00e9quivalent d\u2019un quart de la superficie de la France qui est r\u00e9duit en poussi\u00e8re. <\/i>\u00bb<\/p>\n<p><b>Les annexes :<\/b><\/p>\n<p><b><a id=\"a\" name=\"a\"><\/a>Annexe 1 : Communiqu\u00e9 de la FAO : Les chiffres pr\u00e9c\u00e9dents sous-estimaient le taux mondial de d\u00e9forestation pour les ann\u00e9es 90<\/b><\/p>\n<p>FRA 2010, \u00e0 l\u2019instar de FRA 2005, n\u2019a pas compil\u00e9 directement de donn\u00e9es sur les taux de d\u00e9forestation car les pays qui disposent de ces informations sont peu nombreux. Pour FRA 2005, le taux de d\u00e9forestation mondial avait \u00e9t\u00e9 estim\u00e9 \u00e0 partir des changements nets de superficie foresti\u00e8re. Des informations compl\u00e9mentaires sur le boisement et l\u2019expansion naturelle des for\u00eats au cours des 20 derni\u00e8res ann\u00e9es ont maintenant permis de prendre \u00e9galement en compte la d\u00e9forestation dans des pays o\u00f9 il y avait un gain net global de superficie foresti\u00e8re. En cons\u00e9quence, l\u2019estimation r\u00e9vis\u00e9e du taux mondial de d\u00e9forestation et de pertes dues \u00e0 des causes naturelles pour la p\u00e9riode 1990-2000 (pr\u00e8s de 16 millions d\u2019hectares par an) est plus \u00e9lev\u00e9e, mais aussi plus pr\u00e9cise, que l\u2019estimation faite pour FRA 2005 (13 millions d\u2019hectares par an).<\/p>\n<p><b><a id=\"b\" name=\"b\"><\/a>Annexe 2 : Communiqu\u00e9 de la FAO : <\/b><b>Une enqu\u00eate mondiale par t\u00e9l\u00e9d\u00e9tection sur les for\u00eats fournira des informations affin\u00e9es sur les changements au fil du temps des superficies des grands types de for\u00eats<\/b><\/p>\n<p>Les pays utilisent des syst\u00e8mes de classification, des m\u00e9thodes d\u2019\u00e9valuation et des intervalles de temps de surveillance diff\u00e9rents, d\u2019o\u00f9 la difficult\u00e9 d\u2019obtenir des donn\u00e9es homog\u00e8nes sur les grands types de for\u00eats qui chevauchent les fronti\u00e8res nationales. En collaboration avec les pays et des organisations partenaires cl\u00e9s, la FAO entreprend \u00e0 l\u2019heure actuelle une enqu\u00eate mondiale par t\u00e9l\u00e9d\u00e9tection, bas\u00e9e sur un \u00e9chantillonnage syst\u00e9matique concernant environ 13 500 sites dans le monde. L\u2019enqu\u00eate apportera des informations suppl\u00e9mentaires et plus homog\u00e8nes sur la d\u00e9forestation, le boisement et l\u2019expansion naturelle des for\u00eats aux niveaux r\u00e9gional et du biome pour la p\u00e9riode 1990-2005. Les r\u00e9sultats devraient \u00eatre disponibles pour la fin de 2011.<\/p>\n<p><b><a id=\"c\" name=\"c\"><\/a>Annexe 3 : Changement annuel de la superficie foresti\u00e8re par r\u00e9gion, 1990-2010.<\/b><\/p>\n<p align=\"center\"><i><img loading=\"lazy\" decoding=\"async\" src=\"\/dev\/wp-content\/uploads\/sites\/2\/2015\/06\/textes\/changement_superficie.jpg\" alt=\"changement superficie\" width=\"600\" height=\"353\" \/><\/i><\/p>\n<p align=\"center\"><i>Source : FAO, FRA 2010<\/i><\/p>\n<p align=\"center\">Florian Kunckler &#8211; Octobre 2011<i><br \/>\n<\/i><\/p>\n<\/td>\n<\/tr>\n<\/tbody>\n<\/table>\n<p><span class=\"article_separator\"> <\/span><\/p>","protected":false},"excerpt":{"rendered":"<p>Texte &#8211; Etat des for\u00eats Un recul de la d\u00e9forestation mondiale, des efforts insuffisants dans la gestion de la for\u00eat amazonienne et des taux de d\u00e9forestation alarmants dans certains pays, \u00e0 l\u2019image de l\u2019Equateur, \u00ab mauvais \u00e9l\u00e8ve \u00bb du continent<span class=\"ellipsis\">&hellip;<\/span><\/p>\n<div class=\"read-more\"><a href=\"https:\/\/latitudsur.org\/dev\/fr\/nos-missions\/textes-de-reflexions\/texte-etat-des-forets\/\">Lire la suite &#8250;<\/a><\/div>\n<p><!-- end of .read-more --><\/p>\n","protected":false},"author":1,"featured_media":0,"parent":80,"menu_order":0,"comment_status":"closed","ping_status":"open","template":"template-page.php","meta":{"footnotes":""},"class_list":["post-1011","page","type-page","status-publish","hentry"],"_links":{"self":[{"href":"https:\/\/latitudsur.org\/dev\/fr\/wp-json\/wp\/v2\/pages\/1011","targetHints":{"allow":["GET"]}}],"collection":[{"href":"https:\/\/latitudsur.org\/dev\/fr\/wp-json\/wp\/v2\/pages"}],"about":[{"href":"https:\/\/latitudsur.org\/dev\/fr\/wp-json\/wp\/v2\/types\/page"}],"author":[{"embeddable":true,"href":"https:\/\/latitudsur.org\/dev\/fr\/wp-json\/wp\/v2\/users\/1"}],"replies":[{"embeddable":true,"href":"https:\/\/latitudsur.org\/dev\/fr\/wp-json\/wp\/v2\/comments?post=1011"}],"version-history":[{"count":0,"href":"https:\/\/latitudsur.org\/dev\/fr\/wp-json\/wp\/v2\/pages\/1011\/revisions"}],"up":[{"embeddable":true,"href":"https:\/\/latitudsur.org\/dev\/fr\/wp-json\/wp\/v2\/pages\/80"}],"wp:attachment":[{"href":"https:\/\/latitudsur.org\/dev\/fr\/wp-json\/wp\/v2\/media?parent=1011"}],"curies":[{"name":"wp","href":"https:\/\/api.w.org\/{rel}","templated":true}]}}