{"id":1013,"date":"2015-06-08T16:16:47","date_gmt":"2015-06-08T15:16:47","guid":{"rendered":"http:\/\/latitudsur.org\/developpement\/?page_id=1013"},"modified":"2015-06-08T16:16:47","modified_gmt":"2015-06-08T15:16:47","slug":"texte-le-mecanisme-des-puits-de-carbone","status":"publish","type":"page","link":"https:\/\/latitudsur.org\/dev\/fr\/nos-missions\/textes-de-reflexions\/texte-le-mecanisme-des-puits-de-carbone\/","title":{"rendered":"Texte &#8211; Le m\u00e9canisme des puits de carbone"},"content":{"rendered":"<p><\/p>\n<table class=\"contentpaneopen\">\n<tbody>\n<tr>\n<td valign=\"top\">Texte &#8211; Le m\u00e9canisme des puits de carbone<\/p>\n<p><b>La d\u00e9forestation est \u00e0 l\u2019origine de l\u2019\u00e9mission  de 14 \u00e0 20% (selon les sources) des \u00e9missions de gaz \u00e0 effet de serre. Ce constat appelle une r\u00e9flexion. Quel m\u00e9canisme est \u00e0 l\u2019\u0153uvre quand le d\u00e9frichage conduit au r\u00e9chauffement climatique ?<\/b><\/p>\n<p>Qu\u2019est ce qu\u2019un puits carbone ? Il peut tout simplement \u00eatre r\u00e9sum\u00e9 par le  processus extrayant du carbone de l\u2019atmosph\u00e8re en le s\u00e9questrant. Ce ph\u00e9nom\u00e8ne est \u00e0 l\u2019\u0153uvre dans les sols, dans les oc\u00e9ans et dans les for\u00eats.<\/p>\n<p>Pour ce dernier domaine, qui nous int\u00e9resse, cette s\u00e9questration est majoritairement issue de la photosynth\u00e8se de la flore qui la constitue. Grossi\u00e8rement, la flore pour se d\u00e9velopper ingurgite du CO2. Elle stocke ensuite le carbone (qu\u2019elle transforme en carbone organique) et rejette l\u2019oxyg\u00e8ne (O2) dans l\u2019atmosph\u00e8re. Ainsi, la for\u00eat devient un puits carbone quant \u00e0 ce qu\u2019elle s\u00e9questre le principal gaz \u00e0 effet de serre (CO2) en l\u2019extrayant de l\u2019atmosph\u00e8re : le poumon vert.<\/p>\n<p>On l\u2019aura bien compris, \u00e0 travers ce m\u00e9canisme, la lutte contre la d\u00e9forestation prend tout son sens (sans m\u00eame \u00e9voquer les enjeux en termes de biodiversit\u00e9 et de d\u00e9veloppement des populations autochtones). Selon une \u00e9tude de la FAO, en 2005, les for\u00eats du monde absorbaient pr\u00e8s de 50% des \u00e9missions de gaz \u00e0 effet de serre d\u2019origine humaine. Cependant, planter de nouvelles for\u00eats ne suffirait pas \u00e0 endiguer les \u00e9missions humaines. Par exemple, pour couvrir l\u2019objectif \u00e9tasunien de r\u00e9duire de 7% leurs rejets de CO2, il faudrait planter une for\u00eat de deux fois la taille du Texas. Au total, pour couvrir toutes les \u00e9missions d\u2019origine humaine, on devrait boiser une surface plus grande que l\u2019ensemble des terres \u00e9merg\u00e9es de la plan\u00e8te.<\/p>\n<p><b>Augmentation du CO2= augmentation du processus de photosynth\u00e8se ? Rien n\u2019est moins sur !<\/b><\/p>\n<p>Mais la pr\u00e9servation de nos massifs n\u2019en concourt pas moins \u00e0 la stabilit\u00e9 du climat, m\u00eame si les derni\u00e8res cons\u00e9quences du r\u00e9chauffement climatique ne vont pas dans le bon sens. En effet, l\u2019on pourrait croire que l\u2019augmentation du thermom\u00e8tre plan\u00e9taire serait synonyme de densification de la surface bois\u00e9e : plus de CO2 \u00e9mis serait alors le corollaire  de plus de \u00ab nourriture \u00bb pour notre flore.<\/p>\n<p>Seulement une r\u00e9cente \u00e9tude am\u00e9ricaine<a title=\"\" href=\"http:\/\/www.latitudsur.org\/developpement\/texte-le-mecanisme-des-puits-carbone.html#_ftn1\" name=\"_ftnref1\"><\/a>[1] d\u00e9montre un tout autre constat. En \u00e9tudiant les derni\u00e8res s\u00e9cheresses qui ont frapp\u00e9 depuis le d\u00e9but des ann\u00e9es 2000 la quasi-totalit\u00e9 de massifs forestiers, les chercheurs ont isol\u00e9 que syst\u00e9matiquement lorsqu\u2019une for\u00eat \u00e9tait victime du ph\u00e9nom\u00e8ne pr\u00e9cit\u00e9, sa capacit\u00e9 d\u2019absorbation de CO2 \u00e9tait automatiquement diminu\u00e9e : <i>\u00ab En 2000, les s\u00e9cheresses ont r\u00e9duit la PPN<a title=\"\" href=\"http:\/\/www.latitudsur.org\/developpement\/texte-le-mecanisme-des-puits-carbone.html#_ftn2\" name=\"_ftnref2\"><\/a><b>[2]<\/b> en Am\u00e9rique du Nord et en Chine ; en 2002, les s\u00e9cheresses ont r\u00e9duit la PPN en Am\u00e9rique du Nord et en Australie ; en 2003, une s\u00e9cheresse caus\u00e9e par une importante canicule a r\u00e9duit la PPN en Europe ; en 2005, de graves s\u00e9cheresses en Amazonie, en Afrique et en Australie ont grandement r\u00e9duit la PPN sur le plan r\u00e9gional et sur le plan mondial ; et de 2007 \u00e0 2009, sur de larges parties de l\u2019Australie, des s\u00e9cheresses continuelles ont r\u00e9duit la PPN du continent \u00bb. <\/i>Les scientifiques ne font pas explicitement le lien entre r\u00e9chauffement climatique et baisse de la photosynth\u00e8se, mais leurs conclusions semblent aller dans ce sens.<\/p>\n<p>Quoi qu\u2019il en soit, le d\u00e9bat fait rage au sein de la communaut\u00e9 scientifique. Il semble bien difficile de mesurer l\u2019ampleur de ces puits carbone, d\u2019autant qu\u2019ils peuvent tout aussi bien se transformer en sources carbone dans certains cas : incendies, mort de la flore \u2026 D\u2019autre part, les climato-sceptiques continuent d\u2019utiliser les puits carbone comme rem\u00e8de \u00e0 tous les maux de la plan\u00e8te.<\/p>\n<p>Une fois encore, c\u2019est au principe de pr\u00e9caution, amen\u00e9 par le Protocole de Kyoto, qu\u2019il faut alors se r\u00e9f\u00e9rer : ce n\u2019est parce que l\u2019on n\u2019a pas de certitudes que l\u2019on peut continuer \u00e0 se cacher derri\u00e8re ce processus. A l\u2019image de la main invisible d\u2019Adam Smith, cens\u00e9e r\u00e9guler automatiquement les march\u00e9s financiers, la situation actuelle nous prouve que la plan\u00e8te n\u2019est pas en mesure de compenser naturellement et de fa\u00e7on illimit\u00e9e toutes les folies humaines.<\/p>\n<p>Florian Kunckler &#8211; Octobre 2011<\/p>\n<div><\/p>\n<div>\n<p><a title=\"\" href=\"http:\/\/www.latitudsur.org\/developpement\/texte-le-mecanisme-des-puits-carbone.html#_ftnref1\" name=\"_ftn1\"><\/a>[1] ZHAO Maosheng et RUNNING Steven, Universit\u00e9 du Montana \u2013 USA, 2009.<\/p>\n<\/div>\n<div>\n<p><a title=\"\" href=\"http:\/\/www.latitudsur.org\/developpement\/texte-le-mecanisme-des-puits-carbone.html#_ftnref2\" name=\"_ftn2\"><\/a>[2] PPN : Production Primaire Nette : quantit\u00e9 de CO2 absorb\u00e9e par les plantes<\/p>\n<\/div>\n<\/div>\n<\/td>\n<\/tr>\n<\/tbody>\n<\/table>\n<p><span class=\"article_separator\"> <\/span><\/p>","protected":false},"excerpt":{"rendered":"<p>Texte &#8211; Le m\u00e9canisme des puits de carbone La d\u00e9forestation est \u00e0 l\u2019origine de l\u2019\u00e9mission de 14 \u00e0 20% (selon les sources) des \u00e9missions de gaz \u00e0 effet de serre. Ce constat appelle une r\u00e9flexion. Quel m\u00e9canisme est \u00e0 l\u2019\u0153uvre<span class=\"ellipsis\">&hellip;<\/span><\/p>\n<div class=\"read-more\"><a href=\"https:\/\/latitudsur.org\/dev\/fr\/nos-missions\/textes-de-reflexions\/texte-le-mecanisme-des-puits-de-carbone\/\">Lire la suite &#8250;<\/a><\/div>\n<p><!-- end of .read-more --><\/p>\n","protected":false},"author":1,"featured_media":0,"parent":80,"menu_order":0,"comment_status":"closed","ping_status":"open","template":"template-page.php","meta":{"footnotes":""},"class_list":["post-1013","page","type-page","status-publish","hentry"],"_links":{"self":[{"href":"https:\/\/latitudsur.org\/dev\/fr\/wp-json\/wp\/v2\/pages\/1013","targetHints":{"allow":["GET"]}}],"collection":[{"href":"https:\/\/latitudsur.org\/dev\/fr\/wp-json\/wp\/v2\/pages"}],"about":[{"href":"https:\/\/latitudsur.org\/dev\/fr\/wp-json\/wp\/v2\/types\/page"}],"author":[{"embeddable":true,"href":"https:\/\/latitudsur.org\/dev\/fr\/wp-json\/wp\/v2\/users\/1"}],"replies":[{"embeddable":true,"href":"https:\/\/latitudsur.org\/dev\/fr\/wp-json\/wp\/v2\/comments?post=1013"}],"version-history":[{"count":0,"href":"https:\/\/latitudsur.org\/dev\/fr\/wp-json\/wp\/v2\/pages\/1013\/revisions"}],"up":[{"embeddable":true,"href":"https:\/\/latitudsur.org\/dev\/fr\/wp-json\/wp\/v2\/pages\/80"}],"wp:attachment":[{"href":"https:\/\/latitudsur.org\/dev\/fr\/wp-json\/wp\/v2\/media?parent=1013"}],"curies":[{"name":"wp","href":"https:\/\/api.w.org\/{rel}","templated":true}]}}