{"id":102,"date":"2015-03-09T14:59:02","date_gmt":"2015-03-09T13:59:02","guid":{"rendered":"http:\/\/latitudsur.org\/developpement\/?page_id=102"},"modified":"2015-03-09T14:59:02","modified_gmt":"2015-03-09T13:59:02","slug":"donner-son-temps","status":"publish","type":"page","link":"https:\/\/latitudsur.org\/dev\/fr\/donner-son-temps\/","title":{"rendered":"Donner son temps"},"content":{"rendered":"<p><a style=\"float:left;margin-right:15px\" href=\"\/dev\/wp-content\/uploads\/sites\/2\/2015\/06\/benevolat.jpg\"><img decoding=\"async\" src=\"\/dev\/wp-content\/uploads\/sites\/2\/2015\/06\/benevolat-300x222.jpg\" alt=\"benevolat\" \/><\/a><\/p>\n<p>Comme beaucoup d\u2019ONG, Latitud Sur dispose de fonds irr\u00e9guliers et n\u2019est pas en mesure de r\u00e9mun\u00e9rer toutes les personnes actives de l\u2019organisation.<br \/>\nC\u2019est pourquoi nous faisons appel \u00e0 votre g\u00e9n\u00e9rosit\u00e9, au travers de votre temps et vos comp\u00e9tences via des stages avec notre structure.<\/p>\n<p>Nous sommes aussi ouverts \u00e0 toute proposition professionnelle. Dans ce cas n&rsquo;h\u00e9sitez pas \u00e0 r\u00e9pondre aux offres ou \u00e0 nous faire parvenir une  <a href=\"\/dev\/donner-son-temps\/candidature-spontanee\/\"><strong>candidature spontan\u00e9e<\/strong>.<\/a><br \/>\nSi vous avez un projet d\u00e9j\u00e0 d\u00e9fini, nous pouvons l\u2019\u00e9tudier et r\u00e9diger ensemble une proposition pour laquelle nous rechercherons des fonds. Une fois le financement obtenu, vous pourrez r\u00e9aliser ce projet dans le cadre de Latitud Sur.<\/td>\n<h4>Pr\u00e9requis minima pour effectuer un stage chez Latitud Sur :<\/h4>\n<p>Bonne ma\u00eetrise de l&#039;espagnol exig\u00e9e.<br \/>\nCV en espagnol et optionnellement en fran\u00e7ais.<br \/>\nNous n\u2019acceptons que des stages de 3 \u00e0 6 mois, des b\u00e9n\u00e9volats de 6 mois minimum et des <a href=\"http:\/\/www.scd.asso.fr\/\" target=\"_blank\">Volontariats de Solidarit\u00e9 Internationale (VSI)<\/a> de 2 ans. Sauf pour les VSI, les frais de vie sur place durant les 6 premiers mois sont \u00e0 votre charge (comptez 300 \u20ac\/mois + billet d\u2019avion). Dans certains cas, une facilit\u00e9 de logement vous sera propos\u00e9e. Ceci en raison du temps d&#039;adaptation et de compr\u00e9hension de l&#039;environnement culturel. Nous offrons aussi des possibilit\u00e9s de Volontariat en Service Civique (VSC) de 1 an ou plus.<\/p>\n<h4>Sp\u00e9cialit\u00e9s en g\u00e9n\u00e9ral recherch\u00e9es :<\/h4>\n<ul>\n<li>Agronomie<\/li>\n<li>Ethnologie<\/li>\n<li>Ecotourisme<\/li>\n<li>Sant\u00e9<\/li>\n<li>Communication<\/li>\n<li>Internet<\/li>\n<li>Recherche de Fonds<\/li>\n<\/ul>\n<h4>Proposez vos comp\u00e9tences :<\/h4>\n<p>En posant votre <a href=\"\/dev\/donner-son-temps\/candidature-spontanee\/\"><strong>candidature spontan\u00e9e<\/strong><\/a> ou en r\u00e9pondant aux \u00e9ventuelles annonces suivantes: <\/p>\n<p><strong>Administrateur Selva Viva<\/strong><br \/>\n&#8211; G\u00e9rer le bateau \u00e0 quai et lors de ses voyages<br \/>\n&#8211; Logement sur le bateau &#8211; poste VSI 2 ans minimum<br \/>\n&#8211; Trilingue Espagnol\/Fran\u00e7ais\/Anglais<br \/>\n<a href=\"mailto:iquitos@latitudsur.org\" target=\"_blank\">Nous contacter<\/a> pour recevoir la fiche de poste d\u00e9taill\u00e9e<br \/>\n[jobs]<\/p>\n<p><a href=\"\/dev\/wp-content\/uploads\/sites\/3\/2015\/03\/bandeau_humanitaire.jpg\"><img decoding=\"async\" class=\"alignnone size-medium wp-image-888\" src=\"\/dev\/wp-content\/uploads\/sites\/3\/2015\/03\/bandeau_humanitaire.jpg\" alt=\"bandeau\" \/><\/a><\/p>","protected":false},"excerpt":{"rendered":"<p>Comme beaucoup d\u2019ONG, Latitud Sur dispose de fonds irr\u00e9guliers et n\u2019est pas en mesure de r\u00e9mun\u00e9rer toutes les personnes actives de l\u2019organisation. C\u2019est pourquoi nous faisons appel \u00e0 votre g\u00e9n\u00e9rosit\u00e9, au travers de votre temps et vos comp\u00e9tences via des<span class=\"ellipsis\">&hellip;<\/span><\/p>\n<div class=\"read-more\"><a href=\"https:\/\/latitudsur.org\/dev\/fr\/donner-son-temps\/\">Lire la suite &#8250;<\/a><\/div>\n<p><!-- end of .read-more --><\/p>\n","protected":false},"author":1,"featured_media":0,"parent":0,"menu_order":0,"comment_status":"closed","ping_status":"open","template":"template-page.php","meta":{"footnotes":""},"class_list":["post-102","page","type-page","status-publish","hentry"],"_links":{"self":[{"href":"https:\/\/latitudsur.org\/dev\/fr\/wp-json\/wp\/v2\/pages\/102","targetHints":{"allow":["GET"]}}],"collection":[{"href":"https:\/\/latitudsur.org\/dev\/fr\/wp-json\/wp\/v2\/pages"}],"about":[{"href":"https:\/\/latitudsur.org\/dev\/fr\/wp-json\/wp\/v2\/types\/page"}],"author":[{"embeddable":true,"href":"https:\/\/latitudsur.org\/dev\/fr\/wp-json\/wp\/v2\/users\/1"}],"replies":[{"embeddable":true,"href":"https:\/\/latitudsur.org\/dev\/fr\/wp-json\/wp\/v2\/comments?post=102"}],"version-history":[{"count":0,"href":"https:\/\/latitudsur.org\/dev\/fr\/wp-json\/wp\/v2\/pages\/102\/revisions"}],"wp:attachment":[{"href":"https:\/\/latitudsur.org\/dev\/fr\/wp-json\/wp\/v2\/media?parent=102"}],"curies":[{"name":"wp","href":"https:\/\/api.w.org\/{rel}","templated":true}]}}