{"id":104,"date":"2015-03-09T15:00:25","date_gmt":"2015-03-09T14:00:25","guid":{"rendered":"http:\/\/latitudsur.org\/developpement\/?page_id=104"},"modified":"2015-03-09T15:00:25","modified_gmt":"2015-03-09T14:00:25","slug":"donner-de-largent","status":"publish","type":"page","link":"https:\/\/latitudsur.org\/dev\/fr\/donner-de-largent\/","title":{"rendered":"Donner de l&rsquo;argent"},"content":{"rendered":"<p><a style=\"float:left;margin-right:15px\" href=\"\/dev\/wp-content\/uploads\/sites\/2\/2015\/06\/donpartenaire.jpg\"><img loading=\"lazy\" decoding=\"async\" class=\"alignnone size-medium wp-image-827\" src=\"\/dev\/wp-content\/uploads\/sites\/2\/2015\/06\/donpartenaire-300x250.jpg\" alt=\"donpartenaire\" width=\"300\" height=\"250\" srcset=\"https:\/\/latitudsur.org\/dev\/wp-content\/uploads\/sites\/2\/2015\/06\/donpartenaire-300x250.jpg 300w, https:\/\/latitudsur.org\/dev\/wp-content\/uploads\/sites\/2\/2015\/06\/donpartenaire.jpg 334w\" sizes=\"auto, (max-width: 300px) 100vw, 300px\" \/><\/a><\/p>\n<p>Comme beaucoup d\u2019ONG, Latitud Sur dispose de fonds irr\u00e9guliers (dont certains issus des voyages de tourisme solidaire ou de financements ponctuels) et <strong>n\u2019est pas en mesure par exemple de r\u00e9mun\u00e9rer toutes les personnes actives de l\u2019organisation.<\/strong><\/p>\n<p>C\u2019est pourquoi <strong>nous faisons appel \u00e0 votre g\u00e9n\u00e9rosit\u00e9, au travers de dons, <a href=\"http:\/\/www.latitudsur.org\/developpement\/donner-son-temps.html\">ou \u00e0 votre temps et vos comp\u00e9tences via des stages<\/a> au sein de notre structure.<\/strong><\/p>\n<p><strong>Pour soutenir nos actions sous forme de don, merci d&rsquo;utiliser une des mani\u00e8res suivantes :<\/strong><\/p>\n<p><strong>Important :<\/strong> toujours nous envoyer un mail apr\u00e8s un virement en nous laissant vos coordonn\u00e9es et email : vous serez ainsi tenu inform\u00e9 de nos actions en tant que donateur.<\/p>\n<div style=\"width:100%;height:110px\">\n<div style=\"float:left;margin-right:5px;font-size:14px\">\n<a href=\"\/dev\/wp-content\/uploads\/sites\/2\/2015\/06\/virement.jpg\"><img loading=\"lazy\" decoding=\"async\" class=\"alignnone size-full wp-image-828\" src=\"\/dev\/wp-content\/uploads\/sites\/2\/2015\/06\/virement.jpg\" alt=\"virement\" width=\"224\" height=\"106\" \/><\/a>\n<\/div>\n<div>\n<h4 style=\"padding-top:50px;font-size:14px\"> Virement sur compte de Latitud Sur au P\u00e9rou ou en Equateur<\/h4>\n<\/div>\n<\/div>\n<blockquote>\n<p style=\"font-size:12px;font-weight:bold\">\nBanque au P\u00e9rou : BANCO CONTINENTAL &#8211; Titulaire: LATITUD SUR.<br \/>\nIBAN : 00110119010002358757<br \/>\nCode SWIFT : BCONPEPL\n<\/p>\n<p style=\"font-size:12px;font-weight:bold\">\nBanque en Equateur : BANCO DEL PICHINCHA &#8211; Titulaire: FUNDACION LATITUD SUR.<br \/>\nNum\u00e9ro et type de Compte: Cuenta de ahorros N. 5437111300<br \/>\nCode SWIFT: PICHECEQ\n<\/p>\n<\/blockquote>\n<div style=\"width:100%;height:110px\">\n<div style=\"float:left;margin-right:5px;font-size:14px\">\n<a style=\"float:left;margin-right:5px;font-size:14px\" href=\"\/dev\/wp-content\/uploads\/sites\/2\/2015\/06\/cheque.jpg\"><img loading=\"lazy\" decoding=\"async\" class=\"alignnone size-full wp-image-829\" src=\"\/dev\/wp-content\/uploads\/sites\/2\/2015\/06\/cheque.jpg\" alt=\"cheque\" width=\"224\" height=\"106\" \/><\/a><\/div>\n<div>\n<h4 style=\"padding-top:50px;font-size:14px\">Ch\u00e8que en France<\/h4>\n<\/div>\n<\/div>\n<blockquote>\n<p style=\"font-size:12px\">A faire parvenir \u00e0 notre partenaire, en mentionnant au dos du ch\u00e8que : \u00ab <strong>soutien \u00e0 Latitud Sur<\/strong> \u00bb.<br \/>\nLe ch\u00e8que est \u00e0 libeller au nom d\u2019<strong>ARUTAM<\/strong><br \/>\nAdresse d\u2019envoi :<br \/>\n<strong>Association Arutam<\/strong><br \/>\n<strong>Chemin de Vermill\u00e8re<\/strong><br \/>\n<strong>84160 CADENET<\/strong>\n<\/p>\n<\/blockquote>\n<div style=\"width:100%;height:110px\">\n<div style=\"float:left;margin-right:5px;font-size:14px\">\n<a style=\"float:left;margin-right:5px;font-size:14px\" href=\"\/dev\/wp-content\/uploads\/sites\/2\/2015\/06\/don.jpg\"><img loading=\"lazy\" decoding=\"async\" class=\"alignnone size-full wp-image-831\" src=\"\/dev\/wp-content\/uploads\/sites\/2\/2015\/06\/don.jpg\" alt=\"don\" width=\"224\" height=\"106\" \/><\/a>\n<\/div>\n<div>\n<h4 style=\"padding-top:50px;font-size:14px\">Soutenir le Selva Viva et faire un don par internet <a href=\"http:\/\/www.helloasso.com\/associations\/arutam-zero-deforestation\/collectes\/Selva_Viva\" target=\"_blank\"><br \/>en cliquant ici !<\/a><\/h4>\n<\/div>\n<\/div>\n<p><a href=\"\/dev\/wp-content\/uploads\/sites\/3\/2015\/03\/BANDEAU_SV4.jpg\"><img decoding=\"async\" class=\"wp-image-540\" src=\"\/dev\/wp-content\/uploads\/sites\/3\/2015\/03\/BANDEAU_SV4.jpg\" alt=\"bandeau SV\" \/><\/a><\/p>","protected":false},"excerpt":{"rendered":"<p>Comme beaucoup d\u2019ONG, Latitud Sur dispose de fonds irr\u00e9guliers (dont certains issus des voyages de tourisme solidaire ou de financements ponctuels) et n\u2019est pas en mesure par exemple de r\u00e9mun\u00e9rer toutes les personnes actives de l\u2019organisation. C\u2019est pourquoi nous faisons<span class=\"ellipsis\">&hellip;<\/span><\/p>\n<div class=\"read-more\"><a href=\"https:\/\/latitudsur.org\/dev\/fr\/donner-de-largent\/\">Lire la suite &#8250;<\/a><\/div>\n<p><!-- end of .read-more --><\/p>\n","protected":false},"author":1,"featured_media":0,"parent":0,"menu_order":0,"comment_status":"closed","ping_status":"open","template":"template-page.php","meta":{"footnotes":""},"class_list":["post-104","page","type-page","status-publish","hentry"],"_links":{"self":[{"href":"https:\/\/latitudsur.org\/dev\/fr\/wp-json\/wp\/v2\/pages\/104","targetHints":{"allow":["GET"]}}],"collection":[{"href":"https:\/\/latitudsur.org\/dev\/fr\/wp-json\/wp\/v2\/pages"}],"about":[{"href":"https:\/\/latitudsur.org\/dev\/fr\/wp-json\/wp\/v2\/types\/page"}],"author":[{"embeddable":true,"href":"https:\/\/latitudsur.org\/dev\/fr\/wp-json\/wp\/v2\/users\/1"}],"replies":[{"embeddable":true,"href":"https:\/\/latitudsur.org\/dev\/fr\/wp-json\/wp\/v2\/comments?post=104"}],"version-history":[{"count":0,"href":"https:\/\/latitudsur.org\/dev\/fr\/wp-json\/wp\/v2\/pages\/104\/revisions"}],"wp:attachment":[{"href":"https:\/\/latitudsur.org\/dev\/fr\/wp-json\/wp\/v2\/media?parent=104"}],"curies":[{"name":"wp","href":"https:\/\/api.w.org\/{rel}","templated":true}]}}