{"id":107,"date":"2015-03-09T15:01:32","date_gmt":"2015-03-09T14:01:32","guid":{"rendered":"http:\/\/latitudsur.org\/developpement\/?page_id=107"},"modified":"2015-03-09T15:01:32","modified_gmt":"2015-03-09T14:01:32","slug":"partenariat","status":"publish","type":"page","link":"https:\/\/latitudsur.org\/dev\/fr\/partenariat\/","title":{"rendered":"Partenariat"},"content":{"rendered":"<p>Partenariat<\/p>\n<p><a style=\"float:left;margin-right:15px\" href=\"https:\/\/latitudsur.org\/dev\/wp-content\/uploads\/sites\/2\/2015\/06\/aider.jpg\"><img decoding=\"async\" src=\"https:\/\/latitudsur.org\/dev\/developpement\/wp-content\/uploads\/sites\/2\/2015\/06\/aider-300x250.jpg\" alt=\"aider\" \/><\/a><\/p>\n<h4>Devenons partenaires<\/h4>\n<p><strong>Nous sommes ouverts \u00e0 toute proposition professionnelle de partenariat et n&rsquo;h\u00e9siterons pas \u00e0 l&#039;\u00e9tudier sur la base d&#039;int\u00e9r\u00eats partag\u00e9s au b\u00e9n\u00e9fice des communaut\u00e9s.<\/strong><\/p>\n<p>Conscients de la n\u00e9cessit\u00e9 de nous rassembler en r\u00e9seau <strong>pour une plus grande efficacit\u00e9<\/strong> en cette <strong>p\u00e9riode d\u2019urgence pour la plan\u00e8te<\/strong> et pour un \u00e9change des meilleures pratiques, nous sommes dispos\u00e9s \u00e0 <strong>collaborer avec d\u2019autres organisations partageant les m\u00eames pr\u00e9occupations<\/strong>, que vous soyez une ONGs ou une organisation de tourisme solidaire.<br \/>\nNos collaborations actuelles nous ont permis non seulement d&#039;augmenter notre reconnaissance aupr\u00e8s des financeurs institutionnels mais aussi de d\u00e9montrer que notre souci de partage n&rsquo;est pas qu&rsquo;une simple d\u00e9claration.<\/p>\n<p><strong>Les possibilit\u00e9s de collaboration sont multiples :<\/strong><\/p>\n<ul>\n<li>Promotion de circuits \u00e9co-touristiques<\/li>\n<li>R\u00e9alisation de circuits ou s\u00e9jours en commun sur des th\u00e8mes sp\u00e9cifiques<\/li>\n<li>Implication dans les projets d&rsquo;aide aux communaut\u00e9s, tels que les cong\u00e9s solidaires<\/li>\n<li>Echange de liens depuis votre page Internet vers la n\u00f4tre : http:\/\/www.latitudsur.org\/<\/li>\n<li>Insertion d&#039;une banni\u00e8re Latitud Sur sur votre site<\/li>\n<\/ul>\n<p>N&rsquo;h\u00e9sitez pas \u00e0 <a href=\"\/dev\/developpement\/contact\/\">nous contacter<\/a> pour toute collaboration.<br \/>\n&nbsp;<\/p>\n<h4>Cong\u00e9s Solidaires pour les entreprises<\/h4>\n<p>Cette forme de collaboration, dont le <a href=\"http:\/\/fr.wikipedia.org\/wiki\/Cong%C3%A9_solidaire\" target=\"_blank\">concept<\/a> a \u00e9t\u00e9 d\u00e9velopp\u00e9 par <a href=\"http:\/\/www.planete-urgence.org\/\" target=\"_blank\">Plan\u00e8te Urgence<\/a>, rec\u00e8le de nombreux avantages, tant pour l&#039;entreprise que pour notre organisation mais surtout pour l&#039;employ\u00e9 qui en b\u00e9n\u00e9ficie et qui, au travers de son exp\u00e9rience fera profiter son entourage professionnel de nouvelles id\u00e9es et valeurs.<\/p>\n<p>Pour en savoir plus, visitez notre page consacr\u00e9e \u00e0 ce sujet: le <a href=\"\/dev\/developpement\/conges-solidaires\/\">Cong\u00e9 Solidaire<\/a>.<br \/>\n&nbsp;<\/p>\n<h4>Notre banni\u00e8re<\/h4>\n<p><a href=\"https:\/\/latitudsur.org\/dev\/wp-content\/uploads\/sites\/2\/2015\/06\/banniere-latitudsur1.jpg\"><img decoding=\"async\" src=\"https:\/\/latitudsur.org\/dev\/wp-content\/uploads\/sites\/2\/2015\/06\/banniere-latitudsur1.jpg\" alt=\"banniere-latitudsur1\" \/><\/a><\/p>\n<h4>Nos r\u00e9seaux<\/h4>\n<p>Latitud Sur fait partie du r\u00e9seau <strong>1% pour la Plan\u00e8te<\/strong>.<\/p>\n<p><a href=\"https:\/\/latitudsur.org\/dev\/wp-content\/uploads\/sites\/2\/2015\/06\/1percentfortheplanet_partner_badge_200x250_France.png\"><img loading=\"lazy\" decoding=\"async\" class=\"alignnone size-full wp-image-825\" src=\"https:\/\/latitudsur.org\/dev\/wp-content\/uploads\/sites\/2\/2015\/06\/1percentfortheplanet_partner_badge_200x250_France.png\" alt=\"1percentfortheplanet_partner_badge_200x250_France\" width=\"200\" height=\"250\" \/><\/a><\/p>","protected":false},"excerpt":{"rendered":"<p>Partenariat Devenons partenaires Nous sommes ouverts \u00e0 toute proposition professionnelle de partenariat et n&rsquo;h\u00e9siterons pas \u00e0 l&#039;\u00e9tudier sur la base d&#039;int\u00e9r\u00eats partag\u00e9s au b\u00e9n\u00e9fice des communaut\u00e9s. Conscients de la n\u00e9cessit\u00e9 de nous rassembler en r\u00e9seau pour une plus grande efficacit\u00e9<span class=\"ellipsis\">&hellip;<\/span><\/p>\n<div class=\"read-more\"><a href=\"https:\/\/latitudsur.org\/dev\/fr\/partenariat\/\">Lire la suite &#8250;<\/a><\/div>\n<p><!-- end of .read-more --><\/p>\n","protected":false},"author":1,"featured_media":0,"parent":0,"menu_order":0,"comment_status":"closed","ping_status":"open","template":"template-page.php","meta":{"footnotes":""},"class_list":["post-107","page","type-page","status-publish","hentry"],"_links":{"self":[{"href":"https:\/\/latitudsur.org\/dev\/fr\/wp-json\/wp\/v2\/pages\/107","targetHints":{"allow":["GET"]}}],"collection":[{"href":"https:\/\/latitudsur.org\/dev\/fr\/wp-json\/wp\/v2\/pages"}],"about":[{"href":"https:\/\/latitudsur.org\/dev\/fr\/wp-json\/wp\/v2\/types\/page"}],"author":[{"embeddable":true,"href":"https:\/\/latitudsur.org\/dev\/fr\/wp-json\/wp\/v2\/users\/1"}],"replies":[{"embeddable":true,"href":"https:\/\/latitudsur.org\/dev\/fr\/wp-json\/wp\/v2\/comments?post=107"}],"version-history":[{"count":0,"href":"https:\/\/latitudsur.org\/dev\/fr\/wp-json\/wp\/v2\/pages\/107\/revisions"}],"wp:attachment":[{"href":"https:\/\/latitudsur.org\/dev\/fr\/wp-json\/wp\/v2\/media?parent=107"}],"curies":[{"name":"wp","href":"https:\/\/api.w.org\/{rel}","templated":true}]}}