{"id":111,"date":"2015-03-09T15:03:48","date_gmt":"2015-03-09T14:03:48","guid":{"rendered":"http:\/\/latitudsur.org\/developpement\/?page_id=111"},"modified":"2015-03-09T15:03:48","modified_gmt":"2015-03-09T14:03:48","slug":"les-conges-solidaires","status":"publish","type":"page","link":"https:\/\/latitudsur.org\/dev\/fr\/les-conges-solidaires\/","title":{"rendered":"Les cong\u00e9s solidaires"},"content":{"rendered":"<p>Vous \u00eates une entreprise dynamique sur le plan de la responsabilit\u00e9 socio-environnementale (RSE). Vous cherchez \u00e0 insuffler \u00e0 vos salari\u00e9s un esprit d\u2019\u00e9quipe ou bien souhaitez r\u00e9compenser vos meilleurs vendeurs en leur proposant un voyage incentive ayant du sens, c\u2019est-\u00e0-dire solidaire et hors des sentiers battus. Vous misez sur l\u2019\u00e9co-volontariat en entreprise. Bref, l\u2019humain et l\u2019\u00e9cologie sont vos axes de d\u00e9veloppement en interne.<\/p>\n<p>Latitud Sur vous propose diff\u00e9rentes formules de cong\u00e9s solidaires sur-mesure et en groupe en Amazonie p\u00e9ruvienne. Cela peut aller de l\u2019\u00e9co-volontariat cibl\u00e9 (s\u00e9jour dans un village am\u00e9rindien pour planter des arbres avec notre \u00e9quipe) \u00e0 une croisi\u00e8re solidaire pour un groupe de 10 salari\u00e9s. Cette offre peut se combiner \u00e0 un m\u00e9c\u00e9nat d\u2019entreprise. Blach\u00e8re Illumination et Maisons du Monde sont les premiers \u00e0 avoir engag\u00e9 cette d\u00e9marche avec nous. Rejoignez-nous !<\/p>\n<div style=\"float:left\">\n<a href=\"\/dev\/wp-content\/uploads\/sites\/2\/2015\/06\/bateau.jpg\"><img loading=\"lazy\" decoding=\"async\" src=\"\/dev\/wp-content\/uploads\/sites\/2\/2015\/06\/bateau-300x234.jpg\" alt=\"bateau\" width=\"300\" height=\"234\" \/><\/a>\n<\/div>\n<div style=\"padding-top:50px\">\n<p align=\"center\"><strong>Exemple de 10 jours de croisi\u00e8re en cong\u00e9s solidaires<\/strong><\/p>\n<p align=\"center\"><strong>pour moins de 2000 \u20ac\/salari\u00e9 tout compris<\/strong><\/p>\n<\/div>\n<div style=\"clear:both\">\n<p><strong>J1<\/strong> Visite du quartier de Belen, repas en ville, visite de la presse COPASIMOL d\u2019huile de Sacha Inchi (projet Man&amp;Nature-MDM) l\u2019apr\u00e8s-midi, d\u00eener \u00e0 Iquitos et nuit \u00e0 l\u2019h\u00f4tel<\/div>\n<p><strong>J2<\/strong> Dans le village de Fray Martin : activit\u00e9 de reboisement, parrainage d\u2019arbres, travail en p\u00e9pini\u00e8re (projet Forestever-GoodPlanet) puis marche jusqu&rsquo;au centre d\u2019investigation botanique Kapitari o\u00f9 nous logerons.<\/p>\n<p><strong>J3<\/strong> Environs d\u2019Iquitos (Kapitari) : atelier sur les plantes m\u00e9dicinales toute la journ\u00e9e puis embarquement sur le Selva Viva, soir\u00e9e de bienvenue et nuit sur place.<\/p>\n<p><strong>J4<\/strong>  Selva Viva : d\u00e9but de la croisi\u00e8re solidaire (7 jours) : remont\u00e9e de l\u2019Amazone jusqu\u2019\u00e0 Tahuayo : atelier d\u2019artisanat avec les femmes de l\u2019association Huaysi , soir\u00e9e danses et musiques traditionnelles<\/p>\n<p><strong>J5<\/strong> Selva Viva : remont\u00e9e jusqu\u2019au village \u201c20 de Enero\u201d et visite de notre projet de production d\u2019huile grasse d\u2019Aguaje (projet Man&amp;Nature-MDM).<\/p>\n<p><strong>J6<\/strong> Selva Viva : remont\u00e9e du Rio Mara\u00f1on jusqu\u2019au village cocama de Solterito, bivouac en for\u00eat (facultatif)<\/p>\n<p><strong>J7<\/strong> Selva Viva : \u00e0 Solterito, visite des jardins et de la pileuse \u00e0 riz Latitud Sur, des n\u00e9nuphars g\u00e9ants Victoria R\u00e9gia, p\u00eache et partage avec le village<\/p>\n<p><strong>J8<\/strong> Selva Viva : redescente du Mara\u00f1on jusqu\u2019\u00e0 Nauta Cano : visite ornithologique dans la R\u00e9serve Naturelle Pacaya Samiria<\/p>\n<p><strong>J9<\/strong> Selva Viva : sur le retour \u00e0 Iquitos, recherche des dauphins \u00e0 l\u2019embouchure de l\u2019Ucayali et du Mara\u00f1on \u00e0 l\u2019endroit pr\u00e9cis o\u00f9 l\u2019Amazone prend son nom, arr\u00eat au village de Jaldar et visite des lagunes (p\u00eache et observation de la faune) + derni\u00e8re soir\u00e9e sur le Selva Viva<\/p>\n<p><strong>J10<\/strong> Selva Viva : Visite d\u2019une fabrique de bateaux traditionnels en bois, retour Iquitos \u00e0 midi, apr\u00e8s-midi libre \u00e0 Iquitos, H\u00f4tel, soir\u00e9e de bilan avec notre charg\u00e9e de mission<\/p>\n<p><strong>VOYEZ LE MAGNIFIQUE BOOK DE MAISONS DU MONDE POUR SES COLLABORATEURS : <a href=\"\/dev\/wp-content\/uploads\/sites\/2\/2015\/03\/Book_Conges_solidaires_MdM_Perou_2012.pdf\"><img loading=\"lazy\" decoding=\"async\" class=\"alignnone size-full wp-image-783\" src=\"\/dev\/wp-content\/uploads\/sites\/2\/2015\/06\/pdf.jpg\" alt=\"pdf\" width=\"30\" height=\"30\" \/><\/a><br \/>\nET <a href=\"https:\/\/vimeo.com\/57923366\" target=\"_blank\">LA VIDEO REALISEE PAR MAISONS DU MONDE<\/a> : <a href=\"\/dev\/wp-content\/uploads\/sites\/2\/2015\/06\/video.jpg\"><img loading=\"lazy\" decoding=\"async\" class=\"alignnone size-full wp-image-807\" src=\"\/dev\/wp-content\/uploads\/sites\/2\/2015\/06\/video.jpg\" alt=\"video\" width=\"30\" height=\"30\" \/><\/a><\/strong><\/p>","protected":false},"excerpt":{"rendered":"<p>Vous \u00eates une entreprise dynamique sur le plan de la responsabilit\u00e9 socio-environnementale (RSE). Vous cherchez \u00e0 insuffler \u00e0 vos salari\u00e9s un esprit d\u2019\u00e9quipe ou bien souhaitez r\u00e9compenser vos meilleurs vendeurs en leur proposant un voyage incentive ayant du sens, c\u2019est-\u00e0-dire<span class=\"ellipsis\">&hellip;<\/span><\/p>\n<div class=\"read-more\"><a href=\"https:\/\/latitudsur.org\/dev\/fr\/les-conges-solidaires\/\">Lire la suite &#8250;<\/a><\/div>\n<p><!-- end of .read-more --><\/p>\n","protected":false},"author":1,"featured_media":0,"parent":0,"menu_order":0,"comment_status":"closed","ping_status":"open","template":"template-page.php","meta":{"footnotes":""},"class_list":["post-111","page","type-page","status-publish","hentry"],"_links":{"self":[{"href":"https:\/\/latitudsur.org\/dev\/fr\/wp-json\/wp\/v2\/pages\/111","targetHints":{"allow":["GET"]}}],"collection":[{"href":"https:\/\/latitudsur.org\/dev\/fr\/wp-json\/wp\/v2\/pages"}],"about":[{"href":"https:\/\/latitudsur.org\/dev\/fr\/wp-json\/wp\/v2\/types\/page"}],"author":[{"embeddable":true,"href":"https:\/\/latitudsur.org\/dev\/fr\/wp-json\/wp\/v2\/users\/1"}],"replies":[{"embeddable":true,"href":"https:\/\/latitudsur.org\/dev\/fr\/wp-json\/wp\/v2\/comments?post=111"}],"version-history":[{"count":0,"href":"https:\/\/latitudsur.org\/dev\/fr\/wp-json\/wp\/v2\/pages\/111\/revisions"}],"wp:attachment":[{"href":"https:\/\/latitudsur.org\/dev\/fr\/wp-json\/wp\/v2\/media?parent=111"}],"curies":[{"name":"wp","href":"https:\/\/api.w.org\/{rel}","templated":true}]}}