{"id":1769,"date":"2016-07-01T22:02:26","date_gmt":"2016-07-01T21:02:26","guid":{"rendered":"http:\/\/latitudsur.org\/developpement\/?page_id=1769"},"modified":"2016-07-01T22:02:26","modified_gmt":"2016-07-01T21:02:26","slug":"tourisme-communautaire-andes-equateur","status":"publish","type":"page","link":"https:\/\/latitudsur.org\/dev\/fr\/nos-missions\/tourisme-culture\/tourisme-communautaire-andes-equateur\/","title":{"rendered":"Tourisme communautaire dans les Andes \u00e9quatoriennes"},"content":{"rendered":"<p><\/p>\n<table border=\"0\" cellpadding=\"3\">\n<tbody>\n<tr>\n<td colspan=\"2\">\n<div>\n<h4 align=\"left\"><img loading=\"lazy\" decoding=\"async\" src=\"\/dev\/wp-content\/uploads\/sites\/2\/2015\/06\/tourismeculture.png\" alt=\"tourismeculture\" width=\"64\" height=\"64\" \/>FICHE PROJET &#8211; TOURISME ET CULTURE<\/h4>\n<\/div>\n<\/td>\n<\/tr>\n<tr>\n<td><img loading=\"lazy\" decoding=\"async\" src=\"\/dev\/wp-content\/uploads\/sites\/2\/2015\/06\/encours.jpg\" alt=\"encours\" width=\"114\" height=\"58\" \/><\/td>\n<td bgcolor=\"#ffff99\">Pays d&rsquo;action : EQUATEUR<br \/>\nDate de d\u00e9but : Mars 2015<br \/>\nDur\u00e9e : plusieurs phases de 2 mois se succ\u00e9dant<\/td>\n<\/tr>\n<tr>\n<td bgcolor=\"#e3f09d\" width=\"27%\">\n<h4>Objectif g\u00e9n\u00e9ral<\/h4>\n<\/td>\n<td bgcolor=\"#e3f09d\">Am\u00e9liorer les services rendus dans l\u2019initiative de tourisme communautaire de San Clemente:<\/p>\n<ul>\n<li>Appuyer la production interne d\u2019aliments au b\u00e9n\u00e9fice des touristes autant que des membres de la communaut\u00e9<\/li>\n<li>Am\u00e9liorer les conditions d\u2019accueil des familles<\/li>\n<li>Int\u00e9grer d\u2019autres familles au projet de tourisme<\/li>\n<\/ul>\n<\/td>\n<\/tr>\n<tr>\n<td>\n<h4>Objectifs sp\u00e9cifiques<\/h4>\n<\/td>\n<td>\n<ul>\n<li>PHASE 1 :\n<ul>\n<li>Prot\u00e9ger les parcelles de production (mise en place de cl\u00f4tures)<\/li>\n<li>Identifier les am\u00e9liorations potentielles des lieux d\u2019accueil de chaque famille par rapport \u00e0 un standard commun<\/li>\n<li>Motiver l\u2019agence locale francophone Terra Ecuador \u00e0 envoyer plus de visiteurs dans la communaut\u00e9<\/li>\n<\/ul>\n<\/li>\n<li> PHASE 2 :\n<ul>\n<li>Effectuer ces am\u00e9liorations pour \u00e9viter des conditions disparates entre familles<\/li>\n<\/ul>\n<\/li>\n<\/ul>\n<\/td>\n<\/tr>\n<tr>\n<td bgcolor=\"#e3f09d\">\n<h4>Zone d\u2019action<\/h4>\n<\/td>\n<td bgcolor=\"#e3f09d\">\n<ul>\n<li>Province andine de l\u2019Imbabura (environs d&rsquo;Ibarra)<\/li>\n<\/ul>\n<\/td>\n<\/tr>\n<tr>\n<td>\n<h4>B\u00e9n\u00e9ficiaires<\/h4>\n<\/td>\n<td>\n<ul>\n<li>La communaut\u00e9 karanqui (kichwa) de San Clemente<\/li>\n<\/ul>\n<\/td>\n<\/tr>\n<tr>\n<td bgcolor=\"#e3f09d\">\n<h4>Organisation porteuse du projet<\/h4>\n<\/td>\n<td bgcolor=\"#e3f09d\">\n<ul>\n<li>LATITUD SUR<\/li>\n<\/ul>\n<\/td>\n<\/tr>\n<tr>\n<td>\n<h4>Partenariats locaux<\/h4>\n<\/td>\n<td>\n<ul>\n<li>TERRA ANDINA ECUADOR<\/li>\n<\/ul>\n<\/td>\n<\/tr>\n<tr>\n<td bgcolor=\"#e3f09d\">\n<h4>Soutiens internationaux<\/h4>\n<\/td>\n<td bgcolor=\"#e3f09d\">\n<ul>\n<li>CONTINENTS INSOLITES (Agence de Voyage francophone)<\/li>\n<\/ul>\n<\/td>\n<\/tr>\n<tr>\n<td>\n<h4>Site web de r\u00e9f\u00e9rence<\/h4>\n<\/td>\n<td>\n<ul>\n<li>N.A.<\/li>\n<\/ul>\n<\/td>\n<\/tr>\n<tr>\n<td bgcolor=\"#e3f09d\">\n<h4>R\u00e9sultats obtenus<br \/>\n(ou attendus)<\/h4>\n<\/td>\n<td bgcolor=\"#e3f09d\">&nbsp;<\/p>\n<ul>\n<li>Un \u00e9tat des lieux a \u00e9t\u00e9 dress\u00e9 des am\u00e9liorations potentielles \u00e0 apporter,<\/li>\n<li>Plusieurs parcelles ont \u00e9t\u00e9 cl\u00f4tur\u00e9es et permettent de prot\u00e9ger les cultures des visites d\u2019animaux sauvages,<\/li>\n<li>Un nouveau besoin de stockage d\u2019eau de pluie ou de ruissellement a \u00e9t\u00e9 identifi\u00e9 pour passer la saison s\u00e8che,<\/li>\n<li>De nouvelles familles ont manifest\u00e9 leur envie d\u2019int\u00e9grer le projet,<\/li>\n<li>L\u2019agence Terra Ecuador a augment\u00e9 son flux de visiteurs.<\/li>\n<\/ul>\n<\/td>\n<\/tr>\n<tr>\n<td>\n<h4>Perspectives<\/h4>\n<\/td>\n<td>\n<ul>\n<li>Poursuite vers une am\u00e9lioration de l&rsquo;offre d&rsquo;accueil, vers plus d&rsquo;activit\u00e9s li\u00e9es \u00e0 la culture sp\u00e9cifique de ce peuple, et vers une autonomie croissante en alimentation.<\/li>\n<\/ul>\n<\/td>\n<\/tr>\n<\/tbody>\n<\/table>\n<p><a href=\"https:\/\/latitudsur.org\/dev\/wp-content\/uploads\/sites\/2\/2016\/07\/San-Clemente-01.jpg\"><img loading=\"lazy\" decoding=\"async\" class=\"alignnone wp-image-1775 size-medium\" src=\"https:\/\/latitudsur.org\/dev\/developpement\/wp-content\/uploads\/sites\/2\/2016\/07\/San-Clemente-01-300x200.jpg\" alt=\"San-Clemente-L'exemple de maison d'accueil id\u00e9ale\" width=\"300\" height=\"200\" srcset=\"https:\/\/latitudsur.org\/dev\/wp-content\/uploads\/sites\/2\/2016\/07\/San-Clemente-01-300x200.jpg 300w, https:\/\/latitudsur.org\/dev\/wp-content\/uploads\/sites\/2\/2016\/07\/San-Clemente-01-1024x682.jpg 1024w, https:\/\/latitudsur.org\/dev\/wp-content\/uploads\/sites\/2\/2016\/07\/San-Clemente-01-768x512.jpg 768w, https:\/\/latitudsur.org\/dev\/wp-content\/uploads\/sites\/2\/2016\/07\/San-Clemente-01-1536x1024.jpg 1536w, https:\/\/latitudsur.org\/dev\/wp-content\/uploads\/sites\/2\/2016\/07\/San-Clemente-01.jpg 2000w\" sizes=\"auto, (max-width: 300px) 100vw, 300px\" \/><\/a>  <a href=\"https:\/\/latitudsur.org\/dev\/wp-content\/uploads\/sites\/2\/2016\/07\/San-Clemente-02.jpg\"><img loading=\"lazy\" decoding=\"async\" class=\"alignnone wp-image-1776 size-medium\" src=\"https:\/\/latitudsur.org\/dev\/developpement\/wp-content\/uploads\/sites\/2\/2016\/07\/San-Clemente-02-300x200.jpg\" alt=\"San-Clemente-Parcelle\" width=\"300\" height=\"200\" srcset=\"https:\/\/latitudsur.org\/dev\/wp-content\/uploads\/sites\/2\/2016\/07\/San-Clemente-02-300x200.jpg 300w, https:\/\/latitudsur.org\/dev\/wp-content\/uploads\/sites\/2\/2016\/07\/San-Clemente-02-1024x682.jpg 1024w, https:\/\/latitudsur.org\/dev\/wp-content\/uploads\/sites\/2\/2016\/07\/San-Clemente-02-768x512.jpg 768w, https:\/\/latitudsur.org\/dev\/wp-content\/uploads\/sites\/2\/2016\/07\/San-Clemente-02-1536x1024.jpg 1536w, https:\/\/latitudsur.org\/dev\/wp-content\/uploads\/sites\/2\/2016\/07\/San-Clemente-02.jpg 2000w\" sizes=\"auto, (max-width: 300px) 100vw, 300px\" \/><\/a><\/p>","protected":false},"excerpt":{"rendered":"<p>FICHE PROJET &#8211; TOURISME ET CULTURE Pays d&rsquo;action : EQUATEUR Date de d\u00e9but : Mars 2015 Dur\u00e9e : plusieurs phases de 2 mois se succ\u00e9dant Objectif g\u00e9n\u00e9ral Am\u00e9liorer les services rendus dans l\u2019initiative de tourisme communautaire de San Clemente: Appuyer<span class=\"ellipsis\">&hellip;<\/span><\/p>\n<div class=\"read-more\"><a href=\"https:\/\/latitudsur.org\/dev\/fr\/nos-missions\/tourisme-culture\/tourisme-communautaire-andes-equateur\/\">Lire la suite &#8250;<\/a><\/div>\n<p><!-- end of .read-more --><\/p>\n","protected":false},"author":1,"featured_media":0,"parent":77,"menu_order":0,"comment_status":"closed","ping_status":"closed","template":"","meta":{"footnotes":""},"class_list":["post-1769","page","type-page","status-publish","hentry"],"_links":{"self":[{"href":"https:\/\/latitudsur.org\/dev\/fr\/wp-json\/wp\/v2\/pages\/1769","targetHints":{"allow":["GET"]}}],"collection":[{"href":"https:\/\/latitudsur.org\/dev\/fr\/wp-json\/wp\/v2\/pages"}],"about":[{"href":"https:\/\/latitudsur.org\/dev\/fr\/wp-json\/wp\/v2\/types\/page"}],"author":[{"embeddable":true,"href":"https:\/\/latitudsur.org\/dev\/fr\/wp-json\/wp\/v2\/users\/1"}],"replies":[{"embeddable":true,"href":"https:\/\/latitudsur.org\/dev\/fr\/wp-json\/wp\/v2\/comments?post=1769"}],"version-history":[{"count":0,"href":"https:\/\/latitudsur.org\/dev\/fr\/wp-json\/wp\/v2\/pages\/1769\/revisions"}],"up":[{"embeddable":true,"href":"https:\/\/latitudsur.org\/dev\/fr\/wp-json\/wp\/v2\/pages\/77"}],"wp:attachment":[{"href":"https:\/\/latitudsur.org\/dev\/fr\/wp-json\/wp\/v2\/media?parent=1769"}],"curies":[{"name":"wp","href":"https:\/\/api.w.org\/{rel}","templated":true}]}}