{"id":28,"date":"2015-03-02T11:20:53","date_gmt":"2015-03-02T10:20:53","guid":{"rendered":"http:\/\/latitudsur.org\/developpement\/?page_id=28"},"modified":"2015-03-02T11:20:53","modified_gmt":"2015-03-02T10:20:53","slug":"latitud-sur","status":"publish","type":"page","link":"https:\/\/latitudsur.org\/dev\/fr\/latitud-sur\/","title":{"rendered":"LATITUD SUR"},"content":{"rendered":"<p><\/p>\n<h2>D\u00e9veloppement Durable &amp; Communaut\u00e9s<\/h2>\n<p>LATITUD SUR est une organisation non gouvernementale p\u00e9ruvienne, \u00e9quatorienne et mexicaine, de d\u00e9veloppement, de par son implantation l\u00e9gale dans chacun de ces pays. Nous poursuivons quatre objectifs d\u00e9clin\u00e9s en missions visant \u00e0 renforcer l\u2019autonomie et la capacit\u00e9 d\u2019autogestion des communaut\u00e9s indig\u00e8nes des territoires de Haute-Amazonie (P\u00e9rou-\u00c9quateur) et du Mexique :<\/p>\n<p><img decoding=\"async\" style=\"float: left;margin-right: 10px;width: 320px;height: 350px\" src=\"\/dev\/wp-content\/uploads\/sites\/2\/2015\/05\/accueuildev.jpg\" \/><\/p>\n<div><a style=\"float: left;margin: 2px;padding: 0\" href=\"\/dev\/developpement\/nos-missions\/environnement\/\" target=\"_self\" rel=\"noopener noreferrer\"><img decoding=\"async\" style=\"margin-top: 5px\" src=\"\/dev\/wp-content\/uploads\/sites\/2\/2015\/06\/1.jpg\" alt=\"\" \/><\/a><\/p>\n<p style=\"font-size: 12px\"><u><a href=\"\/dev\/developpement\/nos-missions\/environnement\/\" target=\"_self\" rel=\"noopener noreferrer\">Environnement<\/a><\/u>: pr\u00e9server l\u2019environnement et la biodiversit\u00e9 comme patrimoine.<\/p>\n<p><a style=\"float: left;margin: 2px;padding: 0\" href=\"\/dev\/developpement\/nos-missions\/developpement-durable\/\" target=\"_self\" rel=\"noopener noreferrer\"><img decoding=\"async\" style=\"margin-top: 5px\" src=\"\/dev\/wp-content\/uploads\/sites\/2\/2015\/06\/2.jpg\" alt=\"\" \/><\/a><\/p>\n<p style=\"font-size: 12px\"><u><a href=\"\/dev\/developpement\/nos-missions\/developpement-durable\/\" target=\"_self\" rel=\"noopener noreferrer\">D\u00e9veloppement durable<\/a><\/u>: proposer aux communaut\u00e9s des alternatives valorisant leurs connaissances.<\/p>\n<p><a style=\"float: left;margin: 2px;padding: 0\" href=\"\/dev\/developpement\/nos-missions\/sante-education\/\" target=\"_self\" rel=\"noopener noreferrer\"><img decoding=\"async\" style=\"margin-top: 5px\" src=\"\/dev\/wp-content\/uploads\/sites\/2\/2015\/06\/3.jpg\" alt=\"\" \/><\/a><\/p>\n<p style=\"font-size: 12px\"><u><a href=\"\/dev\/developpement\/nos-missions\/sante-education\/\" target=\"_self\" rel=\"noopener noreferrer\">Sant\u00e9 &amp; \u00e9ducation<\/a><\/u>: int\u00e9grer la m\u00e9decine traditionnelle aux services de sant\u00e9 et d&rsquo;\u00e9ducation primaires.<\/p>\n<p><a style=\"float: left;margin: 2px;padding: 0\" href=\"\/dev\/developpement\/nos-missions\/tourisme-culture\/\" target=\"_self\" rel=\"noopener noreferrer\"><img decoding=\"async\" style=\"margin-top: 5px\" src=\"\/dev\/wp-content\/uploads\/sites\/2\/2015\/06\/4.jpg\" alt=\"\" \/><\/a><\/p>\n<p style=\"font-size: 12px\"><u><a href=\"\/dev\/developpement\/nos-missions\/tourisme-culture\/\" target=\"_self\" rel=\"noopener noreferrer\">Tourisme &amp; culture<\/a><\/u>: d\u00e9velopper un tourisme solidaire et respectueux des cultures autochtones.<\/p>\n<p><img decoding=\"async\" src=\"\/dev\/wp-content\/uploads\/sites\/2\/2015\/06\/costa.jpg\" alt=\"\" \/><\/p>\n<\/div>\n<p>B\u00e2tis sur un concept innovant (approche syst\u00e9mique, travail en r\u00e9seau, dynamisation des savoirs, formation itin\u00e9rante), nos projets tendent \u00e0 mettre en relation de nombreux acteurs locaux de natures diff\u00e9rentes (universit\u00e9s, instituts de recherche, ONG locales, organisations indig\u00e8nes\u2026).<br \/>\n<img decoding=\"async\" style=\"float: left;margin-right: 20px\" src=\"\/dev\/wp-content\/uploads\/sites\/2\/2015\/06\/indien.jpg\" \/><\/p>\n<p>Le but est de procurer aux populations autochtones une meilleure ma\u00eetrise de leurs milieux et une meilleure int\u00e9gration dans la soci\u00e9t\u00e9 moderne.<br \/>\n<img decoding=\"async\" src=\"\/dev\/wp-content\/uploads\/sites\/2\/2015\/06\/fillette.jpg\" \/><br \/>\nGr\u00e2ce \u00e0 son expertise technique et \u00e0 ses moyens logistiques, LATITUD SUR se positionne \u00e0 la fois comme un acteur de terrain (bateau-\u00e9cole, tourisme solidaire) et un coordinateur de projets en lien avec des partenaires locaux et des bailleurs de fonds institutionnels. D\u00e8s lors, LATITUD SUR est ouvert \u00e0 toute proposition de collaboration dont l\u2019objectif serve les populations autochtones ou leur environnement.<\/p>\n<p>Dans le cadre de la r\u00e9alisation de nos projets, nous sommes toujours \u00e0 la recherche de soutiens, humains ou financiers.<\/p>\n<p>N&rsquo;h\u00e9sitez pas \u00e0 nous <a href=\"\/dev\/developpement\/contact\/\" target=\"_self\" rel=\"noopener noreferrer\">contacter<\/a> !<\/p>\n<h4>Compr\u00e9hension de nos projets, les ic\u00f4nes<\/h4>\n<p>Tous nos projets sont class\u00e9s suivant les th\u00e9matiques identifi\u00e9es par les ic\u00f4nes.<br \/>\nNous vous sugg\u00e9rons de d\u00e9couvrir ces projets dans les 4 domaines d&rsquo;actions qui sont les n\u00f4tres.<\/p>\n<div style=\"margin: 0 auto 0 auto;width: 560px\">\n<div style=\"margin-right: 20px;text-align: center\"><img decoding=\"async\" style=\"width: 64px;height: 64px\" src=\"\/dev\/wp-content\/uploads\/sites\/2\/2015\/06\/environnement.png\" \/><a href=\"\/dev\/developpement\/nos-missions\/environnement\/\">Environnement<\/a><\/div>\n<div style=\"margin-right: 20px;text-align: center\"><img decoding=\"async\" style=\"width: 64px;height: 64px\" src=\"\/dev\/wp-content\/uploads\/sites\/2\/2015\/06\/devdurable.png\" \/><a href=\"\/dev\/developpement\/nos-missions\/developpement-durable\/\">D\u00e9veloppement Durable<\/a><\/div>\n<div style=\"margin-right: 20px;text-align: center\"><img decoding=\"async\" style=\"width: 64px;height: 64px\" src=\"\/dev\/wp-content\/uploads\/sites\/2\/2015\/06\/santeeducation.jpg\" \/><a href=\"\/dev\/developpement\/nos-missions\/sante-education\/\">Sant\u00e9 &amp; \u00c9ducation<\/a><\/div>\n<div style=\"text-align: center\"><img decoding=\"async\" style=\"width: 64px;height: 64px\" src=\"\/dev\/wp-content\/uploads\/sites\/2\/2015\/06\/tourismeculture.png\" \/><a href=\"\/dev\/developpement\/nos-missions\/tourisme-culture\/\">Tourisme &amp; Culture<\/a><\/div>\n<\/div>\n<hr \/>\n<p>Les ic\u00f4nes suivantes pr\u00e9sentent le statut de nos projets:<\/p>\n<p><img decoding=\"async\" style=\"float: left;margin-right: 20px\" src=\"\/dev\/wp-content\/uploads\/sites\/2\/2015\/06\/avenir.jpg\" \/> <strong>Futur<\/strong> : projet identifi\u00e9 comme une n\u00e9cessit\u00e9, avanc\u00e9 dans son \u00e9laboration, faisant d\u00e9j\u00e0 l&rsquo;objet d&rsquo;une recherche de financement ou sur le point de l&rsquo;\u00eatre.<\/p>\n<p><img decoding=\"async\" style=\"float: left;margin-right: 20px\" src=\"\/dev\/wp-content\/uploads\/sites\/2\/2015\/06\/encours.jpg\" \/> <strong>En cours<\/strong> : projet en cours d&rsquo;ex\u00e9cution, ayant \u00e9t\u00e9 soit enti\u00e8rement financ\u00e9, soit en partie. Dans ce dernier cas il est identifi\u00e9 par l&rsquo;ic\u00f4ne \u00ab\u00a0Partiellement Financ\u00e9\u00a0\u00bb.<\/p>\n<p><img decoding=\"async\" style=\"float: left;margin-right: 20px\" src=\"\/dev\/wp-content\/uploads\/sites\/2\/2015\/06\/termine.jpg\" \/> <strong>Termin\u00e9<\/strong> : projet achev\u00e9 dont une suite est ou n&rsquo;est pas envisag\u00e9e.<\/p>\n<hr \/>\n<p>Certains de nos projets futurs ou en cours ont des besoins de financement total ou partiel.<\/p>\n<p><img decoding=\"async\" style=\"float: left;margin-right: 50px\" src=\"\/dev\/wp-content\/uploads\/sites\/2\/2015\/06\/financement.jpg\" \/><img decoding=\"async\" src=\"\/dev\/wp-content\/uploads\/sites\/2\/2015\/06\/financementp.jpg\" \/><\/p>\n<p>Tous les projets en cours ainsi que les projets r\u00e9alis\u00e9s sont consultables via le menu \u00ab\u00a0NOS MISSIONS\u00a0\u00bb.<\/p>","protected":false},"excerpt":{"rendered":"<p>D\u00e9veloppement Durable &amp; Communaut\u00e9s LATITUD SUR est une organisation non gouvernementale p\u00e9ruvienne, \u00e9quatorienne et mexicaine, de d\u00e9veloppement, de par son implantation l\u00e9gale dans chacun de ces pays. Nous poursuivons quatre objectifs d\u00e9clin\u00e9s en missions visant \u00e0 renforcer l\u2019autonomie et la<span class=\"ellipsis\">&hellip;<\/span><\/p>\n<div class=\"read-more\"><a href=\"https:\/\/latitudsur.org\/dev\/fr\/latitud-sur\/\">Lire la suite &#8250;<\/a><\/div>\n<p><!-- end of .read-more --><\/p>\n","protected":false},"author":1,"featured_media":0,"parent":0,"menu_order":0,"comment_status":"closed","ping_status":"open","template":"template-page.php","meta":{"footnotes":""},"class_list":["post-28","page","type-page","status-publish","hentry"],"_links":{"self":[{"href":"https:\/\/latitudsur.org\/dev\/fr\/wp-json\/wp\/v2\/pages\/28","targetHints":{"allow":["GET"]}}],"collection":[{"href":"https:\/\/latitudsur.org\/dev\/fr\/wp-json\/wp\/v2\/pages"}],"about":[{"href":"https:\/\/latitudsur.org\/dev\/fr\/wp-json\/wp\/v2\/types\/page"}],"author":[{"embeddable":true,"href":"https:\/\/latitudsur.org\/dev\/fr\/wp-json\/wp\/v2\/users\/1"}],"replies":[{"embeddable":true,"href":"https:\/\/latitudsur.org\/dev\/fr\/wp-json\/wp\/v2\/comments?post=28"}],"version-history":[{"count":0,"href":"https:\/\/latitudsur.org\/dev\/fr\/wp-json\/wp\/v2\/pages\/28\/revisions"}],"wp:attachment":[{"href":"https:\/\/latitudsur.org\/dev\/fr\/wp-json\/wp\/v2\/media?parent=28"}],"curies":[{"name":"wp","href":"https:\/\/api.w.org\/{rel}","templated":true}]}}