{"id":31,"date":"2015-03-02T11:21:48","date_gmt":"2015-03-02T10:21:48","guid":{"rendered":"http:\/\/latitudsur.org\/developpement\/?page_id=31"},"modified":"2015-03-02T11:21:48","modified_gmt":"2015-03-02T10:21:48","slug":"la-structure","status":"publish","type":"page","link":"https:\/\/latitudsur.org\/dev\/fr\/latitud-sur\/la-structure\/","title":{"rendered":"La structure"},"content":{"rendered":"<p><a style=\"float:left;margin-right:15px\" href=\"\/dev\/wp-content\/uploads\/sites\/2\/2015\/03\/polastructure.jpg\"><img decoding=\"async\" src=\"\/dev\/wp-content\/uploads\/sites\/2\/2015\/03\/polastructure.jpg\" alt=\"benevolat\" \/><\/a><br \/>\n<strong><br \/>\nLATITUD SUR est une ONG de D\u00e9veloppement<\/strong> enregistr\u00e9e \u00e0 l&rsquo;APCI, agence p\u00e9ruvienne pour la coop\u00e9ration internationale, au Minist\u00e8re de la Culture en Equateur et au Secr\u00e9tariat des Relations Ext\u00e9rieures au Mexique.<\/p>\n<p>C&rsquo;est une fondation sans but lucratif d\u00e9clar\u00e9e \u00e0 la SUNAT au P\u00e9rou (enregistrement RUC n\u00b0: 20493635752), au SRI en Equateur (RUC n\u00b0: 1792224357001) et au SAT (RFC n\u00ba: ALM120315HL8) (organismes d&rsquo;\u00e9tat charg\u00e9s de la collecte des imp\u00f4ts, \u00e9quivalents de la Direction g\u00e9n\u00e9rale des imp\u00f4ts en France).<\/p>\n<p>Notre organisation est bas\u00e9e \u00e0 Lima et \u00e0 Iquitos (P\u00e9rou), \u00e0 Quito (Equateur) ainsi qu&rsquo;\u00e0 Mexico (Mexique).<\/p>\n<p>Elle dispose de relais en Europe au travers notamment de son partenaire fran\u00e7ais Arutam et d&rsquo;autres correspondants internationaux.<\/p>\n<p>Son personnel est compos\u00e9 de volontaires \u00e9trangers (souvent sous statut de VSI &#8211; Volontaire de Solidarit\u00e9 Internationale) indemnis\u00e9s, de salari\u00e9s locaux r\u00e9mun\u00e9r\u00e9s dans le cadre d&rsquo;un projet financ\u00e9 et de nombreux b\u00e9n\u00e9voles et stagiaires provenant de tous pays.<\/p>\n<p>Le conseil d&rsquo;administration est compos\u00e9 du Pr\u00e9sident de Latitud Sur, des Responsables Pays et de notre Repr\u00e9sentant en Europe.<\/p>\n<p>Latitud Sur n&rsquo;a aucune ob\u00e9dience religieuse et t\u00e2che de conserver son ind\u00e9pendance de r\u00e9flexion.<\/p>\n<p><a href=\"https:\/\/latitudsur.org\/dev\/wp-content\/uploads\/sites\/3\/2015\/03\/bandeau_humanitaire.jpg\"><img decoding=\"async\" class=\"alignnone size-medium wp-image-888\" src=\"https:\/\/latitudsur.org\/dev\/wp-content\/uploads\/sites\/3\/2015\/03\/bandeau_humanitaire.jpg\" alt=\"bandeau\" \/><\/a><\/p>","protected":false},"excerpt":{"rendered":"<p>LATITUD SUR est une ONG de D\u00e9veloppement enregistr\u00e9e \u00e0 l&rsquo;APCI, agence p\u00e9ruvienne pour la coop\u00e9ration internationale, au Minist\u00e8re de la Culture en Equateur et au Secr\u00e9tariat des Relations Ext\u00e9rieures au Mexique. C&rsquo;est une fondation sans but lucratif d\u00e9clar\u00e9e \u00e0 la<span class=\"ellipsis\">&hellip;<\/span><\/p>\n<div class=\"read-more\"><a href=\"https:\/\/latitudsur.org\/dev\/fr\/latitud-sur\/la-structure\/\">Lire la suite &#8250;<\/a><\/div>\n<p><!-- end of .read-more --><\/p>\n","protected":false},"author":1,"featured_media":0,"parent":28,"menu_order":0,"comment_status":"closed","ping_status":"open","template":"template-page.php","meta":{"footnotes":""},"class_list":["post-31","page","type-page","status-publish","hentry"],"_links":{"self":[{"href":"https:\/\/latitudsur.org\/dev\/fr\/wp-json\/wp\/v2\/pages\/31","targetHints":{"allow":["GET"]}}],"collection":[{"href":"https:\/\/latitudsur.org\/dev\/fr\/wp-json\/wp\/v2\/pages"}],"about":[{"href":"https:\/\/latitudsur.org\/dev\/fr\/wp-json\/wp\/v2\/types\/page"}],"author":[{"embeddable":true,"href":"https:\/\/latitudsur.org\/dev\/fr\/wp-json\/wp\/v2\/users\/1"}],"replies":[{"embeddable":true,"href":"https:\/\/latitudsur.org\/dev\/fr\/wp-json\/wp\/v2\/comments?post=31"}],"version-history":[{"count":0,"href":"https:\/\/latitudsur.org\/dev\/fr\/wp-json\/wp\/v2\/pages\/31\/revisions"}],"up":[{"embeddable":true,"href":"https:\/\/latitudsur.org\/dev\/fr\/wp-json\/wp\/v2\/pages\/28"}],"wp:attachment":[{"href":"https:\/\/latitudsur.org\/dev\/fr\/wp-json\/wp\/v2\/media?parent=31"}],"curies":[{"name":"wp","href":"https:\/\/api.w.org\/{rel}","templated":true}]}}