{"id":34,"date":"2015-03-02T11:22:15","date_gmt":"2015-03-02T10:22:15","guid":{"rendered":"http:\/\/latitudsur.org\/developpement\/?page_id=34"},"modified":"2015-03-02T11:22:15","modified_gmt":"2015-03-02T10:22:15","slug":"lequipe","status":"publish","type":"page","link":"https:\/\/latitudsur.org\/dev\/fr\/latitud-sur\/lequipe\/","title":{"rendered":"L&rsquo;\u00e9quipe"},"content":{"rendered":"<p><\/p>\n<table style=\"border: 0\" cellspacing=\"0\" cellpadding=\"0\">\n<tbody>\n<tr>\n<td style=\"margin: 0;padding: 0\"><img loading=\"lazy\" decoding=\"async\" src=\"\/dev\/wp-content\/uploads\/sites\/2\/2015\/06\/William_Wadoux_75px.jpg\" alt=\"William Wadoux_75px\" width=\"75\" height=\"100\" \/><\/td>\n<td style=\"margin: 0;padding: 0;width: 260px\">\n<p style=\"margin: 0;padding: 0;font-size: 12px\"><strong>William Wadoux<\/strong><br \/>\n<em>Pr\u00e9sident Latitud Sur Equateur<\/em><\/p>\n<\/td>\n<td style=\"margin: 0;padding: 0\"><img loading=\"lazy\" decoding=\"async\" src=\"\/dev\/wp-content\/uploads\/sites\/2\/2015\/06\/Philippe_Gras_75px.jpg\" alt=\"Philippe_Gras\" width=\"87\" height=\"100\" \/><\/td>\n<td style=\"margin: 0;padding: 0;width: 260px\">\n<p style=\"margin: 0;padding: 0;font-size: 12px\"><strong>Philippe Gras<\/strong><br \/>\n<em>Pr\u00e9sident Latitud Sur P\u00e9rou<\/em><\/p>\n<\/td>\n<\/tr>\n<tr>\n<td style=\"margin: 0;padding: 0\" height=\"20\"><\/td>\n<td style=\"margin: 0;padding: 0\"><\/td>\n<\/tr>\n<tr>\n<td style=\"margin: 0;padding: 0\"><img loading=\"lazy\" decoding=\"async\" src=\"\/dev\/wp-content\/uploads\/sites\/2\/2015\/06\/Adrien_Tieche_75px.jpg\" alt=\"Adrien Tieche_75px\" width=\"75\" height=\"100\" \/><\/td>\n<td style=\"margin: 0;padding: 0\">\n<p style=\"margin: 0;padding: 0;font-size: 12px\"><strong>Adrien Tieche<\/strong><br \/>\n<em>Chef de mission Mexique<\/em><\/p>\n<\/td>\n<td style=\"margin: 0;padding: 0\"><img loading=\"lazy\" decoding=\"async\" src=\"\/dev\/wp-content\/uploads\/sites\/2\/2015\/06\/JP_Costa_75px.jpg\" alt=\"JP Costa_75px\" width=\"75\" height=\"100\" \/><\/td>\n<td style=\"margin: 0;padding: 0\">\n<p style=\"margin: 0;padding: 0;font-size: 12px\"><strong>Jean-Patrick Costa<\/strong><br \/>\n<em>Relais en France.<br \/>\nPr\u00e9sident de l&rsquo;association partenaire ARUTAM<br \/>\nNotre r\u00e9f\u00e9rent en Anthropologie de la Sant\u00e9 <\/em><\/p>\n<\/td>\n<tr>\n<td style=\"margin: 0;padding: 0\" height=\"20\"><\/td>\n<td style=\"margin: 0;padding: 0\"><\/td>\n<td style=\"margin: 0;padding: 0\"><\/td>\n<td style=\"margin: 0;padding: 0\"><\/td>\n<\/tr>\n<tr>\n<td style=\"margin: 0;padding: 0\"><img loading=\"lazy\" decoding=\"async\" src=\"\/dev\/wp-content\/uploads\/sites\/2\/2015\/06\/Hernan_Ormaeche_75px.jpg\" alt=\"Hernan Ormaeche_75px\" width=\"75\" height=\"100\" \/><\/td>\n<td style=\"margin: 0;padding: 0\">\n<p style=\"margin: 0;padding: 0;font-size: 12px\"><strong>Hern\u00e1n Ormaeche<\/strong><br \/>\n<em>Capitaine du Selva Viva<\/em><\/p>\n<\/td>\n<td style=\"margin: 0;padding: 0\"><img loading=\"lazy\" decoding=\"async\" src=\"\/dev\/wp-content\/uploads\/sites\/2\/2015\/06\/Arnaud_Hugues_75px.jpg\" alt=\"Arnaud Hugues_75px\" width=\"75\" height=\"100\" \/><\/td>\n<td style=\"margin: 0;padding: 0\">\n<p style=\"margin: 0;padding: 0;font-size: 12px\"><strong>Arnaud Hugues<\/strong><br \/>\n<em>En charge des activit\u00e9s de tourisme solidaire au P\u00e9rou<\/em><\/p>\n<\/td>\n<\/tr>\n<tr>\n<td style=\"margin: 0;padding: 0\" height=\"20\"><\/td>\n<td style=\"margin: 0;padding: 0\"><\/td>\n<td style=\"margin: 0;padding: 0\"><\/td>\n<td style=\"margin: 0;padding: 0\"><\/td>\n<\/tr>\n<tr>\n<td style=\"margin: 0;padding: 0\"><img loading=\"lazy\" decoding=\"async\" src=\"\/dev\/wp-content\/uploads\/sites\/2\/2015\/06\/Silvia_del_Aguila_75px.jpg\" alt=\"Silvia del_Aguila_75px\" width=\"75\" height=\"100\" \/><\/td>\n<td style=\"margin: 0;padding: 0\">\n<p style=\"margin: 0;padding: 0;font-size: 12px\"><strong>Silvia del Aguila<\/strong><br \/>\n<em>Agronome Responsable du projet \u00ab\u00a0Chacras Integrales\u00a0\u00bb \u00e0 Iquitos &#8211; P\u00e9rou<\/em><\/p>\n<\/td>\n<td style=\"margin: 0;padding: 0\"><img loading=\"lazy\" decoding=\"async\" src=\"\/dev\/wp-content\/uploads\/sites\/2\/2015\/06\/Alejandro_Hayes_75px.jpg\" alt=\"Alejandro Hayes_75px\" width=\"75\" height=\"88\" \/><\/td>\n<td style=\"margin: 0;padding: 0\">\n<p style=\"margin: 0;padding: 0;font-size: 12px\"><strong>Alejandro Hayes Clavijo<\/strong><br \/>\n<em>Consultant en Gestion des Ressources Naturelles<\/em><\/p>\n<\/td>\n<\/tr>\n<tr>\n<td style=\"margin: 0;padding: 0\" height=\"20\"><\/td>\n<td style=\"margin: 0;padding: 0\"><\/td>\n<td style=\"margin: 0;padding: 0\"><\/td>\n<td style=\"margin: 0;padding: 0\"><\/td>\n<\/tr>\n<tr>\n<td style=\"margin: 0;padding: 0\"><img loading=\"lazy\" decoding=\"async\" src=\"\/dev\/wp-content\/uploads\/sites\/2\/2015\/06\/Willy_Ramirez_75px.jpg\" alt=\"Willy Ramirez_75px\" width=\"75\" height=\"101\" \/><\/td>\n<td style=\"margin: 0;padding: 0\">\n<p style=\"margin: 0;padding: 0;font-size: 12px\"><strong>Willy Ram\u00edrez<\/strong><br \/>\n<em>Comptable Latitud Sur P\u00e9rou<\/em><\/p>\n<\/td>\n<td style=\"margin: 0;padding: 0\"><img loading=\"lazy\" decoding=\"async\" src=\"\/dev\/wp-content\/uploads\/sites\/2\/2015\/06\/Enrique_Flores_75px.jpg\" alt=\"Enrique Flores_75px\" width=\"75\" height=\"100\" \/><\/td>\n<td style=\"margin: 0;padding: 0\">\n<p style=\"margin: 0;padding: 0;font-size: 12px\"><strong>Enrique Flores<\/strong><br \/>\n<em>Agronome du projet Huiles Essentielles en Equateur<\/em><\/p>\n<\/td>\n<\/tr>\n<tr>\n<td style=\"margin: 0;padding: 0\" height=\"20\"><\/td>\n<td style=\"margin: 0;padding: 0\"><\/td>\n<td style=\"margin: 0;padding: 0\"><\/td>\n<td style=\"margin: 0;padding: 0\"><\/td>\n<\/tr>\n<tr>\n<td style=\"margin: 0;padding: 0\"><img loading=\"lazy\" decoding=\"async\" src=\"\/dev\/wp-content\/uploads\/sites\/2\/2015\/06\/Rebecca-Vangansbeke_75px.jpg\" alt=\"Rebecca-Vangansbeke 75px\" width=\"75\" height=\"100\" \/><\/td>\n<td style=\"margin: 0;padding: 0\">\n<p style=\"margin: 0;padding: 0;font-size: 12px\"><strong>Rebecca Vangansbeke<\/strong><br \/>\n<em>Notre relai en Belgique et r\u00e9f\u00e9rence en Anthropologie<\/em><\/p>\n<\/td>\n<td style=\"margin: 0;padding: 0\"><img loading=\"lazy\" decoding=\"async\" src=\"\/dev\/wp-content\/uploads\/sites\/2\/2015\/06\/Valerie_Drevet_75px.jpg\" alt=\"Valerie Drevet_75px\" width=\"75\" height=\"100\" \/><\/td>\n<td style=\"margin: 0;padding: 0\">\n<p style=\"margin: 0;padding: 0;font-size: 12px\"><strong>Val\u00e9rie Drevet<\/strong><br \/>\n<em>Webmaster<\/em><\/p>\n<\/td>\n<\/tr>\n<\/tbody>\n<\/table>\n<p><strong>A cette \u00e9quipe s\u2019ajoutent de nombreux collaborateurs ponctuels que nous remercions pour leur implication pass\u00e9e ou en cours.<\/strong><\/p>\n<p>Vous les retrouverez \u00e0 la <a href=\"\/dev\/developpement\/latitud-sur\/lequipe\/anciens-collaborateurs\/\">page suivante<\/a>.<\/p>\n<p><strong>Pour tout contact, veuillez \u00e9crire aux adresses suivantes:<\/strong><\/p>\n<p><strong>Informations g\u00e9n\u00e9rales :<\/strong> <a href=\"mailto:info@latitudsur.org\">info \u00a9 localhost\/dev\/<\/a><br \/>\n<strong>Voyages:<\/strong> <a href=\"mailto:voyages@latitudsur.org\">voyages \u00a9 localhost\/dev\/<\/a><br \/>\n<strong>Projets de solidarit\u00e9 &amp; d\u00e9veloppement :<\/strong> <a href=\"mailto:solidarite@latitudsur.org\">solidarite \u00a9 localhost\/dev\/<\/a><br \/>\n<strong>Site internet :<\/strong> <a href=\"mailto:webmaster@latitudsur.org\">webmaster \u00a9 localhost\/dev\/<\/a><\/p>\n<p><strong>Pour conna\u00eetre nos partenaires <a href=\"\/dev\/developpement\/nos-partenaires\/organismes-privees\/\">priv\u00e9s<\/a> et <a href=\"\/dev\/developpement\/nos-partenaires\/organismes-publics\/\">publics<\/a><\/strong><\/p>","protected":false},"excerpt":{"rendered":"<p>William Wadoux Pr\u00e9sident Latitud Sur Equateur Philippe Gras Pr\u00e9sident Latitud Sur P\u00e9rou Adrien Tieche Chef de mission Mexique Jean-Patrick Costa Relais en France. Pr\u00e9sident de l&rsquo;association partenaire ARUTAM Notre r\u00e9f\u00e9rent en Anthropologie de la Sant\u00e9 Hern\u00e1n Ormaeche Capitaine du Selva<span class=\"ellipsis\">&hellip;<\/span><\/p>\n<div class=\"read-more\"><a href=\"https:\/\/latitudsur.org\/dev\/fr\/latitud-sur\/lequipe\/\">Lire la suite &#8250;<\/a><\/div>\n<p><!-- end of .read-more --><\/p>\n","protected":false},"author":1,"featured_media":0,"parent":28,"menu_order":0,"comment_status":"closed","ping_status":"open","template":"template-page.php","meta":{"footnotes":""},"class_list":["post-34","page","type-page","status-publish","hentry"],"_links":{"self":[{"href":"https:\/\/latitudsur.org\/dev\/fr\/wp-json\/wp\/v2\/pages\/34","targetHints":{"allow":["GET"]}}],"collection":[{"href":"https:\/\/latitudsur.org\/dev\/fr\/wp-json\/wp\/v2\/pages"}],"about":[{"href":"https:\/\/latitudsur.org\/dev\/fr\/wp-json\/wp\/v2\/types\/page"}],"author":[{"embeddable":true,"href":"https:\/\/latitudsur.org\/dev\/fr\/wp-json\/wp\/v2\/users\/1"}],"replies":[{"embeddable":true,"href":"https:\/\/latitudsur.org\/dev\/fr\/wp-json\/wp\/v2\/comments?post=34"}],"version-history":[{"count":0,"href":"https:\/\/latitudsur.org\/dev\/fr\/wp-json\/wp\/v2\/pages\/34\/revisions"}],"up":[{"embeddable":true,"href":"https:\/\/latitudsur.org\/dev\/fr\/wp-json\/wp\/v2\/pages\/28"}],"wp:attachment":[{"href":"https:\/\/latitudsur.org\/dev\/fr\/wp-json\/wp\/v2\/media?parent=34"}],"curies":[{"name":"wp","href":"https:\/\/api.w.org\/{rel}","templated":true}]}}