{"id":37,"date":"2015-03-02T11:23:42","date_gmt":"2015-03-02T10:23:42","guid":{"rendered":"http:\/\/latitudsur.org\/developpement\/?page_id=37"},"modified":"2015-03-02T11:23:42","modified_gmt":"2015-03-02T10:23:42","slug":"zones-dintervention","status":"publish","type":"page","link":"https:\/\/latitudsur.org\/dev\/fr\/latitud-sur\/zones-dintervention\/","title":{"rendered":"Zones d&rsquo;intervention"},"content":{"rendered":"<p>Notre zone d&#039;action potentielle est la r\u00e9sultante d&#039;histoires partag\u00e9es, de rencontres et choix de l&#039;organisation.<br \/>\nMais notre histoire a d\u00e9marr\u00e9 en Equateur et au P\u00e9rou, coeur g\u00e9ographique de nos actions actuelles.<br \/>\n<a href=\"\/dev\/developpement\/wp-content\/uploads\/sites\/2\/2015\/03\/carte_ameriques.resized.jpg\"><img loading=\"lazy\" decoding=\"async\" src=\"\/dev\/wp-content\/uploads\/sites\/2\/2015\/03\/carte_ameriques.resized.jpg\" alt=\"803243.ai\" width=\"500\" height=\"730\" class=\"aligncenter size-full wp-image-1107\" srcset=\"https:\/\/latitudsur.org\/dev\/wp-content\/uploads\/sites\/2\/2015\/03\/carte_ameriques.resized.jpg 500w, https:\/\/latitudsur.org\/dev\/wp-content\/uploads\/sites\/2\/2015\/03\/carte_ameriques.resized-205x300.jpg 205w\" sizes=\"auto, (max-width: 500px) 100vw, 500px\" \/><\/a><\/p>","protected":false},"excerpt":{"rendered":"<p>Notre zone d&#039;action potentielle est la r\u00e9sultante d&#039;histoires partag\u00e9es, de rencontres et choix de l&#039;organisation. Mais notre histoire a d\u00e9marr\u00e9 en Equateur et au P\u00e9rou, coeur g\u00e9ographique de nos actions actuelles.<\/p>\n","protected":false},"author":1,"featured_media":0,"parent":28,"menu_order":0,"comment_status":"closed","ping_status":"open","template":"template-page.php","meta":{"footnotes":""},"class_list":["post-37","page","type-page","status-publish","hentry"],"_links":{"self":[{"href":"https:\/\/latitudsur.org\/dev\/fr\/wp-json\/wp\/v2\/pages\/37","targetHints":{"allow":["GET"]}}],"collection":[{"href":"https:\/\/latitudsur.org\/dev\/fr\/wp-json\/wp\/v2\/pages"}],"about":[{"href":"https:\/\/latitudsur.org\/dev\/fr\/wp-json\/wp\/v2\/types\/page"}],"author":[{"embeddable":true,"href":"https:\/\/latitudsur.org\/dev\/fr\/wp-json\/wp\/v2\/users\/1"}],"replies":[{"embeddable":true,"href":"https:\/\/latitudsur.org\/dev\/fr\/wp-json\/wp\/v2\/comments?post=37"}],"version-history":[{"count":0,"href":"https:\/\/latitudsur.org\/dev\/fr\/wp-json\/wp\/v2\/pages\/37\/revisions"}],"up":[{"embeddable":true,"href":"https:\/\/latitudsur.org\/dev\/fr\/wp-json\/wp\/v2\/pages\/28"}],"wp:attachment":[{"href":"https:\/\/latitudsur.org\/dev\/fr\/wp-json\/wp\/v2\/media?parent=37"}],"curies":[{"name":"wp","href":"https:\/\/api.w.org\/{rel}","templated":true}]}}