{"id":40,"date":"2015-03-02T11:25:12","date_gmt":"2015-03-02T10:25:12","guid":{"rendered":"http:\/\/latitudsur.org\/developpement\/?page_id=40"},"modified":"2015-03-02T11:25:12","modified_gmt":"2015-03-02T10:25:12","slug":"ressources-a-telecharger","status":"publish","type":"page","link":"https:\/\/latitudsur.org\/dev\/fr\/latitud-sur\/ressources-a-telecharger\/","title":{"rendered":"Ressources \u00e0 t\u00e9l\u00e9charger"},"content":{"rendered":"<p>Ressources t\u00e9l\u00e9chargeables<\/p>\n<p>Bienvenue sur la page des ressources documentaires que nous mettons \u00e0 votre disposition en libre t\u00e9l\u00e9chargement. En cas d&#039;utilisation de ces documents, nous vous prions d&#039;avoir la correction de mentionner notre organisation, en respect pour les personnes qui les ont \u00e9labor\u00e9.<\/p>\n<p><a href=\"\/dev\/wp-content\/uploads\/sites\/2\/2015\/06\/santeeducation.jpg\"><img loading=\"lazy\" decoding=\"async\" width=\"124\" height=\"112\" class=\"size-full wp-image-750\" src=\"\/dev\/wp-content\/uploads\/sites\/2\/2015\/06\/santeeducation.jpg\" alt=\"santeeducation\" style=\"width:32px;height:32px;margin-right:10px\" \/><\/a><a style=\"width:500px\" href=\"\/dev\/wp-content\/uploads\/sites\/2\/2015\/03\/Affiche_Brigades_Medicales_FRA.pdf\">Affiche des Brigades M\u00e9dicales<\/a><a href=\"\/dev\/wp-content\/uploads\/sites\/2\/2015\/06\/pdf.jpg\"><img loading=\"lazy\" decoding=\"async\" width=\"30\" height=\"30\" class=\"size-full wp-image-783\" src=\"\/dev\/wp-content\/uploads\/sites\/2\/2015\/06\/pdf.jpg\" alt=\"pdf\" style=\"width:32px;height:32px\" \/><\/a><\/p>\n<p><a href=\"\/dev\/wp-content\/uploads\/sites\/2\/2015\/06\/santeeducation.jpg\"><img loading=\"lazy\" decoding=\"async\" width=\"124\" height=\"112\" class=\"size-full wp-image-750\" src=\"\/dev\/wp-content\/uploads\/sites\/2\/2015\/06\/santeeducation.jpg\" alt=\"santeeducation\" style=\"width:32px;height:32px;margin-right:10px\" \/><\/a><a style=\"width:500px\" href=\"\/dev\/wp-content\/uploads\/sites\/2\/2015\/03\/Rapport_Brigade_Medicale_Avril_2013_FRA.pdf\">Rapport Brigade M\u00e9dicale Avril 2013<\/a><a href=\"\/dev\/wp-content\/uploads\/sites\/2\/2015\/06\/pdf.jpg\"><img loading=\"lazy\" decoding=\"async\" width=\"30\" height=\"30\" class=\"size-full wp-image-783\" src=\"\/dev\/wp-content\/uploads\/sites\/2\/2015\/06\/pdf.jpg\" alt=\"pdf\" style=\"width:32px;height:32px\" \/><\/a><\/p>\n<p><a href=\"\/dev\/wp-content\/uploads\/sites\/2\/2015\/06\/santeeducation.jpg\"><img loading=\"lazy\" decoding=\"async\" width=\"124\" height=\"112\" class=\"size-full wp-image-750\" src=\"\/dev\/wp-content\/uploads\/sites\/2\/2015\/06\/santeeducation.jpg\" alt=\"santeeducation\" style=\"width:32px;height:32px;margin-right:10px\" \/><\/a><a style=\"width:500px\" href=\"\/dev\/wp-content\/uploads\/sites\/2\/2015\/03\/Rapport_Brigade_Medicale_Avril2010_Fra.pdf\">Rapport Brigade M\u00e9dicale Avril 2010<\/a><a href=\"\/dev\/wp-content\/uploads\/sites\/2\/2015\/06\/pdf.jpg\"><img loading=\"lazy\" decoding=\"async\" width=\"30\" height=\"30\" class=\"size-full wp-image-783\" src=\"\/dev\/wp-content\/uploads\/sites\/2\/2015\/06\/pdf.jpg\" alt=\"pdf\" style=\"width:32px;height:32px\" \/><\/a><\/p>\n<p><a href=\"\/dev\/wp-content\/uploads\/sites\/2\/2015\/06\/santeeducation.jpg\"><img loading=\"lazy\" decoding=\"async\" width=\"124\" height=\"112\" class=\"size-full wp-image-750\" src=\"\/dev\/wp-content\/uploads\/sites\/2\/2015\/06\/santeeducation.jpg\" alt=\"santeeducation\" style=\"width:32px;height:32px;margin-right:10px\" \/><\/a><a style=\"width:500px\" href=\"\/dev\/wp-content\/uploads\/sites\/2\/2015\/03\/Rapport_Brigade_Medicale_Nov2010_Fra.pdf\">Rapport Brigade M\u00e9dicale Novembre 2010<\/a><a href=\"\/dev\/wp-content\/uploads\/sites\/2\/2015\/06\/pdf.jpg\"><img loading=\"lazy\" decoding=\"async\" width=\"30\" height=\"30\" class=\"size-full wp-image-783\" src=\"\/dev\/wp-content\/uploads\/sites\/2\/2015\/06\/pdf.jpg\" alt=\"pdf\" style=\"width:32px;height:32px\" \/><\/a><\/p>\n<p><a href=\"\/dev\/wp-content\/uploads\/sites\/2\/2015\/06\/santeeducation.jpg\"><img loading=\"lazy\" decoding=\"async\" width=\"124\" height=\"112\" class=\"size-full wp-image-750\" src=\"\/dev\/wp-content\/uploads\/sites\/2\/2015\/06\/santeeducation.jpg\" alt=\"santeeducation\" style=\"width:32px;height:32px;margin-right:10px\" \/><\/a><a style=\"width:500px\" href=\"\/dev\/wp-content\/uploads\/sites\/2\/2015\/09\/BM-Mai-2011-FRA.pdf\">Rapport Brigade M\u00e9dicale Mai 2011<\/a><a href=\"\/dev\/wp-content\/uploads\/sites\/2\/2015\/06\/pdf.jpg\"><img loading=\"lazy\" decoding=\"async\" width=\"30\" height=\"30\" class=\"size-full wp-image-783\" src=\"\/dev\/wp-content\/uploads\/sites\/2\/2015\/06\/pdf.jpg\" alt=\"pdf\" style=\"width:32px;height:32px\" \/><\/a><\/p>\n<p><a href=\"\/dev\/wp-content\/uploads\/sites\/2\/2015\/06\/santeeducation.jpg\"><img loading=\"lazy\" decoding=\"async\" width=\"124\" height=\"112\" class=\"size-full wp-image-750\" src=\"\/dev\/wp-content\/uploads\/sites\/2\/2015\/06\/santeeducation.jpg\" alt=\"santeeducation\" style=\"width:32px;height:32px;margin-right:10px\" \/><\/a><a style=\"width:500px\" href=\"\/dev\/wp-content\/uploads\/sites\/2\/2015\/03\/Rapport_Brigade_Medicale_Nov_2011_FRA.pdf\">Rapport Brigade M\u00e9dicale Novembre 2011<\/a><a href=\"\/dev\/wp-content\/uploads\/sites\/2\/2015\/06\/pdf.jpg\"><img loading=\"lazy\" decoding=\"async\" width=\"30\" height=\"30\" class=\"size-full wp-image-783\" src=\"\/dev\/wp-content\/uploads\/sites\/2\/2015\/06\/pdf.jpg\" alt=\"pdf\" style=\"width:32px;height:32px\" \/><\/a><\/p>\n<p><a href=\"\/dev\/wp-content\/uploads\/sites\/2\/2015\/06\/tourismeculture.png\"><img loading=\"lazy\" decoding=\"async\" width=\"128\" height=\"128\" class=\"size-full wp-image-789\" src=\"\/dev\/wp-content\/uploads\/sites\/2\/2015\/06\/tourismeculture.png\" alt=\"tourismeculture\" style=\"width:32px;height:32px;margin-right:10px\" \/><\/a><a style=\"width:500px\" href=\"\/dev\/wp-content\/uploads\/sites\/2\/2015\/03\/Carte_Postale_Selva_Viva_HR.jpg\">Carte postale du Selva Viva<\/a><a href=\"\/dev\/wp-content\/uploads\/sites\/2\/2015\/06\/jpg.jpg\"><img loading=\"lazy\" decoding=\"async\" width=\"30\" height=\"30\" class=\"size-full wp-image-780\" src=\"\/dev\/wp-content\/uploads\/sites\/2\/2015\/06\/jpg.jpg\" alt=\"jpg\" style=\"width:32px;height:32px\" \/><\/a><\/p>\n<p><a href=\"\/dev\/wp-content\/uploads\/sites\/2\/2015\/06\/document.png\"><img loading=\"lazy\" decoding=\"async\" width=\"256\" height=\"256\" class=\"size-full wp-image-768\" src=\"\/dev\/wp-content\/uploads\/sites\/2\/2015\/06\/document.png\" alt=\"document\" style=\"width:32px;height:32px;margin-right:10px\" srcset=\"https:\/\/latitudsur.org\/dev\/wp-content\/uploads\/sites\/2\/2015\/06\/document.png 256w, https:\/\/latitudsur.org\/dev\/wp-content\/uploads\/sites\/2\/2015\/06\/document-150x150.png 150w\" sizes=\"auto, (max-width: 256px) 100vw, 256px\" \/><\/a><a style=\"width:500px\" href=\"\/dev\/wp-content\/uploads\/sites\/2\/2015\/03\/Rapport_Activites_LS_2010.pdf\">Rapport annuel Latitud Sur 2010<\/a><a href=\"\/dev\/wp-content\/uploads\/sites\/2\/2015\/06\/pdf.jpg\"><img loading=\"lazy\" decoding=\"async\" width=\"30\" height=\"30\" class=\"size-full wp-image-783\" src=\"\/dev\/wp-content\/uploads\/sites\/2\/2015\/06\/pdf.jpg\" alt=\"pdf\" style=\"width:32px;height:32px\" \/><\/a><\/p>\n<p><a href=\"\/dev\/wp-content\/uploads\/sites\/2\/2015\/06\/document.png\"><img loading=\"lazy\" decoding=\"async\" width=\"256\" height=\"256\" class=\"size-full wp-image-768\" src=\"\/dev\/wp-content\/uploads\/sites\/2\/2015\/06\/document.png\" alt=\"document\" style=\"width:32px;height:32px;margin-right:10px\" srcset=\"https:\/\/latitudsur.org\/dev\/wp-content\/uploads\/sites\/2\/2015\/06\/document.png 256w, https:\/\/latitudsur.org\/dev\/wp-content\/uploads\/sites\/2\/2015\/06\/document-150x150.png 150w\" sizes=\"auto, (max-width: 256px) 100vw, 256px\" \/><\/a><a style=\"width:500px\" href=\"\/dev\/wp-content\/uploads\/sites\/2\/2015\/03\/Rapport_Activites_LS_2011.pdf\">Rapport annuel Latitud Sur 2011<\/a><a href=\"\/dev\/wp-content\/uploads\/sites\/2\/2015\/06\/pdf.jpg\"><img loading=\"lazy\" decoding=\"async\" width=\"30\" height=\"30\" class=\"size-full wp-image-783\" src=\"\/dev\/wp-content\/uploads\/sites\/2\/2015\/06\/pdf.jpg\" alt=\"pdf\" style=\"width:32px;height:32px\" \/><\/a><\/p>\n<p><a href=\"\/dev\/wp-content\/uploads\/sites\/2\/2015\/06\/document.png\"><img loading=\"lazy\" decoding=\"async\" width=\"256\" height=\"256\" class=\"size-full wp-image-768\" src=\"\/dev\/wp-content\/uploads\/sites\/2\/2015\/06\/document.png\" alt=\"document\" style=\"width:32px;height:32px;margin-right:10px\" srcset=\"https:\/\/latitudsur.org\/dev\/wp-content\/uploads\/sites\/2\/2015\/06\/document.png 256w, https:\/\/latitudsur.org\/dev\/wp-content\/uploads\/sites\/2\/2015\/06\/document-150x150.png 150w\" sizes=\"auto, (max-width: 256px) 100vw, 256px\" \/><\/a><a style=\"width:500px\" href=\"\/dev\/wp-content\/uploads\/sites\/2\/2015\/03\/Rapport_Activites_LS_2012_LD.pdf\">Rapport annuel Latitud Sur 2012<\/a><a href=\"\/dev\/wp-content\/uploads\/sites\/2\/2015\/06\/pdf.jpg\"><img loading=\"lazy\" decoding=\"async\" width=\"30\" height=\"30\" class=\"size-full wp-image-783\" src=\"\/dev\/wp-content\/uploads\/sites\/2\/2015\/06\/pdf.jpg\" alt=\"pdf\" style=\"width:32px;height:32px\" \/><\/a><\/p>\n<p><a href=\"\/dev\/wp-content\/uploads\/sites\/2\/2015\/06\/document.png\"><img loading=\"lazy\" decoding=\"async\" width=\"256\" height=\"256\" class=\"size-full wp-image-768\" src=\"\/dev\/wp-content\/uploads\/sites\/2\/2015\/06\/document.png\" alt=\"document\" style=\"width:32px;height:32px;margin-right:10px\" srcset=\"https:\/\/latitudsur.org\/dev\/wp-content\/uploads\/sites\/2\/2015\/06\/document.png 256w, https:\/\/latitudsur.org\/dev\/wp-content\/uploads\/sites\/2\/2015\/06\/document-150x150.png 150w\" sizes=\"auto, (max-width: 256px) 100vw, 256px\" \/><\/a><a style=\"width:500px\" href=\"\/dev\/wp-content\/uploads\/sites\/2\/2015\/03\/Informe_Actividades_LS_2013_LD.pdf\">Rapport annuel Latitud Sur 2013 (en espagnol)<\/a><a href=\"\/dev\/wp-content\/uploads\/sites\/2\/2015\/06\/pdf.jpg\"><img loading=\"lazy\" decoding=\"async\" width=\"30\" height=\"30\" class=\"size-full wp-image-783\" src=\"\/dev\/wp-content\/uploads\/sites\/2\/2015\/06\/pdf.jpg\" alt=\"pdf\" style=\"width:32px;height:32px\" \/><\/a><\/p>\n<p><a href=\"\/dev\/wp-content\/uploads\/sites\/2\/2015\/06\/document.png\"><img loading=\"lazy\" decoding=\"async\" width=\"256\" height=\"256\" class=\"size-full wp-image-768\" src=\"\/dev\/wp-content\/uploads\/sites\/2\/2015\/06\/document.png\" alt=\"document\" style=\"width:32px;height:32px;margin-right:10px\" srcset=\"https:\/\/latitudsur.org\/dev\/wp-content\/uploads\/sites\/2\/2015\/06\/document.png 256w, https:\/\/latitudsur.org\/dev\/wp-content\/uploads\/sites\/2\/2015\/06\/document-150x150.png 150w\" sizes=\"auto, (max-width: 256px) 100vw, 256px\" \/><\/a><a style=\"width:500px\" href=\"https:\/\/plus.google.com\/photos\/104080312609958278309\/albums\/5717991277183361281\/5717991357605728738\" target=\"_blank\">Vid\u00e9o Projet \u00ab\u00a0chacra integral\u00a0\u00bb et reforestation &#8211; PEROU<\/a><a href=\"\/dev\/wp-content\/uploads\/sites\/2\/2015\/06\/video.jpg\"><img loading=\"lazy\" decoding=\"async\" width=\"30\" height=\"30\" class=\"size-full wp-image-807\" src=\"\/dev\/wp-content\/uploads\/sites\/2\/2015\/06\/video.jpg\" alt=\"video\" style=\"width:32px;height:32px\" \/><\/a><\/p>\n<p><a href=\"\/dev\/wp-content\/uploads\/sites\/2\/2015\/06\/document.png\"><img loading=\"lazy\" decoding=\"async\" width=\"256\" height=\"256\" class=\"size-full wp-image-768\" src=\"\/dev\/wp-content\/uploads\/sites\/2\/2015\/06\/document.png\" alt=\"document\" style=\"width:32px;height:32px;margin-right:10px\" srcset=\"https:\/\/latitudsur.org\/dev\/wp-content\/uploads\/sites\/2\/2015\/06\/document.png 256w, https:\/\/latitudsur.org\/dev\/wp-content\/uploads\/sites\/2\/2015\/06\/document-150x150.png 150w\" sizes=\"auto, (max-width: 256px) 100vw, 256px\" \/><\/a><a style=\"width:500px\" href=\"https:\/\/www.youtube.com\/watch?v=Dj6qd-CqlRY\" target=\"_blank\">Vid\u00e9o Projet Reforestation Ishpingo &#8211; EQUATEUR<\/a><a href=\"\/dev\/wp-content\/uploads\/sites\/2\/2015\/06\/video.jpg\"><img loading=\"lazy\" decoding=\"async\" width=\"30\" height=\"30\" class=\"size-full wp-image-807\" src=\"\/dev\/wp-content\/uploads\/sites\/2\/2015\/06\/video.jpg\" alt=\"video\" style=\"width:32px;height:32px\" \/><\/a><\/p>\n<p><a href=\"\/dev\/wp-content\/uploads\/sites\/2\/2015\/06\/document.png\"><img loading=\"lazy\" decoding=\"async\" width=\"256\" height=\"256\" class=\"size-full wp-image-768\" src=\"\/dev\/wp-content\/uploads\/sites\/2\/2015\/06\/document.png\" alt=\"document\" style=\"width:32px;height:32px;margin-right:10px\" srcset=\"https:\/\/latitudsur.org\/dev\/wp-content\/uploads\/sites\/2\/2015\/06\/document.png 256w, https:\/\/latitudsur.org\/dev\/wp-content\/uploads\/sites\/2\/2015\/06\/document-150x150.png 150w\" sizes=\"auto, (max-width: 256px) 100vw, 256px\" \/><\/a><a style=\"width:500px\" href=\"https:\/\/plus.google.com\/photos\/104080312609958278309\/albums\/5717991277183361281\/5717991275623002770\" target=\"_blank\">Video Projet Huiles essentielles Agua Santa &#8211; EQUATEUR<\/a><a href=\"\/dev\/wp-content\/uploads\/sites\/2\/2015\/06\/video.jpg\"><img loading=\"lazy\" decoding=\"async\" width=\"30\" height=\"30\" class=\"size-full wp-image-807\" src=\"\/dev\/wp-content\/uploads\/sites\/2\/2015\/06\/video.jpg\" alt=\"video\" style=\"width:32px;height:32px\" \/><\/a><\/p>\n<p><a href=\"\/dev\/wp-content\/uploads\/sites\/2\/2015\/06\/document.png\"><img loading=\"lazy\" decoding=\"async\" width=\"256\" height=\"256\" class=\"size-full wp-image-768\" src=\"\/dev\/wp-content\/uploads\/sites\/2\/2015\/06\/document.png\" alt=\"document\" style=\"width:32px;height:32px;margin-right:10px\" srcset=\"https:\/\/latitudsur.org\/dev\/wp-content\/uploads\/sites\/2\/2015\/06\/document.png 256w, https:\/\/latitudsur.org\/dev\/wp-content\/uploads\/sites\/2\/2015\/06\/document-150x150.png 150w\" sizes=\"auto, (max-width: 256px) 100vw, 256px\" \/><\/a><a style=\"width:500px\" href=\"https:\/\/www.youtube.com\/watch?v=5nWlGk9bCSI\" target=\"_blank\">Video Projet Huile d&rsquo;aguaje &#8211; PEROU<\/a><a href=\"\/dev\/wp-content\/uploads\/sites\/2\/2015\/06\/video.jpg\"><img loading=\"lazy\" decoding=\"async\" width=\"30\" height=\"30\" class=\"size-full wp-image-807\" src=\"\/dev\/wp-content\/uploads\/sites\/2\/2015\/06\/video.jpg\" alt=\"video\" style=\"width:32px;height:32px\" \/><\/a><\/p>\n<p><a href=\"\/dev\/wp-content\/uploads\/sites\/2\/2015\/06\/document.png\"><img loading=\"lazy\" decoding=\"async\" width=\"256\" height=\"256\" class=\"size-full wp-image-768\" src=\"\/dev\/wp-content\/uploads\/sites\/2\/2015\/06\/document.png\" alt=\"document\" style=\"width:32px;height:32px;margin-right:10px\" srcset=\"https:\/\/latitudsur.org\/dev\/wp-content\/uploads\/sites\/2\/2015\/06\/document.png 256w, https:\/\/latitudsur.org\/dev\/wp-content\/uploads\/sites\/2\/2015\/06\/document-150x150.png 150w\" sizes=\"auto, (max-width: 256px) 100vw, 256px\" \/><\/a><a style=\"width:500px\" href=\"https:\/\/vimeo.com\/89389520\" target=\"_blank\">Video \u00ab\u00a0M\u00e9decines d&rsquo;ailleurs\u00a0\u00bb du Dr Bernard Fontanille \/ ARTE<\/a><a href=\"\/dev\/wp-content\/uploads\/sites\/2\/2015\/06\/video.jpg\"><img loading=\"lazy\" decoding=\"async\" width=\"30\" height=\"30\" class=\"size-full wp-image-807\" src=\"\/dev\/wp-content\/uploads\/sites\/2\/2015\/06\/video.jpg\" alt=\"video\" style=\"width:32px;height:32px\" \/><\/a><\/p>","protected":false},"excerpt":{"rendered":"<p>Ressources t\u00e9l\u00e9chargeables Bienvenue sur la page des ressources documentaires que nous mettons \u00e0 votre disposition en libre t\u00e9l\u00e9chargement. En cas d&#039;utilisation de ces documents, nous vous prions d&#039;avoir la correction de mentionner notre organisation, en respect pour les personnes qui<span class=\"ellipsis\">&hellip;<\/span><\/p>\n<div class=\"read-more\"><a href=\"https:\/\/latitudsur.org\/dev\/fr\/latitud-sur\/ressources-a-telecharger\/\">Lire la suite &#8250;<\/a><\/div>\n<p><!-- end of .read-more --><\/p>\n","protected":false},"author":1,"featured_media":0,"parent":28,"menu_order":0,"comment_status":"closed","ping_status":"open","template":"template-page.php","meta":{"footnotes":""},"class_list":["post-40","page","type-page","status-publish","hentry"],"_links":{"self":[{"href":"https:\/\/latitudsur.org\/dev\/fr\/wp-json\/wp\/v2\/pages\/40","targetHints":{"allow":["GET"]}}],"collection":[{"href":"https:\/\/latitudsur.org\/dev\/fr\/wp-json\/wp\/v2\/pages"}],"about":[{"href":"https:\/\/latitudsur.org\/dev\/fr\/wp-json\/wp\/v2\/types\/page"}],"author":[{"embeddable":true,"href":"https:\/\/latitudsur.org\/dev\/fr\/wp-json\/wp\/v2\/users\/1"}],"replies":[{"embeddable":true,"href":"https:\/\/latitudsur.org\/dev\/fr\/wp-json\/wp\/v2\/comments?post=40"}],"version-history":[{"count":0,"href":"https:\/\/latitudsur.org\/dev\/fr\/wp-json\/wp\/v2\/pages\/40\/revisions"}],"up":[{"embeddable":true,"href":"https:\/\/latitudsur.org\/dev\/fr\/wp-json\/wp\/v2\/pages\/28"}],"wp:attachment":[{"href":"https:\/\/latitudsur.org\/dev\/fr\/wp-json\/wp\/v2\/media?parent=40"}],"curies":[{"name":"wp","href":"https:\/\/api.w.org\/{rel}","templated":true}]}}