{"id":48,"date":"2015-03-02T14:24:55","date_gmt":"2015-03-02T13:24:55","guid":{"rendered":"http:\/\/latitudsur.org\/developpement\/?page_id=48"},"modified":"2015-03-02T14:24:55","modified_gmt":"2015-03-02T13:24:55","slug":"environnement","status":"publish","type":"page","link":"https:\/\/latitudsur.org\/dev\/fr\/nos-missions\/environnement\/","title":{"rendered":"Environnement"},"content":{"rendered":"<p><a style=\"float: left;margin-right: 15px\" href=\"\/dev\/wp-content\/uploads\/sites\/2\/2015\/06\/illustration_envir1.jpg\"><img loading=\"lazy\" decoding=\"async\" class=\"size-medium wp-image-835\" src=\"\/dev\/wp-content\/uploads\/sites\/2\/2015\/06\/illustration_envir1-300x235.jpg\" alt=\"illustration_envir\" width=\"300\" height=\"235\" srcset=\"https:\/\/latitudsur.org\/dev\/wp-content\/uploads\/sites\/2\/2015\/06\/illustration_envir1-300x235.jpg 300w, https:\/\/latitudsur.org\/dev\/wp-content\/uploads\/sites\/2\/2015\/06\/illustration_envir1.jpg 360w\" sizes=\"auto, (max-width: 300px) 100vw, 300px\" \/><\/a><\/p>\n<p>Venir en aide aux populations indig\u00e8nes, c\u2019est avant tout <strong>prot\u00e9ger leur environnement<\/strong>. Ces communaut\u00e9s ne peuvent s\u2019envisager ind\u00e9pendamment de leur milieu de vie. Leurs croyances sont impr\u00e9gn\u00e9es de la complexit\u00e9 de leurs territoires. Leur vie est rythm\u00e9e par les al\u00e9as de la for\u00eat. <strong>Leur survie d\u00e9pend de la richesse de l\u2019Amazonie<\/strong>.<\/p>\n<p>Principal fl\u00e9au, la d\u00e9forestation. Elle ne se limite pas au d\u00e9frichage. Elle ne se r\u00e9sume pas non plus au clich\u00e9 de la m\u00e9chante multinationale qui vient prendre de force les territoires des gentils indig\u00e8nes. Elle r\u00e9sulte malheureusement d\u2019un \u00e9tat de fait circonstanciel.<\/p>\n<p>Dans certains cas, attir\u00e9es par le gain, les populations autochtones bradent leurs espaces \u00e0 la fr\u00e9n\u00e9sie productiviste. <strong>Latitud Sur donne les moyens aux locaux de s\u2019affranchir de cette manne financi\u00e8re imm\u00e9diate et ponctuelle pour prot\u00e9ger leurs milieux et pour en r\u00e9colter durablement les fruits.<\/strong><\/p>\n<p>Dans d\u2019autres cas, les communaut\u00e9s n\u2019ont tout simplement pas de droits sur leurs territoires. <strong>Latitud Sur se bat \u00e0 leurs c\u00f4t\u00e9s pour la reconnaissance l\u00e9gale de leur souverainet\u00e9.<\/strong><\/p>\n<p>Dans un troisi\u00e8me sc\u00e9nario, enfin, les communaut\u00e9s n\u2019ont pas les connaissances n\u00e9cessaires \u00e0 une bonne gestion des massifs forestiers.<\/p>\n<p>Latitud Sur s\u2019engage \u00e0 leur fournir ce compl\u00e9ment d\u2019informations via notamment la <strong>formation de gardiens \u00e9co-forestiers<\/strong> car il existe bien un deuxi\u00e8me fl\u00e9au, <strong>celui du trafic de la faune<\/strong>.<\/p>\n<p>Via un partenariat, Latitud Sur \u0153uvre pour la <strong>r\u00e9introduction des animaux issus du trafic<\/strong> au sein de leurs milieux naturels<\/p>\n<p><a style=\"float: right;margin-left: 15px\" href=\"\/dev\/wp-content\/uploads\/sites\/2\/2015\/06\/environ-singes1.jpg\"><img loading=\"lazy\" decoding=\"async\" class=\"size-full wp-image-834\" src=\"\/dev\/wp-content\/uploads\/sites\/2\/2015\/06\/environ-singes1.jpg\" alt=\"environ-singes\" width=\"200\" height=\"156\" \/><\/a><\/p>\n<p>Prot\u00e9ger les for\u00eats primaires et leur biodiversit\u00e9 est une priorit\u00e9, dans ce cadre, Latitud Sur soutient d\u00e8s que cela est possible des actions de d\u00e9forestation \u00e9vit\u00e9e : nous avons la conviction que <strong>prot\u00e9ger les massifs existants <\/strong>est une bien meilleure solution que de replanter des espaces d\u00e9frich\u00e9s. En participant \u00e0 ce combat plan\u00e9taire de <strong>pr\u00e9servation de nos massifs forestiers<\/strong>, nous nous joignons \u00e0 cette dynamique mondiale aux impacts communautaires tangibles.<\/p>\n<p><strong>Une probl\u00e9matique globale passe le plus souvent par des actions locales.<br \/>\nLatitud Sur en est convaincu.<\/strong><\/p>\n<p><a href=\"\/dev\/wp-content\/uploads\/sites\/2\/2015\/06\/environnement.png\"><img loading=\"lazy\" decoding=\"async\" class=\"size-full wp-image-770\" src=\"\/dev\/wp-content\/uploads\/sites\/2\/2015\/06\/environnement.png\" alt=\"environnement\" width=\"64\" height=\"64\" \/><\/a><\/p>\n<h4>Nos projets pour l&rsquo;Environnement<\/h4>\n<div style=\"width: 100%;padding-top: 20px\"><a style=\"float: right;margin-left: 15px;padding-top: 15px\" href=\"\/dev\/wp-content\/uploads\/sites\/2\/2015\/06\/perou-drapeau1.jpg\"><img loading=\"lazy\" decoding=\"async\" class=\"size-full wp-image-836\" src=\"\/dev\/wp-content\/uploads\/sites\/2\/2015\/06\/perou-drapeau1.jpg\" alt=\"equateurdrapeau\" width=\"50\" height=\"37\" \/><\/a><\/p>\n<h4><a href=\"\/dev\/developpement\/nos-missions\/environnement\/reforestation-a-partir-despeces-locales-volet-perou\/\">Reforestation \u00e0 partir d\u2019esp\u00e8ces locales &#8211; Volet P\u00e9rou<\/a><\/h4>\n<\/div>\n<div style=\"width: 100%\"><a style=\"float: left;margin-right: 5px\" href=\"\/dev\/wp-content\/uploads\/sites\/2\/2015\/06\/encours.jpg\"><img loading=\"lazy\" decoding=\"async\" class=\"size-full wp-image-769\" src=\"\/dev\/wp-content\/uploads\/sites\/2\/2015\/06\/encours.jpg\" alt=\"encours\" width=\"114\" height=\"58\" \/><\/a><br \/>\n<a style=\"float: right;margin: -15px 0px 0px 5px\" href=\"\/dev\/wp-content\/uploads\/sites\/2\/2015\/06\/financementp.jpg\"><img decoding=\"async\" class=\"size-full wp-image-769\" src=\"\/dev\/wp-content\/uploads\/sites\/2\/2015\/06\/financementp.jpg\" alt=\"financement partiel\" \/><\/a><\/p>\n<div style=\"width: 390px;margin: -45px 185px 0 120px;font-size: 12px\"><strong>Pays : <\/strong>P\u00e9rou<br \/>\n<strong>Mission : <\/strong>Reforestation \u00e0 partir d&rsquo;esp\u00e8ces locales en vue de r\u00e9cup\u00e9rer des zones d\u00e9grad\u00e9es et de les rendre productives (100.000 arbres).<\/div>\n<\/div>\n<p><a href=\"\/dev\/wp-content\/uploads\/sites\/2\/2015\/03\/Portrait-Planteurs.pdf\">En savoir plus sur cette mission : <strong>portrait des planteurs&#8230;<\/strong><\/a><a href=\"https:\/\/www.youtube.com\/watch?v=N4fDEHtDwi0\"><strong> voir la vid\u00e9o&#8230;<\/strong><\/a><\/p>\n<hr \/>\n<div style=\"width: 100%;padding-top: 20px\"><a style=\"float: right;margin-left: 15px;padding-top: 15px\" href=\"\/dev\/wp-content\/uploads\/sites\/2\/2015\/06\/equateurdrapeau1.jpg\"><img loading=\"lazy\" decoding=\"async\" class=\"size-full wp-image-836\" src=\"\/dev\/wp-content\/uploads\/sites\/2\/2015\/06\/equateurdrapeau1.jpg\" alt=\"equateurdrapeau\" width=\"50\" height=\"37\" \/><\/a><\/p>\n<h4><a href=\"\/dev\/developpement\/nos-missions\/environnement\/reforestation-a-partir-despeces-locales-volet-equateur\/\">Reforestation \u00e0 partir d\u2019esp\u00e8ces locales &#8211; Volet Equateur<\/a><\/h4>\n<\/div>\n<div style=\"width: 100%\"><a style=\"float: left;margin-right: 5px\" href=\"\/dev\/wp-content\/uploads\/sites\/2\/2015\/06\/encours.jpg\"><img loading=\"lazy\" decoding=\"async\" class=\"size-full wp-image-769\" src=\"\/dev\/wp-content\/uploads\/sites\/2\/2015\/06\/encours.jpg\" alt=\"encours\" width=\"114\" height=\"58\" \/><\/a><br \/>\n<a style=\"float: right;margin: -15px 0px 0px 5px\" href=\"\/dev\/wp-content\/uploads\/sites\/2\/2015\/06\/financementp.jpg\"><img decoding=\"async\" class=\"size-full wp-image-769\" src=\"\/dev\/wp-content\/uploads\/sites\/2\/2015\/06\/financementp.jpg\" alt=\"financement partiel\" \/><\/a><\/p>\n<div style=\"width: 390px;margin: 0 185px 0 120px;font-size: 12px\"><strong>Pays : <\/strong>Equateur<br \/>\n<strong>Mission : <\/strong>Reforestation \u00e0 partir d&rsquo;esp\u00e8ces locales \u00e0 des fins d&rsquo;exploitation soutenable (35.000 arbres).<\/div>\n<\/div>\n<p><a href=\"https:\/\/www.youtube.com\/watch?v=Dj6qd-CqlRY\/\">En savoir plus sur cette mission : <strong>voir la vid\u00e9o&#8230;<\/strong><\/a><\/p>\n<hr \/>\n<div style=\"width: 100%;padding-top: 20px\"><a style=\"float: right;margin-left: 15px;padding-top: 15px\" href=\"\/dev\/wp-content\/uploads\/sites\/2\/2015\/06\/equateurdrapeau1.jpg\"><img loading=\"lazy\" decoding=\"async\" class=\"size-full wp-image-836\" src=\"\/dev\/wp-content\/uploads\/sites\/2\/2015\/06\/equateurdrapeau1.jpg\" alt=\"equateurdrapeau\" width=\"50\" height=\"37\" \/><\/a><\/p>\n<h4><a href=\"\/dev\/developpement\/nos-missions\/environnement\/zero-deforestation-terrain-pour-stockage-de-carbone\/\">Z\u00e9ro D\u00e9forestation<\/a><\/h4>\n<\/div>\n<div style=\"width: 100%\"><a style=\"float: left;margin-right: 5px\" href=\"\/dev\/wp-content\/uploads\/sites\/2\/2015\/06\/encours.jpg\"><img loading=\"lazy\" decoding=\"async\" class=\"size-full wp-image-769\" src=\"\/dev\/wp-content\/uploads\/sites\/2\/2015\/06\/encours.jpg\" alt=\"encours\" width=\"114\" height=\"58\" \/><\/a><br \/>\n<a style=\"float: right;margin: -15px 0px 0px 5px\" href=\"\/dev\/wp-content\/uploads\/sites\/2\/2015\/06\/financementp.jpg\"><img decoding=\"async\" class=\"size-full wp-image-769\" src=\"\/dev\/wp-content\/uploads\/sites\/2\/2015\/06\/financementp.jpg\" alt=\"financement partiel\" \/><\/a><\/p>\n<div style=\"width: 390px;margin: -45px 185px 0 120px;font-size: 12px\"><strong>Pays : <\/strong>Equateur<br \/>\n<strong>Mission : <\/strong>Restitution de terres autochtones &amp; Pr\u00e9servation des for\u00eats anciennes.<\/div>\n<\/div>\n<p>En savoir plus sur cette mission&#8230; <a href=\"http:\/\/www.zero-deforestation.org\/\" target=\"_blank\" rel=\"noopener noreferrer\"><strong>voir le site internet&#8230;<\/strong><\/a><\/p>\n<hr \/>\n<div style=\"width: 100%;padding-top: 20px\"><a style=\"float: right;margin-left: 15px;padding-top: 15px\" href=\"\/dev\/wp-content\/uploads\/sites\/2\/2015\/06\/mexique-drapeau.jpg\"><img loading=\"lazy\" decoding=\"async\" class=\"size-full wp-image-836\" src=\"\/dev\/wp-content\/uploads\/sites\/2\/2015\/06\/mexique-drapeau.jpg\" alt=\"equateurdrapeau\" width=\"50\" height=\"37\" \/><\/a><\/p>\n<h4><a href=\"\/dev\/developpement\/nos-missions\/environnement\/conservation-des-lieux-sacres-et-chemins-de-pelerinage-huichols\/\">Pr\u00e9servation du sentier de p\u00e8lerinage sacr\u00e9 des Huichol<\/a><\/h4>\n<\/div>\n<div style=\"width: 100%\"><a style=\"float: left;margin-right: 5px\" href=\"\/dev\/wp-content\/uploads\/sites\/2\/2015\/06\/termine.jpg\"><img loading=\"lazy\" decoding=\"async\" class=\"size-full wp-image-769\" src=\"\/dev\/wp-content\/uploads\/sites\/2\/2015\/06\/termine.jpg\" alt=\"encours\" width=\"114\" height=\"58\" \/><\/a><\/p>\n<div style=\"width: 390px;margin: 0 185px 0 120px;font-size: 12px\"><strong>Pays : <\/strong>Mexique<br \/>\n<strong>Mission : <\/strong>Protection par voie l\u00e9gale des chemins anciens et des lieux sacr\u00e9s naturels huichols situ\u00e9s hors de leur territoire aupr\u00e8s des autorit\u00e9s nationales et internationales comme l\u2019UNESCO.<\/div>\n<\/div>\n<p>En savoir plus sur cette mission&#8230;<a href=\"http:\/\/arutam.free.fr\/Huichol_Sentiers.html\" target=\"_blank\" rel=\"noopener noreferrer\"><strong>voir le site internet&#8230;<\/strong><\/a><\/p>\n<hr \/>\n<div style=\"width: 100%;padding-top: 20px\"><a style=\"float: right;margin-left: 15px;padding-top: 15px\" href=\"\/dev\/wp-content\/uploads\/sites\/2\/2015\/06\/equateurdrapeau.jpg\"><img loading=\"lazy\" decoding=\"async\" class=\"size-full wp-image-836\" src=\"\/dev\/wp-content\/uploads\/sites\/2\/2015\/06\/equateurdrapeau1.jpg\" alt=\"equateurdrapeau\" width=\"50\" height=\"37\" \/><\/a><\/p>\n<h4><a href=\"\/dev\/developpement\/nos-missions\/environnement\/conservation-de-foret-refuge-animalier-pour-reintroduction-singes\/\">Pr\u00e9servation de For\u00eats Primaires en danger &amp; Refuge animalier pour r\u00e9introduction de singes<\/a><\/h4>\n<\/div>\n<div style=\"width: 100%\"><a style=\"float: left;margin-right: 5px\" href=\"\/dev\/wp-content\/uploads\/sites\/2\/2015\/06\/termine.jpg\"><img loading=\"lazy\" decoding=\"async\" class=\"size-full wp-image-769\" src=\"\/dev\/wp-content\/uploads\/sites\/2\/2015\/06\/termine.jpg\" alt=\"encours\" width=\"114\" height=\"58\" \/><\/a><\/p>\n<div style=\"width: 390px;margin: 0 185px 0 120px;font-size: 12px\"><strong>Pays : <\/strong>Equateur<br \/>\n<strong>Mission : <\/strong>Pr\u00e9servation de for\u00eats anciennes contre la d\u00e9forestation et cr\u00e9ation de refuge animalier.<\/div>\n<\/div>\n<p><a href=\"\/dev\/developpement\/nos-missions\/environnement\/conservation-de-foret-refuge-animalier-pour-reintroduction-singes\/\">En savoir plus sur cette mission&#8230;<\/a><\/p>\n<hr \/>\n<div style=\"width: 100%;padding-top: 20px\"><a style=\"float: right;margin-left: 15px;padding-top: 15px\" href=\"\/dev\/wp-content\/uploads\/sites\/2\/2015\/06\/equateurdrapeau1.jpg\"><img loading=\"lazy\" decoding=\"async\" class=\"size-full wp-image-836\" src=\"\/dev\/wp-content\/uploads\/sites\/2\/2015\/06\/equateurdrapeau1.jpg\" alt=\"equateurdrapeau\" width=\"50\" height=\"37\" \/><\/a><\/p>\n<h4><a href=\"\/dev\/developpement\/nos-missions\/environnement\/formation-deco-gardiens-autochtones-phase-1\/\">Formation d&rsquo;Eco-gardiens autochtones &#8211; phase 1<\/a><\/h4>\n<\/div>\n<div style=\"width: 100%\"><a style=\"float: left;margin-right: 5px\" href=\"\/dev\/wp-content\/uploads\/sites\/2\/2015\/06\/termine.jpg\"><img loading=\"lazy\" decoding=\"async\" class=\"size-full wp-image-769\" src=\"\/dev\/wp-content\/uploads\/sites\/2\/2015\/06\/termine.jpg\" alt=\"encours\" width=\"114\" height=\"58\" \/><\/a><\/p>\n<div style=\"width: 390px;margin: 0 185px 0 120px;font-size: 12px\"><strong>Pays : <\/strong>Equateur<br \/>\n<strong>Mission : <\/strong>Gestion autochtone de terres ancestrales et for\u00eats anciennes.<\/div>\n<\/div>\n<p><a href=\"\/dev\/developpement\/nos-missions\/environnement\/formation-deco-gardiens-autochtones-phase-1\/\">En savoir plus sur cette mission&#8230;<\/a><\/p>\n<hr \/>\n<div style=\"width: 100%;padding-top: 20px\"><a style=\"float: right;margin-left: 15px;padding-top: 15px\" href=\"\/dev\/wp-content\/uploads\/sites\/2\/2015\/06\/equateurdrapeau1.jpg\"><img loading=\"lazy\" decoding=\"async\" class=\"size-full wp-image-836\" src=\"\/dev\/wp-content\/uploads\/sites\/2\/2015\/06\/equateurdrapeau1.jpg\" alt=\"equateurdrapeau\" width=\"50\" height=\"37\" \/><\/a><\/p>\n<h4><a href=\"\/dev\/developpement\/nos-missions\/environnement\/formation-deco-gardiens-autochtones-phase-2\/\">Formation d&rsquo;Eco-gardiens autochtones &#8211; phase 2<\/a><\/h4>\n<\/div>\n<div style=\"width: 100%\"><a style=\"float: left;margin-right: 5px\" href=\"\/dev\/wp-content\/uploads\/sites\/2\/2015\/06\/termine.jpg\"><img loading=\"lazy\" decoding=\"async\" class=\"size-full wp-image-769\" src=\"\/dev\/wp-content\/uploads\/sites\/2\/2015\/06\/termine.jpg\" alt=\"encours\" width=\"114\" height=\"58\" \/><\/a><\/p>\n<div style=\"width: 390px;margin: 0 185px 0 120px;font-size: 12px\"><strong>Pays : <\/strong>Equateur<br \/>\n<strong>Mission : <\/strong>Gestion autochtone de terres ancestrales et for\u00eats anciennes.<\/div>\n<\/div>\n<p><a href=\"\/dev\/developpement\/nos-missions\/environnement\/formation-deco-gardiens-autochtones-phase-2\/\">En savoir plus sur cette mission&#8230;<\/a><\/p>","protected":false},"excerpt":{"rendered":"<p>Venir en aide aux populations indig\u00e8nes, c\u2019est avant tout prot\u00e9ger leur environnement. Ces communaut\u00e9s ne peuvent s\u2019envisager ind\u00e9pendamment de leur milieu de vie. Leurs croyances sont impr\u00e9gn\u00e9es de la complexit\u00e9 de leurs territoires. Leur vie est rythm\u00e9e par les al\u00e9as<span class=\"ellipsis\">&hellip;<\/span><\/p>\n<div class=\"read-more\"><a href=\"https:\/\/latitudsur.org\/dev\/fr\/nos-missions\/environnement\/\">Lire la suite &#8250;<\/a><\/div>\n<p><!-- end of .read-more --><\/p>\n","protected":false},"author":1,"featured_media":0,"parent":56,"menu_order":0,"comment_status":"closed","ping_status":"open","template":"template-page.php","meta":{"footnotes":""},"class_list":["post-48","page","type-page","status-publish","hentry"],"_links":{"self":[{"href":"https:\/\/latitudsur.org\/dev\/fr\/wp-json\/wp\/v2\/pages\/48","targetHints":{"allow":["GET"]}}],"collection":[{"href":"https:\/\/latitudsur.org\/dev\/fr\/wp-json\/wp\/v2\/pages"}],"about":[{"href":"https:\/\/latitudsur.org\/dev\/fr\/wp-json\/wp\/v2\/types\/page"}],"author":[{"embeddable":true,"href":"https:\/\/latitudsur.org\/dev\/fr\/wp-json\/wp\/v2\/users\/1"}],"replies":[{"embeddable":true,"href":"https:\/\/latitudsur.org\/dev\/fr\/wp-json\/wp\/v2\/comments?post=48"}],"version-history":[{"count":0,"href":"https:\/\/latitudsur.org\/dev\/fr\/wp-json\/wp\/v2\/pages\/48\/revisions"}],"up":[{"embeddable":true,"href":"https:\/\/latitudsur.org\/dev\/fr\/wp-json\/wp\/v2\/pages\/56"}],"wp:attachment":[{"href":"https:\/\/latitudsur.org\/dev\/fr\/wp-json\/wp\/v2\/media?parent=48"}],"curies":[{"name":"wp","href":"https:\/\/api.w.org\/{rel}","templated":true}]}}