{"id":51,"date":"2015-03-02T14:27:39","date_gmt":"2015-03-02T13:27:39","guid":{"rendered":"http:\/\/latitudsur.org\/developpement\/?page_id=51"},"modified":"2015-03-02T14:27:39","modified_gmt":"2015-03-02T13:27:39","slug":"developpement-durable","status":"publish","type":"page","link":"https:\/\/latitudsur.org\/dev\/fr\/nos-missions\/developpement-durable\/","title":{"rendered":"D\u00e9veloppement durable"},"content":{"rendered":"<p>Latitud Sur \u0153uvre pour le d\u00e9veloppement des communaut\u00e9s indig\u00e8nes de Haute Amazonie dans <strong>le strict respect des \u00e9quilibres locaux<\/strong> (sociaux, \u00e9conomiques, environnementaux&#8230;).<\/p>\n<p>En ce sens nous veillons \u00e0 :<br \/>\n<a style=\"float: left;margin-right: 15px;padding-top: 15px\" href=\"\/dev\/wp-content\/uploads\/sites\/2\/2015\/06\/illustration_dev_dur.jpg\"><img loading=\"lazy\" decoding=\"async\" class=\"size-medium wp-image-776\" src=\"\/dev\/wp-content\/uploads\/sites\/2\/2015\/06\/illustration_dev_dur-300x235.jpg\" alt=\"illustration_dev_dur\" width=\"300\" height=\"235\" srcset=\"https:\/\/latitudsur.org\/dev\/wp-content\/uploads\/sites\/2\/2015\/06\/illustration_dev_dur-300x235.jpg 300w, https:\/\/latitudsur.org\/dev\/wp-content\/uploads\/sites\/2\/2015\/06\/illustration_dev_dur.jpg 360w\" sizes=\"auto, (max-width: 300px) 100vw, 300px\" \/><\/a><\/p>\n<ul>\n<li>Promouvoir des savoir-faire locaux et ancestraux en apportant le soutien n\u00e9cessaire \u00e0 leurs d\u00e9veloppements.<\/li>\n<li>Pr\u00e9server la coh\u00e9sion des communaut\u00e9s en r\u00e9mun\u00e9rant les acteurs des projets de mani\u00e8re \u00e9quitable.<\/li>\n<li>Mettre en avant les richesses naturelles des territoires tout en utilisant de mani\u00e8re soutenable ces ressources.<\/li>\n<li>Participer \u00e0 l\u2019autosuffisance mat\u00e9rielle et \u00e9conomique des populations afin de les pr\u00e9munir de l\u2019app\u00e2t du gain que constitue l\u2019exploitation abusive des territoires.<\/li>\n<li>Am\u00e9liorer les conditions de vie des populations marginalis\u00e9es.<\/li>\n<\/ul>\n<p><a href=\"\/dev\/wp-content\/uploads\/sites\/2\/2015\/06\/devdurable.png\"><img loading=\"lazy\" decoding=\"async\" class=\"size-full wp-image-766\" src=\"\/dev\/wp-content\/uploads\/sites\/2\/2015\/06\/devdurable.png\" alt=\"devdurable\" width=\"64\" height=\"64\" \/><\/a><\/p>\n<h4>Nos projets de d\u00e9veloppement soutenable<\/h4>\n<div style=\"width: 100%;padding-top: 20px\"><a style=\"float: right;margin-left: 15px;padding-top: 15px\" href=\"\/dev\/wp-content\/uploads\/sites\/2\/2015\/06\/perou-drapeau1.jpg\"><img loading=\"lazy\" decoding=\"async\" class=\"size-full wp-image-836\" src=\"\/dev\/wp-content\/uploads\/sites\/2\/2015\/06\/perou-drapeau1.jpg\" alt=\"equateurdrapeau\" width=\"50\" height=\"37\" \/><\/a><\/p>\n<h4><a href=\"\/dev\/developpement\/nos-missions\/developpement-durable\/annee-1-mise-en-place-et-developpement-dun-principe-agroforestier-ancestral\/\">\u00ab\u00a0Chacras Integrales\u00a0\u00bb &#8211; Phase 1<\/a><\/h4>\n<\/div>\n<div style=\"width: 100%\"><a style=\"float: left;margin-right: 5px\" href=\"\/dev\/wp-content\/uploads\/sites\/2\/2015\/06\/termine.jpg\"><img loading=\"lazy\" decoding=\"async\" class=\"alignnone wp-image-769 size-full\" src=\"\/dev\/wp-content\/uploads\/sites\/2\/2015\/06\/termine.jpg\" alt=\"termin\u00e9\" width=\"114\" height=\"58\" \/><\/a><\/p>\n<div style=\"width: 390px;margin: 0 185px 0 120px;font-size: 12px\"><strong>Pays : <\/strong>P\u00e9rou<br \/>\n<strong>Mission : <\/strong>Mise en place de jardins botaniques familiaux pour substitution aux activit\u00e9s d\u00e9pr\u00e9datrices de l&rsquo;environnement et g\u00e9n\u00e9ration de revenus alternatifs.<\/div>\n<\/div>\n<p><a href=\"\/dev\/developpement\/nos-missions\/developpement-durable\/annee-1-mise-en-place-et-developpement-dun-principe-agroforestier-ancestral\/\">En savoir plus sur cette mission&#8230;<\/a><\/p>\n<hr \/>\n<div style=\"width: 100%;padding-top: 20px\"><a style=\"float: right;margin-left: 15px;padding-top: 15px\" href=\"\/dev\/wp-content\/uploads\/sites\/2\/2015\/06\/perou-drapeau1.jpg\"><img loading=\"lazy\" decoding=\"async\" class=\"size-full wp-image-836\" src=\"\/dev\/wp-content\/uploads\/sites\/2\/2015\/06\/perou-drapeau1.jpg\" alt=\"equateurdrapeau\" width=\"50\" height=\"37\" \/><\/a><\/p>\n<h4><a href=\"\/dev\/developpement\/nos-missions\/developpement-durable\/annee-2-renforcement-du-principe-agro-forestier-ancestral\/\">\u00ab\u00a0Chacras Integrales\u00a0\u00bb Phase 2 &amp; Reconstitution de milieux naturels d\u00e9t\u00e9rior\u00e9s<\/a><\/h4>\n<\/div>\n<div style=\"width: 100%\"><a style=\"float: left;margin-right: 5px\" href=\"https:\/\/latitudsur.org\/dev\/wp-content\/uploads\/sites\/2\/2015\/06\/termine.jpg\"><img loading=\"lazy\" decoding=\"async\" class=\"alignnone wp-image-788 size-full\" src=\"https:\/\/latitudsur.org\/dev\/wp-content\/uploads\/sites\/2\/2015\/06\/termine.jpg\" alt=\"\" width=\"114\" height=\"58\" \/><\/a><\/div>\n<div><\/div>\n<div style=\"width: 100%\">\n<div style=\"width: 390px;margin: -45px 185px 0 120px;font-size: 12px\"><strong>Pays : <\/strong>P\u00e9rou<br \/>\n<strong>Mission : <\/strong>Renforcement des jardins botaniques familiaux de la phase 1 (extensions agroforesti\u00e8res) et r\u00e9g\u00e9n\u00e9ration de terres d\u00e9grad\u00e9es (reforestation).<\/div>\n<\/div>\n<p><a href=\"\/dev\/developpement\/nos-missions\/developpement-durable\/annee-2-renforcement-du-principe-agro-forestier-ancestral\/\">En savoir plus sur cette mission&#8230;<\/a><a href=\"https:\/\/plus.google.com\/photos\/104080312609958278309\/albums\/5717991277183361281\/5717991357605728738?pid=5717991357605728738&amp;oid=104080312609958278309\" target=\"_blank\" rel=\"noopener noreferrer\"><strong>voir la video<\/strong><\/a><\/p>\n<hr \/>\n<div style=\"width: 100%;padding-top: 20px\"><a style=\"float: right;margin-left: 15px;padding-top: 15px\" href=\"\/dev\/wp-content\/uploads\/sites\/2\/2015\/06\/perou-drapeau1.jpg\"><img loading=\"lazy\" decoding=\"async\" class=\"size-full wp-image-836\" src=\"\/dev\/wp-content\/uploads\/sites\/2\/2015\/06\/perou-drapeau1.jpg\" alt=\"equateurdrapeau\" width=\"50\" height=\"37\" \/><\/a><\/p>\n<h4><a href=\"\/dev\/developpement\/nos-missions\/developpement-durable\/production-durable-et-commercialisation-dhuile-vegetale-daguaje\/\">Production durable et Commercialisation d&rsquo;huile v\u00e9g\u00e9tale d&rsquo;Aguaje<\/a><\/h4>\n<\/div>\n<div style=\"width: 100%\"><a style=\"float: left;margin-right: 5px\" href=\"https:\/\/latitudsur.org\/dev\/wp-content\/uploads\/sites\/2\/2015\/06\/termine.jpg\"><img loading=\"lazy\" decoding=\"async\" class=\"alignnone wp-image-788 size-full\" src=\"https:\/\/latitudsur.org\/dev\/wp-content\/uploads\/sites\/2\/2015\/06\/termine.jpg\" alt=\"\" width=\"114\" height=\"58\" \/><\/a><\/p>\n<div style=\"width: 390px;margin: -45px 185px 0 120px;font-size: 12px\"><strong>Pays : <\/strong>P\u00e9rou<br \/>\n<strong>Mission : <\/strong>Production soutenable et \u00e9quitable d&rsquo;huile v\u00e9g\u00e9tale d&rsquo;aguaje (<i>Mauritia Flexuosa<\/i>) comme source de revenu alternative et de valorisation d&rsquo;un produit de la for\u00eat.<\/div>\n<\/div>\n<p><a href=\"\/dev\/developpement\/nos-missions\/developpement-durable\/production-durable-et-commercialisation-dhuile-vegetale-daguaje\/\">En savoir plus sur cette mission&#8230; <\/a><a href=\"https:\/\/www.youtube.com\/watch?v=5nWlGk9bCSI\" target=\"_blank\" rel=\"noopener noreferrer\"><strong>voir la video<\/strong><\/a><\/p>\n<hr \/>\n<div style=\"width: 100%;padding-top: 20px\"><a style=\"float: right;margin-left: 15px;padding-top: 15px\" href=\"\/dev\/wp-content\/uploads\/sites\/2\/2015\/06\/equateurdrapeau1.jpg\"><img loading=\"lazy\" decoding=\"async\" class=\"size-full wp-image-836\" src=\"\/dev\/wp-content\/uploads\/sites\/2\/2015\/06\/equateurdrapeau1.jpg\" alt=\"equateurdrapeau\" width=\"50\" height=\"37\" \/><\/a><\/p>\n<h4><a href=\"\/dev\/developpement\/nos-missions\/developpement-durable\/production-distribution-et-vente-dhuiles-essentielles-issues-de-plantes-amazoniennes\/\">Production d&rsquo;huiles essentielles<\/a><\/h4>\n<\/div>\n<div style=\"width: 100%\"><a style=\"float: left;margin-right: 5px\" href=\"https:\/\/latitudsur.org\/dev\/wp-content\/uploads\/sites\/2\/2015\/06\/termine.jpg\"><img loading=\"lazy\" decoding=\"async\" class=\"alignnone wp-image-788 size-full\" src=\"https:\/\/latitudsur.org\/dev\/wp-content\/uploads\/sites\/2\/2015\/06\/termine.jpg\" alt=\"\" width=\"114\" height=\"58\" \/><\/a><\/p>\n<div style=\"width: 390px;margin: -45px 185px 0 120px;font-size: 12px\"><strong>Pays : \u00c9<\/strong>quateur<br \/>\n<strong>Mission : <\/strong>Production &amp; Commercialisation d&rsquo;huiles essentielles, bas\u00e9e sur la durabilit\u00e9, une qualit\u00e9 \u00ab\u00a0bio\u00a0\u00bb et des principes de commerce \u00e9quitable.<\/div>\n<\/div>\n<p><a href=\"\/dev\/developpement\/nos-missions\/developpement-durable\/production-distribution-et-vente-dhuiles-essentielles-issues-de-plantes-amazoniennes\/\">En savoir plus sur cette mission&#8230;<\/a><\/p>\n<hr \/>\n<div style=\"width: 100%;padding-top: 20px\"><a style=\"float: right;margin-left: 15px;padding-top: 15px\" href=\"\/dev\/wp-content\/uploads\/sites\/2\/2015\/06\/perou-drapeau1.jpg\"><img loading=\"lazy\" decoding=\"async\" class=\"size-full wp-image-836\" src=\"\/dev\/wp-content\/uploads\/sites\/2\/2015\/06\/perou-drapeau1.jpg\" alt=\"equateurdrapeau\" width=\"50\" height=\"37\" \/><\/a><\/p>\n<h4><a href=\"\/dev\/developpement\/nos-missions\/developpement-durable\/etude-du-potentiel-de-nouvelles-huiles-essentielles-damazonie-peruvienne\/\">Etude du potentiel en huiles essentielles de 10 plantes d&rsquo;amazonie<\/a><\/h4>\n<\/div>\n<div style=\"width: 100%\"><a style=\"float: left;margin-right: 5px\" href=\"\/dev\/wp-content\/uploads\/sites\/2\/2015\/06\/termine.jpg\"><img loading=\"lazy\" decoding=\"async\" class=\"size-full wp-image-769\" src=\"\/dev\/wp-content\/uploads\/sites\/2\/2015\/06\/termine.jpg\" alt=\"encours\" width=\"114\" height=\"58\" \/><\/a><\/p>\n<div style=\"width: 390px;margin: 0 185px 0 120px;font-size: 12px\"><strong>Pays : <\/strong>P\u00e9rou<br \/>\n<strong>Mission : <\/strong>Analyse pour d\u00e9terminer de nouvelles huiles essentielles dans la perspective de leur production durable.<\/div>\n<\/div>\n<p><a href=\"\/dev\/developpement\/nos-missions\/developpement-durable\/etude-du-potentiel-de-nouvelles-huiles-essentielles-damazonie-peruvienne\/\">En savoir plus sur cette mission&#8230;<\/a><\/p>\n<hr \/>\n<div style=\"width: 100%;padding-top: 20px\"><a style=\"float: right;margin-left: 15px;padding-top: 15px\" href=\"\/dev\/wp-content\/uploads\/sites\/2\/2015\/06\/perou-drapeau1.jpg\"><img loading=\"lazy\" decoding=\"async\" class=\"size-full wp-image-836\" src=\"\/dev\/wp-content\/uploads\/sites\/2\/2015\/06\/perou-drapeau1.jpg\" alt=\"equateurdrapeau\" width=\"50\" height=\"37\" \/><\/a><\/p>\n<h4><a href=\"\/dev\/developpement\/nos-missions\/developpement-durable\/installation-dune-pileuse-a-riz-dans-la-communaute-de-solterito\/\">Installation d&rsquo;une machine \u00e0 riz dans la communaut\u00e9 Cocama de Solterito<\/a><\/h4>\n<\/div>\n<div style=\"width: 100%\"><a style=\"float: left;margin-right: 5px\" href=\"\/dev\/wp-content\/uploads\/sites\/2\/2015\/06\/termine.jpg\"><img loading=\"lazy\" decoding=\"async\" class=\"size-full wp-image-769\" src=\"\/dev\/wp-content\/uploads\/sites\/2\/2015\/06\/termine.jpg\" alt=\"encours\" width=\"114\" height=\"58\" \/><\/a><\/p>\n<div style=\"width: 390px;margin: 0 185px 0 120px;font-size: 12px\"><strong>Pays : <\/strong>P\u00e9rou<br \/>\n<strong>Mission : <\/strong>Acquisition et mise en place d&rsquo;une machine \u00e0 riz pour apporter un revenu alternatif \u00e0 la communaut\u00e9.<\/div>\n<\/div>\n<p><a href=\"\/dev\/developpement\/nos-missions\/developpement-durable\/installation-dune-pileuse-a-riz-dans-la-communaute-de-solterito\/\">En savoir plus sur cette mission&#8230;<\/a><\/p>\n<hr \/>\n<div style=\"width: 100%;padding-top: 20px\"><a style=\"float: right;margin-left: 15px;padding-top: 15px\" href=\"\/dev\/wp-content\/uploads\/sites\/2\/2015\/06\/mexique-drapeau1.jpg\"><img loading=\"lazy\" decoding=\"async\" class=\"size-full wp-image-836\" src=\"\/dev\/wp-content\/uploads\/sites\/2\/2015\/06\/mexique-drapeau1.jpg\" alt=\"equateurdrapeau\" width=\"50\" height=\"37\" \/><\/a><\/p>\n<h4><a href=\"\/dev\/developpement\/nos-missions\/developpement-durable\/contribution-au-developpement-du-village-huichol-zapote-la-laguna\/\">Soutien en d\u00e9veloppement aux communaut\u00e9s huicholes<\/a><\/h4>\n<\/div>\n<div style=\"width: 100%\"><a style=\"float: left;margin-right: 5px\" href=\"\/dev\/wp-content\/uploads\/sites\/2\/2015\/06\/termine.jpg\"><img loading=\"lazy\" decoding=\"async\" class=\"size-full wp-image-769\" src=\"\/dev\/wp-content\/uploads\/sites\/2\/2015\/06\/termine.jpg\" alt=\"encours\" width=\"114\" height=\"58\" \/><\/a><\/p>\n<div style=\"width: 390px;margin: 0 185px 0 120px;font-size: 12px\"><strong>Pays : <\/strong>Mexique<br \/>\n<strong>Mission : <\/strong>Abduction d&rsquo;eau dans les communaut\u00e9s huicholes.<\/div>\n<\/div>\n<p><a href=\"\/dev\/developpement\/nos-missions\/developpement-durable\/contribution-au-developpement-du-village-huichol-zapote-la-laguna\/\">En savoir plus sur cette mission&#8230;<\/a><\/p>\n<hr \/>\n<div style=\"width: 100%;padding-top: 20px\"><a style=\"float: right;margin-left: 15px;padding-top: 15px\" href=\"\/dev\/wp-content\/uploads\/sites\/2\/2015\/06\/equateurdrapeau1.jpg\"><img loading=\"lazy\" decoding=\"async\" class=\"size-full wp-image-836\" src=\"\/dev\/wp-content\/uploads\/sites\/2\/2015\/06\/equateurdrapeau1.jpg\" alt=\"equateurdrapeau\" width=\"50\" height=\"37\" \/><\/a><\/p>\n<h4><a href=\"\/dev\/developpement\/nos-missions\/developpement-durable\/production-et-commercialisation-de-savons-artisanaux-en-equateur\/\">Production de savons artisanaux<\/a><\/h4>\n<\/div>\n<div style=\"width: 100%\"><a style=\"float: left;margin-right: 5px\" href=\"\/dev\/wp-content\/uploads\/sites\/2\/2015\/06\/termine.jpg\"><img loading=\"lazy\" decoding=\"async\" class=\"size-full wp-image-769\" src=\"\/dev\/wp-content\/uploads\/sites\/2\/2015\/06\/termine.jpg\" alt=\"encours\" width=\"114\" height=\"58\" \/><\/a><\/p>\n<div style=\"width: 390px;margin: 0 185px 0 120px;font-size: 12px\"><strong>Pays : <\/strong>Equateur<br \/>\n<strong>Mission : <\/strong>Acquisition et mise en place d&rsquo;une machine \u00e0 riz pour apporter un revenu alternatif \u00e0 la communaut\u00e9.<\/div>\n<\/div>\n<p><a href=\"\/dev\/developpement\/nos-missions\/developpement-durable\/production-et-commercialisation-de-savons-artisanaux-en-equateur\/\">En savoir plus sur cette mission&#8230;<\/a><\/p>\n<hr \/>\n<div style=\"width: 100%;padding-top: 20px\"><a style=\"float: right;margin-left: 15px;padding-top: 15px\" href=\"\/dev\/wp-content\/uploads\/sites\/2\/2015\/06\/perou-drapeau1.jpg\"><img loading=\"lazy\" decoding=\"async\" class=\"size-full wp-image-836\" src=\"\/dev\/wp-content\/uploads\/sites\/2\/2015\/06\/perou-drapeau1.jpg\" alt=\"equateurdrapeau\" width=\"50\" height=\"37\" \/><\/a><\/p>\n<h4>Chantiers jeunes de soutien aux communaut\u00e9s autochtones<\/h4>\n<\/div>\n<div style=\"width: 100%\"><a style=\"float: left;margin-right: 5px\" href=\"https:\/\/latitudsur.org\/dev\/wp-content\/uploads\/sites\/2\/2015\/06\/termine.jpg\"><img loading=\"lazy\" decoding=\"async\" class=\"alignnone wp-image-788 size-full\" src=\"https:\/\/latitudsur.org\/dev\/wp-content\/uploads\/sites\/2\/2015\/06\/termine.jpg\" alt=\"\" width=\"114\" height=\"58\" \/><\/a><\/p>\n<div style=\"width: 390px;margin: -45px 185px 0 120px;font-size: 12px\"><strong>Pays : <\/strong>P\u00e9rou<br \/>\n<strong>Mission : <\/strong>Projets ponctuels de d\u00e9veloppement dans des communaut\u00e9s o\u00f9 travaille Latitud Sur.<\/div>\n<\/div>\n<p>Cette activit\u00e9 requiert de nous contacter car il s&rsquo;agit d&rsquo;un appui que nous donnons \u00e0 des groupes souhaitant aider une communaut\u00e9 et disposant de la capacit\u00e9 de mobiliser des fonds.<\/p>\n<hr \/>\n<div style=\"width: 100%;padding-top: 20px\"><a style=\"float: right;margin-left: 15px;padding-top: 15px\" href=\"\/dev\/wp-content\/uploads\/sites\/2\/2015\/06\/perou-drapeau1.jpg\"><img loading=\"lazy\" decoding=\"async\" class=\"size-full wp-image-836\" src=\"\/dev\/wp-content\/uploads\/sites\/2\/2015\/06\/perou-drapeau1.jpg\" alt=\"equateurdrapeau\" width=\"50\" height=\"37\" \/><\/a><\/p>\n<h4><a href=\"\/dev\/developpement\/nos-missions\/developpement-durable\/soutien-a-une-filiere-de-production-durable-et-commercialisation-dhuile-vegetale-de-sacha-inchi\/\">Production durable et Commercialisation d&rsquo;huile v\u00e9g\u00e9tale de Sacha Inchi<\/a><\/h4>\n<\/div>\n<div style=\"width: 100%\"><a style=\"float: left;margin-right: 5px\" href=\"https:\/\/latitudsur.org\/dev\/wp-content\/uploads\/sites\/2\/2015\/06\/termine.jpg\"><img loading=\"lazy\" decoding=\"async\" class=\"alignnone wp-image-788 size-full\" src=\"https:\/\/latitudsur.org\/dev\/wp-content\/uploads\/sites\/2\/2015\/06\/termine.jpg\" alt=\"\" width=\"114\" height=\"58\" \/><\/a><\/p>\n<div style=\"width: 390px;margin: -45px 185px 0 120px;font-size: 12px\"><strong>Pays : <\/strong>P\u00e9rou<br \/>\n<strong>Mission : <\/strong>Apporter un soutien \u00e0 une fili\u00e8re de production durable d&rsquo;huile v\u00e9g\u00e9tale de Sacha Inchi (<i>Plukenetia Volubilis<\/i>) comme source de revenu alternative et de valorisation d&rsquo;un produit de la for\u00eat.<\/div>\n<\/div>\n<p><a href=\"\/dev\/developpement\/nos-missions\/developpement-durable\/soutien-a-une-filiere-de-production-durable-et-commercialisation-dhuile-vegetale-de-sacha-inchi\/\">En savoir plus sur cette mission&#8230;<\/a><\/p>\n<hr \/>\n<div style=\"width: 100%;padding-top: 20px\"><a style=\"float: right;margin-left: 15px;padding-top: 15px\" href=\"\/dev\/wp-content\/uploads\/sites\/2\/2015\/06\/equateurdrapeau1.jpg\"><img loading=\"lazy\" decoding=\"async\" class=\"size-full wp-image-836\" src=\"\/dev\/wp-content\/uploads\/sites\/2\/2015\/06\/equateurdrapeau1.jpg\" alt=\"equateurdrapeau\" width=\"50\" height=\"37\" \/><\/a><\/p>\n<h4><a href=\"\/dev\/developpement\/nos-missions\/developpement-durable\/centre-de-recherche-sur-les-ressources-naturelles-de-lamazonie\/\">Centre de Recherche sur les Ressources Naturelles de l&rsquo;Amazonie<\/a><\/h4>\n<\/div>\n<div style=\"width: 100%\"><a style=\"float: left;margin-right: 5px\" href=\"\/dev\/wp-content\/uploads\/sites\/2\/2015\/06\/avenir.jpg\"><img loading=\"lazy\" decoding=\"async\" class=\"size-full wp-image-769\" src=\"\/dev\/wp-content\/uploads\/sites\/2\/2015\/06\/avenir.jpg\" alt=\"encours\" width=\"114\" height=\"58\" \/><\/a><br \/>\n<a style=\"float: right;margin: -15px 0px 0px 5px\" href=\"\/dev\/wp-content\/uploads\/sites\/2\/2015\/06\/financement.jpg\"><img decoding=\"async\" class=\"size-full wp-image-769\" src=\"\/dev\/wp-content\/uploads\/sites\/2\/2015\/06\/financement.jpg\" alt=\"financement partiel\" \/><\/a><\/p>\n<div style=\"width: 390px;margin: -45px 185px 0 120px;font-size: 12px\"><strong>Pays : <\/strong>Equateur<br \/>\n<strong>Mission : <\/strong>Evaluer, \u00e9laborer et mettre en place des fili\u00e8res d&rsquo;exploitation durable des ressources de l&rsquo;Amazonie comme alternatives aux activit\u00e9s d\u00e9pr\u00e9datrices de la for\u00eat.<\/div>\n<\/div>\n<p><a href=\"\/dev\/developpement\/nos-missions\/developpement-durable\/centre-de-recherche-sur-les-ressources-naturelles-de-lamazonie\/\">En savoir plus sur cette mission&#8230;<\/a><\/p>","protected":false},"excerpt":{"rendered":"<p>Latitud Sur \u0153uvre pour le d\u00e9veloppement des communaut\u00e9s indig\u00e8nes de Haute Amazonie dans le strict respect des \u00e9quilibres locaux (sociaux, \u00e9conomiques, environnementaux&#8230;). En ce sens nous veillons \u00e0 : Promouvoir des savoir-faire locaux et ancestraux en apportant le soutien n\u00e9cessaire<span class=\"ellipsis\">&hellip;<\/span><\/p>\n<div class=\"read-more\"><a href=\"https:\/\/latitudsur.org\/dev\/fr\/nos-missions\/developpement-durable\/\">Lire la suite &#8250;<\/a><\/div>\n<p><!-- end of .read-more --><\/p>\n","protected":false},"author":1,"featured_media":0,"parent":56,"menu_order":0,"comment_status":"closed","ping_status":"open","template":"template-page.php","meta":{"footnotes":""},"class_list":["post-51","page","type-page","status-publish","hentry"],"_links":{"self":[{"href":"https:\/\/latitudsur.org\/dev\/fr\/wp-json\/wp\/v2\/pages\/51","targetHints":{"allow":["GET"]}}],"collection":[{"href":"https:\/\/latitudsur.org\/dev\/fr\/wp-json\/wp\/v2\/pages"}],"about":[{"href":"https:\/\/latitudsur.org\/dev\/fr\/wp-json\/wp\/v2\/types\/page"}],"author":[{"embeddable":true,"href":"https:\/\/latitudsur.org\/dev\/fr\/wp-json\/wp\/v2\/users\/1"}],"replies":[{"embeddable":true,"href":"https:\/\/latitudsur.org\/dev\/fr\/wp-json\/wp\/v2\/comments?post=51"}],"version-history":[{"count":0,"href":"https:\/\/latitudsur.org\/dev\/fr\/wp-json\/wp\/v2\/pages\/51\/revisions"}],"up":[{"embeddable":true,"href":"https:\/\/latitudsur.org\/dev\/fr\/wp-json\/wp\/v2\/pages\/56"}],"wp:attachment":[{"href":"https:\/\/latitudsur.org\/dev\/fr\/wp-json\/wp\/v2\/media?parent=51"}],"curies":[{"name":"wp","href":"https:\/\/api.w.org\/{rel}","templated":true}]}}