{"id":74,"date":"2015-03-02T14:56:45","date_gmt":"2015-03-02T13:56:45","guid":{"rendered":"http:\/\/latitudsur.org\/developpement\/?page_id=74"},"modified":"2015-03-02T14:56:45","modified_gmt":"2015-03-02T13:56:45","slug":"sante-education","status":"publish","type":"page","link":"https:\/\/latitudsur.org\/dev\/fr\/nos-missions\/sante-education\/","title":{"rendered":"Sant\u00e9 &amp; \u00e9ducation"},"content":{"rendered":"<p>Latitud Sur s\u2019engage sur le terrain de la sant\u00e9.<\/p>\n<p>Loin de nous improviser \u00ab grand gu\u00e9risseur \u00bb des populations autochtones, nous nous posons en compl\u00e9ment des dispositifs de sant\u00e9 en pr\u00e9sence. La richesse des savoirs indig\u00e8nes en sant\u00e9 est immense. Nous apportons nos connaissances et nos soins lorsque ceux-ci manquent. Nous nous attachons \u00e0 valoriser les savoirs traditionnels quand ceux-ci sont trop peu consid\u00e9r\u00e9s.<\/p>\n<p><a style=\"float: left;margin-right: 15px;padding-top: 15px\" href=\"\/dev\/wp-content\/uploads\/sites\/2\/2015\/06\/illustration_sante.jpg\"><img loading=\"lazy\" decoding=\"async\" class=\"size-full\" src=\"\/dev\/wp-content\/uploads\/sites\/2\/2015\/06\/illustration_sante.jpg\" alt=\"illustration_dev_dur\" width=\"300\" height=\"235\" \/><\/a><\/p>\n<p>Ainsi, Latitud Sur se bat pour am\u00e9liorer les conditions de sant\u00e9 et d\u2019hygi\u00e8ne des populations en situation de vuln\u00e9rabilit\u00e9 en apportant des services de sant\u00e9 non couverts localement. Gr\u00e2ce au bateau de Latitud Sur, le Selva Viva, nous pouvons aller \u00e0 la rencontre des populations les plus \u00e9loign\u00e9es pour :<\/p>\n<ul>\n<li>Effectuer un diagnostic sur l\u2019\u00e9tat de sant\u00e9 des communaut\u00e9s concern\u00e9es.<\/li>\n<li>Apporter des soins de sant\u00e9 effectifs, pr\u00e9ventifs et curatifs (soins primaires, mais aussi ophtalmologie, gyn\u00e9cologie, odontologie&#8230;).<\/li>\n<li>Sensibiliser les populations sur l\u2019hygi\u00e8ne et la p\u00e9rinatalit\u00e9.<\/li>\n<\/ul>\n<p><a style=\"float: right;margin-left: 15px;padding-top: 15px\" href=\"\/dev\/wp-content\/uploads\/sites\/2\/2015\/06\/illus-piti-sante.jpg\"><img loading=\"lazy\" decoding=\"async\" class=\"size-full\" src=\"\/dev\/wp-content\/uploads\/sites\/2\/2015\/06\/illus-piti-sante.jpg\" alt=\"illustration_dev_dur\" width=\"300\" height=\"235\" \/><\/a><br \/>\nSur un autre registre, Latitud Sur s\u2019attache \u00e0 valoriser les savoirs. La m\u00e9decine traditionnelle indig\u00e8ne est un patrimoine qu\u2019il convient de pr\u00e9server, pour ses vertus, pour sa richesse. Latitud Sur se bat aux c\u00f4t\u00e9s des communaut\u00e9s afin de :<\/p>\n<ul>\n<li>R\u00e9pertorier, \u00e9tudier, valider, l\u00e9galiser et int\u00e9grer les savoirs th\u00e9rapeutiques et les savoir-faire des tradipraticiens dans les soins de sant\u00e9 primaire.<\/li>\n<li>Revaloriser l\u2019emploi des plantes m\u00e9dicinales traditionnelles pour rem\u00e9dier aux probl\u00e8mes de sant\u00e9 primaire et rendre autonome les populations tant sur le plan pr\u00e9ventif que curatif.<\/li>\n<li>Exploiter financi\u00e8rement les plantes aux vertus m\u00e9dicinales au profit des communaut\u00e9s.<\/li>\n<\/ul>\n<p>Avec les m\u00eames pr\u00e9cautions que pour la sant\u00e9, Latitud Sur apporte son soutien aux communaut\u00e9s sur le terrain de l\u2019\u00e9ducation.<\/p>\n<p>Un imp\u00e9ratif : harmoniser les messages \u00e9ducatifs, entre savoirs traditionnels et modernit\u00e9 \u00e9mergente. Latitud Sur int\u00e8gre ces deux aspects dans ses programmes qui viennent se placer en compl\u00e9ment des syst\u00e8mes \u00e9ducatifs en pr\u00e9sence.<\/p>\n<p><a style=\"float: left;margin-right: 15px;padding-top: 15px\" href=\"\/dev\/wp-content\/uploads\/sites\/2\/2015\/06\/santeeducation1.jpg\"><img loading=\"lazy\" decoding=\"async\" class=\"size-full wp-image-766\" src=\"\/dev\/wp-content\/uploads\/sites\/2\/2015\/06\/santeeducation1.jpg\" alt=\"devdurable\" width=\"64\" height=\"64\" \/><\/a><\/p>\n<h4 style=\"padding-top: 40px\">Nos projets de d\u00e9veloppement soutenable<\/h4>\n<div style=\"width: 100%;padding-top: 40px\"><a style=\"float: right;margin-left: 15px;padding-top: 15px\" href=\"\/dev\/wp-content\/uploads\/sites\/2\/2015\/06\/equateurdrapeau.jpg\"><img loading=\"lazy\" decoding=\"async\" class=\"size-full wp-image-836\" src=\"\/dev\/wp-content\/uploads\/sites\/2\/2015\/06\/equateurdrapeau.jpg\" alt=\"equateurdrapeau\" width=\"50\" height=\"37\" \/><\/a><\/p>\n<h4><a href=\"\/dev\/developpement\/nos-missions\/sante-education\/amenagement-dun-centre-daccueil-pour-enfants-quechuas-a-cangahua\/\">Centres d&rsquo;accueil pour enfants \u00e0 Cangahua<\/a><\/h4>\n<\/div>\n<div style=\"width: 100%\"><a style=\"float: left;margin-right: 5px\" href=\"\/dev\/wp-content\/uploads\/sites\/2\/2015\/06\/termine.jpg\"><img loading=\"lazy\" decoding=\"async\" class=\"size-full wp-image-769\" src=\"\/dev\/wp-content\/uploads\/sites\/2\/2015\/06\/termine.jpg\" alt=\"encours\" width=\"114\" height=\"58\" \/><\/a><\/p>\n<div style=\"width: 390px;margin: 0 185px 0 120px;font-size: 12px\"><strong>Pays : <\/strong>Equateur<br \/>\n<strong>Mission : <\/strong>Soutien \u00e0 des centres d&rsquo;accueil pour enfants des communaut\u00e9s quechuas de Cangahua (province de Pichincha).<\/div>\n<\/div>\n<p><a href=\"\/dev\/developpement\/nos-missions\/sante-education\/amenagement-dun-centre-daccueil-pour-enfants-quechuas-a-cangahua\/\">En savoir plus sur cette mission&#8230;<\/a><\/p>\n<hr \/>\n<div style=\"width: 100%;padding-top: 20px\"><a style=\"float: right;margin-left: 15px;padding-top: 15px\" href=\"\/dev\/wp-content\/uploads\/sites\/2\/2015\/06\/perou-drapeau1.jpg\"><img loading=\"lazy\" decoding=\"async\" class=\"size-full wp-image-836\" src=\"\/dev\/wp-content\/uploads\/sites\/2\/2015\/06\/perou-drapeau1.jpg\" alt=\"equateurdrapeau\" width=\"50\" height=\"37\" \/><\/a><\/p>\n<h4><a href=\"\/dev\/developpement\/nos-missions\/sante-education\/protection-de-la-biodiversite-amazonienne-avec-le-selva-viva\/\">Bateau-\u00e9cole Selva Viva<\/a><\/h4>\n<\/div>\n<div style=\"width: 100%\"><a style=\"float: left;margin-right: 5px\" href=\"https:\/\/latitudsur.org\/dev\/wp-content\/uploads\/sites\/2\/2015\/06\/termine.jpg\"><img loading=\"lazy\" decoding=\"async\" class=\"alignnone wp-image-788 size-full\" src=\"https:\/\/latitudsur.org\/dev\/wp-content\/uploads\/sites\/2\/2015\/06\/termine.jpg\" alt=\"\" width=\"114\" height=\"58\" \/><\/a><\/p>\n<div style=\"width: 390px;margin: -45px 185px 0 120px;font-size: 12px\"><strong>Pays : <\/strong>P\u00e9rou<br \/>\n<strong>Mission : <\/strong>Cr\u00e9ation d&rsquo;un r\u00e9seau d&rsquo;\u00e9changes et d&rsquo;apprentissage sur les plantes m\u00e9dicinales.<\/div>\n<\/div>\n<p><a href=\"\/dev\/developpement\/nos-missions\/sante-education\/protection-de-la-biodiversite-amazonienne-avec-le-selva-viva\/\">En savoir plus sur cette mission&#8230;<\/a><\/p>\n<hr \/>\n<div style=\"width: 100%;padding-top: 20px\"><a style=\"float: right;margin-left: 15px;padding-top: 15px\" href=\"\/dev\/wp-content\/uploads\/sites\/2\/2015\/06\/equateurdrapeau.jpg\"><img loading=\"lazy\" decoding=\"async\" class=\"size-full wp-image-836\" src=\"\/dev\/wp-content\/uploads\/sites\/2\/2015\/06\/equateurdrapeau.jpg\" alt=\"equateurdrapeau\" width=\"50\" height=\"37\" \/><\/a><\/p>\n<h4><a href=\"\/dev\/developpement\/nos-missions\/sante-education\/valorisation-de-la-medecine-traditionnelle-shuar\/\">Soutien \u00e0 la m\u00e9decine traditionnelle Shuar<\/a><\/h4>\n<\/div>\n<div style=\"width: 100%\"><a style=\"float: left;margin-right: 5px\" href=\"\/dev\/wp-content\/uploads\/sites\/2\/2015\/06\/termine.jpg\"><img loading=\"lazy\" decoding=\"async\" class=\"size-full wp-image-769\" src=\"\/dev\/wp-content\/uploads\/sites\/2\/2015\/06\/termine.jpg\" alt=\"encours\" width=\"114\" height=\"58\" \/><\/a><\/p>\n<div style=\"width: 390px;margin: 0 185px 0 120px;font-size: 12px\"><strong>Pays : <\/strong>Equateur<br \/>\n<strong>Mission : <\/strong>Constitution d&rsquo;un conseil des chamans &amp; activit\u00e9s de reconnaissance.<\/div>\n<\/div>\n<p><a href=\"\/dev\/developpement\/nos-missions\/sante-education\/valorisation-de-la-medecine-traditionnelle-shuar\/\">En savoir plus sur cette mission&#8230;<\/a><\/p>\n<hr \/>\n<div style=\"width: 100%;padding-top: 20px\"><a style=\"float: right;margin-left: 15px;padding-top: 15px\" href=\"\/dev\/wp-content\/uploads\/sites\/2\/2015\/06\/perou-drapeau1.jpg\"><img loading=\"lazy\" decoding=\"async\" class=\"size-full wp-image-836\" src=\"\/dev\/wp-content\/uploads\/sites\/2\/2015\/06\/perou-drapeau1.jpg\" alt=\"equateurdrapeau\" width=\"50\" height=\"37\" \/><\/a><\/p>\n<h4><a href=\"\/dev\/developpement\/nos-missions\/sante-education\/brigades-de-sante-itinerantes-avec-le-bateau-selva-viva-dans-le-loreto\/\">Brigades m\u00e9dicales avec le bateau Selva Viva<\/a><\/h4>\n<\/div>\n<div style=\"width: 100%\"><a style=\"float: left;margin-right: 5px\" href=\"https:\/\/latitudsur.org\/dev\/wp-content\/uploads\/sites\/2\/2015\/06\/termine.jpg\"><img loading=\"lazy\" decoding=\"async\" class=\"alignnone wp-image-788 size-full\" src=\"https:\/\/latitudsur.org\/dev\/wp-content\/uploads\/sites\/2\/2015\/06\/termine.jpg\" alt=\"\" width=\"114\" height=\"58\" \/><\/a><\/p>\n<div style=\"width: 390px;margin: -45px 185px 0 120px;font-size: 12px\"><strong>Pays : <\/strong>P\u00e9rou<br \/>\n<strong>Mission : <\/strong> Brigades fluviales m\u00e9dicales de soutien aux communaut\u00e9s riveraines en soins de moyen terme.<\/div>\n<\/div>\n<p>En savoir plus sur cette mission&#8230;<a href=\"https:\/\/vimeo.com\/89389520\"><strong>vid\u00e9o ARTE&#8230;<\/strong><\/a><\/p>","protected":false},"excerpt":{"rendered":"<p>Latitud Sur s\u2019engage sur le terrain de la sant\u00e9. Loin de nous improviser \u00ab grand gu\u00e9risseur \u00bb des populations autochtones, nous nous posons en compl\u00e9ment des dispositifs de sant\u00e9 en pr\u00e9sence. La richesse des savoirs indig\u00e8nes en sant\u00e9 est immense.<span class=\"ellipsis\">&hellip;<\/span><\/p>\n<div class=\"read-more\"><a href=\"https:\/\/latitudsur.org\/dev\/fr\/nos-missions\/sante-education\/\">Lire la suite &#8250;<\/a><\/div>\n<p><!-- end of .read-more --><\/p>\n","protected":false},"author":1,"featured_media":0,"parent":56,"menu_order":0,"comment_status":"closed","ping_status":"open","template":"template-page.php","meta":{"footnotes":""},"class_list":["post-74","page","type-page","status-publish","hentry"],"_links":{"self":[{"href":"https:\/\/latitudsur.org\/dev\/fr\/wp-json\/wp\/v2\/pages\/74","targetHints":{"allow":["GET"]}}],"collection":[{"href":"https:\/\/latitudsur.org\/dev\/fr\/wp-json\/wp\/v2\/pages"}],"about":[{"href":"https:\/\/latitudsur.org\/dev\/fr\/wp-json\/wp\/v2\/types\/page"}],"author":[{"embeddable":true,"href":"https:\/\/latitudsur.org\/dev\/fr\/wp-json\/wp\/v2\/users\/1"}],"replies":[{"embeddable":true,"href":"https:\/\/latitudsur.org\/dev\/fr\/wp-json\/wp\/v2\/comments?post=74"}],"version-history":[{"count":0,"href":"https:\/\/latitudsur.org\/dev\/fr\/wp-json\/wp\/v2\/pages\/74\/revisions"}],"up":[{"embeddable":true,"href":"https:\/\/latitudsur.org\/dev\/fr\/wp-json\/wp\/v2\/pages\/56"}],"wp:attachment":[{"href":"https:\/\/latitudsur.org\/dev\/fr\/wp-json\/wp\/v2\/media?parent=74"}],"curies":[{"name":"wp","href":"https:\/\/api.w.org\/{rel}","templated":true}]}}