{"id":77,"date":"2015-03-02T14:57:31","date_gmt":"2015-03-02T13:57:31","guid":{"rendered":"http:\/\/latitudsur.org\/developpement\/?page_id=77"},"modified":"2015-03-02T14:57:31","modified_gmt":"2015-03-02T13:57:31","slug":"tourisme-culture","status":"publish","type":"page","link":"https:\/\/latitudsur.org\/dev\/fr\/nos-missions\/tourisme-culture\/","title":{"rendered":"Tourisme &amp; culture"},"content":{"rendered":"<p>Latitud Sur est une ONG qui pour financer ses projets de d\u00e9veloppement propose des croisi\u00e8res \u00e0 bord du bateau Latitud Sur, le Selva Viva, et des voyages d\u2019\u00e9cotourisme.<\/p>\n<p>En cela, <strong>nous ne sommes pas une agence de voyage. <\/strong><\/p>\n<p>Nous travaillons depuis de longues ann\u00e9es avec les communaut\u00e9s, sur les territoires de la Haute Amazonie et c\u2019est avec elles et dans le respect de ces milieux que nous accompagnons des voyageurs.<\/p>\n<p><a style=\"float: left;margin-right: 15px;padding-top: 15px\" href=\"\/dev\/wp-content\/uploads\/sites\/2\/2015\/06\/illustration_tourisme.jpg\"><img loading=\"lazy\" decoding=\"async\" class=\"alignnone size-medium wp-image-779\" src=\"\/dev\/wp-content\/uploads\/sites\/2\/2015\/06\/illustration_tourisme-300x235.jpg\" alt=\"illustration_tourisme\" width=\"300\" height=\"235\" srcset=\"https:\/\/latitudsur.org\/dev\/wp-content\/uploads\/sites\/2\/2015\/06\/illustration_tourisme-300x235.jpg 300w, https:\/\/latitudsur.org\/dev\/wp-content\/uploads\/sites\/2\/2015\/06\/illustration_tourisme.jpg 360w\" sizes=\"auto, (max-width: 300px) 100vw, 300px\" \/><\/a><br \/>\nNous refusons le tourisme de masse pour pr\u00e9f\u00e9rer des voyages \u00e9thiques, \u00e9quitables et solidaires.<\/p>\n<ul>\n<li>Nous ne constituons que des <strong>petits groupes de voyageurs<\/strong> et n\u2019organisons qu\u2019un nombre limit\u00e9 de voyages par destination.<\/li>\n<li>Nos voyages g\u00e9n\u00e8rent <strong>localement<\/strong> des fonds.<\/li>\n<li>Nous veillons \u00e0 ce que le plus grand nombre b\u00e9n\u00e9ficie du tourisme propos\u00e9 par Latitud Sur, <strong>sans bousculer les \u00e9quilibres locaux<\/strong>.<\/li>\n<\/ul>\n<p><strong>Les profits issus du tourisme sont r\u00e9investis dans des projets de d\u00e9veloppement. Il s\u2019\u00e9tablit alors un lien concret, perceptible par les populations locales, entre tourisme et action humanitaire ou solidaire. <\/strong><\/p>\n<p>Nous nous attachons aussi \u00e0 <strong>valoriser les cultures<\/strong> partout o\u00f9 nous travaillons.En ce sens, <strong>nous nous sommes battus pour prot\u00e9ger des lieux sacr\u00e9s<\/strong> et les chemins de p\u00e8lerinage traditionnel huichols (photo ci-contre).<\/p>\n<h4><a href=\"\/dev\/wp-content\/uploads\/sites\/2\/2015\/06\/tourismeculture.png\"><img loading=\"lazy\" decoding=\"async\" class=\"alignnone size-full wp-image-789\" src=\"\/dev\/wp-content\/uploads\/sites\/2\/2015\/06\/tourismeculture.png\" alt=\"tourismeculture\" width=\"128\" height=\"128\" \/><\/a>Nos projets de Tourisme et Culture<\/h4>\n<div style=\"width: 100%;padding-top: 10px\"><a style=\"float: right;margin-left: 15px;padding-top: 35px\" href=\"\/dev\/wp-content\/uploads\/sites\/2\/2015\/06\/equateurdrapeau1.jpg\"><img loading=\"lazy\" decoding=\"async\" class=\"size-full wp-image-836\" src=\"\/dev\/wp-content\/uploads\/sites\/2\/2015\/06\/equateurdrapeau1.jpg\" alt=\"equateurdrapeau\" width=\"50\" height=\"37\" \/><\/a><\/p>\n<h4><a href=\"\/dev\/developpement\/nos-missions\/tourisme-culture\/tourisme-communautaire-andes-equateur\/\">Tourisme communautaire dans les Andes \u00e9quatoriennes (village karanqui de San Clemente)<\/a><\/h4>\n<\/div>\n<div style=\"width: 100%\"><a style=\"float: left;margin-right: 5px\" href=\"https:\/\/latitudsur.org\/dev\/wp-content\/uploads\/sites\/2\/2015\/06\/termine.jpg\"><img loading=\"lazy\" decoding=\"async\" class=\"alignnone wp-image-788 size-full\" src=\"https:\/\/latitudsur.org\/dev\/wp-content\/uploads\/sites\/2\/2015\/06\/termine.jpg\" alt=\"\" width=\"114\" height=\"58\" \/><\/a><\/p>\n<div style=\"width: 390px;margin: -45px 185px 0 120px;font-size: 12px\"><strong>Pays : <\/strong>Equateur<br \/>\n<strong>Mission : <\/strong>Am\u00e9liorer les services propos\u00e9s dans l\u2019initiative de tourisme communautaire de San Clemente<\/div>\n<\/div>\n<p><a href=\"\/dev\/developpement\/nos-missions\/tourisme-culture\/tourisme-communautaire-andes-equateur\/\">En savoir plus sur cette mission&#8230;<\/a><\/p>\n<hr \/>\n<div style=\"width: 100%;padding-top: 10px\"><a style=\"float: right;margin-left: 15px;padding-top: 35px\" href=\"\/dev\/wp-content\/uploads\/sites\/2\/2015\/06\/equateurdrapeau1.jpg\"><img loading=\"lazy\" decoding=\"async\" class=\"size-full wp-image-836\" src=\"\/dev\/wp-content\/uploads\/sites\/2\/2015\/06\/equateurdrapeau1.jpg\" alt=\"equateurdrapeau\" width=\"50\" height=\"37\" \/><\/a><br \/>\n<a style=\"float: right;margin-left: 15px;padding-top: 15px\" href=\"\/dev\/wp-content\/uploads\/sites\/2\/2015\/06\/perou-drapeau1.jpg\"><img loading=\"lazy\" decoding=\"async\" class=\"size-full wp-image-836\" src=\"\/dev\/wp-content\/uploads\/sites\/2\/2015\/06\/perou-drapeau1.jpg\" alt=\"equateurdrapeau\" width=\"50\" height=\"37\" \/><\/a><\/p>\n<h4><a href=\"\/dev\/developpement\/nos-missions\/tourisme-culture\/memoires-magiques-enregistrements-de-chants-traditionnels\/\">M\u00e9moires magiques (enregistrements de chants traditionnels)<\/a><\/h4>\n<\/div>\n<div style=\"width: 100%\"><a style=\"float: left;margin-right: 5px\" href=\"https:\/\/latitudsur.org\/dev\/wp-content\/uploads\/sites\/2\/2015\/06\/termine.jpg\"><img loading=\"lazy\" decoding=\"async\" class=\"alignnone wp-image-788 size-full\" src=\"https:\/\/latitudsur.org\/dev\/wp-content\/uploads\/sites\/2\/2015\/06\/termine.jpg\" alt=\"\" width=\"114\" height=\"58\" \/><\/a><\/p>\n<div style=\"width: 390px;margin: -45px 185px 0 120px;font-size: 12px\"><strong>Pays : <\/strong>Equateur, P\u00e9rou<br \/>\n<strong>Mission : <\/strong>Enregistrer et diffuser des chants traditionnels \u00ab\u00a0magiques\u00a0\u00bb<\/div>\n<\/div>\n<p><a href=\"\/dev\/developpement\/nos-missions\/tourisme-culture\/memoires-magiques-enregistrements-de-chants-traditionnels\/\">En savoir plus sur cette mission&#8230;<\/a><\/p>\n<hr \/>\n<div style=\"width: 100%;padding-top: 40px\">\n<p><a style=\"float: right;margin-left: 15px;padding-top: 15px\" href=\"\/dev\/wp-content\/uploads\/sites\/2\/2015\/06\/perou-drapeau1.jpg\"><img loading=\"lazy\" decoding=\"async\" class=\"size-full wp-image-836\" src=\"\/dev\/wp-content\/uploads\/sites\/2\/2015\/06\/perou-drapeau1.jpg\" alt=\"equateurdrapeau\" width=\"50\" height=\"37\" \/><\/a><\/p>\n<h4><a href=\"\/dev\/developpement\/nos-missions\/tourisme-culture\/evaluation-du-projet-eco-tourisme-rumbo-eldorado-dans-la-reserve-nationale-pacaya-samiria\/\">Evaluation d&rsquo;un projet d&rsquo;Eco-tourisme dans la R\u00e9serve Pacaya-Samiria<\/a><\/h4>\n<\/div>\n<div style=\"width: 100%\">\n<p><a style=\"float: left;margin-right: 5px\" href=\"\/dev\/wp-content\/uploads\/sites\/2\/2015\/06\/termine.jpg\"><img loading=\"lazy\" decoding=\"async\" class=\"size-full wp-image-769\" src=\"\/dev\/wp-content\/uploads\/sites\/2\/2015\/06\/termine.jpg\" alt=\"encours\" width=\"114\" height=\"58\" \/><\/a><\/p>\n<div style=\"width: 390px;margin: 0 185px 0 120px;font-size: 12px\"><strong>Pays : <\/strong>P\u00e9rou<br \/>\n<strong>Mission : <\/strong>Expertise et \u00e9valuation d\u2019un projet d&rsquo;\u00e9cotourisme dans la R\u00e9serve Nationale Pacaya-Samiria<\/div>\n<\/div>\n<p><a href=\"\/dev\/developpement\/nos-missions\/tourisme-culture\/evaluation-du-projet-eco-tourisme-rumbo-eldorado-dans-la-reserve-nationale-pacaya-samiria\/\">En savoir plus sur cette mission&#8230;<\/a><\/p>\n<hr \/>\n<div style=\"width: 100%;padding-top: 40px\">\n<p><a style=\"float: right;margin-left: 15px;padding-top: 15px\" href=\"\/dev\/wp-content\/uploads\/sites\/2\/2015\/06\/equateurdrapeau1.jpg\"><img loading=\"lazy\" decoding=\"async\" class=\"size-full wp-image-836\" src=\"\/dev\/wp-content\/uploads\/sites\/2\/2015\/06\/equateurdrapeau1.jpg\" alt=\"equateurdrapeau\" width=\"50\" height=\"37\" \/><\/a><\/p>\n<h4><a href=\"\/dev\/developpement\/nos-missions\/tourisme-culture\/dessin-et-video-sur-les-mythes-shuar-aide-au-service-deducation-autochtone\/\">Dessin et Vid\u00e9o des mythes Shuars<\/a><\/h4>\n<\/div>\n<div style=\"width: 100%\">\n<p><a style=\"float: left;margin-right: 5px\" href=\"\/dev\/wp-content\/uploads\/sites\/2\/2015\/06\/termine.jpg\"><img loading=\"lazy\" decoding=\"async\" class=\"size-full wp-image-769\" src=\"\/dev\/wp-content\/uploads\/sites\/2\/2015\/06\/termine.jpg\" alt=\"encours\" width=\"114\" height=\"58\" \/><\/a><\/p>\n<div style=\"width: 390px;margin: 0 185px 0 120px;font-size: 12px\"><strong>Pays : <\/strong>Equateur<br \/>\n<strong>Mission : <\/strong>Soutien aux services d&rsquo;\u00e9ducation Shuar \u00e0 l&rsquo;\u00e9laboration de supports p\u00e9dagogiques concernant les mythes cr\u00e9ateurs.<\/div>\n<\/div>\n<p><a href=\"\/dev\/developpement\/nos-missions\/tourisme-culture\/dessin-et-video-sur-les-mythes-shuar-aide-au-service-deducation-autochtone\/\">En savoir plus sur cette mission&#8230;<\/a><\/p>","protected":false},"excerpt":{"rendered":"<p>Latitud Sur est une ONG qui pour financer ses projets de d\u00e9veloppement propose des croisi\u00e8res \u00e0 bord du bateau Latitud Sur, le Selva Viva, et des voyages d\u2019\u00e9cotourisme. En cela, nous ne sommes pas une agence de voyage. Nous travaillons<span class=\"ellipsis\">&hellip;<\/span><\/p>\n<div class=\"read-more\"><a href=\"https:\/\/latitudsur.org\/dev\/fr\/nos-missions\/tourisme-culture\/\">Lire la suite &#8250;<\/a><\/div>\n<p><!-- end of .read-more --><\/p>\n","protected":false},"author":1,"featured_media":0,"parent":56,"menu_order":0,"comment_status":"closed","ping_status":"closed","template":"template-page.php","meta":{"footnotes":""},"class_list":["post-77","page","type-page","status-publish","hentry"],"_links":{"self":[{"href":"https:\/\/latitudsur.org\/dev\/fr\/wp-json\/wp\/v2\/pages\/77","targetHints":{"allow":["GET"]}}],"collection":[{"href":"https:\/\/latitudsur.org\/dev\/fr\/wp-json\/wp\/v2\/pages"}],"about":[{"href":"https:\/\/latitudsur.org\/dev\/fr\/wp-json\/wp\/v2\/types\/page"}],"author":[{"embeddable":true,"href":"https:\/\/latitudsur.org\/dev\/fr\/wp-json\/wp\/v2\/users\/1"}],"replies":[{"embeddable":true,"href":"https:\/\/latitudsur.org\/dev\/fr\/wp-json\/wp\/v2\/comments?post=77"}],"version-history":[{"count":0,"href":"https:\/\/latitudsur.org\/dev\/fr\/wp-json\/wp\/v2\/pages\/77\/revisions"}],"up":[{"embeddable":true,"href":"https:\/\/latitudsur.org\/dev\/fr\/wp-json\/wp\/v2\/pages\/56"}],"wp:attachment":[{"href":"https:\/\/latitudsur.org\/dev\/fr\/wp-json\/wp\/v2\/media?parent=77"}],"curies":[{"name":"wp","href":"https:\/\/api.w.org\/{rel}","templated":true}]}}