{"id":80,"date":"2015-03-02T14:58:12","date_gmt":"2015-03-02T13:58:12","guid":{"rendered":"http:\/\/latitudsur.org\/developpement\/?page_id=80"},"modified":"2015-03-02T14:58:12","modified_gmt":"2015-03-02T13:58:12","slug":"textes-de-reflexions","status":"publish","type":"page","link":"https:\/\/latitudsur.org\/dev\/fr\/nos-missions\/textes-de-reflexions\/","title":{"rendered":"Textes de r\u00e9flexion"},"content":{"rendered":"<p><a href=\"\/dev\/wp-content\/uploads\/sites\/2\/2015\/06\/devdurable.png\"><img loading=\"lazy\" decoding=\"async\" class=\"size-full wp-image-766\" src=\"\/dev\/wp-content\/uploads\/sites\/2\/2015\/06\/devdurable.png\" alt=\"devdurable\" width=\"64\" height=\"64\" \/><\/a><a href=\"\/dev\/developpement\/nos-missions\/textes-de-reflexions\/terra-preta-la-terre-dor\/\">Terra Preta : la terre d\u2019or<\/a><\/p>\n<p><a href=\"\/dev\/wp-content\/uploads\/sites\/2\/2015\/06\/devdurable.png\"><img loading=\"lazy\" decoding=\"async\" class=\"size-full wp-image-766\" src=\"\/dev\/wp-content\/uploads\/sites\/2\/2015\/06\/devdurable.png\" alt=\"devdurable\" width=\"64\" height=\"64\" \/><\/a><a href=\"\/dev\/developpement\/nos-missions\/textes-de-reflexions\/la-milpa-une-combinaison-millenaire-de-plantes-dans-lair-du-temps\/\">La milpa, une combinaison mill\u00e9naire de plantes, dans l&rsquo;air du temps<\/a><\/p>\n<p><a href=\"\/dev\/wp-content\/uploads\/sites\/2\/2015\/06\/environnement.png\"><img loading=\"lazy\" decoding=\"async\" class=\"size-full wp-image-770\" src=\"\/dev\/wp-content\/uploads\/sites\/2\/2015\/06\/environnement.png\" alt=\"environnement\" width=\"64\" height=\"64\" \/><\/a><a href=\"\/dev\/developpement\/nos-missions\/textes-de-reflexions\/texte-relations-deforestation-peuples-indigenes\/\">Relations D\u00e9forestation &#8211; Peuples Indig\u00e8nes (avec les Ashaninkas)<\/a><\/p>\n<p><a href=\"\/dev\/wp-content\/uploads\/sites\/2\/2015\/06\/environnement.png\"><img loading=\"lazy\" decoding=\"async\" class=\"size-full wp-image-770\" src=\"\/dev\/wp-content\/uploads\/sites\/2\/2015\/06\/environnement.png\" alt=\"environnement\" width=\"64\" height=\"64\" \/><\/a><a href=\"\/dev\/developpement\/nos-missions\/textes-de-reflexions\/texte-amazonie-le-vivier-de-la-terre-menace\/\">Amazonie, le vivier de la Terre menac\u00e9<\/a><\/p>\n<p><a href=\"\/dev\/wp-content\/uploads\/sites\/2\/2015\/06\/environnement.png\"><img loading=\"lazy\" decoding=\"async\" class=\"size-full wp-image-770\" src=\"\/dev\/wp-content\/uploads\/sites\/2\/2015\/06\/environnement.png\" alt=\"environnement\" width=\"64\" height=\"64\" \/><\/a><a href=\"\/dev\/developpement\/nos-missions\/textes-de-reflexions\/texte-chronique-dechecs-annonces-la-difficulte-du-systeme-normatif-international\/\">Chronique d\u2019\u00e9checs annonc\u00e9s, la difficult\u00e9 du syst\u00e8me normatif international<\/a><\/p>\n<p><a href=\"\/dev\/wp-content\/uploads\/sites\/2\/2015\/06\/environnement.png\"><img loading=\"lazy\" decoding=\"async\" class=\"size-full wp-image-770\" src=\"\/dev\/wp-content\/uploads\/sites\/2\/2015\/06\/environnement.png\" alt=\"environnement\" width=\"64\" height=\"64\" \/><\/a><a href=\"\/dev\/developpement\/nos-missions\/textes-de-reflexions\/texte-de-la-deforestation-evitee-faut-il-payer-pour-sauver-les-forets\/\">De la d\u00e9forestation \u00e9vit\u00e9e: \u00ab Faut-il payer pour sauver les for\u00eats ? \u00bb<\/a><\/p>\n<p><a href=\"\/dev\/wp-content\/uploads\/sites\/2\/2015\/06\/environnement.png\"><img loading=\"lazy\" decoding=\"async\" class=\"size-full wp-image-770\" src=\"\/dev\/wp-content\/uploads\/sites\/2\/2015\/06\/environnement.png\" alt=\"environnement\" width=\"64\" height=\"64\" \/><\/a><a href=\"\/dev\/developpement\/nos-missions\/textes-de-reflexions\/texte-de-rio-a-cancun-genese-dun-processus-politique-inacheve-les-tergiversations-autour-du-climat\/\">De Rio \u00e0 Cancun, g\u00e9n\u00e8se d\u2019un processus politique inachev\u00e9, les tergiversations autour du climat<\/a><\/p>\n<p><a href=\"\/dev\/wp-content\/uploads\/sites\/2\/2015\/06\/devdurable.png\"><img loading=\"lazy\" decoding=\"async\" class=\"size-full wp-image-766\" src=\"\/dev\/wp-content\/uploads\/sites\/2\/2015\/06\/devdurable.png\" alt=\"devdurable\" width=\"64\" height=\"64\" \/><\/a><a href=\"\/dev\/developpement\/nos-missions\/textes-de-reflexions\/texte-etat-des-forets\/\">Etat des for\u00eats, des am\u00e9liorations \u00e0 l\u2019\u00e9chelle mondiale, des difficult\u00e9s \u00e0 l\u2019\u00e9chelle locale<\/a><\/p>\n<p><a href=\"\/dev\/wp-content\/uploads\/sites\/2\/2015\/06\/environnement.png\"><img loading=\"lazy\" decoding=\"async\" class=\"size-full wp-image-770\" src=\"\/dev\/wp-content\/uploads\/sites\/2\/2015\/06\/environnement.png\" alt=\"environnement\" width=\"64\" height=\"64\" \/><\/a><a href=\"\/dev\/developpement\/nos-missions\/textes-de-reflexions\/texte-le-mecanisme-des-puits-de-carbone\/\">Le m\u00e9canisme des puits de carbone<\/a><\/p>\n<p><a href=\"\/dev\/wp-content\/uploads\/sites\/2\/2015\/06\/environnement.png\"><img loading=\"lazy\" decoding=\"async\" class=\"size-full wp-image-770\" src=\"\/dev\/wp-content\/uploads\/sites\/2\/2015\/06\/environnement.png\" alt=\"environnement\" width=\"64\" height=\"64\" \/><\/a><a href=\"\/dev\/developpement\/nos-missions\/textes-de-reflexions\/texte-le-mecanisme-redd\/\">Le m\u00e9canisme REDD+<\/a><\/p>\n<p><a href=\"\/dev\/wp-content\/uploads\/sites\/2\/2015\/06\/environnement.png\"><img loading=\"lazy\" decoding=\"async\" class=\"size-full wp-image-770\" src=\"\/dev\/wp-content\/uploads\/sites\/2\/2015\/06\/environnement.png\" alt=\"environnement\" width=\"64\" height=\"64\" \/><\/a><a href=\"\/dev\/developpement\/nos-missions\/textes-de-reflexions\/texte-les-mecanismes-du-protocole-de-kyoto\/\">Les m\u00e9canismes de Kyoto<\/a><\/p>\n<p><a href=\"\/dev\/wp-content\/uploads\/sites\/2\/2015\/06\/environnement.png\"><img loading=\"lazy\" decoding=\"async\" class=\"size-full wp-image-770\" src=\"\/dev\/wp-content\/uploads\/sites\/2\/2015\/06\/environnement.png\" alt=\"environnement\" width=\"64\" height=\"64\" \/><\/a><a href=\"\/dev\/developpement\/nos-missions\/textes-de-reflexions\/texte-le-mal-des-forets\/\">Les m\u00e9canismes de la d\u00e9forestation<\/a><\/p>\n<p><a href=\"\/dev\/wp-content\/uploads\/sites\/2\/2015\/06\/devdurable.png\"><img loading=\"lazy\" decoding=\"async\" class=\"size-full wp-image-766\" src=\"\/dev\/wp-content\/uploads\/sites\/2\/2015\/06\/devdurable.png\" alt=\"devdurable\" width=\"64\" height=\"64\" \/><\/a><a href=\"\/dev\/developpement\/nos-missions\/textes-de-reflexions\/texte-preserver-la-biodiversite-et-lutter-contre-la-desertification\/\">Pr\u00e9server la biodiversit\u00e9 et lutter contre la d\u00e9sertification<\/a><\/p>\n<p><a href=\"\/dev\/wp-content\/uploads\/sites\/2\/2015\/06\/tourismeculture.png\"><img loading=\"lazy\" decoding=\"async\" class=\"size-full wp-image-789\" src=\"\/dev\/wp-content\/uploads\/sites\/2\/2015\/06\/tourismeculture.png\" alt=\"tourismeculture\" width=\"64\" height=\"64\" \/><\/a><a href=\"\/dev\/developpement\/nos-missions\/textes-de-reflexions\/texte-etude-de-la-theorie-du-desordre-et-des-determinants-therapeutiques-dans-le-chamanisme-shuar\/\">\u00c9tude de la th\u00e9orie du d\u00e9sordre et des d\u00e9terminants th\u00e9rapeutiques dans le chamanisme shuar<\/a><\/p>\n<p><a href=\"\/dev\/wp-content\/uploads\/sites\/2\/2015\/06\/santeeducation1.jpg\"><img loading=\"lazy\" decoding=\"async\" class=\"size-full wp-image-785\" src=\"\/dev\/wp-content\/uploads\/sites\/2\/2015\/06\/santeeducation1.jpg\" alt=\"santeeducation\" width=\"64\" height=\"64\" \/><\/a><a href=\"\/dev\/developpement\/nos-missions\/textes-de-reflexions\/texte-schema-conceptuel-de-la-sante-indigene\/\">Sch\u00e9ma conceptuel de la sant\u00e9 indig\u00e8ne<\/a><\/p>\n<p><a href=\"\/dev\/wp-content\/uploads\/sites\/2\/2015\/06\/tourismeculture.png\"><img loading=\"lazy\" decoding=\"async\" class=\"size-full wp-image-789\" src=\"\/dev\/wp-content\/uploads\/sites\/2\/2015\/06\/tourismeculture.png\" alt=\"tourismeculture\" width=\"64\" height=\"64\" \/><\/a><a href=\"\/dev\/developpement\/nos-missions\/textes-de-reflexions\/texte-autel-de-coricancha-des-indices-sur-la-cosmogonie-andine\/\">Autel de Coricancha : des indices sur la cosmogonie andine<\/a><\/p>\n<p><a href=\"\/dev\/wp-content\/uploads\/sites\/2\/2015\/06\/tourismeculture.png\"><img loading=\"lazy\" decoding=\"async\" class=\"size-full wp-image-789\" src=\"\/dev\/wp-content\/uploads\/sites\/2\/2015\/06\/tourismeculture.png\" alt=\"tourismeculture\" width=\"64\" height=\"64\" \/><\/a><a href=\"\/dev\/developpement\/nos-missions\/textes-de-reflexions\/texte-paccha-objet-rituel-andin\/\"><em>La Paccha<\/em> : objet rituel andin<\/a><\/p>\n<p><a href=\"\/dev\/wp-content\/uploads\/sites\/2\/2015\/06\/santeeducation1.jpg\"><img loading=\"lazy\" decoding=\"async\" class=\"size-full wp-image-785\" src=\"\/dev\/wp-content\/uploads\/sites\/2\/2015\/06\/santeeducation1.jpg\" alt=\"santeeducation\" width=\"64\" height=\"64\" \/><\/a><a href=\"\/dev\/developpement\/nos-missions\/textes-de-reflexions\/texte-layahuasca-substance-psychoactive\/\">L\u2019Ayahuasca, substance psychoactive ?<\/a><\/p>\n<p><a href=\"\/dev\/wp-content\/uploads\/sites\/2\/2015\/06\/tourismeculture.png\"><img loading=\"lazy\" decoding=\"async\" class=\"size-full wp-image-789\" src=\"\/dev\/wp-content\/uploads\/sites\/2\/2015\/06\/tourismeculture.png\" alt=\"tourismeculture\" width=\"64\" height=\"64\" \/><\/a><a href=\"\/dev\/developpement\/nos-missions\/textes-de-reflexions\/texte-les-khipu-une-memoire-locale\/\">Les <em>Khipu<\/em> : une m\u00e9moire locale ?<\/a><\/h3>\n<p><a href=\"\/dev\/wp-content\/uploads\/sites\/2\/2015\/06\/tourismeculture.png\"><img loading=\"lazy\" decoding=\"async\" class=\"size-full wp-image-789\" src=\"\/dev\/wp-content\/uploads\/sites\/2\/2015\/06\/tourismeculture.png\" alt=\"tourismeculture\" width=\"64\" height=\"64\" \/><\/a><a href=\"\/dev\/developpement\/nos-missions\/textes-de-reflexions\/texte-le-muvieri-objet-de-pouvoir-huichol\/\">Le <em>Muvieri<\/em> : objet de pouvoir Huichol<\/a><\/h3>\n<p><a href=\"\/dev\/wp-content\/uploads\/sites\/2\/2015\/06\/environnement.png\"><img loading=\"lazy\" decoding=\"async\" class=\"size-full wp-image-770\" src=\"\/dev\/wp-content\/uploads\/sites\/2\/2015\/06\/environnement.png\" alt=\"environnement\" width=\"64\" height=\"64\" \/><\/a><a href=\"\/dev\/developpement\/nos-missions\/textes-de-reflexions\/texte-des-pays-et-des-chiffres\/\">Des pays et des chiffres<\/a><\/h3>\n<p><\/p>","protected":false},"excerpt":{"rendered":"<p>Terra Preta : la terre d\u2019or La milpa, une combinaison mill\u00e9naire de plantes, dans l&rsquo;air du temps Relations D\u00e9forestation &#8211; Peuples Indig\u00e8nes (avec les Ashaninkas) Amazonie, le vivier de la Terre menac\u00e9 Chronique d\u2019\u00e9checs annonc\u00e9s, la difficult\u00e9 du syst\u00e8me normatif<span class=\"ellipsis\">&hellip;<\/span><\/p>\n<div class=\"read-more\"><a href=\"https:\/\/latitudsur.org\/dev\/fr\/nos-missions\/textes-de-reflexions\/\">Lire la suite &#8250;<\/a><\/div>\n<p><!-- end of .read-more --><\/p>\n","protected":false},"author":1,"featured_media":0,"parent":56,"menu_order":0,"comment_status":"closed","ping_status":"open","template":"template-page.php","meta":{"footnotes":""},"class_list":["post-80","page","type-page","status-publish","hentry"],"_links":{"self":[{"href":"https:\/\/latitudsur.org\/dev\/fr\/wp-json\/wp\/v2\/pages\/80","targetHints":{"allow":["GET"]}}],"collection":[{"href":"https:\/\/latitudsur.org\/dev\/fr\/wp-json\/wp\/v2\/pages"}],"about":[{"href":"https:\/\/latitudsur.org\/dev\/fr\/wp-json\/wp\/v2\/types\/page"}],"author":[{"embeddable":true,"href":"https:\/\/latitudsur.org\/dev\/fr\/wp-json\/wp\/v2\/users\/1"}],"replies":[{"embeddable":true,"href":"https:\/\/latitudsur.org\/dev\/fr\/wp-json\/wp\/v2\/comments?post=80"}],"version-history":[{"count":0,"href":"https:\/\/latitudsur.org\/dev\/fr\/wp-json\/wp\/v2\/pages\/80\/revisions"}],"up":[{"embeddable":true,"href":"https:\/\/latitudsur.org\/dev\/fr\/wp-json\/wp\/v2\/pages\/56"}],"wp:attachment":[{"href":"https:\/\/latitudsur.org\/dev\/fr\/wp-json\/wp\/v2\/media?parent=80"}],"curies":[{"name":"wp","href":"https:\/\/api.w.org\/{rel}","templated":true}]}}