{"id":88,"date":"2015-03-02T15:42:27","date_gmt":"2015-03-02T14:42:27","guid":{"rendered":"http:\/\/latitudsur.org\/developpement\/?page_id=88"},"modified":"2015-03-02T15:42:27","modified_gmt":"2015-03-02T14:42:27","slug":"histoire-et-missions","status":"publish","type":"page","link":"https:\/\/latitudsur.org\/dev\/fr\/le-selva-viva\/histoire-et-missions\/","title":{"rendered":"Histoire et missions"},"content":{"rendered":"<p><img loading=\"lazy\" decoding=\"async\" width=\"343\" height=\"268\" style=\"float:right\" class=\"alignnone size-medium wp-image-765\" src=\"https:\/\/latitudsur.org\/dev\/wp-content\/uploads\/sites\/2\/2015\/06\/bateau.jpg\" alt=\"bateau\" srcset=\"https:\/\/latitudsur.org\/dev\/wp-content\/uploads\/sites\/2\/2015\/06\/bateau.jpg 343w, https:\/\/latitudsur.org\/dev\/wp-content\/uploads\/sites\/2\/2015\/06\/bateau-300x234.jpg 300w\" sizes=\"auto, (max-width: 343px) 100vw, 343px\" \/><\/p>\n<h4>Les missions du Selva Viva<\/h4>\n<p>Le Selva Viva est un bateau con\u00e7u pour \u00eatre multi-usage car destin\u00e9 initialement \u00e0 servir en priorit\u00e9 les projets de d\u00e9veloppement, de notre organisation ou d\u2019autres.<\/p>\n<p>Il a \u00e9t\u00e9 depuis am\u00e9nag\u00e9 pour les croisi\u00e8res propos\u00e9es par Latitud Sur et qui servent \u00e0 financer ces programmes.<\/p>\n<p>Plusieurs missions impliquant le Selva Viva sont aujourd\u2019hui \u00e0 l\u2019\u0153uvre :<\/p>\n<h4>Les Brigades M\u00e9dicales<\/h4>\n<p>Ce programme vise \u00e0 contribuer \u00e0 l\u2019am\u00e9lioration des conditions de sant\u00e9 des populations en situation de vuln\u00e9rabilit\u00e9, en offrant un service de moyen terme en sant\u00e9 basique, dentaire et ophtalmologique. Des ateliers de sensibilisation \u00e0 l\u2019hygi\u00e8ne sont aussi organis\u00e9s. Ces brigades b\u00e9n\u00e9ficient aux communaut\u00e9s \u00e9tablies le long de fleuves de la r\u00e9gion amazonienne de Loreto au P\u00e9rou, soit plusieurs milliers d\u2019individus.<\/p>\n<p>Ce programme, propos\u00e9 par Arutam et Latitud Sur, avec l\u2019appui de la Croix-Rouge et du Minist\u00e8re de la Sant\u00e9, est rendu n\u00e9cessaire par l\u2019\u00e9loignement de ces populations et les difficult\u00e9s d\u2019acc\u00e8s aux soins de sant\u00e9 du gouvernement.<\/p>\n<p>En cela, le Selva Viva permet plus facilement d\u2019aller \u00e0 leur rencontre (la navigation dans cette r\u00e9gion reste le moyen d\u2019acc\u00e8s le plus \u00e9vident). Ces Brigades, compos\u00e9es de m\u00e9decins volontaires, locaux et \u00e9trangers, permettent de r\u00e9aliser, au-del\u00e0 des campagnes de soin, un diagnostique g\u00e9n\u00e9ral de l\u2019\u00e9tat de sant\u00e9 des communaut\u00e9s b\u00e9n\u00e9ficiaires.<br \/>\nPour plus de renseignements ou pour y participer\u2026<\/p>\n<p>https:\/\/vimeo.com\/24267428<\/p>\n<h4>Le projet \u00ab Selva Viva \u00bb pour la biodiversit\u00e9<\/h4>\n<p>Ce programme contribue \u00e0 l\u2019am\u00e9lioration des conditions de vie des communaut\u00e9s indig\u00e8nes le long des fleuves de la r\u00e9gion du Loreto. Pour cela, il permet \u00e0 ces populations de mieux conserver et g\u00e9rer leur biodiversit\u00e9 de mani\u00e8re durable pour en tirer des revenus. Il agit ainsi sur quatre axes :<\/p>\n<ol>\n<li>la gestion des for\u00eats : \u00e9changes sur les bonnes pratiques<\/li>\n<li>les plantes m\u00e9dicinales : \u00e9changes de connaissances<\/li>\n<li>agroforesterie : cultures durables &amp; \u00e9valuation d\u2019opportunit\u00e9s pour des produits issus de la for\u00eat<\/li>\n<li>tourisme solidaire : int\u00e9gration de nouvelles communaut\u00e9s dans nos circuits<\/li>\n<\/ol>\n<p>Via le \u00ab Selva Viva \u00bb, alors transform\u00e9 en bateau-\u00e9cole ou bateau-recherche lors ou en dehors de ses activit\u00e9s de tourisme, le projet se focalise sur l\u2019apprentissage et l\u2019\u00e9change des savoirs dans ces quatre domaines. Il b\u00e9n\u00e9ficie \u00e0 quelques 300 000 individus r\u00e9partis sur la partie Nord de l\u2019Amazonie, de la Colombie au Br\u00e9sil en passant par l\u2019Equateur et le P\u00e9rou.<\/p>\n<p>En participant aux croisi\u00e8res Latitud Sur, vous concourez directement au d\u00e9veloppement de ces projets.<\/p>","protected":false},"excerpt":{"rendered":"<p>Les missions du Selva Viva Le Selva Viva est un bateau con\u00e7u pour \u00eatre multi-usage car destin\u00e9 initialement \u00e0 servir en priorit\u00e9 les projets de d\u00e9veloppement, de notre organisation ou d\u2019autres. Il a \u00e9t\u00e9 depuis am\u00e9nag\u00e9 pour les croisi\u00e8res propos\u00e9es<span class=\"ellipsis\">&hellip;<\/span><\/p>\n<div class=\"read-more\"><a href=\"https:\/\/latitudsur.org\/dev\/fr\/le-selva-viva\/histoire-et-missions\/\">Lire la suite &#8250;<\/a><\/div>\n<p><!-- end of .read-more --><\/p>\n","protected":false},"author":1,"featured_media":0,"parent":65,"menu_order":0,"comment_status":"closed","ping_status":"open","template":"template-page.php","meta":{"footnotes":""},"class_list":["post-88","page","type-page","status-publish","hentry"],"_links":{"self":[{"href":"https:\/\/latitudsur.org\/dev\/fr\/wp-json\/wp\/v2\/pages\/88","targetHints":{"allow":["GET"]}}],"collection":[{"href":"https:\/\/latitudsur.org\/dev\/fr\/wp-json\/wp\/v2\/pages"}],"about":[{"href":"https:\/\/latitudsur.org\/dev\/fr\/wp-json\/wp\/v2\/types\/page"}],"author":[{"embeddable":true,"href":"https:\/\/latitudsur.org\/dev\/fr\/wp-json\/wp\/v2\/users\/1"}],"replies":[{"embeddable":true,"href":"https:\/\/latitudsur.org\/dev\/fr\/wp-json\/wp\/v2\/comments?post=88"}],"version-history":[{"count":0,"href":"https:\/\/latitudsur.org\/dev\/fr\/wp-json\/wp\/v2\/pages\/88\/revisions"}],"up":[{"embeddable":true,"href":"https:\/\/latitudsur.org\/dev\/fr\/wp-json\/wp\/v2\/pages\/65"}],"wp:attachment":[{"href":"https:\/\/latitudsur.org\/dev\/fr\/wp-json\/wp\/v2\/media?parent=88"}],"curies":[{"name":"wp","href":"https:\/\/api.w.org\/{rel}","templated":true}]}}