{"id":90,"date":"2015-03-02T15:44:24","date_gmt":"2015-03-02T14:44:24","guid":{"rendered":"http:\/\/latitudsur.org\/developpement\/?page_id=90"},"modified":"2015-03-02T15:44:24","modified_gmt":"2015-03-02T14:44:24","slug":"organismes-publics","status":"publish","type":"page","link":"https:\/\/latitudsur.org\/dev\/fr\/nos-partenaires\/organismes-publics\/","title":{"rendered":"Organismes publics"},"content":{"rendered":"<p><\/p>\n<table align=\"center\" cellpadding=\"2\" cellspacing=\"2\">\n<tbody>\n<tr>\n<td align=\"center\" bgcolor=\"#e2fcde\" height=\"110\" valign=\"middle\" width=\"135\"><a href=\"http:\/\/www.regionloreto.gob.pe\" target=\"_blank\"><img loading=\"lazy\" decoding=\"async\" src=\"\/dev\/wp-content\/uploads\/sites\/2\/2015\/03\/Logo-Gorel.jpg\" alt=\"Logo-Gorel\" height=\"108\" width=\"100\"><\/a><\/td>\n<td bgcolor=\"#e2fcde\" height=\"110\" valign=\"top\"><a href=\"http:\/\/www.regionloreto.gob.pe\" target=\"_blank\">GOREL<\/a><br \/><em>(Gobierno Regional de Loreto)<\/em><\/td>\n<td bgcolor=\"#e2fcde\" height=\"110\" valign=\"top\">\n<div align=\"center\">P\u00c9ROU<\/div>\n<\/td>\n<\/tr>\n<tr>\n<td align=\"center\" bgcolor=\"#e2fcde\" height=\"110\" valign=\"middle\" width=\"135\"><a href=\"http:\/\/www.iiap.org.pe\" target=\"_blank\"><img loading=\"lazy\" decoding=\"async\" src=\"\/dev\/wp-content\/uploads\/sites\/2\/2015\/06\/Logo-iiap.jpg\" alt=\"IIAP - Instituto de Investigaciones de la Amazon\u00eda Peruana\" border=\"0\" height=\"100\" width=\"57\"><\/a><\/td>\n<td bgcolor=\"#e2fcde\" height=\"110\" valign=\"top\" width=\"453\"><a href=\"http:\/\/www.iiap.org.pe\" target=\"_blank\">IIAP <\/a><br \/><em>(Instituto de Investigaciones de la Amazon\u00eda Peruana)<\/em><\/td>\n<td bgcolor=\"#e2fcde\" height=\"110\" valign=\"top\" width=\"140\">\n<div align=\"center\">P\u00c9ROU<\/div>\n<\/td>\n<\/tr>\n<tr>\n<td align=\"center\" bgcolor=\"#e2fcde\" height=\"73\" valign=\"middle\" width=\"135\"><a href=\"http:\/\/www.ambafrance-ec.org\" target=\"_blank\"><img decoding=\"async\" src=\"\/dev\/wp-content\/uploads\/sites\/2\/2015\/06\/Logo-Ambassade-France.jpg\" alt=\"AMBASSADE DE FRANCE\" border=\"0\" width=\"100\"><\/a><\/td>\n<td bgcolor=\"#e2fcde\" height=\"73\" valign=\"top\"><a href=\"http:\/\/www.ambafrance-ec.org\">AMBASSADE DE FRANCE<\/a><\/td>\n<td bgcolor=\"#e2fcde\" height=\"73\" valign=\"top\">\n<div align=\"center\">\u00c9QUATEUR<\/div>\n<\/td>\n<\/tr>\n<tr valign=\"top\">\n<td align=\"center\" bgcolor=\"#e2fcde\" height=\"73\" valign=\"middle\" width=\"135\"><a href=\"http:\/\/www.ambafrance-pe.org\" target=\"_blank\"><img decoding=\"async\" src=\"\/dev\/wp-content\/uploads\/sites\/2\/2015\/06\/Logo-Ambassade-France.jpg\" alt=\"AMBASSADE DE FRANCE\" border=\"0\" width=\"100\"><\/a><\/td>\n<td bgcolor=\"#e2fcde\" height=\"73\"><a href=\"http:\/\/www.ambafrance-pe.org\" target=\"_blank\">AMBASSADE DE FRANCE<\/a><\/td>\n<td bgcolor=\"#e2fcde\" height=\"73\">\n<div align=\"center\">P\u00c9ROU<\/div>\n<\/td>\n<\/tr>\n<tr valign=\"middle\">\n<td align=\"center\" bgcolor=\"#e2fcde\" height=\"65\"><a href=\"http:\/\/www.msp.gob.ec\/dnspi\/1dnsintro.html\" target=\"_blank\"><img loading=\"lazy\" decoding=\"async\" src=\"\/dev\/wp-content\/uploads\/sites\/2\/2015\/06\/Logo-DNSPI.gif\" alt=\"Logo-DNSPI\" height=\"66\" width=\"120\"><\/a><\/td>\n<td bgcolor=\"#e2fcde\" height=\"65\"><a href=\"http:\/\/www.msp.gob.ec\/dnspi\/1dnsintro.html\" target=\"_blank\">DIRECCI\u00d3N NACIONAL DE SALUD<br \/>DE LOS PUEBLOS IND\u00cdGENAS <\/a><em><br \/>(Ministerio de Salud P\u00fablica)<\/em><\/td>\n<td bgcolor=\"#e2fcde\" height=\"65\">\n<div align=\"center\">\u00c9QUATEUR<\/div>\n<\/td>\n<\/tr>\n<tr valign=\"middle\">\n<td align=\"center\" bgcolor=\"#e2fcde\" height=\"65\"><a href=\"http:\/\/www.essalud.gob.pe\/\" target=\"_blank\"><img decoding=\"async\" src=\"\/dev\/wp-content\/uploads\/sites\/2\/2015\/03\/Logo-IMET-EsSalud.jpg\" alt=\"DIRECCI\u00d3N NACIONAL DE SALUD DE LOS PUEBLOS IND\u00cdGENAS (Ministerio de Salud P\u00fablica)\" width=\"120\"><\/a><\/td>\n<td bgcolor=\"#e2fcde\" height=\"65\"><a href=\"http:\/\/www.essalud.gob.pe\" target=\"_blank\">IMET<\/a> <br \/><em>(Instituto de Medicina Tradicional)<br \/>EsSalud<\/em><\/td>\n<td bgcolor=\"#e2fcde\" height=\"65\">\n<div align=\"center\">P\u00c9ROU<\/div>\n<\/td>\n<\/tr>\n<tr valign=\"middle\">\n<td align=\"center\" bgcolor=\"#e2fcde\" height=\"65\"><a href=\"http:\/\/www.acdi-cida.gc.ca\/index.htm\" target=\"_blank\"><img decoding=\"async\" src=\"\/dev\/wp-content\/uploads\/sites\/2\/2015\/06\/Logo-FCIL-ACDI.jpg\" alt=\"DIRECCI\u00d3N NACIONAL DE SALUD DE LOS PUEBLOS IND\u00cdGENAS (Ministerio de Salud P\u00fablica)\" border=\"0\" width=\"100\"><\/a><\/td>\n<td bgcolor=\"#e2fcde\" height=\"65\"><a href=\"http:\/\/www.acdi-cida.gc.ca\" target=\"_blank\">FCIL<\/a> <em><br \/>(Fonds canadiens d&rsquo;initiatives locaux)<br \/>Ambassade du Canada<\/em><\/td>\n<td bgcolor=\"#e2fcde\" height=\"65\">\n<div align=\"center\">P\u00c9ROU<\/div>\n<\/td>\n<\/tr>\n<tr valign=\"middle\">\n<td align=\"center\" bgcolor=\"#e2fcde\" height=\"65\"><a href=\"http:\/\/www.acdi-cida.gc.ca\/index.htm\" target=\"_blank\"><img decoding=\"async\" src=\"\/dev\/wp-content\/uploads\/sites\/2\/2015\/03\/Logo-CAN.jpeg\" alt=\"COMUNIDAD ANDINA\" width=\"100\"><\/a><\/td>\n<td bgcolor=\"#e2fcde\" height=\"65\"><a href=\"http:\/\/www.comunidadandina.org\/\">COMUNIDAD ANDINA<\/a>                    <img loading=\"lazy\" decoding=\"async\" src=\"\/dev\/wp-content\/uploads\/sites\/2\/2015\/06\/Logo-BioCAN-paises.jpg\" alt=\"Logo-BioCAN-paises\" height=\"64\" width=\"204\"><a href=\"http:\/\/www.comunidadandina.org\/\"><\/a><br \/>Programme BioCAN<\/td>\n<td bgcolor=\"#e2fcde\" height=\"65\">\n<div align=\"center\">P\u00c9ROU<\/div>\n<\/td>\n<\/tr>\n<tr valign=\"middle\">\n<td align=\"center\" bgcolor=\"#e2fcde\" height=\"65\"><a href=\"http:\/\/www.acdi-cida.gc.ca\/index.htm\" target=\"_blank\"><img loading=\"lazy\" decoding=\"async\" src=\"\/dev\/wp-content\/uploads\/sites\/2\/2015\/03\/Logo-Finlandia.jpg\" alt=\"Logo-Finlandia\" height=\"70\" width=\"120\"><\/a><\/td>\n<td bgcolor=\"#e2fcde\" height=\"65\"><a href=\"http:\/\/formin.finland.fi\/public\/default.aspx?nodeid=15554&amp;contentlan=2&amp;culture=en-US\">FORMIN<\/a><br \/>Minist\u00e8re des Affaires Etrang\u00e8res de Finlande, partenaire du programme BioCAN<\/td>\n<td bgcolor=\"#e2fcde\" height=\"65\">\n<div align=\"center\">P\u00c9ROU<\/div>\n<\/td>\n<\/tr>\n<tr valign=\"middle\">\n<td align=\"center\" bgcolor=\"#e2fcde\" height=\"65\"><a href=\"http:\/\/www.unapiquitos.edu.pe\/principal.html\" target=\"_blank\"><img loading=\"lazy\" decoding=\"async\" src=\"\/dev\/wp-content\/uploads\/sites\/2\/2015\/03\/Logo-UNAP.jpg\" alt=\"Logo-UNAP\" height=\"153\" width=\"100\"><\/a><\/td>\n<td bgcolor=\"#e2fcde\" height=\"65\"><a href=\"http:\/\/www.unapiquitos.edu.pe\/principal.html\" target=\"_blank\">UNAP<\/a><br \/>(Universidad Nacional de la Amazon\u00eda Peruana)<\/td>\n<td bgcolor=\"#e2fcde\" height=\"65\">\n<div align=\"center\">P\u00c9ROU<\/div>\n<\/td>\n<\/tr>\n<tr valign=\"middle\">\n<td align=\"center\" bgcolor=\"#e2fcde\" height=\"65\"><a href=\"http:\/\/www.uce.edu.ec\/\" target=\"_blank\"><img loading=\"lazy\" decoding=\"async\" src=\"\/dev\/wp-content\/uploads\/sites\/2\/2015\/06\/Logo-Univ_Central_Ecuador.jpg\" alt=\"Logo-Univ Central_Ecuador\" height=\"119\" width=\"120\"><\/a><\/td>\n<td bgcolor=\"#e2fcde\" height=\"65\"><a href=\"http:\/\/www.uce.edu.ec\/\" target=\"_blank\">UNIVERSIDAD CENTRAL DEL ECUADOR<\/a><br \/>Facult\u00e9 de Chimie <\/td>\n<td style=\"text-align: center\" bgcolor=\"#e2fcde\" height=\"65\">\u00c9QUATEUR<\/td>\n<\/tr>\n<\/tbody>\n<\/table>\n<p><\/p>","protected":false},"excerpt":{"rendered":"<p>GOREL(Gobierno Regional de Loreto) P\u00c9ROU IIAP (Instituto de Investigaciones de la Amazon\u00eda Peruana) P\u00c9ROU AMBASSADE DE FRANCE \u00c9QUATEUR AMBASSADE DE FRANCE P\u00c9ROU DIRECCI\u00d3N NACIONAL DE SALUDDE LOS PUEBLOS IND\u00cdGENAS (Ministerio de Salud P\u00fablica) \u00c9QUATEUR IMET (Instituto de Medicina Tradicional)EsSalud P\u00c9ROU<span class=\"ellipsis\">&hellip;<\/span><\/p>\n<div class=\"read-more\"><a href=\"https:\/\/latitudsur.org\/dev\/fr\/nos-partenaires\/organismes-publics\/\">Lire la suite &#8250;<\/a><\/div>\n<p><!-- end of .read-more --><\/p>\n","protected":false},"author":1,"featured_media":0,"parent":71,"menu_order":0,"comment_status":"closed","ping_status":"open","template":"template-page.php","meta":{"footnotes":""},"class_list":["post-90","page","type-page","status-publish","hentry"],"_links":{"self":[{"href":"https:\/\/latitudsur.org\/dev\/fr\/wp-json\/wp\/v2\/pages\/90","targetHints":{"allow":["GET"]}}],"collection":[{"href":"https:\/\/latitudsur.org\/dev\/fr\/wp-json\/wp\/v2\/pages"}],"about":[{"href":"https:\/\/latitudsur.org\/dev\/fr\/wp-json\/wp\/v2\/types\/page"}],"author":[{"embeddable":true,"href":"https:\/\/latitudsur.org\/dev\/fr\/wp-json\/wp\/v2\/users\/1"}],"replies":[{"embeddable":true,"href":"https:\/\/latitudsur.org\/dev\/fr\/wp-json\/wp\/v2\/comments?post=90"}],"version-history":[{"count":0,"href":"https:\/\/latitudsur.org\/dev\/fr\/wp-json\/wp\/v2\/pages\/90\/revisions"}],"up":[{"embeddable":true,"href":"https:\/\/latitudsur.org\/dev\/fr\/wp-json\/wp\/v2\/pages\/71"}],"wp:attachment":[{"href":"https:\/\/latitudsur.org\/dev\/fr\/wp-json\/wp\/v2\/media?parent=90"}],"curies":[{"name":"wp","href":"https:\/\/api.w.org\/{rel}","templated":true}]}}