{"id":94,"date":"2015-03-02T15:46:16","date_gmt":"2015-03-02T14:46:16","guid":{"rendered":"http:\/\/latitudsur.org\/developpement\/?page_id=94"},"modified":"2015-03-02T15:46:16","modified_gmt":"2015-03-02T14:46:16","slug":"federations-indiennes","status":"publish","type":"page","link":"https:\/\/latitudsur.org\/dev\/fr\/nos-partenaires\/federations-indiennes\/","title":{"rendered":"F\u00e9d\u00e9rations indiennes"},"content":{"rendered":"<p><\/p>\n<table cellspacing=\"2\" cellpadding=\"2\" align=\"center\">\n<tbody>\n<tr>\n<td align=\"center\" valign=\"middle\" bgcolor=\"#e2fcde\" width=\"167\" height=\"83\"><img loading=\"lazy\" decoding=\"async\" src=\"\/dev\/wp-content\/uploads\/sites\/2\/2015\/06\/Logo-NASE.jpg\" alt=\"\" width=\"100\" height=\"100\" border=\"0\" \/><\/td>\n<td valign=\"top\" bgcolor=\"#e2fcde\" height=\"83\">NASE<br \/>\n<em>(Nacionalidad S\u00e1para del Ecuador)<\/em><\/td>\n<td valign=\"top\" bgcolor=\"#e2fcde\" height=\"83\">\n<div align=\"center\">\u00c9QUATEUR<\/div>\n<\/td>\n<\/tr>\n<tr>\n<td align=\"center\" valign=\"middle\" bgcolor=\"#e2fcde\" height=\"110\"><img loading=\"lazy\" decoding=\"async\" src=\"\/dev\/wp-content\/uploads\/sites\/2\/2015\/06\/Logo-NASHIE.jpg\" alt=\"NASHIE (Nacionalidad Shiwiar Ecuador)\" width=\"100\" height=\"100\" border=\"0\" \/><\/td>\n<td valign=\"top\" bgcolor=\"#e2fcde\" width=\"456\" height=\"110\">NASHIE<br \/>\n<em>(Nacionalidad Shiwiar del Ecuador)<\/em><\/td>\n<td valign=\"top\" bgcolor=\"#e2fcde\" width=\"105\" height=\"110\">\n<div align=\"center\">\u00c9QUATEUR<\/div>\n<\/td>\n<\/tr>\n<tr>\n<td align=\"center\" valign=\"middle\" bgcolor=\"#e2fcde\" height=\"110\"><img decoding=\"async\" src=\"\/dev\/wp-content\/uploads\/sites\/2\/2015\/03\/Logo-Codenpe.jpg\" alt=\"FICSH (Federaci\u00f3n Interprovincial de Centros Shuar)\" width=\"74\" border=\"0\" \/><\/td>\n<td valign=\"top\" bgcolor=\"#e2fcde\" height=\"110\">FICSH<em><br \/>\n(Federaci\u00f3n Interprovincial de Centros Shuar)<\/em><\/td>\n<td valign=\"top\" bgcolor=\"#e2fcde\" height=\"110\">\n<div align=\"center\">\u00c9QUATEUR<\/div>\n<\/td>\n<\/tr>\n<tr>\n<td align=\"center\" valign=\"middle\" bgcolor=\"#e2fcde\" height=\"83\"><a href=\"http:\/\/www.achuarperu.org\" target=\"_blank\"><img loading=\"lazy\" decoding=\"async\" src=\"\/dev\/wp-content\/uploads\/sites\/2\/2015\/06\/Logo-achuarperu.jpg\" alt=\"FECONACO (Federaci\u00f3n de Comunidades Nativas del R\u00edo Corrientes)\" width=\"100\" height=\"73\" border=\"0\" \/><\/a><\/td>\n<td valign=\"top\" bgcolor=\"#e2fcde\" height=\"83\">FECONACO<br \/>\n<em>(Federaci\u00f3n de Comunidades Nativas del R\u00edo Corrientes)<\/em><\/td>\n<td valign=\"top\" bgcolor=\"#e2fcde\" height=\"83\">\n<div align=\"center\">P\u00c9ROU<\/div>\n<\/td>\n<\/tr>\n<tr>\n<td align=\"center\" valign=\"middle\" bgcolor=\"#e2fcde\" height=\"75\"><img loading=\"lazy\" decoding=\"async\" src=\"\/dev\/wp-content\/uploads\/sites\/2\/2015\/03\/Logo-AIDESEP.jpg\" alt=\"\" width=\"100\" height=\"75\" \/><\/td>\n<td valign=\"top\" bgcolor=\"#e2fcde\" height=\"75\">ORPIO<br \/>\n<em>(Organizaci\u00f3n Regional de Pueblos Ind\u00edgenas del Oriente)<\/em><\/td>\n<td valign=\"top\" bgcolor=\"#e2fcde\" height=\"75\">\n<div align=\"center\">P\u00c9ROU<\/div>\n<\/td>\n<\/tr>\n<tr>\n<td align=\"center\" valign=\"middle\" bgcolor=\"#e2fcde\" height=\"85\"><a href=\"http:\/\/www.aidesep.org.pe\" target=\"_blank\"><img loading=\"lazy\" decoding=\"async\" src=\"\/dev\/wp-content\/uploads\/sites\/2\/2015\/03\/Logo-AIDESEP.jpg\" alt=\" AIDESEP (Asociaci\u00f3n Inter\u00e9tnica de desarrollo de la Selva Peruana)\" width=\"100\" height=\"75\" border=\"0\" \/><\/a><\/td>\n<td valign=\"top\" bgcolor=\"#e2fcde\" height=\"85\"><a href=\"http:\/\/www.aidesep.org.pe\" target=\"_blank\">AIDESEP<\/a><br \/>\n<em>(Asociaci\u00f3n Inter\u00e9tnica de desarrollo de la Selva Peruana)<\/em><\/td>\n<td valign=\"top\" bgcolor=\"#e2fcde\" height=\"85\">\n<div align=\"center\">P\u00c9ROU<\/div>\n<\/td>\n<\/tr>\n<tr>\n<td align=\"center\" valign=\"middle\" bgcolor=\"#e2fcde\" height=\"85\"><a href=\"http:\/\/www.coica.org.ec\/\" target=\"_blank\"><img loading=\"lazy\" decoding=\"async\" src=\"\/dev\/wp-content\/uploads\/sites\/2\/2015\/06\/Logo-COICA.jpg\" alt=\"Logo-COICA\" width=\"150\" height=\"75\" \/><\/a><\/td>\n<td valign=\"top\" bgcolor=\"#e2fcde\" height=\"85\"><a href=\"http:\/\/www.coica.org.ec\/\" target=\"_blank\">COICA<\/a><br \/>\nCOORDINADORA DE LAS ORGANIZACIONES IND\u00cdGENAS DE LA CUENCA AMAZ\u00d3NICA<\/td>\n<td style=\"text-align: center\" valign=\"top\" bgcolor=\"#e2fcde\" height=\"85\">\u00c9QUATEUR<\/td>\n<\/tr>\n<tr>\n<td align=\"center\" valign=\"middle\" bgcolor=\"#e2fcde\" height=\"85\"><a href=\"http:\/\/www.cuwish.org\/\" target=\"_blank\"><img loading=\"lazy\" decoding=\"async\" src=\"\/dev\/wp-content\/uploads\/sites\/2\/2015\/03\/Logo-CUWISH.jpg\" alt=\"Logo-CUWISH\" width=\"180\" height=\"86\" \/><\/a><\/td>\n<td valign=\"top\" bgcolor=\"#e2fcde\" height=\"85\">CUWISH<br \/>\nConseil des Uwishins Shuar<\/td>\n<td style=\"text-align: center\" valign=\"top\" bgcolor=\"#e2fcde\" height=\"85\">\u00c9QUATEUR<\/td>\n<\/tr>\n<\/tbody>\n<\/table>\n<p> <\/p>","protected":false},"excerpt":{"rendered":"<p>NASE (Nacionalidad S\u00e1para del Ecuador) \u00c9QUATEUR NASHIE (Nacionalidad Shiwiar del Ecuador) \u00c9QUATEUR FICSH (Federaci\u00f3n Interprovincial de Centros Shuar) \u00c9QUATEUR FECONACO (Federaci\u00f3n de Comunidades Nativas del R\u00edo Corrientes) P\u00c9ROU ORPIO (Organizaci\u00f3n Regional de Pueblos Ind\u00edgenas del Oriente) P\u00c9ROU AIDESEP (Asociaci\u00f3n Inter\u00e9tnica<span class=\"ellipsis\">&hellip;<\/span><\/p>\n<div class=\"read-more\"><a href=\"https:\/\/latitudsur.org\/dev\/fr\/nos-partenaires\/federations-indiennes\/\">Lire la suite &#8250;<\/a><\/div>\n<p><!-- end of .read-more --><\/p>\n","protected":false},"author":1,"featured_media":0,"parent":71,"menu_order":0,"comment_status":"closed","ping_status":"open","template":"template-page.php","meta":{"footnotes":""},"class_list":["post-94","page","type-page","status-publish","hentry"],"_links":{"self":[{"href":"https:\/\/latitudsur.org\/dev\/fr\/wp-json\/wp\/v2\/pages\/94","targetHints":{"allow":["GET"]}}],"collection":[{"href":"https:\/\/latitudsur.org\/dev\/fr\/wp-json\/wp\/v2\/pages"}],"about":[{"href":"https:\/\/latitudsur.org\/dev\/fr\/wp-json\/wp\/v2\/types\/page"}],"author":[{"embeddable":true,"href":"https:\/\/latitudsur.org\/dev\/fr\/wp-json\/wp\/v2\/users\/1"}],"replies":[{"embeddable":true,"href":"https:\/\/latitudsur.org\/dev\/fr\/wp-json\/wp\/v2\/comments?post=94"}],"version-history":[{"count":0,"href":"https:\/\/latitudsur.org\/dev\/fr\/wp-json\/wp\/v2\/pages\/94\/revisions"}],"up":[{"embeddable":true,"href":"https:\/\/latitudsur.org\/dev\/fr\/wp-json\/wp\/v2\/pages\/71"}],"wp:attachment":[{"href":"https:\/\/latitudsur.org\/dev\/fr\/wp-json\/wp\/v2\/media?parent=94"}],"curies":[{"name":"wp","href":"https:\/\/api.w.org\/{rel}","templated":true}]}}