{"id":965,"date":"2015-06-08T15:26:05","date_gmt":"2015-06-08T14:26:05","guid":{"rendered":"http:\/\/latitudsur.org\/developpement\/?page_id=965"},"modified":"2015-06-08T15:26:05","modified_gmt":"2015-06-08T14:26:05","slug":"annee-2-renforcement-du-principe-agro-forestier-ancestral","status":"publish","type":"page","link":"https:\/\/latitudsur.org\/dev\/fr\/nos-missions\/developpement-durable\/annee-2-renforcement-du-principe-agro-forestier-ancestral\/","title":{"rendered":"Phase 2 : Renforcement du principe agro-forestier ancestral"},"content":{"rendered":"<p><\/p>\n<table border=\"0\" cellpadding=\"3\">\n<tbody>\n<tr>\n<td colspan=\"2\">\n<div>\n<h4 align=\"left\"><img loading=\"lazy\" decoding=\"async\" src=\"\/dev\/wp-content\/uploads\/sites\/2\/2015\/06\/devdurable.png\" alt=\"environnement\" width=\"64\" height=\"64\" \/>FICHE PROJET &#8211; DEVELOPPEMENT DURABLE<\/h4>\n<\/div>\n<\/td>\n<\/tr>\n<tr>\n<td><img loading=\"lazy\" decoding=\"async\" src=\"\/dev\/wp-content\/uploads\/sites\/2\/2015\/06\/encours.jpg\" alt=\"termine\" width=\"114\" height=\"58\" align=\"absMiddle\" \/><\/td>\n<td bgcolor=\"#ffff99\">Pays d&#039;action : PEROU<br \/>\nDate de d\u00e9but : Octobre 2010<br \/>\nDur\u00e9e : 2 ans<\/td>\n<\/tr>\n<tr>\n<td bgcolor=\"#e3f09d\" width=\"27%\">\n<h4>Objectif g\u00e9n\u00e9ral<\/h4>\n<\/td>\n<td bgcolor=\"#e3f09d\">Am\u00e9liorer les conditions sanitaires, alimentaires et socio-\u00e9conomiques des familles de la communaut\u00e9 autochtone de Fray Mart\u00edn.<\/td>\n<\/tr>\n<tr>\n<td>\n<h4>Objectifs sp\u00e9cifiques<\/h4>\n<\/td>\n<td>\n<ul>\n<li>Diversifier l\u2019alimentation pour rem\u00e9dier aux carences nutritionnelles<\/li>\n<li>Revaloriser l\u2019emploi de plantes m\u00e9dicinales traditionnelles pour rem\u00e9dier aux probl\u00e8mes de sant\u00e9 primaire et rendre autonome la population tant sur le plan pr\u00e9ventif que curatif<\/li>\n<li>Renforcer l\u2019autonomie financi\u00e8re de ces populations en g\u00e9n\u00e9rant une nouvelle source de revenu par la production d\u2019exc\u00e9dents, la transformation et la commercialisation des plantes alimentaires et m\u00e9dicinales<\/li>\n<li>Introduire une composante animale dans les jardins familiaux<\/li>\n<\/ul>\n<\/td>\n<\/tr>\n<tr>\n<td bgcolor=\"#e3f09d\">\n<h4>Zone d\u2019action<\/h4>\n<\/td>\n<td bgcolor=\"#e3f09d\">\n<ul>\n<li>Province amazonienne du Loreto<\/li>\n<\/ul>\n<\/td>\n<\/tr>\n<tr>\n<td>\n<h4>B\u00e9n\u00e9ficiaires<\/h4>\n<\/td>\n<td>\n<ul>\n<li>4 Communaut\u00e9s autour de Fray Mart\u00edn de Porres, 1000 personnes<\/li>\n<\/ul>\n<\/td>\n<\/tr>\n<tr>\n<td bgcolor=\"#e3f09d\">\n<h4>Organisation porteuse du projet<\/h4>\n<\/td>\n<td bgcolor=\"#e3f09d\">\n<ul>\n<li> LATITUD SUR<\/li>\n<\/ul>\n<\/td>\n<\/tr>\n<tr>\n<td>\n<h4>Partenariats locaux<\/h4>\n<\/td>\n<td>\n<ul>\n<li>Centre d&#039;investigation KAPITARI<\/li>\n<\/ul>\n<\/td>\n<\/tr>\n<tr>\n<td bgcolor=\"#e3f09d\">\n<h4>Partenariats internationaux<\/h4>\n<\/td>\n<td bgcolor=\"#e3f09d\">\n<ul>\n<li>ACDI (Agence Canadienne de D\u00e9veloppement International)<\/li>\n<li>Good Planet<\/li>\n<li>Lea Nature<\/li>\n<\/ul>\n<\/td>\n<\/tr>\n<tr>\n<td>\n<h4>Soutiens institutionnels<\/h4>\n<\/td>\n<td>\n<ul>\n<li>IIAP (Institut d\u2019Investigation d\u2019Amazonie P\u00e9ruvienne)<\/li>\n<li>UNAP (Universidad Nacional de la Amazonia Peruana)<\/li>\n<li>GOREL (Gouvernement R\u00e9gional du Loreto)<\/li>\n<\/ul>\n<\/td>\n<\/tr>\n<tr>\n<td bgcolor=\"#e3f09d\">\n<h4>R\u00e9sultats obtenus<br \/>\n(ou attendus)<\/h4>\n<\/td>\n<td bgcolor=\"#e3f09d\">\n<ul>\n<li>Les familles produisent des plantes m\u00e9dicinales et alimentaires,<\/li>\n<li>Les familles g\u00e8rent la composante animale,<\/li>\n<li>Les familles utilisent les plantes m\u00e9dicinales produites sur leurs parcelles,<\/li>\n<li>Les familles diversifient leur alimentation,<\/li>\n<li>Les familles commercialisent les exc\u00e9dents de production.<\/li>\n<\/ul>\n<\/td>\n<\/tr>\n<tr>\n<td>\n<h4>Site web de r\u00e9f\u00e9rence<\/h4>\n<\/td>\n<td>\n<ul>\n<li><a href=\"http:\/\/www.latitudsur.org\/\">www.latitudsur.org<\/a><\/li>\n<\/ul>\n<\/td>\n<\/tr>\n<tr>\n<td bgcolor=\"#e3f09d\">\n<h4>Action en cours<\/h4>\n<\/td>\n<td bgcolor=\"#e3f09d\">\n<ul>\n<li>Il existe une variante du projet avec une composante de reforestation pour les parcelles d\u00e9grad\u00e9es aux alentours de la communaut\u00e9.<\/li>\n<li>Les perspectives sont aussi d\u2019implanter le m\u00eame principe agroforestier dans des communaut\u00e9s alentours.<\/li>\n<\/ul>\n<\/td>\n<\/tr>\n<\/tbody>\n<\/table>\n<p><img loading=\"lazy\" decoding=\"async\" src=\"\/dev\/wp-content\/uploads\/sites\/2\/2015\/09\/image-projet-devdurable-chacra1.jpg\" alt=\"image-projet-devdurable-chacra1\" width=\"620\" height=\"168\" \/><\/p>","protected":false},"excerpt":{"rendered":"<p>FICHE PROJET &#8211; DEVELOPPEMENT DURABLE Pays d&#039;action : PEROU Date de d\u00e9but : Octobre 2010 Dur\u00e9e : 2 ans Objectif g\u00e9n\u00e9ral Am\u00e9liorer les conditions sanitaires, alimentaires et socio-\u00e9conomiques des familles de la communaut\u00e9 autochtone de Fray Mart\u00edn. Objectifs sp\u00e9cifiques Diversifier<span class=\"ellipsis\">&hellip;<\/span><\/p>\n<div class=\"read-more\"><a href=\"https:\/\/latitudsur.org\/dev\/fr\/nos-missions\/developpement-durable\/annee-2-renforcement-du-principe-agro-forestier-ancestral\/\">Lire la suite &#8250;<\/a><\/div>\n<p><!-- end of .read-more --><\/p>\n","protected":false},"author":1,"featured_media":0,"parent":51,"menu_order":0,"comment_status":"closed","ping_status":"open","template":"template-page.php","meta":{"footnotes":""},"class_list":["post-965","page","type-page","status-publish","hentry"],"_links":{"self":[{"href":"https:\/\/latitudsur.org\/dev\/fr\/wp-json\/wp\/v2\/pages\/965","targetHints":{"allow":["GET"]}}],"collection":[{"href":"https:\/\/latitudsur.org\/dev\/fr\/wp-json\/wp\/v2\/pages"}],"about":[{"href":"https:\/\/latitudsur.org\/dev\/fr\/wp-json\/wp\/v2\/types\/page"}],"author":[{"embeddable":true,"href":"https:\/\/latitudsur.org\/dev\/fr\/wp-json\/wp\/v2\/users\/1"}],"replies":[{"embeddable":true,"href":"https:\/\/latitudsur.org\/dev\/fr\/wp-json\/wp\/v2\/comments?post=965"}],"version-history":[{"count":0,"href":"https:\/\/latitudsur.org\/dev\/fr\/wp-json\/wp\/v2\/pages\/965\/revisions"}],"up":[{"embeddable":true,"href":"https:\/\/latitudsur.org\/dev\/fr\/wp-json\/wp\/v2\/pages\/51"}],"wp:attachment":[{"href":"https:\/\/latitudsur.org\/dev\/fr\/wp-json\/wp\/v2\/media?parent=965"}],"curies":[{"name":"wp","href":"https:\/\/api.w.org\/{rel}","templated":true}]}}