{"id":967,"date":"2015-06-08T15:27:18","date_gmt":"2015-06-08T14:27:18","guid":{"rendered":"http:\/\/latitudsur.org\/developpement\/?page_id=967"},"modified":"2015-06-08T15:27:18","modified_gmt":"2015-06-08T14:27:18","slug":"etude-du-potentiel-de-nouvelles-huiles-essentielles-damazonie-peruvienne","status":"publish","type":"page","link":"https:\/\/latitudsur.org\/dev\/fr\/nos-missions\/developpement-durable\/etude-du-potentiel-de-nouvelles-huiles-essentielles-damazonie-peruvienne\/","title":{"rendered":"Etude du potentiel de Nouvelles Huiles Essentielles d\u2019Amazonie P\u00e9ruvienne"},"content":{"rendered":"<p><\/p>\n<table border=\"0\" cellpadding=\"3\">\n<tbody>\n<tr>\n<td colspan=\"2\">\n<div>\n<h4 align=\"left\"><img loading=\"lazy\" decoding=\"async\" src=\"\/dev\/wp-content\/uploads\/sites\/2\/2015\/06\/devdurable.png\" alt=\"environnement\" width=\"64\" height=\"64\" \/>FICHE PROJET &#8211; DEVELOPPEMENT DURABLE<\/h4>\n<\/div>\n<\/td>\n<\/tr>\n<tr>\n<td><img loading=\"lazy\" decoding=\"async\" src=\"\/dev\/wp-content\/uploads\/sites\/2\/2015\/06\/termine.jpg\" alt=\"termine\" width=\"114\" height=\"58\" align=\"absMiddle\" \/><\/td>\n<td bgcolor=\"#ffff99\">Pays d&#039;action : PEROU<br \/>\nDate de d\u00e9but : Ao\u00fbt 2010<br \/>\nDur\u00e9e : 10 mois<\/td>\n<\/tr>\n<tr>\n<td bgcolor=\"#e3f09d\" width=\"27%\">\n<h4>Objectif g\u00e9n\u00e9ral<\/h4>\n<\/td>\n<td bgcolor=\"#e3f09d\">Analyser de nouvelles Huiles Essentielles de haute qualit\u00e9, extraites d\u2019esp\u00e8ces v\u00e9g\u00e9tales de la for\u00eat amazonienne p\u00e9ruvienne.<\/p>\n<p>Les familles de plantes cibl\u00e9es sont : PIPERACEAE, ZINGIBERACEAE, RUTACEAE<\/td>\n<\/tr>\n<tr>\n<td>\n<h4>Objectifs sp\u00e9cifiques<\/h4>\n<h4>et fondements du projet<\/h4>\n<\/td>\n<td>\n<ul>\n<li>S\u00e9lectionner 10 plantes avec un fort potentiel pour la production d\u2019Huiles Essentielles<\/li>\n<li>Analyser et les caract\u00e9riser pour une future production \u00e0 plus grande \u00e9chelle<\/li>\n<li>Envoyer des \u00e9chantillons \u00e0 des clients potentiels au niveau national et international<\/li>\n<li>Disposer d\u2019un petit laboratoire de recherche (itin\u00e9rant dans le cas du bateau de l\u2019ONG) \u00e0 des fins de production d\u2019\u00e9chantillons pour des analyses en laboratoire chimique<\/li>\n<\/ul>\n<p>L\u2019Amazonie P\u00e9ruvienne renferme pr\u00e8s de 6.224 esp\u00e8ces v\u00e9g\u00e9tales enregistr\u00e9es, ce qui repr\u00e9sente 53 % de la Flore p\u00e9ruvienne; dont environ 1,400 esp\u00e8ces ont un usage m\u00e9dicinal et parmi elles 750 sont originaires d\u2019Amazonie.<\/p>\n<p>Les esp\u00e8ces amazoniennes qui ont \u00e9t\u00e9 exploit\u00e9es dans le cadre d\u2019huiles essentielles ne d\u00e9passent pas la dizaine.<\/p>\n<p>Ce projet s\u2019inscrit dans celui plus global de production d\u2019huiles essentielles et de transfert de technologies aux communaut\u00e9s autochtones<\/td>\n<\/tr>\n<tr>\n<td bgcolor=\"#e3f09d\">\n<h4>Zone d\u2019action<\/h4>\n<\/td>\n<td bgcolor=\"#e3f09d\">\n<ul>\n<li>Province amazonienne du Loreto<\/li>\n<\/ul>\n<\/td>\n<\/tr>\n<tr>\n<td>\n<h4>Organisation porteuse du projet<\/h4>\n<\/td>\n<td>\n<ul>\n<li>Latitud Sur<\/li>\n<\/ul>\n<\/td>\n<\/tr>\n<tr>\n<td bgcolor=\"#e3f09d\">\n<h4>Partenariats locaux<\/h4>\n<\/td>\n<td bgcolor=\"#e3f09d\">\n<ul>\n<li>IMET (Instituto de Medicina Tradicional)<\/li>\n<li>UNAP (Universidad Nacional de la Amazon\u00eda Peruana)<\/li>\n<li>IIAP (Instituto de Investigaci\u00f3n de la Amazon\u00eda Peruana)<\/li>\n<\/ul>\n<\/td>\n<\/tr>\n<tr>\n<td>\n<h4>Partenariats internationaux<\/h4>\n<\/td>\n<td>\n<ul>\n<li>Arutam (France)<\/li>\n<li>Man &amp; Nature (France &amp; Madagascar)<\/li>\n<\/ul>\n<\/td>\n<\/tr>\n<tr>\n<td bgcolor=\"#e3f09d\">\n<h4>Soutiens institutionnels<\/h4>\n<\/td>\n<td bgcolor=\"#e3f09d\">\n<ul>\n<li>GOREL (Gouvernement R\u00e9gional de Loreto)<\/li>\n<\/ul>\n<\/td>\n<\/tr>\n<tr>\n<td>\n<h4>R\u00e9sultats obtenus<br \/>\n(ou attendus)<\/h4>\n<\/td>\n<td>\n<ul>\n<li>10 plantes identifi\u00e9es et qualifi\u00e9es quant \u00e0 leur potentiel de production d\u2019Huiles Essentielles<\/li>\n<li>10 \u00e9chantillons sont exp\u00e9di\u00e9s \u00e0 20 clients potentiels<\/li>\n<li>Production d\u2019un rapport d\u00e9finissant le plan de d\u00e9veloppement d\u2019une production majeure<\/li>\n<li>Latitud Sur dispose d\u2019un petit laboratoire de recherche \u00e0 des fins de production d\u2019\u00e9chantillons pour des analyses en laboratoire chimique<\/li>\n<\/ul>\n<\/td>\n<\/tr>\n<tr>\n<td bgcolor=\"#e3f09d\">\n<h4>Site web de r\u00e9f\u00e9rence<\/h4>\n<\/td>\n<td bgcolor=\"#e3f09d\">\n<ul>\n<li><a href=\"http:\/\/www.latitudsur.org\/\" target=\"_blank\">www.latitudsur.org<\/a><\/li>\n<\/ul>\n<\/td>\n<\/tr>\n<tr>\n<td>\n<h4>Contexte initial<\/h4>\n<\/td>\n<td>\n<ul>\n<li>Contacts engag\u00e9s avec des acheteurs en Europe (France, Suisse, Angleterre)<\/li>\n<li>R\u00e9seau de contacts avec des connaisseurs des plantes aromatiques et m\u00e9dicinales<\/li>\n<li>Soutien d\u2019institutions locales pour les qualifications en laboratoire (UNAP &amp; IIAP) et garantie de non biopiraterie<\/li>\n<li>March\u00e9 en expansion et int\u00e9r\u00eat pour de nouveaux produits<\/li>\n<\/ul>\n<\/td>\n<\/tr>\n<\/tbody>\n<\/table>\n<p><img loading=\"lazy\" decoding=\"async\" src=\"\/dev\/wp-content\/uploads\/sites\/2\/2015\/09\/image-projet-devdurable-10plantes.jpg\" alt=\"image-projet-devdurable-10plantes\" width=\"412\" height=\"134\" \/><\/p>","protected":false},"excerpt":{"rendered":"<p>FICHE PROJET &#8211; DEVELOPPEMENT DURABLE Pays d&#039;action : PEROU Date de d\u00e9but : Ao\u00fbt 2010 Dur\u00e9e : 10 mois Objectif g\u00e9n\u00e9ral Analyser de nouvelles Huiles Essentielles de haute qualit\u00e9, extraites d\u2019esp\u00e8ces v\u00e9g\u00e9tales de la for\u00eat amazonienne p\u00e9ruvienne. Les familles de<span class=\"ellipsis\">&hellip;<\/span><\/p>\n<div class=\"read-more\"><a href=\"https:\/\/latitudsur.org\/dev\/fr\/nos-missions\/developpement-durable\/etude-du-potentiel-de-nouvelles-huiles-essentielles-damazonie-peruvienne\/\">Lire la suite &#8250;<\/a><\/div>\n<p><!-- end of .read-more --><\/p>\n","protected":false},"author":1,"featured_media":0,"parent":51,"menu_order":0,"comment_status":"closed","ping_status":"open","template":"template-page.php","meta":{"footnotes":""},"class_list":["post-967","page","type-page","status-publish","hentry"],"_links":{"self":[{"href":"https:\/\/latitudsur.org\/dev\/fr\/wp-json\/wp\/v2\/pages\/967","targetHints":{"allow":["GET"]}}],"collection":[{"href":"https:\/\/latitudsur.org\/dev\/fr\/wp-json\/wp\/v2\/pages"}],"about":[{"href":"https:\/\/latitudsur.org\/dev\/fr\/wp-json\/wp\/v2\/types\/page"}],"author":[{"embeddable":true,"href":"https:\/\/latitudsur.org\/dev\/fr\/wp-json\/wp\/v2\/users\/1"}],"replies":[{"embeddable":true,"href":"https:\/\/latitudsur.org\/dev\/fr\/wp-json\/wp\/v2\/comments?post=967"}],"version-history":[{"count":0,"href":"https:\/\/latitudsur.org\/dev\/fr\/wp-json\/wp\/v2\/pages\/967\/revisions"}],"up":[{"embeddable":true,"href":"https:\/\/latitudsur.org\/dev\/fr\/wp-json\/wp\/v2\/pages\/51"}],"wp:attachment":[{"href":"https:\/\/latitudsur.org\/dev\/fr\/wp-json\/wp\/v2\/media?parent=967"}],"curies":[{"name":"wp","href":"https:\/\/api.w.org\/{rel}","templated":true}]}}