{"id":989,"date":"2015-06-08T15:41:52","date_gmt":"2015-06-08T14:41:52","guid":{"rendered":"http:\/\/latitudsur.org\/developpement\/?page_id=989"},"modified":"2015-06-08T15:41:52","modified_gmt":"2015-06-08T14:41:52","slug":"brigades-de-sante-itinerantes-avec-le-bateau-selva-viva-dans-le-loreto","status":"publish","type":"page","link":"https:\/\/latitudsur.org\/dev\/fr\/nos-missions\/sante-education\/brigades-de-sante-itinerantes-avec-le-bateau-selva-viva-dans-le-loreto\/","title":{"rendered":"Brigades de sant\u00e9 itin\u00e9rantes avec le bateau \u00ab Selva Viva \u00bb dans le Loreto"},"content":{"rendered":"<p><\/p>\n<table style=\"border:0\" cellpadding=\"3\">\n<tbody>\n<tr>\n<td style=\"border:0\" colspan=\"2\">\n<div>\n<h4 align=\"left\"><img loading=\"lazy\" decoding=\"async\" src=\"\/dev\/wp-content\/uploads\/sites\/2\/2015\/06\/santeeducation.jpg\" alt=\"sant\u00e9 et \u00e9ducation\" width=\"64\" height=\"64\" \/> FICHE PROJET &#8211; SANTE ET EDUCATION<\/h4>\n<hr>\n<\/div>\n<\/td>\n<\/tr>\n<tr>\n<td><img loading=\"lazy\" decoding=\"async\" src=\"\/dev\/wp-content\/uploads\/sites\/2\/2015\/06\/encours.jpg\" alt=\"en cours\" width=\"114\" height=\"58\" align=\"absMiddle\" \/><\/td>\n<td bgcolor=\"#ffff99\">\n<h3>Pays d&#039;action : P\u00e9rou<br \/>\nD\u00e9but du Programme : 2010<br \/>\nDur\u00e9e de chaque brigade : 2 \u00e0 4 semaines &#8211; projet permanent<\/h3>\n<\/td>\n<\/tr>\n<tr>\n<td bgcolor=\"#e3f09d\" width=\"27%\">\n<h3>Objectif g\u00e9n\u00e9ral<\/h3>\n<\/td>\n<td bgcolor=\"#e3f09d\">Contribuer \u00e0 am\u00e9liorer les conditions de sant\u00e9 des populations en situation de vuln\u00e9rabilit\u00e9 en leur apportant un service de sant\u00e9 non couvert localement : odontologie, ophtalmologie, gyn\u00e9cologie, &#8230;<\/td>\n<\/tr>\n<tr>\n<td>\n<h3>Objectifs sp\u00e9cifiques<\/h3>\n<\/td>\n<td>\n<ul>\n<li>Plus de 20 communaut\u00e9s riveraines situ\u00e9es en amont de Nauta sur les fleuves Mara\u00f1on et Tigre notamment, re\u00e7oivent des soins de sant\u00e9 primaire, mais aussi ophtalmologiques, odontologiques et gyn\u00e9cologiques.<\/li>\n<li>Des ateliers de sensibilisation \u00e0 l\u2019hygi\u00e8ne et \u00e0 la p\u00e9ri-natalit\u00e9 sont organis\u00e9s dans chaque communaut\u00e9.<\/li>\n<\/ul>\n<\/td>\n<\/tr>\n<tr>\n<td bgcolor=\"#e3f09d\">\n<h3>Zone d\u2019action<\/h3>\n<\/td>\n<td bgcolor=\"#e3f09d\">\n<ul>\n<li>Province amazonienne du Loreto<\/li>\n<\/ul>\n<\/td>\n<\/tr>\n<tr>\n<td>\n<h3>B\u00e9n\u00e9ficiaires<\/h3>\n<\/td>\n<td>\n<ul>\n<li>Communaut\u00e9s riveraines (plus de 4 000 habitants) situ\u00e9es sur les fleuves o\u00f9 sont programm\u00e9es les missions<\/li>\n<\/ul>\n<\/td>\n<\/tr>\n<tr>\n<td bgcolor=\"#e3f09d\">\n<h3>Organisation porteuse du projet<\/h3>\n<\/td>\n<td bgcolor=\"#e3f09d\">\n<ul>\n<li>LATITUD SUR<\/li>\n<\/ul>\n<\/td>\n<\/tr>\n<tr>\n<td>\n<h3>Partenariats locaux<\/h3>\n<\/td>\n<td>\n<ul>\n<li>Croix-Rouge p\u00e9ruvienne<\/li>\n<li>GOREL (Gouvernement R\u00e9gional de Loreto)<\/li>\n<li>Minist\u00e8re de la Sant\u00e9 (DIRESAL)<\/li>\n<\/ul>\n<\/td>\n<\/tr>\n<tr>\n<td bgcolor=\"#e3f09d\">\n<h3>Appuis internationaux<\/h3>\n<\/td>\n<td bgcolor=\"#e3f09d\">\n<ul>\n<li>Agence de Voyages TRANSAT<\/li>\n<li>ONG de soutien m\u00e9dical MEMISA<\/li>\n<\/ul>\n<\/td>\n<\/tr>\n<tr>\n<td>\n<h3>R\u00e9sultats obtenus<\/h3>\n<h3>(ou attendus)<\/h3>\n<\/td>\n<td>\n<ul>\n<li>R\u00e9alisation d\u2019un diagnostic sur l\u2019\u00e9tat de sant\u00e9 des communaut\u00e9s riveraines<\/li>\n<li>Couverture de sant\u00e9 primaire dans chaque communaut\u00e9<\/li>\n<li>Services de sant\u00e9 buccale dans chaque communaut\u00e9<\/li>\n<li>Services d\u2019ophtalmologie dans chaque communaut\u00e9<\/li>\n<li>Contr\u00f4le et suivi semestriel des femmes enceintes dans chaque communaut\u00e9<\/li>\n<li>Ateliers de sensibilisation \u00e0 l\u2019hygi\u00e8ne<\/li>\n<\/ul>\n<\/td>\n<\/tr>\n<tr>\n<td bgcolor=\"#e3f09d\">\n<h3>Site web de r\u00e9f\u00e9rence<\/h3>\n<\/td>\n<td bgcolor=\"#e3f09d\">\n<ul>\n<li>http:\/\/www.latitudsur.org\/<\/li>\n<\/ul>\n<\/td>\n<\/tr>\n<tr>\n<td>\n<h3>Perspectives<\/h3>\n<\/td>\n<td>\n<ul>\n<li>Ce projet a pour avantage d\u2019\u00eatre ais\u00e9ment \u00e9tendu et selon les soutiens, il permettra d\u2019acqu\u00e9rir des \u00e9quipements m\u00e9dicaux compl\u00e9mentaires<\/li>\n<li>Notre enjeu principal est de p\u00e9renniser ce programme gr\u00e2ce \u00e0 l&#039;appui de m\u00e9c\u00e8ne<\/li>\n<\/ul>\n<\/td>\n<\/tr>\n<\/tbody>\n<\/table>\n<p><img loading=\"lazy\" decoding=\"async\" src=\"\/dev\/wp-content\/uploads\/sites\/2\/2015\/09\/image-projet-santedu-brigade.jpg\" alt=\"image-projet-santedu-brigade\" width=\"650\" height=\"162\" \/><\/td>\n<p><\/p>","protected":false},"excerpt":{"rendered":"<p>FICHE PROJET &#8211; SANTE ET EDUCATION Pays d&#039;action : P\u00e9rou D\u00e9but du Programme : 2010 Dur\u00e9e de chaque brigade : 2 \u00e0 4 semaines &#8211; projet permanent Objectif g\u00e9n\u00e9ral Contribuer \u00e0 am\u00e9liorer les conditions de sant\u00e9 des populations en situation<span class=\"ellipsis\">&hellip;<\/span><\/p>\n<div class=\"read-more\"><a href=\"https:\/\/latitudsur.org\/dev\/fr\/nos-missions\/sante-education\/brigades-de-sante-itinerantes-avec-le-bateau-selva-viva-dans-le-loreto\/\">Lire la suite &#8250;<\/a><\/div>\n<p><!-- end of .read-more --><\/p>\n","protected":false},"author":1,"featured_media":0,"parent":74,"menu_order":0,"comment_status":"closed","ping_status":"open","template":"template-page.php","meta":{"footnotes":""},"class_list":["post-989","page","type-page","status-publish","hentry"],"_links":{"self":[{"href":"https:\/\/latitudsur.org\/dev\/fr\/wp-json\/wp\/v2\/pages\/989","targetHints":{"allow":["GET"]}}],"collection":[{"href":"https:\/\/latitudsur.org\/dev\/fr\/wp-json\/wp\/v2\/pages"}],"about":[{"href":"https:\/\/latitudsur.org\/dev\/fr\/wp-json\/wp\/v2\/types\/page"}],"author":[{"embeddable":true,"href":"https:\/\/latitudsur.org\/dev\/fr\/wp-json\/wp\/v2\/users\/1"}],"replies":[{"embeddable":true,"href":"https:\/\/latitudsur.org\/dev\/fr\/wp-json\/wp\/v2\/comments?post=989"}],"version-history":[{"count":0,"href":"https:\/\/latitudsur.org\/dev\/fr\/wp-json\/wp\/v2\/pages\/989\/revisions"}],"up":[{"embeddable":true,"href":"https:\/\/latitudsur.org\/dev\/fr\/wp-json\/wp\/v2\/pages\/74"}],"wp:attachment":[{"href":"https:\/\/latitudsur.org\/dev\/fr\/wp-json\/wp\/v2\/media?parent=989"}],"curies":[{"name":"wp","href":"https:\/\/api.w.org\/{rel}","templated":true}]}}