{"id":995,"date":"2015-06-08T15:45:56","date_gmt":"2015-06-08T14:45:56","guid":{"rendered":"http:\/\/latitudsur.org\/developpement\/?page_id=995"},"modified":"2015-06-08T15:45:56","modified_gmt":"2015-06-08T14:45:56","slug":"dessin-et-video-sur-les-mythes-shuar-aide-au-service-deducation-autochtone","status":"publish","type":"page","link":"https:\/\/latitudsur.org\/dev\/fr\/nos-missions\/tourisme-culture\/dessin-et-video-sur-les-mythes-shuar-aide-au-service-deducation-autochtone\/","title":{"rendered":"Dessin et vid\u00e9o sur les mythes Shuar : Aide au service d\u2019\u00e9ducation autochtone"},"content":{"rendered":"<p><\/p>\n<table border=\"0\" cellpadding=\"3\">\n<tbody>\n<tr>\n<td colspan=\"2\">\n<div>\n<h4 align=\"left\"><img loading=\"lazy\" decoding=\"async\" src=\"\/dev\/wp-content\/uploads\/sites\/2\/2015\/06\/tourismeculture.png\" alt=\"tourismeculture\" width=\"64\" height=\"64\" \/> FICHE PROJET &#8211; TOURISME ET CULTURE<\/h4>\n<\/div>\n<\/td>\n<\/tr>\n<tr>\n<td><img loading=\"lazy\" decoding=\"async\" src=\"\/dev\/wp-content\/uploads\/sites\/2\/2015\/06\/termine.jpg\" alt=\"termine\" width=\"114\" height=\"58\" align=\"absMiddle\" \/><\/td>\n<td bgcolor=\"#ffff99\">\n<ul>\n<li>Pays d&#039;action : EQUATEUR<\/li>\n<li>Date de d\u00e9but : Mars 2006<\/li>\n<li>Dur\u00e9e : 3 mois<\/li>\n<\/ul>\n<\/td>\n<\/tr>\n<tr>\n<td bgcolor=\"#e3f09d\" width=\"27%\">\n<h4>Objectif g\u00e9n\u00e9ral<\/h4>\n<\/td>\n<td bgcolor=\"#e3f09d\">Assister le syst\u00e8me d\u2019\u00e9ducation bilingue Shuar pour une harmonisation des messages \u00e9ducatifs entre savoirs traditionnels et modernit\u00e9 \u00e9mergente<\/td>\n<\/tr>\n<tr>\n<td>\n<h4>Objectifs sp\u00e9cifiques<\/h4>\n<\/td>\n<td>\n<ul>\n<li>Initiation au dessin dans les communaut\u00e9s Shuar en utilisant les plantes tinctoriales de la for\u00eat comme mat\u00e9riel de base<\/li>\n<li>Cr\u00e9ation de logos et report sur des murs en grand format pour le Service d\u2019Education Bilingue Shuar<\/li>\n<li>R\u00e9alisation de vid\u00e9os sur les mythes fondateurs de la nation Shuar sur l\u2019initiative d\u2019une communaut\u00e9 et \u00e0 la demande du service \u00e9ducatif<\/li>\n<li>Sensibilisation aux droits de propri\u00e9t\u00e9 artistique<\/li>\n<\/ul>\n<\/td>\n<\/tr>\n<tr>\n<td bgcolor=\"#e3f09d\">\n<h4>Zone d\u2019action<\/h4>\n<\/td>\n<td bgcolor=\"#e3f09d\">\n<ul>\n<li>Province amazonienne de Morona-Santiago<\/li>\n<\/ul>\n<\/td>\n<\/tr>\n<tr>\n<td>\n<h4>B\u00e9n\u00e9ficiaires<\/h4>\n<\/td>\n<td>\n<ul>\n<li>Indiens Shuar (40.000)<\/li>\n<\/ul>\n<\/td>\n<\/tr>\n<tr>\n<td bgcolor=\"#e3f09d\">\n<h4>Organisation porteuse du projet<\/h4>\n<\/td>\n<td bgcolor=\"#e3f09d\">\n<ul>\n<li> ARUTAM<\/li>\n<\/ul>\n<\/td>\n<\/tr>\n<tr>\n<td>\n<h4>Partenariats locaux<\/h4>\n<\/td>\n<td>\n<ul>\n<li>SERBISH &#8211; Communaut\u00e9 de Tuna Shiwias<\/li>\n<\/ul>\n<\/td>\n<\/tr>\n<tr>\n<td bgcolor=\"#e3f09d\">\n<h4>Partenariats internationaux<\/h4>\n<\/td>\n<td bgcolor=\"#e3f09d\">\n<ul>\n<li>Aucun<\/li>\n<\/ul>\n<\/td>\n<\/tr>\n<tr>\n<td>\n<h4>Soutiens institutionnels<\/h4>\n<\/td>\n<td>\n<ul>\n<li>FICSH (F\u00e9d\u00e9ration Shuar)<\/li>\n<\/ul>\n<\/td>\n<\/tr>\n<tr>\n<td bgcolor=\"#e3f09d\">\n<h4>R\u00e9sultats obtenus<br \/>\n(ou attendus)<\/h4>\n<\/td>\n<td bgcolor=\"#e3f09d\">\n<ul>\n<li>Cours de dessins<\/li>\n<li>Sc\u00e9nographie et logo du mus\u00e9e shuar \u00e0 Sucua<\/li>\n<li>R\u00e9alisation de deux films sur les mythes par un village shuar<\/li>\n<li>Projections et mise en vente des DVD par le service d\u2019\u00e9ducation<\/li>\n<\/ul>\n<\/td>\n<\/tr>\n<tr>\n<td>\n<h4>Site web de r\u00e9f\u00e9rence<\/h4>\n<\/td>\n<td>\n<ul>\n<li><a href=\"http:\/\/www.arutam.fr\/Actions.html#art\" target=\"_blank\">http:\/\/www.arutam.fr\/Actions.html#art<\/a><\/li>\n<\/ul>\n<\/td>\n<\/tr>\n<\/tbody>\n<\/table>\n<p><img loading=\"lazy\" decoding=\"async\" src=\"\/dev\/wp-content\/uploads\/sites\/2\/2015\/09\/image-projet-santeedu-videoshuar.jpg\" alt=\"image-projet-santeedu-videoshuar\" width=\"661\" height=\"211\" \/><\/p>","protected":false},"excerpt":{"rendered":"<p>FICHE PROJET &#8211; TOURISME ET CULTURE Pays d&#039;action : EQUATEUR Date de d\u00e9but : Mars 2006 Dur\u00e9e : 3 mois Objectif g\u00e9n\u00e9ral Assister le syst\u00e8me d\u2019\u00e9ducation bilingue Shuar pour une harmonisation des messages \u00e9ducatifs entre savoirs traditionnels et modernit\u00e9 \u00e9mergente<span class=\"ellipsis\">&hellip;<\/span><\/p>\n<div class=\"read-more\"><a href=\"https:\/\/latitudsur.org\/dev\/fr\/nos-missions\/tourisme-culture\/dessin-et-video-sur-les-mythes-shuar-aide-au-service-deducation-autochtone\/\">Lire la suite &#8250;<\/a><\/div>\n<p><!-- end of .read-more --><\/p>\n","protected":false},"author":1,"featured_media":0,"parent":77,"menu_order":0,"comment_status":"closed","ping_status":"open","template":"template-page.php","meta":{"footnotes":""},"class_list":["post-995","page","type-page","status-publish","hentry"],"_links":{"self":[{"href":"https:\/\/latitudsur.org\/dev\/fr\/wp-json\/wp\/v2\/pages\/995","targetHints":{"allow":["GET"]}}],"collection":[{"href":"https:\/\/latitudsur.org\/dev\/fr\/wp-json\/wp\/v2\/pages"}],"about":[{"href":"https:\/\/latitudsur.org\/dev\/fr\/wp-json\/wp\/v2\/types\/page"}],"author":[{"embeddable":true,"href":"https:\/\/latitudsur.org\/dev\/fr\/wp-json\/wp\/v2\/users\/1"}],"replies":[{"embeddable":true,"href":"https:\/\/latitudsur.org\/dev\/fr\/wp-json\/wp\/v2\/comments?post=995"}],"version-history":[{"count":0,"href":"https:\/\/latitudsur.org\/dev\/fr\/wp-json\/wp\/v2\/pages\/995\/revisions"}],"up":[{"embeddable":true,"href":"https:\/\/latitudsur.org\/dev\/fr\/wp-json\/wp\/v2\/pages\/77"}],"wp:attachment":[{"href":"https:\/\/latitudsur.org\/dev\/fr\/wp-json\/wp\/v2\/media?parent=995"}],"curies":[{"name":"wp","href":"https:\/\/api.w.org\/{rel}","templated":true}]}}