{"id":1015,"date":"2015-06-08T16:17:39","date_gmt":"2015-06-08T15:17:39","guid":{"rendered":"http:\/\/latitudsur.org\/developpement\/?page_id=1015"},"modified":"2015-06-08T16:17:39","modified_gmt":"2015-06-08T15:17:39","slug":"texte-le-mecanisme-redd","status":"publish","type":"page","link":"https:\/\/latitudsur.org\/dev\/nos-missions\/textes-de-reflexions\/texte-le-mecanisme-redd\/","title":{"rendered":"Texte &#8211; Le m\u00e9canisme REDD+"},"content":{"rendered":"<p><\/p>\n<table class=\"contentpaneopen\">\n<tbody>\n<tr>\n<td valign=\"top\">Texte &#8211; Le m\u00e9canisme REDD+<\/p>\n<p><b>Issu des derni\u00e8res rencontres internationales sur l\u2019\u00e9tat de la plan\u00e8te, le m\u00e9canisme REDD, Reducing emissions from deforestation and forest degradation, (maintenant REDD+ depuis qu\u2019il prend en compte l\u2019augmentation des stocks de carbone), est pilot\u00e9 par l\u2019ONU et a vocation \u00e0 lutter contre le r\u00e9chauffement climatique.<\/b><\/p>\n<p>Le constat \u00e9tait simple : 12 \u00e0 18% des gaz \u00e0 effet de serre \u00e0 l\u2019origine du ph\u00e9nom\u00e8ne de r\u00e9chauffement climatique proviennent de la d\u00e9forestation<a title=\"\" href=\"http:\/\/www.latitudsur.org\/developpement\/texte-le-mecanisme-redd.html#_ftn1\" name=\"_ftnref1\"><\/a>[1]. Entre parenth\u00e8se, c\u2019est ce ph\u00e9nom\u00e8ne qui permet \u00e0 l\u2019Indon\u00e9sie d\u2019occuper la troisi\u00e8me marche du podium des nations les plus polluantes, talonn\u00e9e de peu par le Br\u00e9sil (quatri\u00e8me). L\u2019\u00e9quation n\u2019en \u00e9tait pas plus complexe : r\u00e9duire la d\u00e9forestation = r\u00e9duire les \u00e9missions de gaz \u00e0 effet de serre = sauver la plan\u00e8te. Le ton est sciemment vulgarisateur mais l\u2019enjeu n\u2019en demeure pas moins. D\u2019autant que si l\u2019on se pr\u00e9serve du r\u00e9chauffement climatique en prot\u00e9geant nos for\u00eats, on pr\u00e9serve par la m\u00eame occasion la biodiversit\u00e9 ainsi que les populations vivant des produits de la for\u00eat.<\/p>\n<p>D\u00e8s lors, sur la m\u00eame logique que le march\u00e9 du carbone, le b\u00e2ton a \u00e9t\u00e9 remplac\u00e9 par la carotte. Autrement dit, au lieu de taper sur les doigts des d\u00e9foresteurs, on a pr\u00e9f\u00e9r\u00e9 leur donner un int\u00e9r\u00eat \u00e0 agir en faveur des for\u00eats. <i>\u00ab Il est attractif pour les pays d\u00e9velopp\u00e9s, qui estiment qu\u2019il leur co\u00fbtera moins cher que d\u2019autres r\u00e9ductions d\u2019\u00e9missions, et pour les pays en d\u00e9veloppement, qui y voient un apport consid\u00e9rable \u00e0 leur d\u00e9veloppement \u00e9conomique\u00bb<\/i>, r\u00e9sume l\u2019universitaire Ir\u00e8ne Mangion.<\/p>\n<p><b>Quid des acteurs ? <\/b><\/p>\n<p>D\u2019un c\u00f4t\u00e9 les pays les plus riches, la Norv\u00e8ge et le Danemark comptent parmi les principaux donateurs. De l\u2019autre initialement neuf pays en d\u00e9veloppement, quinze aujourd\u2019hui, comptant sur leur sol une grande superficie foresti\u00e8re (R\u00e9publique D\u00e9mocratique du Congo, Indon\u00e9sie, Bolivie,\u2026). Ils auraient touch\u00e9 \u00e0 ce jour la somme de 75,9 millions de dollars, selon le dernier rapport de l\u2019ONU. Cette somme, jug\u00e9e par certains observateurs comme bien trop modeste, n\u2019est qu\u2019un aspect des critiques que l\u2019on impute au programme.<\/p>\n<p><b>Syst\u00e8me id\u00e9al ?<\/b><\/p>\n<p>A la liste de ces difficult\u00e9s, on trouve la non-concr\u00e9tisation des accords bilat\u00e9raux entre pays, l\u2019exclusion \u00e0 la table des n\u00e9gociations des petites organisations, pourtant meilleures connaisseuses des situations locales, un ensemble de critiques l&#039;accusant de favoriser une conception d&#039;un <i>\u00ab capitalisme vert \u00bb<\/i> qui serait incapable de r\u00e9pondre aux d\u00e9fis du XXI<sup>e<\/sup> si\u00e8cle et les effets pervers concernant la protection des peuples autochtones. \u00ab <i>Le syst\u00e8me REDD n<\/i><i>\u2019<\/i><i>avantagera pas les peuples autochtones ; en fait, il<\/i> <i>provoquera de plus nombreuses violations des droits de ces peuples, il nous volera<\/i> <i>notre terre, il provoquera des d\u00e9placements forc\u00e9s, il emp\u00eachera l\u2019acc\u00e8s et mettra en<\/i> <i>p\u00e9ril les m\u00e9thodes agricoles indig\u00e8nes, il d\u00e9truira la diversit\u00e9 biologique et la diversit\u00e9<\/i> <i>culturelle et provoquera des conflits sociaux. Gr\u00e2ce \u00e0 ce syst\u00e8me, les \u00c9tats et les<\/i> <i>n\u00e9gociants en carbone auront davantage de pouvoir sur nos for\u00eats<\/i><i> <\/i>\u00bb, d\u00e9clarait sur ce dernier registre le Forum international des peuples autochtones sur le changement climatique. Un rapport d\u2019experts mondiaux (<i>Global Forest Expert Panel on International Forest Regime<\/i>) a pr\u00e9sent\u00e9 d\u00e9but 2011 ces m\u00eames difficult\u00e9s \u00e0 la communaut\u00e9 internationale dans le cadre du lancement l\u2019Ann\u00e9e mondiale des for\u00eats.<\/p>\n<p><b>Et l\u2019Equateur dans tout \u00e7a ?<\/b><\/p>\n<p>\u00ab <i>Le programme ONU-REDD a entrepris une mission de prospection conjointe en <\/i><i>\u00c9quateur<b> <\/b><\/i><i>avec la coop\u00e9ration allemande au d\u00e9veloppement, qui a abouti \u00e0 la r\u00e9vision des efforts de REDD+ de l\u2019\u00c9quateur et l\u2019identification des domaines qui b\u00e9n\u00e9ficieront \u00e0 l\u2019avenir du soutien du Programme ONU-REDD. Depuis lors, l\u2019\u00c9quateur a men\u00e9 plusieurs consultations multipartites et achev\u00e9 une s\u00e9rie d\u2019\u00e9tudes. Le pays a \u00e9galement continu\u00e9 de mettre en \u0153uvre le programme \u201cSocio Bosque\u201d (lien vers texte App 9) et de tester les paiements REDD+ et les syst\u00e8mes de partage des avantages<\/i> \u00bb, pr\u00e9sentait en juillet dernier un rapport de l\u2019ONU.<\/p>\n<p>Bient\u00f4t parmi les heureux \u00e9lus ? Pas si s\u00fbr, car il n\u2019y a pas consensus autour du m\u00e9canisme dans le pays andin. La Conf\u00e9d\u00e9ration des nationalit\u00e9s indig\u00e8nes de l\u2019Amazonie \u00e9quatorienne refusait en 2009 toute n\u00e9gociation autour du REDD car, selon elle, \u00ab <i>toute politique ou activit\u00e9 extractive ou de n\u00e9gociation sur les for\u00eats et la diversit\u00e9 biologique dans nos territoires ancestraux aura des implications inimaginables, dont l<\/i><i>\u2019<\/i><i>extinction de l<\/i><i>\u2019<\/i><i>identit\u00e9 des Nations ancestrales et la perte du contr\u00f4le et de la gestion de nos territoires qui seront g\u00e9r\u00e9s par l<\/i><i>\u2019<\/i><i>\u00c9tat, par des pays \u00e9trangers, par des entreprises transnationales, par des n\u00e9gociateurs de REDD ou par des commer\u00e7ants en carbone. Le tout apportera une mis\u00e8re, une famine et une pauvret\u00e9 extr\u00eame jamais vues auparavant, comme il arrive aujourd<\/i><i>\u2019<\/i><i>hui \u00e0 nos fr\u00e8res indig\u00e8nes de l<\/i><i>\u2019<\/i><i>Amazonie septentrionale de l<\/i><i>\u2019<\/i><i>\u00c9quateur en raison d<\/i><i>\u2019<\/i><i>int\u00e9r\u00eats g\u00e9opolitiques, \u00e9conomiques et commerciaux.<\/i><i> \u00bb<\/i><\/p>\n<p><i> <\/i><\/p>\n<p>Florian Kunckler &#8211; Octobre 2011<\/p>\n<div><\/p>\n<div>\n<p><a title=\"\" href=\"http:\/\/www.latitudsur.org\/developpement\/texte-le-mecanisme-redd.html#_ftnref1\" name=\"_ftn1\"><\/a>[1] CARAMEL Laurence, in Le Monde, <i>Mauvais g\u00e9nie de la for\u00eat<\/i>, Paris, \u00e9dition du 8 avril 2011, P. 3.<\/p>\n<\/div>\n<\/div>\n<\/td>\n<\/tr>\n<\/tbody>\n<\/table>\n<p><span class=\"article_separator\"> <\/span><\/p>","protected":false},"excerpt":{"rendered":"<p>Texte &#8211; Le m\u00e9canisme REDD+ Issu des derni\u00e8res rencontres internationales sur l\u2019\u00e9tat de la plan\u00e8te, le m\u00e9canisme REDD, Reducing emissions from deforestation and forest degradation, (maintenant REDD+ depuis qu\u2019il prend en compte l\u2019augmentation des stocks de carbone), est pilot\u00e9 par<span class=\"ellipsis\">&hellip;<\/span><\/p>\n<div class=\"read-more\"><a href=\"https:\/\/latitudsur.org\/dev\/nos-missions\/textes-de-reflexions\/texte-le-mecanisme-redd\/\">Read more &#8250;<\/a><\/div>\n<p><!-- end of .read-more --><\/p>\n","protected":false},"author":1,"featured_media":0,"parent":80,"menu_order":0,"comment_status":"closed","ping_status":"open","template":"template-page.php","meta":{"footnotes":""},"class_list":["post-1015","page","type-page","status-publish","hentry"],"_links":{"self":[{"href":"https:\/\/latitudsur.org\/dev\/wp-json\/wp\/v2\/pages\/1015","targetHints":{"allow":["GET"]}}],"collection":[{"href":"https:\/\/latitudsur.org\/dev\/wp-json\/wp\/v2\/pages"}],"about":[{"href":"https:\/\/latitudsur.org\/dev\/wp-json\/wp\/v2\/types\/page"}],"author":[{"embeddable":true,"href":"https:\/\/latitudsur.org\/dev\/wp-json\/wp\/v2\/users\/1"}],"replies":[{"embeddable":true,"href":"https:\/\/latitudsur.org\/dev\/wp-json\/wp\/v2\/comments?post=1015"}],"version-history":[{"count":0,"href":"https:\/\/latitudsur.org\/dev\/wp-json\/wp\/v2\/pages\/1015\/revisions"}],"up":[{"embeddable":true,"href":"https:\/\/latitudsur.org\/dev\/wp-json\/wp\/v2\/pages\/80"}],"wp:attachment":[{"href":"https:\/\/latitudsur.org\/dev\/wp-json\/wp\/v2\/media?parent=1015"}],"curies":[{"name":"wp","href":"https:\/\/api.w.org\/{rel}","templated":true}]}}