{"id":40,"date":"2015-03-02T11:25:12","date_gmt":"2015-03-02T10:25:12","guid":{"rendered":"http:\/\/latitudsur.org\/developpement\/?page_id=40"},"modified":"2015-03-02T11:25:12","modified_gmt":"2015-03-02T10:25:12","slug":"ressources-a-telecharger","status":"publish","type":"page","link":"https:\/\/latitudsur.org\/dev\/latitud-sur\/ressources-a-telecharger\/","title":{"rendered":"Ressources \u00e0 t\u00e9l\u00e9charger"},"content":{"rendered":"<p>Welcome on this page of ressources that we put at your disposal for free download. In case of use of one of these documents, we ask you to have the correction to mention our organization, in respect for the people who elaborated them.<br \/>\nSome documents exist only in one language, please check them through the language module.<\/p>\n<p><a href=\"\/dev\/wp-content\/uploads\/sites\/2\/2015\/06\/document.png\"><img loading=\"lazy\" decoding=\"async\" width=\"256\" height=\"256\" class=\"size-full wp-image-768\" src=\"\/dev\/wp-content\/uploads\/sites\/2\/2015\/06\/document.png\" alt=\"document\" style=\"width:32px;height:32px;margin-right:10px\" srcset=\"https:\/\/latitudsur.org\/dev\/wp-content\/uploads\/sites\/2\/2015\/06\/document.png 256w, https:\/\/latitudsur.org\/dev\/wp-content\/uploads\/sites\/2\/2015\/06\/document-150x150.png 150w\" sizes=\"auto, (max-width: 256px) 100vw, 256px\" \/><\/a><a style=\"width:500px\" href=\"\/dev\/wp-content\/uploads\/sites\/2\/2015\/03\/Informe_Actividades_LS_2013_LD.pdf\">2013 Annual Report Latitud Sur 2013 in spanish<\/a><a href=\"\/dev\/wp-content\/uploads\/sites\/2\/2015\/06\/pdf.jpg\"><img loading=\"lazy\" decoding=\"async\" width=\"30\" height=\"30\" class=\"size-full wp-image-783\" src=\"\/dev\/wp-content\/uploads\/sites\/2\/2015\/06\/pdf.jpg\" alt=\"pdf\" style=\"width:32px;height:32px\" \/><\/a><\/p>\n<p><a href=\"\/dev\/wp-content\/uploads\/sites\/2\/2015\/06\/document.png\"><img loading=\"lazy\" decoding=\"async\" width=\"256\" height=\"256\" class=\"size-full wp-image-768\" src=\"\/dev\/wp-content\/uploads\/sites\/2\/2015\/06\/document.png\" alt=\"document\" style=\"width:32px;height:32px;margin-right:10px\" srcset=\"https:\/\/latitudsur.org\/dev\/wp-content\/uploads\/sites\/2\/2015\/06\/document.png 256w, https:\/\/latitudsur.org\/dev\/wp-content\/uploads\/sites\/2\/2015\/06\/document-150x150.png 150w\" sizes=\"auto, (max-width: 256px) 100vw, 256px\" \/><\/a><a style=\"width:500px\" href=\"https:\/\/plus.google.com\/photos\/104080312609958278309\/albums\/5717991277183361281\/5717991357605728738\" target=\"_blank\">Vid\u00e9o Projet &#8220;chacra integral&#8221; &amp; reforestation<\/a><a href=\"\/dev\/wp-content\/uploads\/sites\/2\/2015\/06\/video.jpg\"><img loading=\"lazy\" decoding=\"async\" width=\"30\" height=\"30\" class=\"size-full wp-image-807\" src=\"\/dev\/wp-content\/uploads\/sites\/2\/2015\/06\/video.jpg\" alt=\"video\" style=\"width:32px;height:32px\" \/><\/a><\/p>","protected":false},"excerpt":{"rendered":"<p>Welcome on this page of ressources that we put at your disposal for free download. In case of use of one of these documents, we ask you to have the correction to mention our organization, in respect for the people<span class=\"ellipsis\">&hellip;<\/span><\/p>\n<div class=\"read-more\"><a href=\"https:\/\/latitudsur.org\/dev\/latitud-sur\/ressources-a-telecharger\/\">Read more &#8250;<\/a><\/div>\n<p><!-- end of .read-more --><\/p>\n","protected":false},"author":1,"featured_media":0,"parent":28,"menu_order":0,"comment_status":"closed","ping_status":"open","template":"template-page.php","meta":{"footnotes":""},"class_list":["post-40","page","type-page","status-publish","hentry"],"_links":{"self":[{"href":"https:\/\/latitudsur.org\/dev\/wp-json\/wp\/v2\/pages\/40","targetHints":{"allow":["GET"]}}],"collection":[{"href":"https:\/\/latitudsur.org\/dev\/wp-json\/wp\/v2\/pages"}],"about":[{"href":"https:\/\/latitudsur.org\/dev\/wp-json\/wp\/v2\/types\/page"}],"author":[{"embeddable":true,"href":"https:\/\/latitudsur.org\/dev\/wp-json\/wp\/v2\/users\/1"}],"replies":[{"embeddable":true,"href":"https:\/\/latitudsur.org\/dev\/wp-json\/wp\/v2\/comments?post=40"}],"version-history":[{"count":0,"href":"https:\/\/latitudsur.org\/dev\/wp-json\/wp\/v2\/pages\/40\/revisions"}],"up":[{"embeddable":true,"href":"https:\/\/latitudsur.org\/dev\/wp-json\/wp\/v2\/pages\/28"}],"wp:attachment":[{"href":"https:\/\/latitudsur.org\/dev\/wp-json\/wp\/v2\/media?parent=40"}],"curies":[{"name":"wp","href":"https:\/\/api.w.org\/{rel}","templated":true}]}}