{"id":959,"date":"2015-06-08T15:18:16","date_gmt":"2015-06-08T14:18:16","guid":{"rendered":"http:\/\/latitudsur.org\/developpement\/?page_id=959"},"modified":"2015-06-08T15:18:16","modified_gmt":"2015-06-08T14:18:16","slug":"formation-deco-gardiens-autochtones-phase-2","status":"publish","type":"page","link":"https:\/\/latitudsur.org\/dev\/nos-missions\/environnement\/formation-deco-gardiens-autochtones-phase-2\/","title":{"rendered":"Formation d&#8217;Eco-gardiens autochtones &#8211; phase 2"},"content":{"rendered":"<p><\/p>\n<table border=\"0\" cellpadding=\"3\">\n<tbody>\n<tr>\n<td colspan=\"2\">\n<div>\n<h4 align=\"left\"><img loading=\"lazy\" decoding=\"async\" src=\"\/dev\/wp-content\/uploads\/sites\/2\/2015\/06\/environnement.png\" alt=\"environnement\" width=\"64\" height=\"64\" \/>FICHE PROJET &#8211; ENVIRONNEMENT<\/h4>\n<\/div>\n<\/td>\n<\/tr>\n<tr>\n<td><img loading=\"lazy\" decoding=\"async\" src=\"\/dev\/wp-content\/uploads\/sites\/2\/2015\/06\/termine.jpg\" alt=\"termine\" width=\"114\" height=\"58\" \/><\/td>\n<td bgcolor=\"#ffff99\">Pays d&#039;action : EQUATEUR<br \/>\nDate de d\u00e9but : Septembre 2010<br \/>\nDur\u00e9e : 1 an<\/td>\n<\/tr>\n<tr>\n<td bgcolor=\"#e3f09d\" width=\"27%\">\n<h4>Objectif g\u00e9n\u00e9ral<\/h4>\n<\/td>\n<td bgcolor=\"#e3f09d\">Pr\u00e9server la biodiversit\u00e9 v\u00e9g\u00e9tale et surtout animale en impliquant les autochtones dans la gestion environnementale de leurs territoires tout en valorisant leur r\u00f4le dans la conservation de ces espaces naturels<\/td>\n<\/tr>\n<tr>\n<td>\n<h4>Objectifs sp\u00e9cifiques<\/h4>\n<h4>Principes et Fondements<\/h4>\n<\/td>\n<td>\n<ul>\n<li>Sensibiliser les autochtones quant \u00e0 l\u2019int\u00e9r\u00eat de pr\u00e9server la biodiversit\u00e9<\/li>\n<li>Obtenir le classement <i>sociobosque<\/i> de ces for\u00eats : \u00ab r\u00e9serve foresti\u00e8re habit\u00e9e \u00bb selon les normes actuellement en vigueur en Equateur<\/li>\n<li>Recenser et surveiller la biodiversit\u00e9, en suivant tout particuli\u00e8rement certaines esp\u00e8ces t\u00e9moins : Aigle arpia, Toucan, Dauphins<\/li>\n<li>Valoriser la conservation comme une activit\u00e9 de d\u00e9veloppement durable<\/li>\n<\/ul>\n<div><strong>Principes et fondements<\/strong><\/div>\n<div>\n<ul>\n<li>Arutam &amp; LS participent \u00e0 la restitution par voie juridique des territoires Shiwiar et S\u00e1para<\/li>\n<li>Le taux de d\u00e9forestation est 17 fois plus faible dans les territoires indiens <i>(ISA 2006)<\/i><\/li>\n<li>L\u2019Equateur d\u00e9tient le plus fort taux de d\u00e9forestation au monde <i>(FAO, 2 %)<\/i><\/li>\n<li>La biodiversit\u00e9 de ces territoires est l\u2019une des plus \u00e9lev\u00e9es du monde<\/li>\n<li>La pression sociale sur ces territoires vierges est en constante augmentation<\/li>\n<li>Les autochtones demandent \u00e0 \u00eatre reconnus pour leur r\u00f4le actif dans la conservation<\/li>\n<\/ul>\n<\/div>\n<\/td>\n<\/tr>\n<tr>\n<td bgcolor=\"#e3f09d\">\n<h4>Zone d\u2019action<\/h4>\n<\/td>\n<td bgcolor=\"#e3f09d\">\n<ul>\n<li>Province amazonienne du Pastaza, Puyo et fronti\u00e8re Equateur-P\u00e9rou<\/li>\n<\/ul>\n<\/td>\n<\/tr>\n<tr>\n<td>\n<h4>B\u00e9n\u00e9ficiaires<\/h4>\n<\/td>\n<td>\n<ul>\n<li>F\u00e9d\u00e9rations Shiwiar et S\u00e1para (NASHIE, NASE) \u2013 3.000 Indiens<\/li>\n<\/ul>\n<\/td>\n<\/tr>\n<tr>\n<td bgcolor=\"#e3f09d\">\n<h4>Organisations porteuses du projet<\/h4>\n<\/td>\n<td bgcolor=\"#e3f09d\">\n<ul>\n<li>Partenariat LATITUD SUR &amp; ALTROPICO<\/li>\n<\/ul>\n<\/td>\n<\/tr>\n<tr>\n<td>\n<h4>Partenariats locaux<\/h4>\n<\/td>\n<td>\n<ul>\n<li>ALTROPICO<\/li>\n<\/ul>\n<\/td>\n<\/tr>\n<tr>\n<td bgcolor=\"#e3f09d\">\n<h4>Partenariats internationaux<\/h4>\n<\/td>\n<td bgcolor=\"#e3f09d\">\n<ul>\n<li>FONDATION AUDEMARS-PIGUET<\/li>\n<\/ul>\n<\/td>\n<\/tr>\n<tr>\n<td>\n<h4>Soutiens institutionnels<\/h4>\n<\/td>\n<td>\n<ul>\n<li>Minist\u00e8res de l\u2019Agriculture et de l\u2019Environnement<\/li>\n<\/ul>\n<\/td>\n<\/tr>\n<tr>\n<td bgcolor=\"#e3f09d\">\n<h4>R\u00e9sultats obtenus<br \/>\n(ou attendus)<\/h4>\n<\/td>\n<td bgcolor=\"#e3f09d\">\n<ul>\n<li>Formation de 30 gardes \u00e9cologiques autochtones (12 Shiwiar, 18 Sapara)<\/li>\n<li class=\"_mce_tagged_br\">Enregistrement d\u2019une partie de ces territoires au programme <i>Sociobosque<\/i><\/li>\n<li>Valorisation et pr\u00e9servation des 600.000 hectares de for\u00eats primaires<\/li>\n<li>Formation des dirigeants des f\u00e9d\u00e9rations en <i>leadership<\/i><\/li>\n<\/ul>\n<\/td>\n<\/tr>\n<tr>\n<td>\n<h4>Site web de r\u00e9f\u00e9rence<\/h4>\n<\/td>\n<td>\n<ul>\n<li>www.latitudsur.org<\/li>\n<\/ul>\n<\/td>\n<\/tr>\n<tr>\n<td bgcolor=\"#e3f09d\">\n<h4>Perspectives<\/h4>\n<\/td>\n<td bgcolor=\"#e3f09d\">\n<ul>\n<li>Activit\u00e9s compl\u00e9mentaires d&#039;\u00e9laboration de &#8220;Plan de Vie&#8221; pour d\u00e9finir les modes de gestion autochtone des ressources naturelles<\/li>\n<\/ul>\n<\/td>\n<\/tr>\n<\/tbody>\n<\/table>\n<p><\/p>","protected":false},"excerpt":{"rendered":"<p>FICHE PROJET &#8211; ENVIRONNEMENT Pays d&#039;action : EQUATEUR Date de d\u00e9but : Septembre 2010 Dur\u00e9e : 1 an Objectif g\u00e9n\u00e9ral Pr\u00e9server la biodiversit\u00e9 v\u00e9g\u00e9tale et surtout animale en impliquant les autochtones dans la gestion environnementale de leurs territoires tout en<span class=\"ellipsis\">&hellip;<\/span><\/p>\n<div class=\"read-more\"><a href=\"https:\/\/latitudsur.org\/dev\/nos-missions\/environnement\/formation-deco-gardiens-autochtones-phase-2\/\">Read more &#8250;<\/a><\/div>\n<p><!-- end of .read-more --><\/p>\n","protected":false},"author":1,"featured_media":0,"parent":48,"menu_order":0,"comment_status":"closed","ping_status":"open","template":"template-page.php","meta":{"footnotes":""},"class_list":["post-959","page","type-page","status-publish","hentry"],"_links":{"self":[{"href":"https:\/\/latitudsur.org\/dev\/wp-json\/wp\/v2\/pages\/959","targetHints":{"allow":["GET"]}}],"collection":[{"href":"https:\/\/latitudsur.org\/dev\/wp-json\/wp\/v2\/pages"}],"about":[{"href":"https:\/\/latitudsur.org\/dev\/wp-json\/wp\/v2\/types\/page"}],"author":[{"embeddable":true,"href":"https:\/\/latitudsur.org\/dev\/wp-json\/wp\/v2\/users\/1"}],"replies":[{"embeddable":true,"href":"https:\/\/latitudsur.org\/dev\/wp-json\/wp\/v2\/comments?post=959"}],"version-history":[{"count":0,"href":"https:\/\/latitudsur.org\/dev\/wp-json\/wp\/v2\/pages\/959\/revisions"}],"up":[{"embeddable":true,"href":"https:\/\/latitudsur.org\/dev\/wp-json\/wp\/v2\/pages\/48"}],"wp:attachment":[{"href":"https:\/\/latitudsur.org\/dev\/wp-json\/wp\/v2\/media?parent=959"}],"curies":[{"name":"wp","href":"https:\/\/api.w.org\/{rel}","templated":true}]}}