{"id":981,"date":"2015-06-08T15:34:45","date_gmt":"2015-06-08T14:34:45","guid":{"rendered":"http:\/\/latitudsur.org\/developpement\/?page_id=981"},"modified":"2015-06-08T15:34:45","modified_gmt":"2015-06-08T14:34:45","slug":"centre-de-recherche-sur-les-ressources-naturelles-de-lamazonie","status":"publish","type":"page","link":"https:\/\/latitudsur.org\/dev\/nos-missions\/developpement-durable\/centre-de-recherche-sur-les-ressources-naturelles-de-lamazonie\/","title":{"rendered":"Centre de Recherche sur les Ressources Naturelles de l&#8217;Amazonie"},"content":{"rendered":"<p><\/p>\n<table border=\"0\" cellpadding=\"3\">\n<tbody>\n<tr>\n<td colspan=\"2\">\n<div>\n<h4 align=\"left\"><img loading=\"lazy\" decoding=\"async\" src=\"\/dev\/wp-content\/uploads\/sites\/2\/2015\/06\/devdurable.png\" alt=\"environnement\" width=\"64\" height=\"64\" \/>FICHE PROJET &#8211; DEVELOPPEMENT DURABLE<\/h4>\n<\/div>\n<\/td>\n<\/tr>\n<tr>\n<td><img loading=\"lazy\" decoding=\"async\" src=\"\/dev\/wp-content\/uploads\/sites\/2\/2015\/06\/avenir.jpg\" alt=\"avenir\" width=\"114\" height=\"58\" \/><\/td>\n<td bgcolor=\"#ffff99\">Pays d&#039;action : EQUATEUR<br \/>\nDur\u00e9e : 3 ans<\/td>\n<\/tr>\n<tr>\n<td bgcolor=\"#e3f09d\" width=\"27%\">\n<h4>Objectif g\u00e9n\u00e9ral<\/h4>\n<\/td>\n<td bgcolor=\"#e3f09d\">Contribuer \u00e0 la pr\u00e9servation de la biodiversit\u00e9 et des savoirs ancestraux gr\u00e2ce \u00e0 la valorisation durable et \u00e9quitable de ressources naturelles de l&#039;Amazonie<\/td>\n<\/tr>\n<tr>\n<td>\n<h4>Objectifs sp\u00e9cifiques<\/h4>\n<h4>Principes et fondements<\/h4>\n<\/td>\n<td>\n<ul>\n<li>Identifier de nouvelles ressources en provenance du bassin amazonien<\/li>\n<li>D\u00e9velopper et am\u00e9liorer des proc\u00e9d\u00e9s traditionnels<\/li>\n<li>Elaborer les processus artisanaux ou industriels ainsi que le mode de commercialisation<\/li>\n<li>Rechercher les financements<\/li>\n<li>Mettre en place les projets<\/li>\n<\/ul>\n<p><strong>Principes et fondements<\/strong><\/p>\n<ul>\n<li>Commerce \u00e9quitable : prix de rachat sup\u00e9rieurs au march\u00e9 et fig\u00e9s pour une ann\u00e9e.<\/li>\n<li>R\u00e9tribution pour les connaissances traditionnelles (financement de projets communautaires sur les b\u00e9n\u00e9fices du projet)<\/li>\n<li>Productions durables (exclusion des produits chimiques \u00e0 impact environnemental ou dangereux pour la sant\u00e9 de l&#039;homme ou de la faune)<\/li>\n<li>Engagements d&#039;entreprises pour une meilleure garantie de viabilit\u00e9 des projets<\/li>\n<li>Exp\u00e9rimentation \u00e0 petite \u00e9chelle pour une meilleure ma\u00eetrise des processus tant techniques que des enjeux et m\u00e9canismes culturels des communaut\u00e9s impliqu\u00e9es<\/li>\n<\/ul>\n<\/td>\n<\/tr>\n<tr>\n<td bgcolor=\"#e3f09d\">\n<h4>Zone d\u2019action<\/h4>\n<\/td>\n<td bgcolor=\"#e3f09d\">\n<ul>\n<li>Centre dans la province de Pichincha (environs de Quito)<\/li>\n<li>Activit\u00e9s de terrain dans les provinces de Pastaza &amp; Morona-Santiago &amp; Napo (depuis Puyo)<\/li>\n<\/ul>\n<\/td>\n<\/tr>\n<tr>\n<td>\n<h4>B\u00e9n\u00e9ficiaires<\/h4>\n<\/td>\n<td>\n<ul>\n<li>Communaut\u00e9s autochtones de ces 3 provinces amazoniennes<\/li>\n<li>Potentiellement: extension \u00e0 la province p\u00e9ruvienne de Loreto o\u00f9 Latitud Sur m\u00e8ne des activit\u00e9s li\u00e9es \u00e0 celles du Centre<\/li>\n<\/ul>\n<\/td>\n<\/tr>\n<tr>\n<td bgcolor=\"#e3f09d\">\n<h4>Organisation porteuse du projet<\/h4>\n<\/td>\n<td bgcolor=\"#e3f09d\">\n<ul>\n<li>Latitud Sur<\/li>\n<\/ul>\n<\/td>\n<\/tr>\n<tr>\n<td>\n<h4>Partenariats locaux<\/h4>\n<\/td>\n<td>\n<ul>\n<li>Ils sont nombreux: universit\u00e9s, centres de recherche, entreprises<\/li>\n<\/ul>\n<\/td>\n<\/tr>\n<tr>\n<td bgcolor=\"#e3f09d\">\n<h4>Partenariats internationaux<\/h4>\n<\/td>\n<td bgcolor=\"#e3f09d\">\n<ul>\n<li>En cours de d\u00e9termination<\/li>\n<\/ul>\n<\/td>\n<\/tr>\n<tr>\n<td>\n<h4>Soutiens institutionnels<\/h4>\n<\/td>\n<td>\n<ul>\n<li>MAGAP (Minist\u00e8re de l\u2019Agriculture), MAE (Minist\u00e8re de l\u2019Environnement), CORPEI (Corporation de Promotion des Exportations et Investissements)<\/li>\n<\/ul>\n<\/td>\n<\/tr>\n<tr>\n<td bgcolor=\"#e3f09d\">\n<h4>R\u00e9sultats obtenus<br \/>\n(ou attendus)<\/h4>\n<\/td>\n<td bgcolor=\"#e3f09d\">\n<ul>\n<li>De nouveaux produits ou proc\u00e9d\u00e9s sont identifi\u00e9s et caract\u00e9ris\u00e9s<\/li>\n<li>Les fili\u00e8res de production et commercialisation sont d\u00e9termin\u00e9es<\/li>\n<li>Des projets sont financ\u00e9s puis ex\u00e9cut\u00e9s<\/li>\n<li>Le centre s&#8217;est dot\u00e9 de moyens d&#039;exp\u00e9rimentation minimum pour garantir la qualit\u00e9 de ses propositions<\/li>\n<li>Le centre regroupe des comp\u00e9tences permanentes, nationales et internationales, de qualit\u00e9, dans tous les domaines n\u00e9cessaires \u00e0 l&#039;approche globale des projets<\/li>\n<li>Le centre offre des formations et a \u00e9tabli des partenariats avec des entreprises<\/li>\n<\/ul>\n<\/td>\n<\/tr>\n<tr>\n<td>\n<h4>Site web de r\u00e9f\u00e9rence<\/h4>\n<\/td>\n<td>\n<ul>\n<li><a href=\"http:\/\/www.latitudsur.org\/\" target=\"_blank\">www.latitudsur.org<\/a><\/li>\n<\/ul>\n<\/td>\n<\/tr>\n<\/tbody>\n<\/table>\n<p><img loading=\"lazy\" decoding=\"async\" src=\"\/dev\/wp-content\/uploads\/sites\/2\/2015\/09\/image-projet-devdurable-huilesessencielles.jpg\" alt=\"image-projet-devdurable-huilesessencielles\" width=\"692\" height=\"156\" \/><\/p>","protected":false},"excerpt":{"rendered":"<p>FICHE PROJET &#8211; DEVELOPPEMENT DURABLE Pays d&#039;action : EQUATEUR Dur\u00e9e : 3 ans Objectif g\u00e9n\u00e9ral Contribuer \u00e0 la pr\u00e9servation de la biodiversit\u00e9 et des savoirs ancestraux gr\u00e2ce \u00e0 la valorisation durable et \u00e9quitable de ressources naturelles de l&#039;Amazonie Objectifs sp\u00e9cifiques<span class=\"ellipsis\">&hellip;<\/span><\/p>\n<div class=\"read-more\"><a href=\"https:\/\/latitudsur.org\/dev\/nos-missions\/developpement-durable\/centre-de-recherche-sur-les-ressources-naturelles-de-lamazonie\/\">Read more &#8250;<\/a><\/div>\n<p><!-- end of .read-more --><\/p>\n","protected":false},"author":1,"featured_media":0,"parent":51,"menu_order":0,"comment_status":"closed","ping_status":"open","template":"template-page.php","meta":{"footnotes":""},"class_list":["post-981","page","type-page","status-publish","hentry"],"_links":{"self":[{"href":"https:\/\/latitudsur.org\/dev\/wp-json\/wp\/v2\/pages\/981","targetHints":{"allow":["GET"]}}],"collection":[{"href":"https:\/\/latitudsur.org\/dev\/wp-json\/wp\/v2\/pages"}],"about":[{"href":"https:\/\/latitudsur.org\/dev\/wp-json\/wp\/v2\/types\/page"}],"author":[{"embeddable":true,"href":"https:\/\/latitudsur.org\/dev\/wp-json\/wp\/v2\/users\/1"}],"replies":[{"embeddable":true,"href":"https:\/\/latitudsur.org\/dev\/wp-json\/wp\/v2\/comments?post=981"}],"version-history":[{"count":0,"href":"https:\/\/latitudsur.org\/dev\/wp-json\/wp\/v2\/pages\/981\/revisions"}],"up":[{"embeddable":true,"href":"https:\/\/latitudsur.org\/dev\/wp-json\/wp\/v2\/pages\/51"}],"wp:attachment":[{"href":"https:\/\/latitudsur.org\/dev\/wp-json\/wp\/v2\/media?parent=981"}],"curies":[{"name":"wp","href":"https:\/\/api.w.org\/{rel}","templated":true}]}}