{"id":940,"date":"2015-06-08T15:02:51","date_gmt":"2015-06-08T14:02:51","guid":{"rendered":"http:\/\/latitudsur.org\/developpement\/?page_id=940"},"modified":"2015-06-08T15:02:51","modified_gmt":"2015-06-08T14:02:51","slug":"reforestation-a-partir-despeces-locales-volet-equateur","status":"publish","type":"page","link":"https:\/\/latitudsur.org\/developpement\/nos-missions\/environnement\/reforestation-a-partir-despeces-locales-volet-equateur\/","title":{"rendered":"Reforestation \u00e0 partir d&#39;esp\u00e8ces locales &#8211; Volet Equateur"},"content":{"rendered":"<p><\/p>\n<table border=\"0\" cellpadding=\"3\">\n<tbody>\n<tr>\n<td colspan=\"2\">\n<div>\n<h4 align=\"left\"><img loading=\"lazy\" src=\"\/..\/..\/..\/wp-content\/uploads\/sites\/2\/2015\/06\/devdurable.png\" alt=\"environnement\" width=\"64\" height=\"64\" \/>FICHE PROJET &#8211; ENVIRONNEMENT<\/h4>\n<\/div>\n<\/td>\n<\/tr>\n<tr>\n<td colspan=\"2\">\n<\/td>\n<\/tr>\n<tr>\n<td>\n<h4> <img loading=\"lazy\" src=\"\/..\/..\/wp-content\/uploads\/sites\/2\/2015\/06\/encours.jpg\" alt=\"encours\" width=\"114\" height=\"58\" \/><\/h4>\n<\/td>\n<td>\n<ul>\n<li>Pays d&#39;action : Equateur<\/li>\n<li>Date de d\u00e9but : Janvier 2014<\/li>\n<li>Dur\u00e9e : 18 mois + 5 ans de suivi<\/li>\n<\/ul>\n<\/td>\n<\/tr>\n<tr>\n<td>\n<h4>Objectif g\u00e9n\u00e9ral<\/h4>\n<\/td>\n<td>\n<ul>\n<li>Reforester des zones d\u00e9grad\u00e9es en mettant en place un mod\u00e8le d\u2019agroforesterie durable afin de contribuer \u00e0 l\u2019am\u00e9lioration du niveau de vie des populations indig\u00e8nes, tout en pr\u00e9servant les ressources de la for\u00eat amazonienne<\/li>\n<\/ul>\n<\/td>\n<\/tr>\n<tr>\n<td>\n<h4>Objectifs sp\u00e9cifiques<\/h4>\n<\/td>\n<td>Reforester les zones d\u00e9grad\u00e9es avec des esp\u00e8ces natives (35.000 sur 100 ha.)<\/p>\n<p>Permettre leur exploitation durable et ainsi g\u00e9n\u00e9rer une source de revenus venant se substituer \u00e0 des pratiques facteurs de d\u00e9forestation (abattis-br\u00fblis, \u00e9levage extensif, extension des monocultures, production de charbon)<\/p>\n<p>Sensibiliser les b\u00e9n\u00e9ficiaires au d\u00e9veloppement durable<\/p>\n<p>Am\u00e9liorer les conditions de vie et de sant\u00e9 des communaut\u00e9s<\/p>\n<p>Prot\u00e9ger de l\u2019\u00e9rosion et am\u00e9liorer la qualit\u00e9 des sols<\/td>\n<\/tr>\n<tr>\n<td bgcolor=\"#e3f09d\">\n<h4>Zone d\u2019action<\/h4>\n<\/td>\n<td bgcolor=\"#e3f09d\">\n<ul>\n<li>Province amazonienne du Napo<\/li>\n<\/ul>\n<\/td>\n<\/tr>\n<tr>\n<td>\n<h4>B\u00e9n\u00e9ficiaires<\/h4>\n<\/td>\n<td>\n<ul>\n<li><strong>B\u00e9n\u00e9ficiaires directs : <\/strong>150<\/li>\n<\/ul>\n<ul>\n<li><strong>Les B\u00e9n\u00e9ficiaires indirects du projet <\/strong>sont les familles li\u00e9es aux propri\u00e9taires, soit \u00e0 l\u2019heure actuelle 3600 habitants r\u00e9partis en 700 familles<\/li>\n<\/ul>\n<\/td>\n<\/tr>\n<tr>\n<td bgcolor=\"#e3f09d\">\n<h4>Organisation porteuse du projet<\/h4>\n<\/td>\n<td bgcolor=\"#e3f09d\">\n<ul>\n<li>LATITUD SUR<\/li>\n<\/ul>\n<\/td>\n<\/tr>\n<tr>\n<td>\n<h4>Partenariats locaux<\/h4>\n<\/td>\n<td>\n<ul>\n<li>Ishpingo<\/li>\n<\/ul>\n<\/td>\n<\/tr>\n<tr>\n<td bgcolor=\"#e3f09d\">\n<h4>Partenariats internationaux<\/h4>\n<\/td>\n<td bgcolor=\"#e3f09d\">\n<ul>\n<li>Goodplanet<\/li>\n<\/ul>\n<\/td>\n<\/tr>\n<tr>\n<td>\n<h4>Soutiens institutionnels<\/h4>\n<\/td>\n<td>\n<ul>\n<li>Minist\u00e8re de l&#39;Agriculture<\/li>\n<li>Minist\u00e8re de l&#39;Environnement<\/li>\n<\/ul>\n<\/td>\n<\/tr>\n<tr>\n<td bgcolor=\"#e3f09d\">\n<h4>R\u00e9sultats obtenus<br \/>\n(ou attendus)<\/h4>\n<\/td>\n<td bgcolor=\"#e3f09d\">\n<ul>\n<li>Les esp\u00e8ces d\u2019arbres et de plantes \u00e0 semer sont identifi\u00e9es<\/li>\n<li>35 000 arbres plant\u00e9s sur 100 hectares<\/li>\n<li>4 p\u00e9pini\u00e8res sont cr\u00e9\u00e9es et entretenues au sein du canton de Talag<\/li>\n<li>Les familles sont form\u00e9es aux techniques d\u2019entretien des diff\u00e9rentes cultures<\/li>\n<\/ul>\n<\/td>\n<\/tr>\n<tr>\n<td>\n<h4>Site web de r\u00e9f\u00e9rence<\/h4>\n<\/td>\n<td>\n<ul>\n<li><a href=\"http:\/\/www.latitudsur.org\/\" target=\"_blank\">www.latitudsur.org<\/a><\/li>\n<\/ul>\n<\/td>\n<\/tr>\n<tr>\n<td bgcolor=\"#e3f09d\">\n<h4>Perspectives<\/h4>\n<\/td>\n<td bgcolor=\"#e3f09d\">\n<ul>\n<li>Mener la reforestation avec d\u2019autres communaut\u00e9s alentours.<\/li>\n<li>Diagnostics de faisabilit\u00e9 en cours<\/li>\n<li>Il pourra \u00eatre compl\u00e9ment\u00e9 par des programmes de formation \u00e0 l&#39;exploitation durable de certaines esp\u00e8ces.<\/li>\n<\/ul>\n<\/td>\n<\/tr>\n<\/tbody>\n<\/table>\n<p><\/p>","protected":false},"excerpt":{"rendered":"<p>FICHE PROJET &#8211; ENVIRONNEMENT Pays d&#39;action : Equateur Date de d\u00e9but : Janvier 2014 Dur\u00e9e : 18 mois + 5 ans de suivi Objectif g\u00e9n\u00e9ral Reforester des zones d\u00e9grad\u00e9es en mettant en place un mod\u00e8le d\u2019agroforesterie durable afin de contribuer<span class=\"ellipsis\">&hellip;<\/span><\/p>\n<div class=\"read-more\"><a href=\"https:\/\/latitudsur.org\/developpement\/nos-missions\/environnement\/reforestation-a-partir-despeces-locales-volet-equateur\/\">Lire la suite &#8250;<\/a><\/div>\n<p><!-- end of .read-more --><\/p>\n","protected":false},"author":1,"featured_media":0,"parent":48,"menu_order":0,"comment_status":"closed","ping_status":"open","template":"template-page.php","meta":[],"_links":{"self":[{"href":"https:\/\/latitudsur.org\/developpement\/wp-json\/wp\/v2\/pages\/940"}],"collection":[{"href":"https:\/\/latitudsur.org\/developpement\/wp-json\/wp\/v2\/pages"}],"about":[{"href":"https:\/\/latitudsur.org\/developpement\/wp-json\/wp\/v2\/types\/page"}],"author":[{"embeddable":true,"href":"https:\/\/latitudsur.org\/developpement\/wp-json\/wp\/v2\/users\/1"}],"replies":[{"embeddable":true,"href":"https:\/\/latitudsur.org\/developpement\/wp-json\/wp\/v2\/comments?post=940"}],"version-history":[{"count":1,"href":"https:\/\/latitudsur.org\/developpement\/wp-json\/wp\/v2\/pages\/940\/revisions"}],"predecessor-version":[{"id":941,"href":"https:\/\/latitudsur.org\/developpement\/wp-json\/wp\/v2\/pages\/940\/revisions\/941"}],"up":[{"embeddable":true,"href":"https:\/\/latitudsur.org\/developpement\/wp-json\/wp\/v2\/pages\/48"}],"wp:attachment":[{"href":"https:\/\/latitudsur.org\/developpement\/wp-json\/wp\/v2\/media?parent=940"}],"curies":[{"name":"wp","href":"https:\/\/api.w.org\/{rel}","templated":true}]}}