{"id":1174,"date":"2015-08-07T11:50:17","date_gmt":"2015-08-07T10:50:17","guid":{"rendered":"http:\/\/latitudsur.org\/voyage\/?page_id=1174"},"modified":"2026-04-22T09:06:31","modified_gmt":"2026-04-22T09:06:31","slug":"ecotourisme","status":"publish","type":"page","link":"https:\/\/latitudsur.org\/voyage\/es\/voyagez\/tous-les-voyages\/ecotourisme\/","title":{"rendered":"Ecotourisme"},"content":{"rendered":"<p><\/p>\n<table style=\"width: 695px;height: 171px\" border=\"0\" bgcolor=\"#ffffff\">\n<tbody>\n<tr>\n<td style=\"padding: 0;vertical-align: middle\"><a href=\"\/voyage\/wp-content\/uploads\/sites\/3\/2015\/06\/07PAC.jpg\"><img loading=\"lazy\" decoding=\"async\" class=\"aligncenter size-full wp-image-670\" src=\"\/voyage\/wp-content\/uploads\/sites\/3\/2015\/06\/07PAC.jpg\" alt=\"07PAC\" width=\"150\" height=\"113\" \/><\/a><\/td>\n<td style=\"padding: 5px;vertical-align: middle\"><span style=\"font-size: 16px;color: #000000\"><strong>Crucero aquariofilo<\/strong><\/span><br \/>\n<span style=\"font-size: 16px;color: #009900\"><strong>2990 USD<\/strong> &#8211; 12 d\u00edas \/ 11 noches<\/span><br \/>\nUn crucero especial para los aficionados de cichlideas, discus, piranhas, rayas, tetras y muchos mas especias, con una guia experta !<br \/>\n<a href=\"\/voyage\/perou\/croisiere-aquariophiles-napo\"><span class=\"go-detail\">Ver el detalle !<\/span><\/a><\/td>\n<\/tr>\n<\/tbody>\n<\/table>\n<table style=\"width: 695px;height: 171px\" border=\"0\" bgcolor=\"#ffffff\">\n<tbody>\n<tr>\n<td style=\"padding: 0;vertical-align: middle\"><a href=\"\/voyage\/wp-content\/uploads\/sites\/3\/2015\/06\/08PAN.jpg\"><img loading=\"lazy\" decoding=\"async\" class=\"aligncenter size-full wp-image-671\" src=\"\/voyage\/wp-content\/uploads\/sites\/3\/2015\/06\/08PAN.jpg\" alt=\"08PAN\" width=\"150\" height=\"113\" \/><\/a><\/td>\n<td style=\"padding: 5px;vertical-align: middle\"><span style=\"font-size: 16px;color: #000000\"><strong>Crucero pesca deportiva<\/strong><\/span><br \/>\n<span style=\"font-size: 16px;color: #009900\"><strong>1500 USD<\/strong> &#8211; 6 d\u00edas \/ 5 noches<\/span><br \/>\nVenga a pesca en la Amazonia. Este crucero es para los aficionados de tucunar\u00e9s, piranhas, barbudos (doncella, zungaro) y mucho mas especias.<br \/>\n<a href=\"\/voyage\/perou\/croisiere-peche-nanay\"><span class=\"go-detail\">Ver el detalle !<\/span><\/a><\/td>\n<\/tr>\n<\/tbody>\n<\/table>\n<table style=\"width: 695px;height: 171px\" border=\"0\" bgcolor=\"#ffffff\">\n<tbody>\n<tr>\n<td style=\"padding: 0;vertical-align: middle\"><a href=\"\/voyage\/wp-content\/uploads\/sites\/3\/2015\/08\/wilder1.jpg\"><img loading=\"lazy\" decoding=\"async\" class=\"aligncenter size-full wp-image-671\" src=\"\/voyage\/wp-content\/uploads\/sites\/3\/2015\/08\/wilder1.jpg\" alt=\"08PAN\" width=\"150\" height=\"113\" \/><\/a><\/td>\n<td style=\"padding: 5px;vertical-align: middle\"><span style=\"font-size: 16px;color: #000000\"><strong>Turismo vivencial<\/strong><\/span><br \/>\n<span style=\"font-size: 16px;color: #009900\"><strong>480 USD<\/strong> &#8211; 6 d\u00edas \/ 5 noches<\/span><br \/>\nUn viaje de encuentro humano, una inmersi\u00f3n en una familia de una comunidad amaz\u00f3nica, en un lugar donde disfrutar\u00e1 del ambiente sereno que ofrece la selva.<br \/>\n<a href=\"\/voyage\/perou\/sejour-chez-lhabitant\"><span class=\"go-detail\">Ver el detalle !<\/span><\/a><\/td>\n<\/tr>\n<\/tbody>\n<\/table>\n<table style=\"width: 695px;height: 171px\" border=\"0\" bgcolor=\"#ffffff\">\n<tbody>\n<tr>\n<td style=\"padding: 0;vertical-align: middle\"><a href=\"\/voyage\/wp-content\/uploads\/sites\/3\/2015\/06\/09ESS.jpg\"><img loading=\"lazy\" decoding=\"async\" class=\"aligncenter size-full wp-image-672\" src=\"\/voyage\/wp-content\/uploads\/sites\/3\/2015\/06\/09ESS.jpg\" alt=\"09ESS\" width=\"150\" height=\"113\" \/><\/a><\/td>\n<td style=\"padding: 5px;vertical-align: middle\"><span style=\"font-size: 16px;color: #000000\"><strong>Ecoturismo con los Shuar, Shiwiar &amp; Sapara<\/strong><\/span><br \/>\n<span style=\"font-size: 16px;color: #009900\"><strong>Desde 350 $<\/strong> &#8211; 5 d\u00edas \/ 4 noches<\/span><br \/>\nPartan al encuentro de a fauna y de la flora de una de las selvas de Amazonia m\u00e1s salvajes, en medio de territorios aut\u00f3chtonos. Un viaje solidario de aventura y de observaci\u00f3n 100 % Inmersi\u00f3n ! Desde 2 personnes&#8230;<br \/>\n<a href=\"\/voyage\/equateur\/ecotourisme-shiwiar-sapara\"><span class=\"go-detail\">Ver el detalle !<\/span><\/a><\/td>\n<\/tr>\n<\/tbody>\n<\/table>\n<p>&nbsp;<\/p>","protected":false},"excerpt":{"rendered":"<p>Crucero aquariofilo 2990 USD &#8211; 12 d\u00edas \/ 11 noches Un crucero especial para los aficionados de cichlideas, discus, piranhas, rayas, tetras y muchos mas especias, con una guia experta ! Ver el detalle ! Crucero pesca deportiva 1500 USD<span class=\"ellipsis\">&hellip;<\/span><\/p>\n<div class=\"read-more\"><a href=\"https:\/\/latitudsur.org\/voyage\/es\/voyagez\/tous-les-voyages\/ecotourisme\/\">Leer m\u00e1s \u203a<\/a><\/div>\n<p><!-- end of .read-more --><\/p>\n","protected":false},"author":1,"featured_media":0,"parent":127,"menu_order":0,"comment_status":"open","ping_status":"open","template":"template-page.php","meta":{"footnotes":""},"class_list":["post-1174","page","type-page","status-publish","hentry"],"_links":{"self":[{"href":"https:\/\/latitudsur.org\/voyage\/es\/wp-json\/wp\/v2\/pages\/1174","targetHints":{"allow":["GET"]}}],"collection":[{"href":"https:\/\/latitudsur.org\/voyage\/es\/wp-json\/wp\/v2\/pages"}],"about":[{"href":"https:\/\/latitudsur.org\/voyage\/es\/wp-json\/wp\/v2\/types\/page"}],"author":[{"embeddable":true,"href":"https:\/\/latitudsur.org\/voyage\/es\/wp-json\/wp\/v2\/users\/1"}],"replies":[{"embeddable":true,"href":"https:\/\/latitudsur.org\/voyage\/es\/wp-json\/wp\/v2\/comments?post=1174"}],"version-history":[{"count":2,"href":"https:\/\/latitudsur.org\/voyage\/es\/wp-json\/wp\/v2\/pages\/1174\/revisions"}],"predecessor-version":[{"id":2823,"href":"https:\/\/latitudsur.org\/voyage\/es\/wp-json\/wp\/v2\/pages\/1174\/revisions\/2823"}],"up":[{"embeddable":true,"href":"https:\/\/latitudsur.org\/voyage\/es\/wp-json\/wp\/v2\/pages\/127"}],"wp:attachment":[{"href":"https:\/\/latitudsur.org\/voyage\/es\/wp-json\/wp\/v2\/media?parent=1174"}],"curies":[{"name":"wp","href":"https:\/\/api.w.org\/{rel}","templated":true}]}}